{"id":992,"date":"2013-09-01T18:59:38","date_gmt":"2013-09-01T18:59:38","guid":{"rendered":"http:\/\/proandpro.se\/?page_id=992"},"modified":"2013-09-01T18:59:38","modified_gmt":"2013-09-01T18:59:38","slug":"rekrytering","status":"publish","type":"page","link":"https:\/\/proandpro.se\/en\/erbjudanden\/ledarskapsutveckling\/rekrytering\/","title":{"rendered":"Rekrytering"},"content":{"rendered":"<p>F\u00f6r att lyckas i sin kompetensf\u00f6rs\u00f6rjning och s\u00e4kra l\u00e5ngsiktig l\u00f6nsamhet och tillv\u00e4xt \u00e4r det avg\u00f6rande att lyckas attrahera och rekrytera kompetenta personer.<\/p>\n<p>Vi hj\u00e4lper dig g\u00e4rna med rekryteringsstrategier s\u00e5v\u00e4l som med rekrytering av ledare och nyckelpersoner till ditt f\u00f6retag inom v\u00e5ra kompetensom\u00e5rden. Det inneb\u00e4r exempelvis rekrytering av:<\/p>\n<ul>\n<li>Ledare<\/li>\n<li>Aff\u00e4rs eller produktchefer<\/li>\n<li>Utvecklingschefer<\/li>\n<li>Projekt och programledare.<\/li>\n<\/ul>\n<p>Med gedigen kunskap om f\u00f6ruts\u00e4ttningarna f\u00f6r tj\u00e4nsten samt med bepr\u00f6vade verktyg identifierar och attraherar vi \u00e4ven andra kandidater \u00e4n de som aktivt s\u00f6ker nytt arbete eller som finns i v\u00e5ra befintliga n\u00e4tverk. P\u00e5 detta s\u00e4tt s\u00e4krar vi att v\u00e5ra kunder f\u00e5r nya medarbetare som \u00f6vertr\u00e4ffar f\u00f6rv\u00e4ntningarna.<\/p>\n<p>Vi erbjuder dig som kund:<\/p>\n<ul>\n<li>R\u00e5dgivning\/coachning om rekrytering<\/li>\n<li>Framtagande av rekryteringsstrategi<\/li>\n<li>Rekrytering av ledare och nyckelpersoner<\/li>\n<\/ul>","protected":false},"excerpt":{"rendered":"<p>F\u00f6r att lyckas i sin kompetensf\u00f6rs\u00f6rjning och s\u00e4kra l\u00e5ngsiktig l\u00f6nsamhet och tillv\u00e4xt \u00e4r det avg\u00f6rande att lyckas attrahera och rekrytera kompetenta personer. Vi hj\u00e4lper dig g\u00e4rna med rekryteringsstrategier s\u00e5v\u00e4l som med rekrytering av ledare och nyckelpersoner till ditt f\u00f6retag inom v\u00e5ra kompetensom\u00e5rden. Det inneb\u00e4r exempelvis rekrytering av: Ledare Aff\u00e4rs eller produktchefer Utvecklingschefer Projekt och programledare. [&hellip;]<\/p>\n","protected":false},"author":1,"featured_media":0,"parent":283,"menu_order":6,"comment_status":"closed","ping_status":"closed","template":"sidebar-content-page.php","meta":{"_et_pb_use_builder":"","_et_pb_old_content":"","_et_gb_content_width":"","footnotes":""},"folder":[96],"class_list":["post-992","page","type-page","status-publish","hentry"],"_links":{"self":[{"href":"https:\/\/proandpro.se\/en\/wp-json\/wp\/v2\/pages\/992","targetHints":{"allow":["GET"]}}],"collection":[{"href":"https:\/\/proandpro.se\/en\/wp-json\/wp\/v2\/pages"}],"about":[{"href":"https:\/\/proandpro.se\/en\/wp-json\/wp\/v2\/types\/page"}],"author":[{"embeddable":true,"href":"https:\/\/proandpro.se\/en\/wp-json\/wp\/v2\/users\/1"}],"replies":[{"embeddable":true,"href":"https:\/\/proandpro.se\/en\/wp-json\/wp\/v2\/comments?post=992"}],"version-history":[{"count":1,"href":"https:\/\/proandpro.se\/en\/wp-json\/wp\/v2\/pages\/992\/revisions"}],"predecessor-version":[{"id":993,"href":"https:\/\/proandpro.se\/en\/wp-json\/wp\/v2\/pages\/992\/revisions\/993"}],"up":[{"embeddable":true,"href":"https:\/\/proandpro.se\/en\/wp-json\/wp\/v2\/pages\/283"}],"wp:attachment":[{"href":"https:\/\/proandpro.se\/en\/wp-json\/wp\/v2\/media?parent=992"}],"wp:term":[{"taxonomy":"folder","embeddable":true,"href":"https:\/\/proandpro.se\/en\/wp-json\/wp\/v2\/folder?post=992"}],"curies":[{"name":"wp","href":"https:\/\/api.w.org\/{rel}","templated":true}]}}