{"id":988,"date":"2013-09-01T18:54:43","date_gmt":"2013-09-01T18:54:43","guid":{"rendered":"http:\/\/proandpro.se\/?page_id=988"},"modified":"2013-09-01T18:56:54","modified_gmt":"2013-09-01T18:56:54","slug":"kompetensutveckling","status":"publish","type":"page","link":"https:\/\/proandpro.se\/en\/erbjudanden\/ledarskapsutveckling\/kompetensutveckling\/","title":{"rendered":"Kompetensutveckling"},"content":{"rendered":"<p><img loading=\"lazy\" decoding=\"async\" class=\"alignright size-full wp-image-989\" alt=\"Kompetensutveckling\" src=\"https:\/\/media.proandpro.se\/2013\/09\/Kompetensutveckling.jpg\" width=\"204\" height=\"659\" \/>Kompetens och talangutveckling \u00e4r en nyckelfaktor f\u00f6r alla f\u00f6retag och verksamheter f\u00f6r att vara konkurrenskraftiga och framg\u00e5ngsrika. I de flesta f\u00f6retag \u00e4r kompetens verksamhetens viktigaste resurs och kompetensf\u00f6rs\u00f6rjning \u00e4r en v\u00e4sentlig del av aff\u00e4rs- och verksamhetsutvecklingen.\u00a0<\/p>\n<p>Vi p\u00e5 Pro&amp;Pro f\u00f6respr\u00e5kar ett systematiskt arbetss\u00e4tt f\u00f6r kompetensf\u00f6rs\u00f6rjning med kopplingen kompetensf\u00f6rs\u00f6rjning genom omv\u00e4rld \u2013 m\u00e5l \u2013 strategier \u2013 rekrytering \u2013 kompetensutveckling.<\/p>\n<p>Kompetensutveckling stimulerar och har som m\u00e5l att st\u00f6dja f\u00f6retag och organisationer i att uppn\u00e5 r\u00e4tt kompetens p\u00e5 r\u00e4tt plats vid r\u00e4tt tid.<\/p>\n<p>Medarbetarnas f\u00f6rm\u00e5ga att effektivisera verksamheten, finna kreativa l\u00f6sningar p\u00e5 problem eller se nya aff\u00e4rsm\u00f6jligheter blir allt mer viktigta n\u00e4r konkurrensen \u00f6kar och kraven p\u00e5 effektivisering \u00e4r h\u00f6ga.<\/p>\n<p>Vi erbjuder dig som kund:<\/p>\n<ul>\n<li>R\u00e5dgivning\/coachning om kompetensf\u00f6rs\u00f6rjning<\/li>\n<li>Process st\u00f6d f\u00f6r framtagande av systematiskt arbetss\u00e4tt f\u00f6r kompetensf\u00f6rs\u00f6rjning.<\/li>\n<li>Framtagande av strategi f\u00f6r kompetensf\u00f6rs\u00f6rjning och rekrytering<\/li>\n<li>Seminarium och utbildning om kompetensf\u00f6rs\u00f6rjning.<\/li>\n<\/ul>","protected":false},"excerpt":{"rendered":"<p>Kompetens och talangutveckling \u00e4r en nyckelfaktor f\u00f6r alla f\u00f6retag och verksamheter f\u00f6r att vara konkurrenskraftiga och framg\u00e5ngsrika. I de flesta f\u00f6retag \u00e4r kompetens verksamhetens viktigaste resurs och kompetensf\u00f6rs\u00f6rjning \u00e4r en v\u00e4sentlig del av aff\u00e4rs- och verksamhetsutvecklingen.\u00a0 Vi p\u00e5 Pro&amp;Pro f\u00f6respr\u00e5kar ett systematiskt arbetss\u00e4tt f\u00f6r kompetensf\u00f6rs\u00f6rjning med kopplingen kompetensf\u00f6rs\u00f6rjning genom omv\u00e4rld \u2013 m\u00e5l \u2013 strategier \u2013 [&hellip;]<\/p>\n","protected":false},"author":1,"featured_media":0,"parent":283,"menu_order":5,"comment_status":"closed","ping_status":"closed","template":"sidebar-content-page.php","meta":{"_et_pb_use_builder":"","_et_pb_old_content":"","_et_gb_content_width":"","footnotes":""},"folder":[96],"class_list":["post-988","page","type-page","status-publish","hentry"],"_links":{"self":[{"href":"https:\/\/proandpro.se\/en\/wp-json\/wp\/v2\/pages\/988","targetHints":{"allow":["GET"]}}],"collection":[{"href":"https:\/\/proandpro.se\/en\/wp-json\/wp\/v2\/pages"}],"about":[{"href":"https:\/\/proandpro.se\/en\/wp-json\/wp\/v2\/types\/page"}],"author":[{"embeddable":true,"href":"https:\/\/proandpro.se\/en\/wp-json\/wp\/v2\/users\/1"}],"replies":[{"embeddable":true,"href":"https:\/\/proandpro.se\/en\/wp-json\/wp\/v2\/comments?post=988"}],"version-history":[{"count":2,"href":"https:\/\/proandpro.se\/en\/wp-json\/wp\/v2\/pages\/988\/revisions"}],"predecessor-version":[{"id":991,"href":"https:\/\/proandpro.se\/en\/wp-json\/wp\/v2\/pages\/988\/revisions\/991"}],"up":[{"embeddable":true,"href":"https:\/\/proandpro.se\/en\/wp-json\/wp\/v2\/pages\/283"}],"wp:attachment":[{"href":"https:\/\/proandpro.se\/en\/wp-json\/wp\/v2\/media?parent=988"}],"wp:term":[{"taxonomy":"folder","embeddable":true,"href":"https:\/\/proandpro.se\/en\/wp-json\/wp\/v2\/folder?post=988"}],"curies":[{"name":"wp","href":"https:\/\/api.w.org\/{rel}","templated":true}]}}