{"id":984,"date":"2013-09-01T18:49:18","date_gmt":"2013-09-01T18:49:18","guid":{"rendered":"http:\/\/proandpro.se\/?page_id=984"},"modified":"2021-12-21T07:45:48","modified_gmt":"2021-12-21T07:45:48","slug":"performance-management","status":"publish","type":"page","link":"https:\/\/proandpro.se\/en\/erbjudanden\/ledarskapsutveckling\/performance-management\/","title":{"rendered":"Performance Management"},"content":{"rendered":"<p>[et_pb_section fb_built=&#8221;1&#8243; custom_padding_last_edited=&#8221;on|desktop&#8221; _builder_version=&#8221;3.22&#8243; custom_padding=&#8221;0||0|&#8221; custom_padding_tablet=&#8221;50px|0|50px|0&#8243; custom_padding_phone=&#8221;&#8221; transparent_background=&#8221;off&#8221; padding_mobile=&#8221;off&#8221; make_fullwidth=&#8221;off&#8221; use_custom_width=&#8221;off&#8221; width_unit=&#8221;on&#8221; global_colors_info=&#8221;{}&#8221;][et_pb_row padding_mobile=&#8221;off&#8221; _builder_version=&#8221;3.25&#8243; background_size=&#8221;initial&#8221; background_position=&#8221;top_left&#8221; background_repeat=&#8221;repeat&#8221; custom_padding=&#8221;2|0&#8243; make_fullwidth=&#8221;off&#8221; use_custom_width=&#8221;off&#8221; width_unit=&#8221;on&#8221; global_colors_info=&#8221;{}&#8221;][et_pb_column type=&#8221;4_4&#8243; _builder_version=&#8221;3.25&#8243; custom_padding=&#8221;|||&#8221; global_colors_info=&#8221;{}&#8221; custom_padding__hover=&#8221;|||&#8221;][et_pb_image src=&#8221;https:\/\/media.proandpro.se\/2018\/04\/Ledarskap-Header.jpg&#8221; align=&#8221;center&#8221; force_fullwidth=&#8221;on&#8221; align_tablet=&#8221;center&#8221; align_last_edited=&#8221;on|desktop&#8221; _builder_version=&#8221;3.23&#8243; use_border_color=&#8221;off&#8221; global_colors_info=&#8221;{}&#8221;]&nbsp;<br \/>\n[\/et_pb_image][\/et_pb_column][\/et_pb_row][et_pb_row padding_mobile=&#8221;off&#8221; _builder_version=&#8221;3.25&#8243; background_size=&#8221;initial&#8221; background_position=&#8221;top_left&#8221; background_repeat=&#8221;repeat&#8221; custom_padding=&#8221;|&#8221; make_fullwidth=&#8221;off&#8221; use_custom_width=&#8221;off&#8221; width_unit=&#8221;on&#8221; global_colors_info=&#8221;{}&#8221; column_structure=&#8221;3_4,1_4&#8243;][et_pb_column type=&#8221;3_4&#8243; _builder_version=&#8221;3.25&#8243; custom_padding=&#8221;|||&#8221; global_colors_info=&#8221;{}&#8221; custom_padding__hover=&#8221;|||&#8221;][et_pb_text _builder_version=&#8221;3.27.4&#8243; background_size=&#8221;initial&#8221; background_position=&#8221;top_left&#8221; background_repeat=&#8221;repeat&#8221; use_border_color=&#8221;off&#8221; global_colors_info=&#8221;{}&#8221;]<\/p>\n<h3>Performance Management<\/h3>\n<p>Performance Management \u00e4r en definierad process f\u00f6r att motivera medarbetare genom att s\u00e4tta m\u00e5l, f\u00f6lja upp progress, \u00e5terkoppla, kompetensutveckla och coacha f\u00f6r att prestera b\u00e4ttre och bel\u00f6na bra prestationer. Genom ett v\u00e4ldefinierat arbetss\u00e4tt f\u00f6r Performance Management skapas f\u00f6rst\u00e5else f\u00f6r aff\u00e4rsm\u00e5l, strategier, planer samt skapar en samsyn p\u00e5 vart f\u00f6retaget \u00e4r p\u00e5 v\u00e4g. Den \u00f6vergripande m\u00e5ls\u00e4ttningen \u00e4r att skapa en High Performance kultur inom f\u00f6retaget.<\/p>\n<p>En framg\u00e5ngsrik Performance Management process inneb\u00e4r ocks\u00e5 att tydliga actions tas f\u00f6r att st\u00f6dja h\u00f6g respektive l\u00e5g presterare. Alla p\u00e5 f\u00f6retaget ska f\u00e5 kontinuerlig \u00e5terkoppling p\u00e5 sitt arbete f\u00f6r att d\u00e4rigenom kunna utvecklas och b\u00e4ttre kunna bidra till f\u00f6retagets \u00f6vergripande m\u00e5l.<\/p>\n<p>Vi erbjuder dig som kund:<\/p>\n<ul>\n<li>R\u00e5dgivning\/coachning om Performance Management.<\/li>\n<li>Seminarium och utbildning om Performance Management<a href=\"https:\/\/media.proandpro.se\/2018\/04\/Performance.png\"><img loading=\"lazy\" decoding=\"async\" class=\"wp-image-4535 aligncenter\" src=\"https:\/\/media.proandpro.se\/2018\/04\/Performance.png\" alt=\"\" width=\"449\" height=\"329\" \/><\/a><\/li>\n<\/ul>\n<p>[\/et_pb_text][\/et_pb_column][et_pb_column type=&#8221;1_4&#8243; _builder_version=&#8221;3.25&#8243; custom_padding=&#8221;|||&#8221; global_colors_info=&#8221;{}&#8221; custom_padding__hover=&#8221;|||&#8221;][et_pb_sidebar orientation=&#8221;right&#8221; area=&#8221;et_pb_widget_area_2&#8243; show_border=&#8221;off&#8221; _builder_version=&#8221;3.0.74&#8243; header_font_size=&#8221;22&#8243; remove_border=&#8221;on&#8221; global_colors_info=&#8221;{}&#8221;]&nbsp;<br \/>\n[\/et_pb_sidebar][et_pb_text _builder_version=&#8221;3.27.4&#8243; background_size=&#8221;initial&#8221; background_position=&#8221;top_left&#8221; background_repeat=&#8221;repeat&#8221; use_border_color=&#8221;off&#8221; border_color=&#8221;#ffffff&#8221; border_style=&#8221;solid&#8221; global_colors_info=&#8221;{}&#8221;]<\/p>\n<h3>Interimschef?<\/h3>\n<p>Om du har behov av att tillf\u00e4lligt t\u00e4cka upp kompetens som saknas eller f\u00f6r att hantera en f\u00f6r\u00e4ndring i verksamheten s\u00e5 kan en interimschef vara en l\u00e4mplig l\u00f6sning. Kontakta oss s\u00e5 ber\u00e4ttar vi g\u00e4rna hur vi kan hj\u00e4lpa dig.<br \/>\n[\/et_pb_text][et_pb_contact_form captcha=&#8221;off&#8221; email=&#8221;markus.marklund@proandpro.se&#8221; title=&#8221;Kontakta oss&#8221; _builder_version=&#8221;3.0.87&#8243; custom_button=&#8221;on&#8221; button_text_size=&#8221;16&#8243; button_text_color=&#8221;#2b2b2b&#8221; button_border_color=&#8221;rgba(99,104,103,0.14)&#8221; use_border_color=&#8221;off&#8221; border_color=&#8221;#ffffff&#8221; border_style=&#8221;solid&#8221; global_colors_info=&#8221;{}&#8221; button_letter_spacing_hover=&#8221;0&#8243;][et_pb_contact_field field_id=&#8221;Name&#8221; field_title=&#8221;Namn&#8221; _builder_version=&#8221;3.16&#8243; global_colors_info=&#8221;{}&#8221; button_text_size__hover_enabled=&#8221;off&#8221; button_one_text_size__hover_enabled=&#8221;off&#8221; button_two_text_size__hover_enabled=&#8221;off&#8221; button_text_color__hover_enabled=&#8221;off&#8221; button_one_text_color__hover_enabled=&#8221;off&#8221; button_two_text_color__hover_enabled=&#8221;off&#8221; button_border_width__hover_enabled=&#8221;off&#8221; button_one_border_width__hover_enabled=&#8221;off&#8221; button_two_border_width__hover_enabled=&#8221;off&#8221; button_border_color__hover_enabled=&#8221;off&#8221; button_one_border_color__hover_enabled=&#8221;off&#8221; button_two_border_color__hover_enabled=&#8221;off&#8221; button_border_radius__hover_enabled=&#8221;off&#8221; button_one_border_radius__hover_enabled=&#8221;off&#8221; button_two_border_radius__hover_enabled=&#8221;off&#8221; button_letter_spacing__hover_enabled=&#8221;off&#8221; button_one_letter_spacing__hover_enabled=&#8221;off&#8221; button_two_letter_spacing__hover_enabled=&#8221;off&#8221; button_bg_color__hover_enabled=&#8221;off&#8221; button_one_bg_color__hover_enabled=&#8221;off&#8221; button_two_bg_color__hover_enabled=&#8221;off&#8221;][\/et_pb_contact_field][et_pb_contact_field field_id=&#8221;Email&#8221; field_title=&#8221;E-postadress&#8221; field_type=&#8221;email&#8221; _builder_version=&#8221;3.16&#8243; global_colors_info=&#8221;{}&#8221; button_text_size__hover_enabled=&#8221;off&#8221; button_one_text_size__hover_enabled=&#8221;off&#8221; button_two_text_size__hover_enabled=&#8221;off&#8221; button_text_color__hover_enabled=&#8221;off&#8221; button_one_text_color__hover_enabled=&#8221;off&#8221; button_two_text_color__hover_enabled=&#8221;off&#8221; button_border_width__hover_enabled=&#8221;off&#8221; button_one_border_width__hover_enabled=&#8221;off&#8221; button_two_border_width__hover_enabled=&#8221;off&#8221; button_border_color__hover_enabled=&#8221;off&#8221; button_one_border_color__hover_enabled=&#8221;off&#8221; button_two_border_color__hover_enabled=&#8221;off&#8221; button_border_radius__hover_enabled=&#8221;off&#8221; button_one_border_radius__hover_enabled=&#8221;off&#8221; button_two_border_radius__hover_enabled=&#8221;off&#8221; button_letter_spacing__hover_enabled=&#8221;off&#8221; button_one_letter_spacing__hover_enabled=&#8221;off&#8221; button_two_letter_spacing__hover_enabled=&#8221;off&#8221; button_bg_color__hover_enabled=&#8221;off&#8221; button_one_bg_color__hover_enabled=&#8221;off&#8221; button_two_bg_color__hover_enabled=&#8221;off&#8221;][\/et_pb_contact_field][et_pb_contact_field field_id=&#8221;Message&#8221; field_title=&#8221;Meddelande&#8221; field_type=&#8221;text&#8221; fullwidth_field=&#8221;on&#8221; _builder_version=&#8221;3.16&#8243; global_colors_info=&#8221;{}&#8221; button_text_size__hover_enabled=&#8221;off&#8221; button_one_text_size__hover_enabled=&#8221;off&#8221; button_two_text_size__hover_enabled=&#8221;off&#8221; button_text_color__hover_enabled=&#8221;off&#8221; button_one_text_color__hover_enabled=&#8221;off&#8221; button_two_text_color__hover_enabled=&#8221;off&#8221; button_border_width__hover_enabled=&#8221;off&#8221; button_one_border_width__hover_enabled=&#8221;off&#8221; button_two_border_width__hover_enabled=&#8221;off&#8221; button_border_color__hover_enabled=&#8221;off&#8221; button_one_border_color__hover_enabled=&#8221;off&#8221; button_two_border_color__hover_enabled=&#8221;off&#8221; button_border_radius__hover_enabled=&#8221;off&#8221; button_one_border_radius__hover_enabled=&#8221;off&#8221; button_two_border_radius__hover_enabled=&#8221;off&#8221; button_letter_spacing__hover_enabled=&#8221;off&#8221; button_one_letter_spacing__hover_enabled=&#8221;off&#8221; button_two_letter_spacing__hover_enabled=&#8221;off&#8221; button_bg_color__hover_enabled=&#8221;off&#8221; button_one_bg_color__hover_enabled=&#8221;off&#8221; button_two_bg_color__hover_enabled=&#8221;off&#8221;][\/et_pb_contact_field][\/et_pb_contact_form][\/et_pb_column][\/et_pb_row][\/et_pb_section]<\/p>\n","protected":false},"excerpt":{"rendered":"<p>&nbsp; Performance Management Performance Management \u00e4r en definierad process f\u00f6r att motivera medarbetare genom att s\u00e4tta m\u00e5l, f\u00f6lja upp progress, \u00e5terkoppla, kompetensutveckla och coacha f\u00f6r att prestera b\u00e4ttre och bel\u00f6na bra prestationer. Genom ett v\u00e4ldefinierat arbetss\u00e4tt f\u00f6r Performance Management skapas f\u00f6rst\u00e5else f\u00f6r aff\u00e4rsm\u00e5l, strategier, planer samt skapar en samsyn p\u00e5 vart f\u00f6retaget \u00e4r p\u00e5 v\u00e4g. [&hellip;]<\/p>\n","protected":false},"author":1,"featured_media":0,"parent":283,"menu_order":4,"comment_status":"closed","ping_status":"closed","template":"","meta":{"_et_pb_use_builder":"on","_et_pb_old_content":"<div id=\"erbjudande-menu\"><ul><li id=\"lista-rubrik\"><a href=\"http:\/\/proandpro.se\/kompetens\/affarsutveckling\/\">Aff\u00e4rsutveckling<\/a><\/li><\/ul><hr \/><ul><li id=\"lista-rubrik\"><a href=\"http:\/\/proandpro.se\/kompetens\/Ledarskapsutveckling\/\">Ledarskapsutveckling<\/a><\/li><\/ul><hr \/><ul><li><a href=\"http:\/\/proandpro.se\/kompetens\/ledarskapsutveckling\/visionart-ledarskap\">Vision\u00e4rt Ledarskap<\/a><\/li><\/ul><hr \/><ul><li><a href=\"http:\/\/proandpro.se\/kompetens\/ledarskapsutveckling\/forandringsledning\">F\u00f6r\u00e4ndringsledning<\/a><\/li><\/ul><hr \/><ul><li><a style=\"color: #299ac4;\" href=\"http:\/\/proandpro.se\/kompetens\/ledarskapsutveckling\/performance-management\/\">Performance managment<\/a><\/li><\/ul><hr \/><ul><li><a href=\"http:\/\/proandpro.se\/kompetens\/ledarskapsutveckling\/onboarding\">Onboarding<\/a><\/li><\/ul><hr \/><ul><li><a href=\"http:\/\/proandpro.se\/kompetens\/ledarskapsutveckling\/employer-branding\/\">Employer Branding<\/a><\/li><\/ul><hr \/><ul><li><a href=\"http:\/\/proandpro.se\/kompetens\/ledarskapsutveckling\/ledarskap-pa-distans\">Ledarskap p\u00e5 distans<\/a><\/li><\/ul><hr \/><ul><li id=\"lista-rubrik\"><a href=\"http:\/\/proandpro.se\/kompetens\/strategiutveckling\/\">Strategi<\/a><\/li><\/ul><hr \/><ul><li id=\"lista-rubrik\"><a href=\"http:\/\/proandpro.se\/kompetens\/Projektutveckling\">Projektutveckling<\/a><\/li><\/ul><hr \/><p>\u00a0<\/p><h3>S\u00f6ker du en interimschef?<\/h3><p>Om du har behov av att tillf\u00e4lligt t\u00e4cka upp kompetens som saknas eller f\u00f6r att hantera en f\u00f6r\u00e4ndring i verksamheten s\u00e5 kan en interimschef vara en l\u00e4mplig l\u00f6sning.<br \/> Kontakta oss s\u00e5 ber\u00e4ttar vi g\u00e4rna hur vi kan hj\u00e4lpa dig.<\/p><h3>Kontakta oss!<\/h3><p>[contact-form-7 id=\"330\" title=\"Contact Form Widget\"]<\/p><\/div><div id=\"fit\">Performance management \u00e4r en definierad process f\u00f6r att motivera medarbetare genom att s\u00e4tta m\u00e5l, f\u00f6lja upp progress, \u00e5terkoppla, kompetensutveckla och coacha f\u00f6r att prestera b\u00e4ttre och bel\u00f6na bra prestationer. Genom en v\u00e4l definierat arbetss\u00e4tt f\u00f6r performance management skapas f\u00f6rst\u00e5else f\u00f6r aff\u00e4rsm\u00e5l, strategier, planer samt skapar en samsyn p\u00e5 vart f\u00f6retaget \u00e4r p\u00e5 v\u00e4g. Den \u00f6vergripande m\u00e5ls\u00e4ttningen \u00e4r att skapa en high performance kultur inom f\u00f6retaget.<img class=\"alignright size-medium wp-image-985\" src=\"https:\/\/media.proandpro.se\/2013\/09\/Performance-Managment-300x280.jpg\" alt=\"Performance Managment\" width=\"300\" height=\"280\" \/><p>En framg\u00e5ngsrik performance managment process inneb\u00e4r ocks\u00e5 att tydliga actions tas f\u00f6r att st\u00f6dja h\u00f6g respektive l\u00e5g presterare. Alla p\u00e5 f\u00f6retaget ska f\u00e5 kontinuerlig \u00e5terkoppling p\u00e5 sitt arbete f\u00f6r att d\u00e4rigenom kunna utvecklas och b\u00e4ttre kunna bidra till f\u00f6retagets \u00f6vergripande m\u00e5l. \u00a0<\/p><p>Vi erbjuder dig som kund:<\/p><ul><li>R\u00e5dgivning\/coachning om performance management.<\/li><li>Seminarium och utbildning om performance management<\/li><\/ul><\/div>","_et_gb_content_width":"","footnotes":""},"folder":[96],"class_list":["post-984","page","type-page","status-publish","hentry"],"_links":{"self":[{"href":"https:\/\/proandpro.se\/en\/wp-json\/wp\/v2\/pages\/984","targetHints":{"allow":["GET"]}}],"collection":[{"href":"https:\/\/proandpro.se\/en\/wp-json\/wp\/v2\/pages"}],"about":[{"href":"https:\/\/proandpro.se\/en\/wp-json\/wp\/v2\/types\/page"}],"author":[{"embeddable":true,"href":"https:\/\/proandpro.se\/en\/wp-json\/wp\/v2\/users\/1"}],"replies":[{"embeddable":true,"href":"https:\/\/proandpro.se\/en\/wp-json\/wp\/v2\/comments?post=984"}],"version-history":[{"count":11,"href":"https:\/\/proandpro.se\/en\/wp-json\/wp\/v2\/pages\/984\/revisions"}],"predecessor-version":[{"id":8114,"href":"https:\/\/proandpro.se\/en\/wp-json\/wp\/v2\/pages\/984\/revisions\/8114"}],"up":[{"embeddable":true,"href":"https:\/\/proandpro.se\/en\/wp-json\/wp\/v2\/pages\/283"}],"wp:attachment":[{"href":"https:\/\/proandpro.se\/en\/wp-json\/wp\/v2\/media?parent=984"}],"wp:term":[{"taxonomy":"folder","embeddable":true,"href":"https:\/\/proandpro.se\/en\/wp-json\/wp\/v2\/folder?post=984"}],"curies":[{"name":"wp","href":"https:\/\/api.w.org\/{rel}","templated":true}]}}