{"id":9819,"date":"2022-08-10T13:13:05","date_gmt":"2022-08-10T13:13:05","guid":{"rendered":"http:\/\/protopro.se\/?page_id=9819"},"modified":"2022-08-10T13:13:23","modified_gmt":"2022-08-10T13:13:23","slug":"energi","status":"publish","type":"page","link":"https:\/\/proandpro.se\/en\/kunder\/energi\/","title":{"rendered":"Energy"},"content":{"rendered":"<p>[et_pb_section fb_built=&#8221;1&#8243; _builder_version=&#8221;4.17.4&#8243; _module_preset=&#8221;default&#8221; background_color=&#8221;rgba(0,0,0,0.55)&#8221; background_image=&#8221;http:\/\/media.protopro.se\/2022\/08\/Energi_1280x360.jpg&#8221; background_blend=&#8221;overlay&#8221; custom_css_main_element=&#8221;min-height: calc(60vh);||display: flex;||flex-direction: column;||&#8221; locked=&#8221;off&#8221; global_colors_info=&#8221;{}&#8221;][et_pb_row _builder_version=&#8221;4.17.4&#8243; _module_preset=&#8221;default&#8221; background_enable_image=&#8221;off&#8221; width_tablet=&#8221;&#8221; width_phone=&#8221;100%&#8221; width_last_edited=&#8221;on|phone&#8221; custom_margin=&#8221;||0px||false|false&#8221; custom_padding=&#8221;||||false|false&#8221; global_colors_info=&#8221;{}&#8221;][et_pb_column type=&#8221;4_4&#8243; _builder_version=&#8221;4.17.4&#8243; _module_preset=&#8221;default&#8221; global_colors_info=&#8221;{}&#8221;][et_pb_text _builder_version=&#8221;4.17.4&#8243; _module_preset=&#8221;default&#8221; text_font=&#8221;Poppins|600|||||||&#8221; text_text_color=&#8221;#FFFFFF&#8221; text_font_size=&#8221;64px&#8221; text_line_height=&#8221;1em&#8221; text_font_size_tablet=&#8221;64px&#8221; text_font_size_phone=&#8221;52px&#8221; text_font_size_last_edited=&#8221;on|phone&#8221; text_orientation_tablet=&#8221;&#8221; text_orientation_phone=&#8221;center&#8221; text_orientation_last_edited=&#8221;on|phone&#8221; global_colors_info=&#8221;{}&#8221;]<\/p>\n<p>Energi<\/p>\n<p>[\/et_pb_text][et_pb_text disabled_on=&#8221;off|off|off&#8221; _builder_version=&#8221;4.17.4&#8243; _module_preset=&#8221;default&#8221; text_font=&#8221;Poppins|300|||||||&#8221; text_text_color=&#8221;#FFFFFF&#8221; text_font_size=&#8221;26px&#8221; text_font_size_tablet=&#8221;23px&#8221; text_font_size_phone=&#8221;20px&#8221; text_font_size_last_edited=&#8221;on|phone&#8221; text_orientation_tablet=&#8221;&#8221; text_orientation_phone=&#8221;center&#8221; text_orientation_last_edited=&#8221;on|phone&#8221; global_colors_info=&#8221;{}&#8221;]<\/p>\n<p><span>Pro&amp;Pro \u00e4r en samarbetspartner till f\u00f6retag inom energibranschen<\/span><\/p>\n<p>[\/et_pb_text][\/et_pb_column][\/et_pb_row][\/et_pb_section][et_pb_section fb_built=&#8221;1&#8243; module_id=&#8221;sida&#8221; _builder_version=&#8221;4.17.4&#8243; _module_preset=&#8221;default&#8221; custom_padding=&#8221;10px||||false|false&#8221; locked=&#8221;off&#8221; global_colors_info=&#8221;{}&#8221;][et_pb_row _builder_version=&#8221;4.17.4&#8243; _module_preset=&#8221;default&#8221; width_tablet=&#8221;100%&#8221; width_phone=&#8221;100%&#8221; width_last_edited=&#8221;on|tablet&#8221; custom_margin=&#8221;0px||0px||true|false&#8221; custom_padding=&#8221;||0px||false|false&#8221; global_colors_info=&#8221;{}&#8221;][et_pb_column type=&#8221;4_4&#8243; _builder_version=&#8221;4.17.4&#8243; _module_preset=&#8221;default&#8221; global_colors_info=&#8221;{}&#8221;][et_pb_text _builder_version=&#8221;4.17.4&#8243; _module_preset=&#8221;default&#8221; text_font=&#8221;Poppins|300|||||||&#8221; text_font_size=&#8221;16px&#8221; header_font=&#8221;Poppins|300|||||||&#8221; header_font_size=&#8221;42px&#8221; header_2_font=&#8221;Poppins|300|||||||&#8221; header_2_font_size=&#8221;48px&#8221; header_3_font=&#8221;Poppins|300|||||||&#8221; header_3_font_size=&#8221;48px&#8221; header_4_font=&#8221;Poppins|300|||||||&#8221; header_4_font_size=&#8221;48px&#8221; header_5_font=&#8221;Poppins|300|||||||&#8221; header_5_font_size=&#8221;48px&#8221; header_6_font=&#8221;Poppins|300|||||||&#8221; header_6_font_size=&#8221;48px&#8221; custom_margin_tablet=&#8221;|20px||20px|false|true&#8221; custom_margin_phone=&#8221;|20px||20px|false|true&#8221; custom_margin_last_edited=&#8221;on|tablet&#8221; header_font_size_tablet=&#8221;48px&#8221; header_font_size_phone=&#8221;32px&#8221; header_font_size_last_edited=&#8221;on|phone&#8221; header_2_font_size_tablet=&#8221;48px&#8221; header_2_font_size_phone=&#8221;32px&#8221; header_2_font_size_last_edited=&#8221;on|phone&#8221; header_3_font_size_tablet=&#8221;48px&#8221; header_3_font_size_phone=&#8221;32px&#8221; header_3_font_size_last_edited=&#8221;on|phone&#8221; header_4_font_size_tablet=&#8221;48px&#8221; header_4_font_size_phone=&#8221;32px&#8221; header_4_font_size_last_edited=&#8221;on|phone&#8221; header_5_font_size_tablet=&#8221;48px&#8221; header_5_font_size_phone=&#8221;32px&#8221; header_5_font_size_last_edited=&#8221;on|phone&#8221; header_6_font_size_tablet=&#8221;48px&#8221; header_6_font_size_phone=&#8221;32px&#8221; header_6_font_size_last_edited=&#8221;on|phone&#8221; text_orientation_tablet=&#8221;center&#8221; text_orientation_phone=&#8221;center&#8221; text_orientation_last_edited=&#8221;on|tablet&#8221; global_colors_info=&#8221;{}&#8221; text_link_text_color__hover=&#8221;#32c5f4&#8243; text_link_text_color__hover_enabled=&#8221;on|hover&#8221;]<\/p>\n<h1>H\u00e5llbarhet i kombination med teknisk utveckling<\/h1>\n<p><span>Den medvetenhet och det behov som finns kring h\u00e5llbara l\u00f6sningar i samspel med den snabba tekniska utvecklingen inom sk\u00f6rda, lagra och anv\u00e4nda energi, g\u00f6r att energibranschen \u00e4r mitt uppe i en v\u00e4ldigt snabb och sp\u00e4nnande utveckling. Energiomst\u00e4llningen och utvecklingen av det h\u00e5llbara samh\u00e4llet g\u00f6r att aff\u00e4rsekologi, aff\u00e4rsroller, aff\u00e4rsmodeller och prismodeller f\u00f6r\u00e4ndras.<\/span><\/p>\n<p>[\/et_pb_text][et_pb_testimonial author=&#8221;Tommy Ytterstr\u00f6m&#8221; job_title=&#8221;Branschansvarig&#8221; company_name=&#8221;Pro&#038;Pro&#8221; portrait_url=&#8221;http:\/\/media.protopro.se\/2022\/06\/Tommy_profil.jpg&#8221; quote_icon_color=&#8221;#32c5f4&#8243; quote_icon_background_color=&#8221;#FFFFFF&#8221; portrait_width=&#8221;120px&#8221; portrait_height=&#8221;120px&#8221; _builder_version=&#8221;4.17.4&#8243; _module_preset=&#8221;default&#8221; body_font=&#8221;Poppins|300|||||||&#8221; body_text_color=&#8221;#FFFFFF&#8221; body_font_size=&#8221;18px&#8221; author_font=&#8221;Poppins|700|||||||&#8221; author_text_color=&#8221;#32c5f4&#8243; author_font_size=&#8221;16px&#8221; position_font=&#8221;Poppins||||||||&#8221; position_text_color=&#8221;#FFFFFF&#8221; position_font_size=&#8221;16px&#8221; company_font=&#8221;Poppins||||||||&#8221; company_text_color=&#8221;#FFFFFF&#8221; company_font_size=&#8221;16px&#8221; background_color=&#8221;#3e3e3e&#8221; text_orientation_tablet=&#8221;&#8221; text_orientation_phone=&#8221;center&#8221; text_orientation_last_edited=&#8221;on|phone&#8221; locked=&#8221;off&#8221; global_colors_info=&#8221;{}&#8221;]<\/p>\n<p><span>&#8221;F\u00f6rflyttade marknadspositioner och \u00f6kad konkurrens kr\u00e4ver \u00f6kad tr\u00e4ffs\u00e4kerhet i marknadsfr\u00e5gor, aff\u00e4rsmodeller, partnerskap och erbjudandeportf\u00f6lj men ocks\u00e5 effektivare IT st\u00f6d och produktion samt att processer som st\u00f6djer innovation i kombination med effektivitet utvecklas.&#8221;<\/span><\/p>\n<p>[\/et_pb_testimonial][et_pb_text _builder_version=&#8221;4.17.4&#8243; _module_preset=&#8221;default&#8221; text_font=&#8221;Poppins|300|||||||&#8221; text_font_size=&#8221;16px&#8221; header_font=&#8221;Poppins|300|||||||&#8221; header_font_size=&#8221;42px&#8221; header_2_font=&#8221;Poppins|300|||||||&#8221; header_2_font_size=&#8221;48px&#8221; header_3_font=&#8221;Poppins|300|||||||&#8221; header_3_font_size=&#8221;48px&#8221; header_4_font=&#8221;Poppins|300|||||||&#8221; header_4_font_size=&#8221;48px&#8221; header_5_font=&#8221;Poppins|300|||||||&#8221; header_5_font_size=&#8221;48px&#8221; header_6_font=&#8221;Poppins|300|||||||&#8221; header_6_font_size=&#8221;48px&#8221; custom_margin_tablet=&#8221;|20px||20px|false|true&#8221; custom_margin_phone=&#8221;|20px||20px|false|true&#8221; custom_margin_last_edited=&#8221;on|tablet&#8221; header_font_size_tablet=&#8221;48px&#8221; header_font_size_phone=&#8221;32px&#8221; header_font_size_last_edited=&#8221;on|phone&#8221; header_2_font_size_tablet=&#8221;48px&#8221; header_2_font_size_phone=&#8221;32px&#8221; header_2_font_size_last_edited=&#8221;on|phone&#8221; header_3_font_size_tablet=&#8221;48px&#8221; header_3_font_size_phone=&#8221;32px&#8221; header_3_font_size_last_edited=&#8221;on|phone&#8221; header_4_font_size_tablet=&#8221;48px&#8221; header_4_font_size_phone=&#8221;32px&#8221; header_4_font_size_last_edited=&#8221;on|phone&#8221; header_5_font_size_tablet=&#8221;48px&#8221; header_5_font_size_phone=&#8221;32px&#8221; header_5_font_size_last_edited=&#8221;on|phone&#8221; header_6_font_size_tablet=&#8221;48px&#8221; header_6_font_size_phone=&#8221;32px&#8221; header_6_font_size_last_edited=&#8221;on|phone&#8221; text_orientation_tablet=&#8221;center&#8221; text_orientation_phone=&#8221;center&#8221; text_orientation_last_edited=&#8221;on|tablet&#8221; global_colors_info=&#8221;{}&#8221; text_link_text_color__hover=&#8221;#32c5f4&#8243; text_link_text_color__hover_enabled=&#8221;on|hover&#8221;]<\/p>\n<h1>Vi brinner f\u00f6r att hj\u00e4lpa f\u00f6retag<\/h1>\n<p><span>Energibranschen v\u00e4xer ihop med andra branscher som fordonsindustri, skogsindustri processindustri och telekom, vilket g\u00f6r att nya marknadsroller utvecklas. Konsumenter blir ocks\u00e5 leverant\u00f6rer vilket skapar nya f\u00f6ruts\u00e4ttningar p\u00e5 marknaden. Branschen p\u00e5verkas ocks\u00e5 i h\u00f6g grad av nya regleringar och lagar.<\/span><\/p>\n<p><span>Genom att kombinera innovation och \u201dbest practice\u201d, s\u00e5 skapar Pro&amp;Pro v\u00e4rde f\u00f6r v\u00e5ra kunder. Pro&amp;Pro \u00e4r en samarbetspartner till energibranschen och arbetar f\u00f6r att skapa l\u00e5ngsiktigt konkurrenskraftiga f\u00f6r\u00e4ndringar och samverkan.<\/span><\/p>\n<p>[\/et_pb_text][\/et_pb_column][\/et_pb_row][et_pb_row _builder_version=&#8221;4.17.4&#8243; _module_preset=&#8221;default&#8221; width_tablet=&#8221;100%&#8221; width_phone=&#8221;100%&#8221; width_last_edited=&#8221;on|phone&#8221; custom_margin=&#8221;0px||0px||true|false&#8221; custom_padding=&#8221;||0px||false|false&#8221; global_colors_info=&#8221;{}&#8221;][et_pb_column type=&#8221;4_4&#8243; _builder_version=&#8221;4.17.4&#8243; _module_preset=&#8221;default&#8221; global_colors_info=&#8221;{}&#8221;][et_pb_tabs active_tab_background_color=&#8221;#3e3e3e&#8221; inactive_tab_background_color=&#8221;RGBA(255,255,255,0)&#8221; _builder_version=&#8221;4.17.4&#8243; _module_preset=&#8221;default&#8221; body_text_color=&#8221;#FFFFFF&#8221; tab_font=&#8221;Poppins||||||||&#8221; tab_font_size=&#8221;16px&#8221; body_ul_font=&#8221;Poppins|300|||||||&#8221; body_ul_font_size=&#8221;16px&#8221; background_color=&#8221;#3e3e3e&#8221; custom_css_tabs_controls=&#8221;background: rgba(62,62,62,0.65);&#8221; border_width_all=&#8221;2px&#8221; border_color_all=&#8221;rgba(62,62,62,0.6)&#8221; global_colors_info=&#8221;{}&#8221;][et_pb_tab title=&#8221;Framtid &#038; strategi&#8221; _builder_version=&#8221;4.17.4&#8243; _module_preset=&#8221;default&#8221; tab_text_color=&#8221;#FFFFFF&#8221; global_colors_info=&#8221;{}&#8221;]<\/p>\n<ul>\n<li><span>Omv\u00e4rldsanalys<\/span><\/li>\n<li><span>Scenarioanalys<\/span><\/li>\n<li><span>Utveckling och realisering av strategi<\/span><\/li>\n<\/ul>\n<p>[\/et_pb_tab][et_pb_tab title=&#8221;Organisationsutveckling&#8221; _builder_version=&#8221;4.17.4&#8243; _module_preset=&#8221;default&#8221; tab_text_color=&#8221;#FFFFFF&#8221; global_colors_info=&#8221;{}&#8221;]<\/p>\n<ul>\n<li><span>Ledningsgruppsutveckling<\/span><\/li>\n<li><span>Organisationsutveckling<\/span><\/li>\n<li><span>Utbildning<\/span><\/li>\n<\/ul>\n<p>[\/et_pb_tab][et_pb_tab title=&#8221;Innovation&#8221; _builder_version=&#8221;4.17.4&#8243; _module_preset=&#8221;default&#8221; tab_text_color=&#8221;#FFFFFF&#8221; global_colors_info=&#8221;{}&#8221;]<\/p>\n<ul>\n<li><span>Lean-transformation<\/span><\/li>\n<li><span>Utveckling av ledningssystem<\/span><\/li>\n<li><span>Utveckling av innovativ f\u00f6rm\u00e5ga<\/span><\/li>\n<\/ul>\n<p>[\/et_pb_tab][et_pb_tab title=&#8221;Aff\u00e4rssystem &#038; processer&#8221; _builder_version=&#8221;4.17.4&#8243; _module_preset=&#8221;default&#8221; tab_text_color=&#8221;#FFFFFF&#8221; global_colors_info=&#8221;{}&#8221;]<\/p>\n<ul>\n<li><span>Behovsanalys<\/span><\/li>\n<li><span>Utveckling av aff\u00e4rsarkitektur<\/span><\/li>\n<li><span>Upphandling<\/span><\/li>\n<li><span>Leda genomf\u00f6rande<\/span><\/li>\n<\/ul>\n<p>[\/et_pb_tab][et_pb_tab title=&#8221;Aff\u00e4rsutveckling&#8221; _builder_version=&#8221;4.17.4&#8243; _module_preset=&#8221;default&#8221; tab_text_color=&#8221;#FFFFFF&#8221; global_colors_info=&#8221;{}&#8221;]<\/p>\n<ul>\n<li><span>Utveckling av aff\u00e4rsmodell<\/span><\/li>\n<li><span>Utveckling av kundrelationer och kundn\u00f6jdhet<\/span><\/li>\n<li><span>Utveckling av partnerskap<\/span><\/li>\n<li><span>Utveckling av erbjudanden och tj\u00e4nster med fokus p\u00e5 digitalisering.<\/span><\/li>\n<\/ul>\n<p>[\/et_pb_tab][et_pb_tab title=&#8221;Projektledning&#8221; _builder_version=&#8221;4.17.4&#8243; _module_preset=&#8221;default&#8221; tab_text_color=&#8221;#FFFFFF&#8221; global_colors_info=&#8221;{}&#8221;]<\/p>\n<ul>\n<li><span>Program- &amp; projektledning av aff\u00e4rs- och IT satsningar<\/span><\/li>\n<li><span>F\u00f6r\u00e4ndringsledning av tv\u00e4rfunktionella f\u00f6r\u00e4ndringsprogram<\/span><\/li>\n<li><span>Portf\u00f6ljhantering<\/span><\/li>\n<\/ul>\n<p>[\/et_pb_tab][\/et_pb_tabs][\/et_pb_column][\/et_pb_row][et_pb_row column_structure=&#8221;3_5,2_5&#8243; use_custom_gutter=&#8221;on&#8221; gutter_width=&#8221;1&#8243; make_equal=&#8221;on&#8221; _builder_version=&#8221;4.17.4&#8243; _module_preset=&#8221;default&#8221; background_color=&#8221;#FFFFFF&#8221; width_tablet=&#8221;100%&#8221; width_phone=&#8221;100%&#8221; width_last_edited=&#8221;on|phone&#8221; custom_css_main_element=&#8221;display:flex;||flex-wrap:wrap;&#8221; global_colors_info=&#8221;{}&#8221;][et_pb_column type=&#8221;3_5&#8243; module_class=&#8221;dfc-industri&#8221; _builder_version=&#8221;4.17.4&#8243; _module_preset=&#8221;default&#8221; background_color=&#8221;RGBA(255,255,255,0)&#8221; global_colors_info=&#8221;{}&#8221;][et_pb_text _builder_version=&#8221;4.17.4&#8243; _module_preset=&#8221;default&#8221; text_font=&#8221;Poppins|300|||||||&#8221; text_text_color=&#8221;#3e3e3e&#8221; text_font_size=&#8221;16px&#8221; link_font=&#8221;||||on||||&#8221; link_text_color=&#8221;#000000&#8243; header_font=&#8221;Poppins||||||||&#8221; header_text_color=&#8221;#3e3e3e&#8221; header_font_size=&#8221;28px&#8221; positioning=&#8221;absolute&#8221; position_origin_a=&#8221;center_center&#8221; position_origin_a_tablet=&#8221;center_center&#8221; position_origin_a_phone=&#8221;center_center&#8221; position_origin_a_last_edited=&#8221;on|desktop&#8221; position_origin_f_tablet=&#8221;&#8221; position_origin_f_phone=&#8221;&#8221; position_origin_f_last_edited=&#8221;on|desktop&#8221; position_origin_r_tablet=&#8221;&#8221; position_origin_r_phone=&#8221;&#8221; position_origin_r_last_edited=&#8221;on|desktop&#8221; width=&#8221;100%&#8221; custom_margin=&#8221;||||false|false&#8221; custom_padding=&#8221;|50px||50px|false|true&#8221; custom_padding_tablet=&#8221;25px||25px||true|true&#8221; custom_padding_phone=&#8221;25px||25px||true|true&#8221; custom_padding_last_edited=&#8221;on|tablet&#8221; positioning_tablet=&#8221;none&#8221; positioning_phone=&#8221;none&#8221; positioning_last_edited=&#8221;on|phone&#8221; text_orientation_tablet=&#8221;center&#8221; text_orientation_phone=&#8221;center&#8221; text_orientation_last_edited=&#8221;on|tablet&#8221; locked=&#8221;off&#8221; global_colors_info=&#8221;{}&#8221;]<\/p>\n<h1>Referenscase<\/h1>\n<p><span>\u00c5t en kund inom forskningsomr\u00e5det genomf\u00f6rdes en marknadsanalys inom energiomr\u00e5det riktad mot utvecklingen av f\u00f6rnybara energik\u00e4llor. Syftet med analysen vara att ta fram information som skulle kunna hj\u00e4lpa till att motivera ny forskning inom energiomr\u00e5det. Analysen gav en bild av den totala potentialen f\u00f6r de f\u00f6rnybara energik\u00e4llorna samt inom omr\u00e5det f\u00f6r solceller en modell f\u00f6r vilken verkningsgrad som beh\u00f6vs f\u00f6r att en kommersiell produkt skall bli g\u00e5ngbar p\u00e5 marknaden.\u00a0<\/span><\/p>\n<p>[\/et_pb_text][\/et_pb_column][et_pb_column type=&#8221;2_5&#8243; _builder_version=&#8221;4.17.4&#8243; _module_preset=&#8221;default&#8221; global_colors_info=&#8221;{}&#8221;][et_pb_image src=&#8221;http:\/\/media.protopro.se\/2022\/07\/Energi.jpeg&#8221; title_text=&#8221;High voltage post and sky in twilight time&#8221; align=&#8221;center&#8221; _builder_version=&#8221;4.17.4&#8243; _module_preset=&#8221;default&#8221; global_colors_info=&#8221;{}&#8221;][\/et_pb_image][\/et_pb_column][\/et_pb_row][et_pb_row _builder_version=&#8221;4.17.4&#8243; _module_preset=&#8221;default&#8221; width_tablet=&#8221;100%&#8221; width_phone=&#8221;100%&#8221; width_last_edited=&#8221;on|tablet&#8221; custom_margin=&#8221;||||false|false&#8221; custom_padding=&#8221;||0px||false|false&#8221; global_colors_info=&#8221;{}&#8221;][et_pb_column type=&#8221;4_4&#8243; _builder_version=&#8221;4.17.4&#8243; _module_preset=&#8221;default&#8221; global_colors_info=&#8221;{}&#8221;][et_pb_text _builder_version=&#8221;4.17.4&#8243; _module_preset=&#8221;default&#8221; text_font=&#8221;Poppins|300|||||||&#8221; text_font_size=&#8221;16px&#8221; header_font=&#8221;Poppins|300|||||||&#8221; header_font_size=&#8221;42px&#8221; header_2_font=&#8221;Poppins|300|||||||&#8221; header_2_font_size=&#8221;48px&#8221; header_3_font=&#8221;Poppins|300|||||||&#8221; header_3_font_size=&#8221;48px&#8221; header_4_font=&#8221;Poppins|300|||||||&#8221; header_4_font_size=&#8221;48px&#8221; header_5_font=&#8221;Poppins|300|||||||&#8221; header_5_font_size=&#8221;48px&#8221; header_6_font=&#8221;Poppins|300|||||||&#8221; header_6_font_size=&#8221;48px&#8221; custom_margin=&#8221;||0px||false|false&#8221; custom_margin_tablet=&#8221;|20px||20px|false|true&#8221; custom_margin_phone=&#8221;|20px||20px|false|true&#8221; custom_margin_last_edited=&#8221;on|tablet&#8221; header_font_size_tablet=&#8221;48px&#8221; header_font_size_phone=&#8221;32px&#8221; header_font_size_last_edited=&#8221;on|phone&#8221; header_2_font_size_tablet=&#8221;48px&#8221; header_2_font_size_phone=&#8221;32px&#8221; header_2_font_size_last_edited=&#8221;on|phone&#8221; header_3_font_size_tablet=&#8221;48px&#8221; header_3_font_size_phone=&#8221;32px&#8221; header_3_font_size_last_edited=&#8221;on|phone&#8221; header_4_font_size_tablet=&#8221;48px&#8221; header_4_font_size_phone=&#8221;32px&#8221; header_4_font_size_last_edited=&#8221;on|phone&#8221; header_5_font_size_tablet=&#8221;48px&#8221; header_5_font_size_phone=&#8221;32px&#8221; header_5_font_size_last_edited=&#8221;on|phone&#8221; header_6_font_size_tablet=&#8221;48px&#8221; header_6_font_size_phone=&#8221;32px&#8221; header_6_font_size_last_edited=&#8221;on|phone&#8221; text_orientation_tablet=&#8221;center&#8221; text_orientation_phone=&#8221;center&#8221; text_orientation_last_edited=&#8221;on|tablet&#8221; global_colors_info=&#8221;{}&#8221; text_link_text_color__hover=&#8221;#32c5f4&#8243; text_link_text_color__hover_enabled=&#8221;on|hover&#8221;]<\/p>\n<h1>Kontakta oss<\/h1>\n<p>V\u00e4lkommen att kontakta branschansvarig vid eventuella funderingar:<\/p>\n<p>&nbsp;<\/p>\n<p>[\/et_pb_text][\/et_pb_column][\/et_pb_row][et_pb_row column_structure=&#8221;1_3,1_3,1_3&#8243; use_custom_gutter=&#8221;on&#8221; gutter_width=&#8221;1&#8243; make_equal=&#8221;on&#8221; custom_padding_last_edited=&#8221;on|phone&#8221; _builder_version=&#8221;4.17.4&#8243; _module_preset=&#8221;default&#8221; background_color=&#8221;#3e3e3e&#8221; width_tablet=&#8221;100%&#8221; width_phone=&#8221;100%&#8221; width_last_edited=&#8221;on|tablet&#8221; custom_padding=&#8221;0px||0px||true|false&#8221; custom_padding_tablet=&#8221;30px||30px||true|false&#8221; custom_padding_phone=&#8221;10px||10px||true|false&#8221; global_colors_info=&#8221;{}&#8221;][et_pb_column type=&#8221;1_3&#8243; _builder_version=&#8221;4.17.4&#8243; _module_preset=&#8221;default&#8221; global_colors_info=&#8221;{}&#8221;][et_pb_blurb title=&#8221;Tommy Ytterstr\u00f6m&#8221; icon_placement=&#8221;left&#8221; image_icon_width=&#8221;25px&#8221; content_max_width=&#8221;100%&#8221; _builder_version=&#8221;4.17.4&#8243; _module_preset=&#8221;default&#8221; header_level=&#8221;h3&#8243; header_font=&#8221;Poppins||||||||&#8221; header_text_align=&#8221;center&#8221; header_text_color=&#8221;#FFFFFF&#8221; header_font_size=&#8221;18px&#8221; body_font=&#8221;Poppins|300|||||||&#8221; body_text_color=&#8221;rgba(255,255,255,0.75)&#8221; body_font_size=&#8221;16px&#8221; body_link_text_color=&#8221;#32c5f4&#8243; positioning=&#8221;absolute&#8221; position_origin_a=&#8221;center_center&#8221; position_origin_a_tablet=&#8221;center_center&#8221; position_origin_a_phone=&#8221;center_center&#8221; position_origin_a_last_edited=&#8221;on|phone&#8221; position_origin_f_tablet=&#8221;&#8221; position_origin_f_phone=&#8221;&#8221; position_origin_f_last_edited=&#8221;on|phone&#8221; position_origin_r_tablet=&#8221;&#8221; position_origin_r_phone=&#8221;&#8221; position_origin_r_last_edited=&#8221;on|phone&#8221; text_orientation=&#8221;center&#8221; width=&#8221;100%&#8221; custom_margin=&#8221;||||false|false&#8221; custom_padding=&#8221;||||false|false&#8221; custom_padding_tablet=&#8221;20px||20px||true|false&#8221; custom_padding_phone=&#8221;20px||20px||true|false&#8221; custom_padding_last_edited=&#8221;on|tablet&#8221; animation=&#8221;off&#8221; link_option_url=&#8221;mailto:info@proandpro.se&#8221; positioning_tablet=&#8221;none&#8221; positioning_phone=&#8221;none&#8221; positioning_last_edited=&#8221;on|phone&#8221; locked=&#8221;off&#8221; global_colors_info=&#8221;{}&#8221; custom_padding__hover=&#8221;|||10px|false|false&#8221; custom_padding__hover_enabled=&#8221;off|desktop&#8221; header_text_color__hover=&#8221;#32c5f4&#8243; header_text_color__hover_enabled=&#8221;off|desktop&#8221; body_text_color__hover_enabled=&#8221;off|desktop&#8221; body_text_color__hover=&#8221;#32c5f4&#8243;]<\/p>\n<p>VD, Managementkonsult, Branschansvarig<\/p>\n<p>[\/et_pb_blurb][\/et_pb_column][et_pb_column type=&#8221;1_3&#8243; _builder_version=&#8221;4.17.4&#8243; _module_preset=&#8221;default&#8221; background_color=&#8221;#3e3e3e&#8221; global_colors_info=&#8221;{}&#8221;][et_pb_image src=&#8221;http:\/\/media.protopro.se\/2022\/06\/DSC_2938EDITED-scaled.jpg&#8221; title_text=&#8221;DSC_2938EDITED&#8221; align=&#8221;center&#8221; _builder_version=&#8221;4.17.4&#8243; _module_preset=&#8221;default&#8221; global_colors_info=&#8221;{}&#8221;][\/et_pb_image][\/et_pb_column][et_pb_column type=&#8221;1_3&#8243; _builder_version=&#8221;4.17.4&#8243; _module_preset=&#8221;default&#8221; global_colors_info=&#8221;{}&#8221;][et_pb_blurb icon_placement=&#8221;left&#8221; image_icon_width=&#8221;25px&#8221; content_max_width=&#8221;100%&#8221; _builder_version=&#8221;4.17.4&#8243; _module_preset=&#8221;default&#8221; header_level=&#8221;h3&#8243; header_font=&#8221;Poppins||||||||&#8221; header_text_align=&#8221;left&#8221; header_text_color=&#8221;#000000&#8243; header_font_size=&#8221;18px&#8221; body_font=&#8221;Poppins||||||||&#8221; body_text_color=&#8221;#FFFFFF&#8221; body_font_size=&#8221;17px&#8221; body_link_text_color=&#8221;#32c5f4&#8243; positioning=&#8221;absolute&#8221; position_origin_a=&#8221;center_center&#8221; position_origin_a_tablet=&#8221;center_center&#8221; position_origin_a_phone=&#8221;center_center&#8221; position_origin_a_last_edited=&#8221;on|phone&#8221; position_origin_f_tablet=&#8221;&#8221; position_origin_f_phone=&#8221;&#8221; position_origin_f_last_edited=&#8221;on|phone&#8221; position_origin_r_tablet=&#8221;&#8221; position_origin_r_phone=&#8221;&#8221; position_origin_r_last_edited=&#8221;on|phone&#8221; text_orientation=&#8221;center&#8221; width=&#8221;100%&#8221; custom_margin=&#8221;||||false|false&#8221; custom_padding=&#8221;||||false|false&#8221; custom_padding_tablet=&#8221;20px||20px||true|false&#8221; custom_padding_phone=&#8221;20px||20px||true|false&#8221; custom_padding_last_edited=&#8221;on|tablet&#8221; animation=&#8221;off&#8221; link_option_url=&#8221;mailto:info@proandpro.se&#8221; positioning_tablet=&#8221;none&#8221; positioning_phone=&#8221;none&#8221; positioning_last_edited=&#8221;on|tablet&#8221; locked=&#8221;off&#8221; global_colors_info=&#8221;{}&#8221; custom_padding__hover=&#8221;|||10px|false|false&#8221; custom_padding__hover_enabled=&#8221;off|desktop&#8221; header_text_color__hover=&#8221;#32c5f4&#8243; header_text_color__hover_enabled=&#8221;on|hover&#8221; body_text_color__hover_enabled=&#8221;off|desktop&#8221; body_text_color__hover=&#8221;#32c5f4&#8243; body_link_text_color__hover_enabled=&#8221;on|desktop&#8221; body_link_text_color__hover=&#8221;#FFFFFF&#8221;]<\/p>\n<p><a href=\"mailto:Tommy.Ytterstrom@proandpro.se\">tommy.ytterstrom@proandpro.se<\/a>\u00a0<\/p>\n<p><a href=\"tel:46706737200\"><span>070 \u2013 67 37 200<\/span><\/a><\/p>\n<p>[\/et_pb_blurb][\/et_pb_column][\/et_pb_row][\/et_pb_section]<\/p>\n","protected":false},"excerpt":{"rendered":"<p>EnergiPro&amp;Pro \u00e4r en samarbetspartner till f\u00f6retag inom energibranschenH\u00e5llbarhet i kombination med teknisk utveckling Den medvetenhet och det behov som finns kring h\u00e5llbara l\u00f6sningar i samspel med den snabba tekniska utvecklingen inom sk\u00f6rda, lagra och anv\u00e4nda energi, g\u00f6r att energibranschen \u00e4r mitt uppe i en v\u00e4ldigt snabb och sp\u00e4nnande utveckling. Energiomst\u00e4llningen och utvecklingen av det h\u00e5llbara [&hellip;]<\/p>\n","protected":false},"author":13,"featured_media":0,"parent":4408,"menu_order":0,"comment_status":"closed","ping_status":"closed","template":"","meta":{"_et_pb_use_builder":"on","_et_pb_old_content":"","_et_gb_content_width":"","footnotes":""},"folder":[80],"class_list":["post-9819","page","type-page","status-publish","hentry"],"_links":{"self":[{"href":"https:\/\/proandpro.se\/en\/wp-json\/wp\/v2\/pages\/9819","targetHints":{"allow":["GET"]}}],"collection":[{"href":"https:\/\/proandpro.se\/en\/wp-json\/wp\/v2\/pages"}],"about":[{"href":"https:\/\/proandpro.se\/en\/wp-json\/wp\/v2\/types\/page"}],"author":[{"embeddable":true,"href":"https:\/\/proandpro.se\/en\/wp-json\/wp\/v2\/users\/13"}],"replies":[{"embeddable":true,"href":"https:\/\/proandpro.se\/en\/wp-json\/wp\/v2\/comments?post=9819"}],"version-history":[{"count":2,"href":"https:\/\/proandpro.se\/en\/wp-json\/wp\/v2\/pages\/9819\/revisions"}],"predecessor-version":[{"id":9846,"href":"https:\/\/proandpro.se\/en\/wp-json\/wp\/v2\/pages\/9819\/revisions\/9846"}],"up":[{"embeddable":true,"href":"https:\/\/proandpro.se\/en\/wp-json\/wp\/v2\/pages\/4408"}],"wp:attachment":[{"href":"https:\/\/proandpro.se\/en\/wp-json\/wp\/v2\/media?parent=9819"}],"wp:term":[{"taxonomy":"folder","embeddable":true,"href":"https:\/\/proandpro.se\/en\/wp-json\/wp\/v2\/folder?post=9819"}],"curies":[{"name":"wp","href":"https:\/\/api.w.org\/{rel}","templated":true}]}}