{"id":9813,"date":"2022-08-10T13:10:53","date_gmt":"2022-08-10T13:10:53","guid":{"rendered":"http:\/\/protopro.se\/?page_id=9813"},"modified":"2022-08-10T13:10:57","modified_gmt":"2022-08-10T13:10:57","slug":"telekommunikation","status":"publish","type":"page","link":"https:\/\/proandpro.se\/en\/kunder\/telekommunikation\/","title":{"rendered":"Telecommunication"},"content":{"rendered":"<p>[et_pb_section fb_built=&#8221;1&#8243; _builder_version=&#8221;4.17.4&#8243; _module_preset=&#8221;default&#8221; background_color=&#8221;rgba(0,0,0,0.55)&#8221; background_image=&#8221;http:\/\/media.protopro.se\/2022\/08\/Telekom_11280x360.jpg&#8221; background_blend=&#8221;overlay&#8221; custom_css_main_element=&#8221;min-height: calc(60vh);||display: flex;||flex-direction: column;||&#8221; locked=&#8221;off&#8221; global_colors_info=&#8221;{}&#8221;][et_pb_row _builder_version=&#8221;4.17.4&#8243; _module_preset=&#8221;default&#8221; background_enable_image=&#8221;off&#8221; width_tablet=&#8221;&#8221; width_phone=&#8221;100%&#8221; width_last_edited=&#8221;on|phone&#8221; custom_margin=&#8221;||0px||false|false&#8221; custom_padding=&#8221;||||false|false&#8221; global_colors_info=&#8221;{}&#8221;][et_pb_column type=&#8221;4_4&#8243; _builder_version=&#8221;4.17.4&#8243; _module_preset=&#8221;default&#8221; global_colors_info=&#8221;{}&#8221;][et_pb_text _builder_version=&#8221;4.17.4&#8243; _module_preset=&#8221;default&#8221; text_font=&#8221;Poppins|600|||||||&#8221; text_text_color=&#8221;#FFFFFF&#8221; text_font_size=&#8221;64px&#8221; text_line_height=&#8221;1em&#8221; text_font_size_tablet=&#8221;50px&#8221; text_font_size_phone=&#8221;32px&#8221; text_font_size_last_edited=&#8221;on|tablet&#8221; text_orientation_tablet=&#8221;&#8221; text_orientation_phone=&#8221;center&#8221; text_orientation_last_edited=&#8221;on|phone&#8221; global_colors_info=&#8221;{}&#8221;]<\/p>\n<p>Telekommunikation<\/p>\n<p>[\/et_pb_text][et_pb_text disabled_on=&#8221;off|off|off&#8221; _builder_version=&#8221;4.17.4&#8243; _module_preset=&#8221;default&#8221; text_font=&#8221;Poppins|300|||||||&#8221; text_text_color=&#8221;#FFFFFF&#8221; text_font_size=&#8221;26px&#8221; text_font_size_tablet=&#8221;23px&#8221; text_font_size_phone=&#8221;20px&#8221; text_font_size_last_edited=&#8221;on|phone&#8221; text_orientation_tablet=&#8221;&#8221; text_orientation_phone=&#8221;center&#8221; text_orientation_last_edited=&#8221;on|phone&#8221; global_colors_info=&#8221;{}&#8221;]<\/p>\n<p><span>Pro&amp;Pro \u00e4r en samarbetspartner till f\u00f6retag inom telekommunikationsbranschen<\/span><\/p>\n<p>[\/et_pb_text][\/et_pb_column][\/et_pb_row][\/et_pb_section][et_pb_section fb_built=&#8221;1&#8243; module_id=&#8221;sida&#8221; _builder_version=&#8221;4.17.4&#8243; _module_preset=&#8221;default&#8221; custom_padding=&#8221;10px||||false|false&#8221; locked=&#8221;off&#8221; global_colors_info=&#8221;{}&#8221;][et_pb_row _builder_version=&#8221;4.17.4&#8243; _module_preset=&#8221;default&#8221; width_tablet=&#8221;100%&#8221; width_phone=&#8221;100%&#8221; width_last_edited=&#8221;on|tablet&#8221; custom_margin=&#8221;0px||0px||true|false&#8221; custom_padding=&#8221;||0px||false|false&#8221; global_colors_info=&#8221;{}&#8221;][et_pb_column type=&#8221;4_4&#8243; _builder_version=&#8221;4.17.4&#8243; _module_preset=&#8221;default&#8221; global_colors_info=&#8221;{}&#8221;][et_pb_text _builder_version=&#8221;4.17.4&#8243; _module_preset=&#8221;default&#8221; text_font=&#8221;Poppins|300|||||||&#8221; text_font_size=&#8221;16px&#8221; header_font=&#8221;Poppins|300|||||||&#8221; header_font_size=&#8221;42px&#8221; header_2_font=&#8221;Poppins|300|||||||&#8221; header_2_font_size=&#8221;48px&#8221; header_3_font=&#8221;Poppins|300|||||||&#8221; header_3_font_size=&#8221;48px&#8221; header_4_font=&#8221;Poppins|300|||||||&#8221; header_4_font_size=&#8221;48px&#8221; header_5_font=&#8221;Poppins|300|||||||&#8221; header_5_font_size=&#8221;48px&#8221; header_6_font=&#8221;Poppins|300|||||||&#8221; header_6_font_size=&#8221;48px&#8221; custom_margin_tablet=&#8221;|20px||20px|false|true&#8221; custom_margin_phone=&#8221;|20px||20px|false|true&#8221; custom_margin_last_edited=&#8221;on|tablet&#8221; header_font_size_tablet=&#8221;48px&#8221; header_font_size_phone=&#8221;32px&#8221; header_font_size_last_edited=&#8221;on|phone&#8221; header_2_font_size_tablet=&#8221;48px&#8221; header_2_font_size_phone=&#8221;32px&#8221; header_2_font_size_last_edited=&#8221;on|phone&#8221; header_3_font_size_tablet=&#8221;48px&#8221; header_3_font_size_phone=&#8221;32px&#8221; header_3_font_size_last_edited=&#8221;on|phone&#8221; header_4_font_size_tablet=&#8221;48px&#8221; header_4_font_size_phone=&#8221;32px&#8221; header_4_font_size_last_edited=&#8221;on|phone&#8221; header_5_font_size_tablet=&#8221;48px&#8221; header_5_font_size_phone=&#8221;32px&#8221; header_5_font_size_last_edited=&#8221;on|phone&#8221; header_6_font_size_tablet=&#8221;48px&#8221; header_6_font_size_phone=&#8221;32px&#8221; header_6_font_size_last_edited=&#8221;on|phone&#8221; text_orientation_tablet=&#8221;center&#8221; text_orientation_phone=&#8221;center&#8221; text_orientation_last_edited=&#8221;on|tablet&#8221; global_colors_info=&#8221;{}&#8221; text_link_text_color__hover=&#8221;#32c5f4&#8243; text_link_text_color__hover_enabled=&#8221;on|hover&#8221;]<\/p>\n<h1>En grundpelare f\u00f6r en framg\u00e5ngsrik verksamhet<\/h1>\n<p><span>I ett samh\u00e4lle d\u00e4r kommunikation och information \u00e4r grunden f\u00f6r utveckling \u00e4r telekommunikation en av de viktigaste grundpelarna f\u00f6r en framg\u00e5ngsrik verksamhet. Utvecklingen b\u00e5de inom h\u00e5rdvara, och tj\u00e4nster g\u00e5r i ett rasande tempo och i takt med att IoT, digitalisering och automatisering driver p\u00e5 s\u00e5 \u00f6kar behoven av en tillf\u00f6rlitlig och anpassad kommunikation som b\u00e5de skall klara de \u00f6kade databehoven och svara upp mot de prestandam\u00e4ssiga krav som de nya tj\u00e4nsterna och anv\u00e4ndningsomr\u00e5dena st\u00e4ller. M\u00f6jligheterna till nya tj\u00e4nster och aff\u00e4rsmodeller har aldrig varit st\u00f6rre.<\/span><\/p>\n<p>[\/et_pb_text][et_pb_testimonial author=&#8221;Robert Tjernstr\u00f6m&#8221; job_title=&#8221;Branschansvarig&#8221; company_name=&#8221;Pro&#038;Pro&#8221; portrait_url=&#8221;http:\/\/media.protopro.se\/2022\/06\/Robert_profil.jpg&#8221; quote_icon_color=&#8221;#32c5f4&#8243; quote_icon_background_color=&#8221;#FFFFFF&#8221; portrait_width=&#8221;120px&#8221; portrait_height=&#8221;120px&#8221; _builder_version=&#8221;4.17.4&#8243; _module_preset=&#8221;default&#8221; body_font=&#8221;Poppins|300|||||||&#8221; body_text_color=&#8221;#FFFFFF&#8221; body_font_size=&#8221;18px&#8221; author_font=&#8221;Poppins|700|||||||&#8221; author_text_color=&#8221;#32c5f4&#8243; author_font_size=&#8221;16px&#8221; position_font=&#8221;Poppins||||||||&#8221; position_text_color=&#8221;#FFFFFF&#8221; position_font_size=&#8221;16px&#8221; company_font=&#8221;Poppins||||||||&#8221; company_text_color=&#8221;#FFFFFF&#8221; company_font_size=&#8221;16px&#8221; background_color=&#8221;#3e3e3e&#8221; text_orientation_tablet=&#8221;&#8221; text_orientation_phone=&#8221;center&#8221; text_orientation_last_edited=&#8221;on|phone&#8221; locked=&#8221;off&#8221; global_colors_info=&#8221;{}&#8221;]<\/p>\n<p><span>&#8221;Marknaden pr\u00e4glas idag av \u00f6kad konkurrens med sjunkande marginaler som f\u00f6ljd. En f\u00f6ruts\u00e4ttning f\u00f6r att lyckas \u00e4r att man g\u00f6r medvetna val b\u00e5de strategiskt, aff\u00e4rs- och organisationsm\u00e4ssigt.&#8221;<\/span><\/p>\n<p>[\/et_pb_testimonial][et_pb_text _builder_version=&#8221;4.17.4&#8243; _module_preset=&#8221;default&#8221; text_font=&#8221;Poppins|300|||||||&#8221; text_font_size=&#8221;16px&#8221; header_font=&#8221;Poppins|300|||||||&#8221; header_font_size=&#8221;42px&#8221; header_2_font=&#8221;Poppins|300|||||||&#8221; header_2_font_size=&#8221;48px&#8221; header_3_font=&#8221;Poppins|300|||||||&#8221; header_3_font_size=&#8221;48px&#8221; header_4_font=&#8221;Poppins|300|||||||&#8221; header_4_font_size=&#8221;48px&#8221; header_5_font=&#8221;Poppins|300|||||||&#8221; header_5_font_size=&#8221;48px&#8221; header_6_font=&#8221;Poppins|300|||||||&#8221; header_6_font_size=&#8221;48px&#8221; custom_margin_tablet=&#8221;|20px||20px|false|true&#8221; custom_margin_phone=&#8221;|20px||20px|false|true&#8221; custom_margin_last_edited=&#8221;on|tablet&#8221; header_font_size_tablet=&#8221;48px&#8221; header_font_size_phone=&#8221;32px&#8221; header_font_size_last_edited=&#8221;on|phone&#8221; header_2_font_size_tablet=&#8221;48px&#8221; header_2_font_size_phone=&#8221;32px&#8221; header_2_font_size_last_edited=&#8221;on|phone&#8221; header_3_font_size_tablet=&#8221;48px&#8221; header_3_font_size_phone=&#8221;32px&#8221; header_3_font_size_last_edited=&#8221;on|phone&#8221; header_4_font_size_tablet=&#8221;48px&#8221; header_4_font_size_phone=&#8221;32px&#8221; header_4_font_size_last_edited=&#8221;on|phone&#8221; header_5_font_size_tablet=&#8221;48px&#8221; header_5_font_size_phone=&#8221;32px&#8221; header_5_font_size_last_edited=&#8221;on|phone&#8221; header_6_font_size_tablet=&#8221;48px&#8221; header_6_font_size_phone=&#8221;32px&#8221; header_6_font_size_last_edited=&#8221;on|phone&#8221; text_orientation_tablet=&#8221;center&#8221; text_orientation_phone=&#8221;center&#8221; text_orientation_last_edited=&#8221;on|tablet&#8221; global_colors_info=&#8221;{}&#8221; text_link_text_color__hover=&#8221;#32c5f4&#8243; text_link_text_color__hover_enabled=&#8221;on|hover&#8221;]<\/p>\n<h1>Vi brinner f\u00f6r att hj\u00e4lpa f\u00f6retag<\/h1>\n<p><span>En stark p\u00e5verkan fr\u00e5n regleringar och politiska beslut b\u00e5de p\u00e5 nationell och internationell tillsammans med de nya anv\u00e4ndningsomr\u00e5dena inom s\u00e5v\u00e4l generell konnektivitet som inom specifika branscher ger att de strategiska valen p\u00e5 b\u00e5de kort och l\u00e5ng sikt p\u00e5verkas och nya aff\u00e4rsmodeller kommer att kr\u00e4vas.<\/span><\/p>\n<p><span>Genom att kombinera innovation och \u201dbest practice\u201d, s\u00e5 skapar Pro&amp;Pro v\u00e4rde f\u00f6r v\u00e5ra kunder. Pro&amp;Pro \u00e4r en samarbetspartner till f\u00f6retag inom telekommunikationsbranschen och arbetar f\u00f6r att skapa l\u00e5ngsiktigt konkurrenskraftiga f\u00f6r\u00e4ndringar och samverkan.<\/span><\/p>\n<p>[\/et_pb_text][\/et_pb_column][\/et_pb_row][et_pb_row _builder_version=&#8221;4.17.4&#8243; _module_preset=&#8221;default&#8221; width_tablet=&#8221;100%&#8221; width_phone=&#8221;100%&#8221; width_last_edited=&#8221;on|phone&#8221; custom_margin=&#8221;0px||0px||true|false&#8221; custom_padding=&#8221;||0px||false|false&#8221; global_colors_info=&#8221;{}&#8221;][et_pb_column type=&#8221;4_4&#8243; _builder_version=&#8221;4.17.4&#8243; _module_preset=&#8221;default&#8221; global_colors_info=&#8221;{}&#8221;][et_pb_tabs active_tab_background_color=&#8221;#3e3e3e&#8221; inactive_tab_background_color=&#8221;RGBA(255,255,255,0)&#8221; _builder_version=&#8221;4.17.4&#8243; _module_preset=&#8221;default&#8221; body_text_color=&#8221;#FFFFFF&#8221; tab_font=&#8221;Poppins||||||||&#8221; tab_font_size=&#8221;16px&#8221; body_ul_font=&#8221;Poppins|300|||||||&#8221; body_ul_font_size=&#8221;16px&#8221; background_color=&#8221;#3e3e3e&#8221; custom_css_tabs_controls=&#8221;background:rgba(62,62,62,0.65);&#8221; border_width_all=&#8221;2px&#8221; border_color_all=&#8221;rgba(62,62,62,0.6)&#8221; global_colors_info=&#8221;{}&#8221;][et_pb_tab title=&#8221;Analys &#038; r\u00e5dgivning&#8221; _builder_version=&#8221;4.17.4&#8243; _module_preset=&#8221;default&#8221; tab_text_color=&#8221;#FFFFFF&#8221; global_colors_info=&#8221;{}&#8221;]<\/p>\n<ul>\n<li><span>Omv\u00e4rldsanalys<\/span><\/li>\n<li><span>Kund- och marknadsanalyser<\/span><\/li>\n<li><span>Scenarioanalyser<\/span><\/li>\n<\/ul>\n<p>[\/et_pb_tab][et_pb_tab title=&#8221;Strategi&#8221; _builder_version=&#8221;4.17.4&#8243; _module_preset=&#8221;default&#8221; tab_text_color=&#8221;#FFFFFF&#8221; global_colors_info=&#8221;{}&#8221;]<\/p>\n<ul>\n<li><span>Strategiutformning och inf\u00f6rande av handlingsplaner och roadmaps<\/span><\/li>\n<li><span>Strategiskt arbetss\u00e4tt<\/span><\/li>\n<\/ul>\n<p>[\/et_pb_tab][et_pb_tab title=&#8221;Verksamhetsutveckling&#8221; _builder_version=&#8221;4.17.4&#8243; _module_preset=&#8221;default&#8221; tab_text_color=&#8221;#FFFFFF&#8221; global_colors_info=&#8221;{}&#8221;]<\/p>\n<ul>\n<li><span>Processkartl\u00e4ggning<\/span><\/li>\n<li><span>F\u00f6rb\u00e4ttringsanalys<\/span><\/li>\n<li><span>Verksamhetsanalys<\/span><\/li>\n<\/ul>\n<p>[\/et_pb_tab][et_pb_tab title=&#8221;Projektledning&#8221; _builder_version=&#8221;4.17.4&#8243; _module_preset=&#8221;default&#8221; tab_text_color=&#8221;#FFFFFF&#8221; global_colors_info=&#8221;{}&#8221;]<\/p>\n<ul>\n<li><span>Portf\u00f6ljhantering<\/span><\/li>\n<li><span>Projektledning<\/span><\/li>\n<li><span>Programledning<\/span><\/li>\n<\/ul>\n<p>[\/et_pb_tab][et_pb_tab title=&#8221;Organisationsutveckling&#8221; _builder_version=&#8221;4.17.4&#8243; _module_preset=&#8221;default&#8221; tab_text_color=&#8221;#FFFFFF&#8221; global_colors_info=&#8221;{}&#8221;]<\/p>\n<ul>\n<li><span>Ledningsgruppsutveckling<\/span><\/li>\n<li><span>Organisationsutveckling<\/span><\/li>\n<li><span>Utbildning<\/span><\/li>\n<\/ul>\n<p>[\/et_pb_tab][et_pb_tab title=&#8221;Aff\u00e4rsutveckling&#8221; _builder_version=&#8221;4.17.4&#8243; _module_preset=&#8221;default&#8221; tab_text_color=&#8221;#FFFFFF&#8221; global_colors_info=&#8221;{}&#8221;]<\/p>\n<ul>\n<li><span>Utveckling av nya och befintliga aff\u00e4rer och aff\u00e4rsmodeller<\/span><\/li>\n<li><span>Innovationsutveckling<\/span><\/li>\n<li><span>Digitalisering<\/span><\/li>\n<\/ul>\n<p>[\/et_pb_tab][\/et_pb_tabs][\/et_pb_column][\/et_pb_row][et_pb_row column_structure=&#8221;3_5,2_5&#8243; use_custom_gutter=&#8221;on&#8221; gutter_width=&#8221;1&#8243; make_equal=&#8221;on&#8221; _builder_version=&#8221;4.17.4&#8243; _module_preset=&#8221;default&#8221; background_color=&#8221;#FFFFFF&#8221; width_tablet=&#8221;100%&#8221; width_phone=&#8221;100%&#8221; width_last_edited=&#8221;on|phone&#8221; custom_css_main_element=&#8221;display:flex;||flex-wrap:wrap;&#8221; global_colors_info=&#8221;{}&#8221;][et_pb_column type=&#8221;3_5&#8243; module_class=&#8221;dfc-industri&#8221; _builder_version=&#8221;4.17.4&#8243; _module_preset=&#8221;default&#8221; background_color=&#8221;RGBA(255,255,255,0)&#8221; global_colors_info=&#8221;{}&#8221;][et_pb_text _builder_version=&#8221;4.17.4&#8243; _module_preset=&#8221;default&#8221; text_font=&#8221;Poppins|300|||||||&#8221; text_text_color=&#8221;#3e3e3e&#8221; text_font_size=&#8221;16px&#8221; link_font=&#8221;||||on||||&#8221; link_text_color=&#8221;#000000&#8243; header_font=&#8221;Poppins||||||||&#8221; header_text_color=&#8221;#3e3e3e&#8221; header_font_size=&#8221;28px&#8221; positioning=&#8221;absolute&#8221; position_origin_a=&#8221;center_center&#8221; position_origin_a_tablet=&#8221;center_center&#8221; position_origin_a_phone=&#8221;center_center&#8221; position_origin_a_last_edited=&#8221;on|desktop&#8221; position_origin_f_tablet=&#8221;&#8221; position_origin_f_phone=&#8221;&#8221; position_origin_f_last_edited=&#8221;on|desktop&#8221; position_origin_r_tablet=&#8221;&#8221; position_origin_r_phone=&#8221;&#8221; position_origin_r_last_edited=&#8221;on|desktop&#8221; width=&#8221;100%&#8221; custom_margin=&#8221;||||false|false&#8221; custom_padding=&#8221;|50px||50px|false|true&#8221; custom_padding_tablet=&#8221;25px||25px||true|true&#8221; custom_padding_phone=&#8221;25px||25px||true|true&#8221; custom_padding_last_edited=&#8221;on|tablet&#8221; positioning_tablet=&#8221;none&#8221; positioning_phone=&#8221;none&#8221; positioning_last_edited=&#8221;on|phone&#8221; text_orientation_tablet=&#8221;center&#8221; text_orientation_phone=&#8221;center&#8221; text_orientation_last_edited=&#8221;on|tablet&#8221; locked=&#8221;off&#8221; global_colors_info=&#8221;{}&#8221;]<\/p>\n<h1>Referenscase<\/h1>\n<p><span>F\u00f6r ett ledande telekommunikationsf\u00f6retag har vi analyserat och tagit fram handlingsplan f\u00f6r hur tillv\u00e4xt kan ske inom ett aff\u00e4rsomr\u00e5de. <\/span><\/p>\n<p><span>Utifr\u00e5n omv\u00e4rlds- och kundanalys har erbjudandekoncept, f\u00f6rs\u00e4ljningsplan, marknadsplan och kompetensutvecklingsplan skapats. F\u00f6retaget arbetar nu enligt utarbetade planer.<\/span><\/p>\n<p>[\/et_pb_text][\/et_pb_column][et_pb_column type=&#8221;2_5&#8243; _builder_version=&#8221;4.17.4&#8243; _module_preset=&#8221;default&#8221; global_colors_info=&#8221;{}&#8221;][et_pb_image src=&#8221;http:\/\/media.protopro.se\/2022\/08\/Telecomcase.jpg&#8221; title_text=&#8221;Bright idea for business growth&#8221; align=&#8221;center&#8221; _builder_version=&#8221;4.17.4&#8243; _module_preset=&#8221;default&#8221; global_colors_info=&#8221;{}&#8221;][\/et_pb_image][\/et_pb_column][\/et_pb_row][et_pb_row _builder_version=&#8221;4.17.4&#8243; _module_preset=&#8221;default&#8221; width_tablet=&#8221;100%&#8221; width_phone=&#8221;100%&#8221; width_last_edited=&#8221;on|tablet&#8221; custom_margin=&#8221;||||false|false&#8221; custom_padding=&#8221;||0px||false|false&#8221; global_colors_info=&#8221;{}&#8221;][et_pb_column type=&#8221;4_4&#8243; _builder_version=&#8221;4.17.4&#8243; _module_preset=&#8221;default&#8221; global_colors_info=&#8221;{}&#8221;][et_pb_text _builder_version=&#8221;4.17.4&#8243; _module_preset=&#8221;default&#8221; text_font=&#8221;Poppins|300|||||||&#8221; text_font_size=&#8221;16px&#8221; header_font=&#8221;Poppins|300|||||||&#8221; header_font_size=&#8221;42px&#8221; header_2_font=&#8221;Poppins|300|||||||&#8221; header_2_font_size=&#8221;48px&#8221; header_3_font=&#8221;Poppins|300|||||||&#8221; header_3_font_size=&#8221;48px&#8221; header_4_font=&#8221;Poppins|300|||||||&#8221; header_4_font_size=&#8221;48px&#8221; header_5_font=&#8221;Poppins|300|||||||&#8221; header_5_font_size=&#8221;48px&#8221; header_6_font=&#8221;Poppins|300|||||||&#8221; header_6_font_size=&#8221;48px&#8221; custom_margin=&#8221;||0px||false|false&#8221; custom_margin_tablet=&#8221;|20px||20px|false|true&#8221; custom_margin_phone=&#8221;|20px||20px|false|true&#8221; custom_margin_last_edited=&#8221;on|tablet&#8221; header_font_size_tablet=&#8221;48px&#8221; header_font_size_phone=&#8221;32px&#8221; header_font_size_last_edited=&#8221;on|phone&#8221; header_2_font_size_tablet=&#8221;48px&#8221; header_2_font_size_phone=&#8221;32px&#8221; header_2_font_size_last_edited=&#8221;on|phone&#8221; header_3_font_size_tablet=&#8221;48px&#8221; header_3_font_size_phone=&#8221;32px&#8221; header_3_font_size_last_edited=&#8221;on|phone&#8221; header_4_font_size_tablet=&#8221;48px&#8221; header_4_font_size_phone=&#8221;32px&#8221; header_4_font_size_last_edited=&#8221;on|phone&#8221; header_5_font_size_tablet=&#8221;48px&#8221; header_5_font_size_phone=&#8221;32px&#8221; header_5_font_size_last_edited=&#8221;on|phone&#8221; header_6_font_size_tablet=&#8221;48px&#8221; header_6_font_size_phone=&#8221;32px&#8221; header_6_font_size_last_edited=&#8221;on|phone&#8221; text_orientation_tablet=&#8221;center&#8221; text_orientation_phone=&#8221;center&#8221; text_orientation_last_edited=&#8221;on|tablet&#8221; global_colors_info=&#8221;{}&#8221; text_link_text_color__hover=&#8221;#32c5f4&#8243; text_link_text_color__hover_enabled=&#8221;on|hover&#8221;]<\/p>\n<h1>Kontakta oss<\/h1>\n<p>V\u00e4lkommen att kontakta branschansvarig vid eventuella funderingar:<\/p>\n<p>&nbsp;<\/p>\n<p>[\/et_pb_text][\/et_pb_column][\/et_pb_row][et_pb_row column_structure=&#8221;1_3,1_3,1_3&#8243; use_custom_gutter=&#8221;on&#8221; gutter_width=&#8221;1&#8243; make_equal=&#8221;on&#8221; custom_padding_last_edited=&#8221;on|phone&#8221; _builder_version=&#8221;4.17.4&#8243; _module_preset=&#8221;default&#8221; background_color=&#8221;#3e3e3e&#8221; width_tablet=&#8221;100%&#8221; width_phone=&#8221;100%&#8221; width_last_edited=&#8221;on|tablet&#8221; custom_padding=&#8221;0px||0px||true|false&#8221; custom_padding_tablet=&#8221;30px||30px||true|false&#8221; custom_padding_phone=&#8221;10px||10px||true|false&#8221; global_colors_info=&#8221;{}&#8221;][et_pb_column type=&#8221;1_3&#8243; _builder_version=&#8221;4.17.4&#8243; _module_preset=&#8221;default&#8221; global_colors_info=&#8221;{}&#8221;][et_pb_blurb title=&#8221;Robert Tjernstr\u00f6m&#8221; icon_placement=&#8221;left&#8221; image_icon_width=&#8221;25px&#8221; content_max_width=&#8221;100%&#8221; _builder_version=&#8221;4.17.4&#8243; _module_preset=&#8221;default&#8221; header_level=&#8221;h3&#8243; header_font=&#8221;Poppins||||||||&#8221; header_text_align=&#8221;center&#8221; header_text_color=&#8221;#FFFFFF&#8221; header_font_size=&#8221;18px&#8221; body_font=&#8221;Poppins|300|||||||&#8221; body_text_color=&#8221;rgba(255,255,255,0.75)&#8221; body_font_size=&#8221;16px&#8221; body_link_text_color=&#8221;#32c5f4&#8243; positioning=&#8221;absolute&#8221; position_origin_a=&#8221;center_center&#8221; position_origin_a_tablet=&#8221;center_center&#8221; position_origin_a_phone=&#8221;center_center&#8221; position_origin_a_last_edited=&#8221;on|phone&#8221; position_origin_f_tablet=&#8221;&#8221; position_origin_f_phone=&#8221;&#8221; position_origin_f_last_edited=&#8221;on|phone&#8221; position_origin_r_tablet=&#8221;&#8221; position_origin_r_phone=&#8221;&#8221; position_origin_r_last_edited=&#8221;on|phone&#8221; text_orientation=&#8221;center&#8221; width=&#8221;100%&#8221; custom_margin=&#8221;||||false|false&#8221; custom_padding=&#8221;||||false|false&#8221; custom_padding_tablet=&#8221;20px||20px||true|false&#8221; custom_padding_phone=&#8221;20px||20px||true|false&#8221; custom_padding_last_edited=&#8221;on|tablet&#8221; animation=&#8221;off&#8221; link_option_url=&#8221;mailto:info@proandpro.se&#8221; positioning_tablet=&#8221;none&#8221; positioning_phone=&#8221;none&#8221; positioning_last_edited=&#8221;on|phone&#8221; locked=&#8221;off&#8221; global_colors_info=&#8221;{}&#8221; custom_padding__hover=&#8221;|||10px|false|false&#8221; custom_padding__hover_enabled=&#8221;off|desktop&#8221; header_text_color__hover=&#8221;#32c5f4&#8243; header_text_color__hover_enabled=&#8221;off|desktop&#8221; body_text_color__hover_enabled=&#8221;off|desktop&#8221; body_text_color__hover=&#8221;#32c5f4&#8243;]<\/p>\n<p>Managementkonsult, Branschansvarig<\/p>\n<p>[\/et_pb_blurb][\/et_pb_column][et_pb_column type=&#8221;1_3&#8243; _builder_version=&#8221;4.17.4&#8243; _module_preset=&#8221;default&#8221; background_color=&#8221;#3e3e3e&#8221; global_colors_info=&#8221;{}&#8221;][et_pb_image src=&#8221;http:\/\/media.protopro.se\/2022\/06\/Robert_profil.jpg&#8221; title_text=&#8221;Robert_profil&#8221; align=&#8221;center&#8221; _builder_version=&#8221;4.17.4&#8243; _module_preset=&#8221;default&#8221; global_colors_info=&#8221;{}&#8221;][\/et_pb_image][\/et_pb_column][et_pb_column type=&#8221;1_3&#8243; _builder_version=&#8221;4.17.4&#8243; _module_preset=&#8221;default&#8221; global_colors_info=&#8221;{}&#8221;][et_pb_blurb icon_placement=&#8221;left&#8221; image_icon_width=&#8221;25px&#8221; content_max_width=&#8221;100%&#8221; _builder_version=&#8221;4.17.4&#8243; _module_preset=&#8221;default&#8221; header_level=&#8221;h3&#8243; header_font=&#8221;Poppins||||||||&#8221; header_text_align=&#8221;left&#8221; header_text_color=&#8221;#000000&#8243; header_font_size=&#8221;18px&#8221; body_font=&#8221;Poppins||||||||&#8221; body_text_color=&#8221;#FFFFFF&#8221; body_font_size=&#8221;17px&#8221; body_link_text_color=&#8221;#32c5f4&#8243; positioning=&#8221;absolute&#8221; position_origin_a=&#8221;center_center&#8221; position_origin_a_tablet=&#8221;center_center&#8221; position_origin_a_phone=&#8221;center_center&#8221; position_origin_a_last_edited=&#8221;on|phone&#8221; position_origin_f_tablet=&#8221;&#8221; position_origin_f_phone=&#8221;&#8221; position_origin_f_last_edited=&#8221;on|phone&#8221; position_origin_r_tablet=&#8221;&#8221; position_origin_r_phone=&#8221;&#8221; position_origin_r_last_edited=&#8221;on|phone&#8221; text_orientation=&#8221;center&#8221; width=&#8221;100%&#8221; custom_margin=&#8221;||||false|false&#8221; custom_padding=&#8221;||||false|false&#8221; custom_padding_tablet=&#8221;20px||20px||true|false&#8221; custom_padding_phone=&#8221;20px||20px||true|false&#8221; custom_padding_last_edited=&#8221;on|tablet&#8221; animation=&#8221;off&#8221; link_option_url=&#8221;mailto:info@proandpro.se&#8221; positioning_tablet=&#8221;none&#8221; positioning_phone=&#8221;none&#8221; positioning_last_edited=&#8221;on|tablet&#8221; locked=&#8221;off&#8221; global_colors_info=&#8221;{}&#8221; custom_padding__hover=&#8221;|||10px|false|false&#8221; custom_padding__hover_enabled=&#8221;off|desktop&#8221; header_text_color__hover=&#8221;#32c5f4&#8243; header_text_color__hover_enabled=&#8221;on|hover&#8221; body_text_color__hover_enabled=&#8221;off|desktop&#8221; body_text_color__hover=&#8221;#32c5f4&#8243; body_link_text_color__hover_enabled=&#8221;on|desktop&#8221; body_link_text_color__hover=&#8221;#FFFFFF&#8221;]<\/p>\n<p><a href=\"mailto:Robert.Tjernstrom@proandpro.se\">robert.tjernstrom@proandpro.se<\/a><\/p>\n<p><a href=\"tel:46705943888\"><span>070-594 38 88<\/span><\/a><\/p>\n<p>[\/et_pb_blurb][\/et_pb_column][\/et_pb_row][\/et_pb_section]<\/p>\n","protected":false},"excerpt":{"rendered":"<p>TelekommunikationPro&amp;Pro \u00e4r en samarbetspartner till f\u00f6retag inom telekommunikationsbranschenEn grundpelare f\u00f6r en framg\u00e5ngsrik verksamhet I ett samh\u00e4lle d\u00e4r kommunikation och information \u00e4r grunden f\u00f6r utveckling \u00e4r telekommunikation en av de viktigaste grundpelarna f\u00f6r en framg\u00e5ngsrik verksamhet. Utvecklingen b\u00e5de inom h\u00e5rdvara, och tj\u00e4nster g\u00e5r i ett rasande tempo och i takt med att IoT, digitalisering och automatisering [&hellip;]<\/p>\n","protected":false},"author":13,"featured_media":0,"parent":4408,"menu_order":0,"comment_status":"closed","ping_status":"closed","template":"","meta":{"_et_pb_use_builder":"on","_et_pb_old_content":"","_et_gb_content_width":"","footnotes":""},"folder":[80],"class_list":["post-9813","page","type-page","status-publish","hentry"],"_links":{"self":[{"href":"https:\/\/proandpro.se\/en\/wp-json\/wp\/v2\/pages\/9813","targetHints":{"allow":["GET"]}}],"collection":[{"href":"https:\/\/proandpro.se\/en\/wp-json\/wp\/v2\/pages"}],"about":[{"href":"https:\/\/proandpro.se\/en\/wp-json\/wp\/v2\/types\/page"}],"author":[{"embeddable":true,"href":"https:\/\/proandpro.se\/en\/wp-json\/wp\/v2\/users\/13"}],"replies":[{"embeddable":true,"href":"https:\/\/proandpro.se\/en\/wp-json\/wp\/v2\/comments?post=9813"}],"version-history":[{"count":2,"href":"https:\/\/proandpro.se\/en\/wp-json\/wp\/v2\/pages\/9813\/revisions"}],"predecessor-version":[{"id":9842,"href":"https:\/\/proandpro.se\/en\/wp-json\/wp\/v2\/pages\/9813\/revisions\/9842"}],"up":[{"embeddable":true,"href":"https:\/\/proandpro.se\/en\/wp-json\/wp\/v2\/pages\/4408"}],"wp:attachment":[{"href":"https:\/\/proandpro.se\/en\/wp-json\/wp\/v2\/media?parent=9813"}],"wp:term":[{"taxonomy":"folder","embeddable":true,"href":"https:\/\/proandpro.se\/en\/wp-json\/wp\/v2\/folder?post=9813"}],"curies":[{"name":"wp","href":"https:\/\/api.w.org\/{rel}","templated":true}]}}