{"id":8908,"date":"2022-06-30T14:21:52","date_gmt":"2022-06-30T14:21:52","guid":{"rendered":"http:\/\/protopro.se\/?page_id=8908"},"modified":"2022-08-11T07:15:06","modified_gmt":"2022-08-11T07:15:06","slug":"managementkonsult","status":"publish","type":"page","link":"https:\/\/proandpro.se\/en\/karriar\/managementkonsult\/","title":{"rendered":"Management consultant"},"content":{"rendered":"<p>[et_pb_section fb_built=&#8221;1&#8243; _builder_version=&#8221;4.17.6&#8243; _module_preset=&#8221;default&#8221; background_color=&#8221;rgba(0,0,0,0.55)&#8221; background_image=&#8221;https:\/\/media.proandpro.se\/2022\/08\/DSC_3222EDITED-scaled.jpg&#8221; background_blend=&#8221;overlay&#8221; hover_enabled=&#8221;0&#8243; custom_css_main_element=&#8221;min-height: calc(60vh);||display: flex;||flex-direction: column;||&#8221; locked=&#8221;off&#8221; global_colors_info=&#8221;{}&#8221; title_text=&#8221;DSC_3222EDITED&#8221; sticky_enabled=&#8221;0&#8243;][et_pb_row _builder_version=&#8221;4.17.4&#8243; _module_preset=&#8221;default&#8221; background_enable_image=&#8221;off&#8221; width_tablet=&#8221;&#8221; width_phone=&#8221;100%&#8221; width_last_edited=&#8221;on|phone&#8221; custom_margin=&#8221;||0px||false|false&#8221; custom_padding=&#8221;||||false|false&#8221; global_colors_info=&#8221;{}&#8221;][et_pb_column type=&#8221;4_4&#8243; _builder_version=&#8221;4.17.4&#8243; _module_preset=&#8221;default&#8221; global_colors_info=&#8221;{}&#8221;][et_pb_text _builder_version=&#8221;4.17.6&#8243; _module_preset=&#8221;default&#8221; text_font=&#8221;Poppins|600|||||||&#8221; text_text_color=&#8221;#FFFFFF&#8221; text_font_size=&#8221;58px&#8221; text_line_height=&#8221;1em&#8221; hover_enabled=&#8221;0&#8243; text_font_size_tablet=&#8221;64px&#8221; text_font_size_phone=&#8221;30px&#8221; text_font_size_last_edited=&#8221;on|phone&#8221; text_orientation_tablet=&#8221;&#8221; text_orientation_phone=&#8221;center&#8221; text_orientation_last_edited=&#8221;on|phone&#8221; global_colors_info=&#8221;{}&#8221; sticky_enabled=&#8221;0&#8243;]<\/p>\n<p>Managementkonsult<\/p>\n<p>[\/et_pb_text][et_pb_text disabled_on=&#8221;off|off|off&#8221; _builder_version=&#8221;4.17.6&#8243; _module_preset=&#8221;default&#8221; text_font=&#8221;Poppins|300|||||||&#8221; text_text_color=&#8221;#FFFFFF&#8221; text_font_size=&#8221;26px&#8221; hover_enabled=&#8221;0&#8243; text_font_size_tablet=&#8221;23px&#8221; text_font_size_phone=&#8221;20px&#8221; text_font_size_last_edited=&#8221;on|phone&#8221; text_orientation_tablet=&#8221;&#8221; text_orientation_phone=&#8221;center&#8221; text_orientation_last_edited=&#8221;on|phone&#8221; global_colors_info=&#8221;{}&#8221; sticky_enabled=&#8221;0&#8243;]<\/p>\n<p><span>Vi s\u00f6ker dig som \u00e4r passionerad av att l\u00f6sa framtidens komplexa utmaningar och hj\u00e4lpa sm\u00e5 och stora organisationer i deras utveckling.<\/span><\/p>\n<p>[\/et_pb_text][\/et_pb_column][\/et_pb_row][\/et_pb_section][et_pb_section fb_built=&#8221;1&#8243; module_id=&#8221;team&#8221; _builder_version=&#8221;4.17.4&#8243; _module_preset=&#8221;default&#8221; background_color=&#8221;#FFFFFF&#8221; global_colors_info=&#8221;{}&#8221;][et_pb_row _builder_version=&#8221;4.17.4&#8243; _module_preset=&#8221;default&#8221; custom_margin=&#8221;0px||0px||true|false&#8221; custom_padding=&#8221;0px||0px||false|false&#8221; locked=&#8221;off&#8221; global_colors_info=&#8221;{}&#8221;][et_pb_column type=&#8221;4_4&#8243; _builder_version=&#8221;4.17.4&#8243; _module_preset=&#8221;default&#8221; global_colors_info=&#8221;{}&#8221;][et_pb_text _builder_version=&#8221;4.17.4&#8243; _module_preset=&#8221;default&#8221; text_font=&#8221;Poppins|300|||||||&#8221; text_font_size=&#8221;16px&#8221; quote_font=&#8221;||||||||&#8221; quote_font_size=&#8221;18px&#8221; header_font=&#8221;Poppins|300|||||||&#8221; header_font_size=&#8221;42px&#8221; header_2_font=&#8221;Poppins|300|||||||&#8221; header_2_font_size=&#8221;48px&#8221; header_3_font=&#8221;Poppins|300|||||||&#8221; header_3_font_size=&#8221;48px&#8221; header_4_font=&#8221;Poppins|300|||||||&#8221; header_4_font_size=&#8221;48px&#8221; header_5_font=&#8221;Poppins|300|||||||&#8221; header_5_font_size=&#8221;48px&#8221; header_6_font=&#8221;Poppins|300|||||||&#8221; header_6_font_size=&#8221;48px&#8221; header_font_size_tablet=&#8221;48px&#8221; header_font_size_phone=&#8221;26px&#8221; header_font_size_last_edited=&#8221;on|phone&#8221; header_2_font_size_tablet=&#8221;48px&#8221; header_2_font_size_phone=&#8221;32px&#8221; header_2_font_size_last_edited=&#8221;on|phone&#8221; header_3_font_size_tablet=&#8221;48px&#8221; header_3_font_size_phone=&#8221;32px&#8221; header_3_font_size_last_edited=&#8221;on|phone&#8221; header_4_font_size_tablet=&#8221;48px&#8221; header_4_font_size_phone=&#8221;32px&#8221; header_4_font_size_last_edited=&#8221;on|phone&#8221; header_5_font_size_tablet=&#8221;48px&#8221; header_5_font_size_phone=&#8221;32px&#8221; header_5_font_size_last_edited=&#8221;on|phone&#8221; header_6_font_size_tablet=&#8221;48px&#8221; header_6_font_size_phone=&#8221;32px&#8221; header_6_font_size_last_edited=&#8221;on|phone&#8221; global_colors_info=&#8221;{}&#8221; text_link_text_color__hover=&#8221;#32c5f4&#8243; text_link_text_color__hover_enabled=&#8221;on|hover&#8221;]<\/p>\n<h1>Managementkonsult f\u00f6r framtidens utmaningar<\/h1>\n<p><span>Vi s\u00f6ker dig som \u00e4r passionerad av att l\u00f6sa framtidens komplexa utmaningar och hj\u00e4lpa sm\u00e5 och stora organisationer i deras viktiga h\u00e5llbara beslut och utveckling f\u00f6r att s\u00e4kra framtiden. Om du letar efter en plats som v\u00e4rderar din nyfikenhet, passion och lust att l\u00e4ra samt s\u00f6ker en kultur d\u00e4r du uppmuntras till att ta eget ansvar f\u00f6r din utveckling \u00e4r du en potentiell framtida medarbetare hos oss. Du har en utvecklad k\u00e4nsla f\u00f6r aff\u00e4rer och stimuleras av en stor m\u00f6jlighet att p\u00e5verka b\u00e5de din egen och Pro&amp;Pros utveckling.<\/span><\/p>\n<p>[\/et_pb_text][et_pb_testimonial author=&#8221;Tommy Ytterstr\u00f6m&#8221; job_title=&#8221;VD&#8221; company_name=&#8221;Pro&#038;Pro&#8221; portrait_url=&#8221;http:\/\/media.protopro.se\/2022\/06\/Tommy_profil.jpg&#8221; quote_icon_color=&#8221;#32c5f4&#8243; quote_icon_background_color=&#8221;#FFFFFF&#8221; portrait_width=&#8221;120px&#8221; portrait_height=&#8221;120px&#8221; _builder_version=&#8221;4.17.4&#8243; _module_preset=&#8221;default&#8221; body_font=&#8221;Poppins|300|||||||&#8221; body_text_color=&#8221;#FFFFFF&#8221; body_font_size=&#8221;16px&#8221; author_font=&#8221;Poppins|700|||||||&#8221; author_text_color=&#8221;#32c5f4&#8243; author_font_size=&#8221;16px&#8221; position_font=&#8221;Poppins||||||||&#8221; position_text_color=&#8221;#FFFFFF&#8221; position_font_size=&#8221;16px&#8221; company_font=&#8221;Poppins||||||||&#8221; company_text_color=&#8221;#FFFFFF&#8221; company_font_size=&#8221;16px&#8221; background_color=&#8221;#3e3e3e&#8221; locked=&#8221;off&#8221; global_colors_info=&#8221;{}&#8221;]<\/p>\n<p><span>&#8221;Pro&amp;Pro hj\u00e4lper kunder att f\u00f6rst\u00e5 framtiden och utveckla framg\u00e5ngsrika aff\u00e4rer. Vi \u00e4r ett ungt managementkonsultf\u00f6retag som kontinuerligt utvecklas och \u00e4r \u00f6ppna f\u00f6r nya aff\u00e4rer och m\u00f6jligheter, vilket betyder att vi har m\u00f6jlighet att erbjuda karri\u00e4rm\u00f6jligheter som kan f\u00f6rverkliga dina dr\u00f6mmar.&#8221;<\/span><\/p>\n<p>[\/et_pb_testimonial][\/et_pb_column][\/et_pb_row][et_pb_row _builder_version=&#8221;4.17.4&#8243; _module_preset=&#8221;default&#8221; global_colors_info=&#8221;{}&#8221;][et_pb_column type=&#8221;4_4&#8243; _builder_version=&#8221;4.17.4&#8243; _module_preset=&#8221;default&#8221; global_colors_info=&#8221;{}&#8221;][et_pb_text _builder_version=&#8221;4.17.4&#8243; _module_preset=&#8221;default&#8221; text_font=&#8221;Poppins|300|||||||&#8221; text_font_size=&#8221;16px&#8221; header_font=&#8221;Poppins|300|||||||&#8221; header_font_size=&#8221;42px&#8221; header_2_font=&#8221;Poppins|300|||||||&#8221; header_2_font_size=&#8221;48px&#8221; header_3_font=&#8221;Poppins|300|||||||&#8221; header_3_font_size=&#8221;48px&#8221; header_4_font=&#8221;Poppins|300|||||||&#8221; header_4_font_size=&#8221;48px&#8221; header_5_font=&#8221;Poppins|300|||||||&#8221; header_5_font_size=&#8221;48px&#8221; header_6_font=&#8221;Poppins|300|||||||&#8221; header_6_font_size=&#8221;48px&#8221; header_font_size_tablet=&#8221;48px&#8221; header_font_size_phone=&#8221;28px&#8221; header_font_size_last_edited=&#8221;on|phone&#8221; header_2_font_size_tablet=&#8221;48px&#8221; header_2_font_size_phone=&#8221;32px&#8221; header_2_font_size_last_edited=&#8221;on|phone&#8221; header_3_font_size_tablet=&#8221;48px&#8221; header_3_font_size_phone=&#8221;32px&#8221; header_3_font_size_last_edited=&#8221;on|phone&#8221; header_4_font_size_tablet=&#8221;48px&#8221; header_4_font_size_phone=&#8221;32px&#8221; header_4_font_size_last_edited=&#8221;on|phone&#8221; header_5_font_size_tablet=&#8221;48px&#8221; header_5_font_size_phone=&#8221;32px&#8221; header_5_font_size_last_edited=&#8221;on|phone&#8221; header_6_font_size_tablet=&#8221;48px&#8221; header_6_font_size_phone=&#8221;32px&#8221; header_6_font_size_last_edited=&#8221;on|phone&#8221; global_colors_info=&#8221;{}&#8221; text_link_text_color__hover=&#8221;#32c5f4&#8243; text_link_text_color__hover_enabled=&#8221;on|hover&#8221;]<\/p>\n<h1>Din bakgrund<\/h1>\n<p><span>Din erfarenhet kan skifta fr\u00e5n tre \u00e5rs erfarenhet till m\u00e5nga \u00e5rs erfarenhet. Du har ett yrkesliv med n\u00e5gon form av managementkonsultskolning och erfarenhet. Det betyder att du \u00e4r van att sj\u00e4lvst\u00e4ndigt identifiera f\u00f6r\u00e4ndrings- och utvecklingsbehov samt producera material som leder till beslut. <\/span><span>Du \u00e4r van att leda och genomf\u00f6ra initiativ med samspel m\u00e4nniskor och grupper, processer, teknik och aff\u00e4rsmodeller. <\/span><\/p>\n<p><span>Idag kan du ha en roll som konsult, aff\u00e4rschef, innovationsansvarig, utvecklingschef, marknadsansvarig, aff\u00e4rsutvecklare, projektledare, strateg, tj\u00e4nsteutvecklare eller liknande och ser nu n\u00e4sta steg i din utveckling. Vi ser att din utbildning \u00e4r p\u00e5 mastersniv\u00e5 som civilingenj\u00f6r, designer, ekonom, journalist eller kommunikat\u00f6r.<\/span><\/p>\n<p>[\/et_pb_text][\/et_pb_column][\/et_pb_row][et_pb_row column_structure=&#8221;1_2,1_2&#8243; use_custom_gutter=&#8221;on&#8221; gutter_width=&#8221;2&#8243; _builder_version=&#8221;4.17.4&#8243; _module_preset=&#8221;default&#8221; locked=&#8221;off&#8221; global_colors_info=&#8221;{}&#8221;][et_pb_column type=&#8221;1_2&#8243; _builder_version=&#8221;4.17.4&#8243; _module_preset=&#8221;default&#8221; global_colors_info=&#8221;{}&#8221;][et_pb_blurb icon_placement=&#8221;left&#8221; image_icon_width=&#8221;32px&#8221; _builder_version=&#8221;4.17.4&#8243; _module_preset=&#8221;default&#8221; body_font=&#8221;Poppins||||||||&#8221; body_font_size=&#8221;28px&#8221; global_colors_info=&#8221;{}&#8221;]<\/p>\n<p>Exempel p\u00e5 kunduppdrag<\/p>\n<p>[\/et_pb_blurb][et_pb_divider color=&#8221;#000000&#8243; _builder_version=&#8221;4.17.4&#8243; _module_preset=&#8221;default&#8221; custom_margin=&#8221;0px||0px||true|false&#8221; custom_padding=&#8221;0px||0px||true|false&#8221; global_colors_info=&#8221;{}&#8221;][\/et_pb_divider][et_pb_blurb use_icon=&#8221;on&#8221; font_icon=&#8221;&#xe052;||divi||400&#8243; icon_color=&#8221;#ffd166&#8243; icon_placement=&#8221;left&#8221; image_icon_width=&#8221;32px&#8221; _builder_version=&#8221;4.17.4&#8243; _module_preset=&#8221;default&#8221; body_font=&#8221;Poppins||||||||&#8221; body_font_size=&#8221;18px&#8221; global_colors_info=&#8221;{}&#8221;]<\/p>\n<p>H\u00e5llbar aff\u00e4rsutveckling och innovationsledning med relation till Artificiell Intelligens, Internet of Things och 5G<\/p>\n<p>[\/et_pb_blurb][et_pb_blurb use_icon=&#8221;on&#8221; font_icon=&#8221;&#xe052;||divi||400&#8243; icon_color=&#8221;#ffd166&#8243; icon_placement=&#8221;left&#8221; image_icon_width=&#8221;32px&#8221; _builder_version=&#8221;4.17.4&#8243; _module_preset=&#8221;default&#8221; body_font=&#8221;Poppins||||||||&#8221; body_font_size=&#8221;18px&#8221; global_colors_info=&#8221;{}&#8221;]<\/p>\n<p>Utveckling av koncept och tj\u00e4nster f\u00f6r \u00f6kad kundupplevelse<\/p>\n<p>[\/et_pb_blurb][et_pb_blurb use_icon=&#8221;on&#8221; font_icon=&#8221;&#xe052;||divi||400&#8243; icon_color=&#8221;#ffd166&#8243; icon_placement=&#8221;left&#8221; image_icon_width=&#8221;32px&#8221; _builder_version=&#8221;4.17.4&#8243; _module_preset=&#8221;default&#8221; body_font=&#8221;Poppins||||||||&#8221; body_font_size=&#8221;18px&#8221; global_colors_info=&#8221;{}&#8221;]<\/p>\n<p>Omv\u00e4rldsanalys f\u00f6r etablering och tillv\u00e4xt av forskning, branscher och f\u00f6retag<\/p>\n<p>[\/et_pb_blurb][et_pb_blurb use_icon=&#8221;on&#8221; font_icon=&#8221;&#xe052;||divi||400&#8243; icon_color=&#8221;#ffd166&#8243; icon_placement=&#8221;left&#8221; image_icon_width=&#8221;32px&#8221; _builder_version=&#8221;4.17.4&#8243; _module_preset=&#8221;default&#8221; body_font=&#8221;Poppins||||||||&#8221; body_font_size=&#8221;18px&#8221; global_colors_info=&#8221;{}&#8221;]<\/p>\n<p>Strategi f\u00f6r \u00f6kad medarbetarattraktivitet f\u00f6r f\u00f6retag och organisationer<\/p>\n<p>[\/et_pb_blurb][et_pb_blurb use_icon=&#8221;on&#8221; font_icon=&#8221;&#xe052;||divi||400&#8243; icon_color=&#8221;#ffd166&#8243; icon_placement=&#8221;left&#8221; image_icon_width=&#8221;32px&#8221; _builder_version=&#8221;4.17.4&#8243; _module_preset=&#8221;default&#8221; body_font=&#8221;Poppins||||||||&#8221; body_font_size=&#8221;18px&#8221; global_colors_info=&#8221;{}&#8221;]<\/p>\n<p>Projektledare f\u00f6r utmanande digitaliseringsprojekt<\/p>\n<p>[\/et_pb_blurb][et_pb_blurb use_icon=&#8221;on&#8221; font_icon=&#8221;&#xe052;||divi||400&#8243; icon_color=&#8221;#ffd166&#8243; icon_placement=&#8221;left&#8221; image_icon_width=&#8221;32px&#8221; _builder_version=&#8221;4.17.4&#8243; _module_preset=&#8221;default&#8221; body_font=&#8221;Poppins||||||||&#8221; body_font_size=&#8221;18px&#8221; global_colors_info=&#8221;{}&#8221;]<\/p>\n<p>Strategisk r\u00e5dgivning till ledningsgrupper<\/p>\n<p>[\/et_pb_blurb][et_pb_blurb use_icon=&#8221;on&#8221; font_icon=&#8221;&#xe052;||divi||400&#8243; icon_color=&#8221;#ffd166&#8243; icon_placement=&#8221;left&#8221; image_icon_width=&#8221;32px&#8221; _builder_version=&#8221;4.17.4&#8243; _module_preset=&#8221;default&#8221; body_font=&#8221;Poppins||||||||&#8221; body_font_size=&#8221;18px&#8221; global_colors_info=&#8221;{}&#8221;]<\/p>\n<p>Utveckling av styrning, ledning och organisation<\/p>\n<p>[\/et_pb_blurb][\/et_pb_column][et_pb_column type=&#8221;1_2&#8243; _builder_version=&#8221;4.17.4&#8243; _module_preset=&#8221;default&#8221; global_colors_info=&#8221;{}&#8221;][et_pb_testimonial author=&#8221;Linn Madsen&#8221; job_title=&#8221;Managekonsult&#8221; company_name=&#8221;Pro&#038;Pro&#8221; portrait_url=&#8221;http:\/\/media.protopro.se\/2022\/06\/Linn_profil.jpg&#8221; quote_icon_color=&#8221;#32c5f4&#8243; quote_icon_background_color=&#8221;#FFFFFF&#8221; portrait_width=&#8221;120px&#8221; portrait_height=&#8221;120px&#8221; _builder_version=&#8221;4.17.4&#8243; _module_preset=&#8221;default&#8221; body_font=&#8221;Poppins|300|||||||&#8221; body_text_color=&#8221;#FFFFFF&#8221; body_font_size=&#8221;16px&#8221; author_font=&#8221;Poppins|700|||||||&#8221; author_text_color=&#8221;#32c5f4&#8243; author_font_size=&#8221;16px&#8221; position_font=&#8221;Poppins||||||||&#8221; position_text_color=&#8221;#FFFFFF&#8221; position_font_size=&#8221;16px&#8221; company_font=&#8221;Poppins||||||||&#8221; company_text_color=&#8221;#FFFFFF&#8221; company_font_size=&#8221;16px&#8221; background_color=&#8221;#3e3e3e&#8221; locked=&#8221;off&#8221; global_colors_info=&#8221;{}&#8221;]<\/p>\n<p><span>&#8221; &#8221;<\/span><\/p>\n<p>[\/et_pb_testimonial][et_pb_testimonial author=&#8221;Markus Marklund&#8221; job_title=&#8221;Managekonsult&#8221; company_name=&#8221;Pro&#038;Pro&#8221; portrait_url=&#8221;http:\/\/media.protopro.se\/2022\/06\/Markus_profil.jpg&#8221; quote_icon_color=&#8221;#32c5f4&#8243; quote_icon_background_color=&#8221;#FFFFFF&#8221; portrait_width=&#8221;120px&#8221; portrait_height=&#8221;120px&#8221; _builder_version=&#8221;4.17.4&#8243; _module_preset=&#8221;default&#8221; body_font=&#8221;Poppins|300|||||||&#8221; body_text_color=&#8221;#FFFFFF&#8221; body_font_size=&#8221;16px&#8221; author_font=&#8221;Poppins|700|||||||&#8221; author_text_color=&#8221;#32c5f4&#8243; author_font_size=&#8221;16px&#8221; position_font=&#8221;Poppins||||||||&#8221; position_text_color=&#8221;#FFFFFF&#8221; position_font_size=&#8221;16px&#8221; company_font=&#8221;Poppins||||||||&#8221; company_text_color=&#8221;#FFFFFF&#8221; company_font_size=&#8221;16px&#8221; background_color=&#8221;#3e3e3e&#8221; locked=&#8221;off&#8221; global_colors_info=&#8221;{}&#8221;]<\/p>\n<p><span>&#8221; &#8221;<\/span><\/p>\n<p>[\/et_pb_testimonial][\/et_pb_column][\/et_pb_row][et_pb_row _builder_version=&#8221;4.17.4&#8243; _module_preset=&#8221;default&#8221; global_colors_info=&#8221;{}&#8221;][et_pb_column type=&#8221;4_4&#8243; _builder_version=&#8221;4.17.4&#8243; _module_preset=&#8221;default&#8221; global_colors_info=&#8221;{}&#8221;][et_pb_text _builder_version=&#8221;4.17.4&#8243; _module_preset=&#8221;default&#8221; text_font=&#8221;Poppins|300|||||||&#8221; text_font_size=&#8221;16px&#8221; header_font=&#8221;Poppins|300|||||||&#8221; header_font_size=&#8221;42px&#8221; header_2_font=&#8221;Poppins|300|||||||&#8221; header_2_font_size=&#8221;48px&#8221; header_3_font=&#8221;Poppins|300|||||||&#8221; header_3_font_size=&#8221;48px&#8221; header_4_font=&#8221;Poppins|300|||||||&#8221; header_4_font_size=&#8221;48px&#8221; header_5_font=&#8221;Poppins|300|||||||&#8221; header_5_font_size=&#8221;48px&#8221; header_6_font=&#8221;Poppins|300|||||||&#8221; header_6_font_size=&#8221;48px&#8221; header_font_size_tablet=&#8221;48px&#8221; header_font_size_phone=&#8221;28px&#8221; header_font_size_last_edited=&#8221;on|phone&#8221; header_2_font_size_tablet=&#8221;48px&#8221; header_2_font_size_phone=&#8221;32px&#8221; header_2_font_size_last_edited=&#8221;on|phone&#8221; header_3_font_size_tablet=&#8221;48px&#8221; header_3_font_size_phone=&#8221;32px&#8221; header_3_font_size_last_edited=&#8221;on|phone&#8221; header_4_font_size_tablet=&#8221;48px&#8221; header_4_font_size_phone=&#8221;32px&#8221; header_4_font_size_last_edited=&#8221;on|phone&#8221; header_5_font_size_tablet=&#8221;48px&#8221; header_5_font_size_phone=&#8221;32px&#8221; header_5_font_size_last_edited=&#8221;on|phone&#8221; header_6_font_size_tablet=&#8221;48px&#8221; header_6_font_size_phone=&#8221;32px&#8221; header_6_font_size_last_edited=&#8221;on|phone&#8221; global_colors_info=&#8221;{}&#8221; text_link_text_color__hover=&#8221;#32c5f4&#8243; text_link_text_color__hover_enabled=&#8221;on|hover&#8221;]<\/p>\n<h1>Dina egenskaper<\/h1>\n<p><span>Du t\u00e4nker innovativt, ser l\u00f6sningar, \u00e4r analytisk, inspirerar, skapar energi och trivsel i din n\u00e4rhet samt f\u00f6rst\u00e5r att samspela m\u00e4nniskor och grupper, processer, teknik och aff\u00e4rsmodeller i ett utvecklingsarbete. Du har l\u00e4tt f\u00f6r att producera underlag f\u00f6r beslut samt kommunicera. <\/span><\/p>\n<p><span>Som person \u00e4r du ambiti\u00f6s, nyfiken och positiv samt har mycket god f\u00f6rm\u00e5ga att p\u00e5 \u00f6dmjukt s\u00e4tt v\u00e4gleda i diskussioner och beslut samt att f\u00e5 andra att trivas. Du ser en gl\u00e4dje att verka som konsult, r\u00e5dgivare, f\u00f6rel\u00e4sare och inspirat\u00f6r samt har l\u00e4tt f\u00f6r att skapa relationer, engagemang och energi.<\/span><\/p>\n<p>[\/et_pb_text][et_pb_text _builder_version=&#8221;4.17.4&#8243; _module_preset=&#8221;default&#8221; text_font=&#8221;Poppins|300|||||||&#8221; text_font_size=&#8221;16px&#8221; header_font=&#8221;Poppins|300|||||||&#8221; header_font_size=&#8221;42px&#8221; header_2_font=&#8221;Poppins|300|||||||&#8221; header_2_font_size=&#8221;48px&#8221; header_3_font=&#8221;Poppins|300|||||||&#8221; header_3_font_size=&#8221;48px&#8221; header_4_font=&#8221;Poppins|300|||||||&#8221; header_4_font_size=&#8221;48px&#8221; header_5_font=&#8221;Poppins|300|||||||&#8221; header_5_font_size=&#8221;48px&#8221; header_6_font=&#8221;Poppins|300|||||||&#8221; header_6_font_size=&#8221;48px&#8221; header_font_size_tablet=&#8221;48px&#8221; header_font_size_phone=&#8221;28px&#8221; header_font_size_last_edited=&#8221;on|phone&#8221; header_2_font_size_tablet=&#8221;48px&#8221; header_2_font_size_phone=&#8221;32px&#8221; header_2_font_size_last_edited=&#8221;on|phone&#8221; header_3_font_size_tablet=&#8221;48px&#8221; header_3_font_size_phone=&#8221;32px&#8221; header_3_font_size_last_edited=&#8221;on|phone&#8221; header_4_font_size_tablet=&#8221;48px&#8221; header_4_font_size_phone=&#8221;32px&#8221; header_4_font_size_last_edited=&#8221;on|phone&#8221; header_5_font_size_tablet=&#8221;48px&#8221; header_5_font_size_phone=&#8221;32px&#8221; header_5_font_size_last_edited=&#8221;on|phone&#8221; header_6_font_size_tablet=&#8221;48px&#8221; header_6_font_size_phone=&#8221;32px&#8221; header_6_font_size_last_edited=&#8221;on|phone&#8221; global_colors_info=&#8221;{}&#8221; text_link_text_color__hover=&#8221;#32c5f4&#8243; text_link_text_color__hover_enabled=&#8221;on|hover&#8221;]<\/p>\n<h1>Rekryteringsprocess<\/h1>\n<p>Skicka ditt personliga brev och CV, d\u00e4r du beskriver dina resultat i olika projekt och roller, till <a href=\"mailto:tommy.ytterstrom@proandpro.se\">tommy.ytterstrom@proandpro.se<\/a><\/p>\n<p>Vi utv\u00e4rderar inkomna ans\u00f6kningar l\u00f6pande.<\/p>\n<p>[\/et_pb_text][\/et_pb_column][\/et_pb_row][\/et_pb_section]<\/p>\n","protected":false},"excerpt":{"rendered":"<p>ManagementkonsultVi s\u00f6ker dig som \u00e4r passionerad av att l\u00f6sa framtidens komplexa utmaningar och hj\u00e4lpa sm\u00e5 och stora organisationer i deras utveckling.Managementkonsult f\u00f6r framtidens utmaningar Vi s\u00f6ker dig som \u00e4r passionerad av att l\u00f6sa framtidens komplexa utmaningar och hj\u00e4lpa sm\u00e5 och stora organisationer i deras viktiga h\u00e5llbara beslut och utveckling f\u00f6r att s\u00e4kra framtiden. Om du [&hellip;]<\/p>\n","protected":false},"author":13,"featured_media":0,"parent":8905,"menu_order":0,"comment_status":"closed","ping_status":"closed","template":"","meta":{"_et_pb_use_builder":"on","_et_pb_old_content":"","_et_gb_content_width":"","footnotes":""},"folder":[82],"class_list":["post-8908","page","type-page","status-publish","hentry"],"_links":{"self":[{"href":"https:\/\/proandpro.se\/en\/wp-json\/wp\/v2\/pages\/8908","targetHints":{"allow":["GET"]}}],"collection":[{"href":"https:\/\/proandpro.se\/en\/wp-json\/wp\/v2\/pages"}],"about":[{"href":"https:\/\/proandpro.se\/en\/wp-json\/wp\/v2\/types\/page"}],"author":[{"embeddable":true,"href":"https:\/\/proandpro.se\/en\/wp-json\/wp\/v2\/users\/13"}],"replies":[{"embeddable":true,"href":"https:\/\/proandpro.se\/en\/wp-json\/wp\/v2\/comments?post=8908"}],"version-history":[{"count":4,"href":"https:\/\/proandpro.se\/en\/wp-json\/wp\/v2\/pages\/8908\/revisions"}],"predecessor-version":[{"id":9959,"href":"https:\/\/proandpro.se\/en\/wp-json\/wp\/v2\/pages\/8908\/revisions\/9959"}],"up":[{"embeddable":true,"href":"https:\/\/proandpro.se\/en\/wp-json\/wp\/v2\/pages\/8905"}],"wp:attachment":[{"href":"https:\/\/proandpro.se\/en\/wp-json\/wp\/v2\/media?parent=8908"}],"wp:term":[{"taxonomy":"folder","embeddable":true,"href":"https:\/\/proandpro.se\/en\/wp-json\/wp\/v2\/folder?post=8908"}],"curies":[{"name":"wp","href":"https:\/\/api.w.org\/{rel}","templated":true}]}}