{"id":8808,"date":"2022-06-30T08:30:05","date_gmt":"2022-06-30T08:30:05","guid":{"rendered":"http:\/\/protopro.se\/?page_id=2543"},"modified":"2025-03-13T15:31:29","modified_gmt":"2025-03-13T15:31:29","slug":"om-proandpro","status":"publish","type":"page","link":"https:\/\/proandpro.se\/en\/om-oss\/om-proandpro\/","title":{"rendered":"Om Pro&#038;Pro"},"content":{"rendered":"<p>[et_pb_section fb_built=&#8221;1&#8243; _builder_version=&#8221;4.17.6&#8243; _module_preset=&#8221;default&#8221; background_color=&#8221;rgba(0,0,0,0.55)&#8221; background_image=&#8221;https:\/\/media.proandpro.se\/2022\/06\/DSC_3620EDITED-scaled.jpg&#8221; background_blend=&#8221;overlay&#8221; custom_css_main_element=&#8221;min-height: calc(60vh);||display: flex;||flex-direction: column;||&#8221; locked=&#8221;off&#8221; global_colors_info=&#8221;{}&#8221;][et_pb_row _builder_version=&#8221;4.17.4&#8243; _module_preset=&#8221;default&#8221; background_enable_image=&#8221;off&#8221; width_tablet=&#8221;&#8221; width_phone=&#8221;100%&#8221; width_last_edited=&#8221;on|phone&#8221; custom_margin=&#8221;||0px||false|false&#8221; custom_padding=&#8221;||||false|false&#8221; global_colors_info=&#8221;{}&#8221;][et_pb_column type=&#8221;4_4&#8243; _builder_version=&#8221;4.17.4&#8243; _module_preset=&#8221;default&#8221; global_colors_info=&#8221;{}&#8221;][et_pb_text _builder_version=&#8221;4.17.6&#8243; _module_preset=&#8221;default&#8221; text_font=&#8221;Poppins|600|||||||&#8221; text_text_color=&#8221;#FFFFFF&#8221; text_font_size=&#8221;64px&#8221; text_line_height=&#8221;1em&#8221; text_font_size_tablet=&#8221;64px&#8221; text_font_size_phone=&#8221;52px&#8221; text_font_size_last_edited=&#8221;on|phone&#8221; text_orientation_tablet=&#8221;&#8221; text_orientation_phone=&#8221;center&#8221; text_orientation_last_edited=&#8221;on|phone&#8221; global_colors_info=&#8221;{}&#8221;]<\/p>\n<p>Om Pro&amp;Pro<\/p>\n<p>[\/et_pb_text][et_pb_text disabled_on=&#8221;off|off|off&#8221; _builder_version=&#8221;4.17.6&#8243; _module_preset=&#8221;default&#8221; text_font=&#8221;Poppins|300|||||||&#8221; text_text_color=&#8221;#FFFFFF&#8221; text_font_size=&#8221;26px&#8221; text_font_size_tablet=&#8221;23px&#8221; text_font_size_phone=&#8221;20px&#8221; text_font_size_last_edited=&#8221;on|phone&#8221; text_orientation_tablet=&#8221;&#8221; text_orientation_phone=&#8221;center&#8221; text_orientation_last_edited=&#8221;on|phone&#8221; global_colors_info=&#8221;{}&#8221;]<\/p>\n<p><span>Pro&amp;Pro \u00e4r ett managementkonsultf\u00f6retag som arbetar strategiskt och taktiskt f\u00f6r att lyfta din aff\u00e4r, verksamhet och medarbetare till n\u00e4sta niv\u00e5.<\/span><\/p>\n<p>[\/et_pb_text][\/et_pb_column][\/et_pb_row][\/et_pb_section][et_pb_section fb_built=&#8221;1&#8243; module_id=&#8221;sida&#8221; _builder_version=&#8221;4.17.4&#8243; _module_preset=&#8221;default&#8221; custom_padding=&#8221;10px||||false|false&#8221; global_colors_info=&#8221;{}&#8221;][et_pb_row column_structure=&#8221;2_3,1_3&#8243; _builder_version=&#8221;4.17.4&#8243; _module_preset=&#8221;default&#8221; global_colors_info=&#8221;{}&#8221;][et_pb_column type=&#8221;2_3&#8243; _builder_version=&#8221;4.17.4&#8243; _module_preset=&#8221;default&#8221; global_colors_info=&#8221;{}&#8221;][et_pb_text _builder_version=&#8221;4.17.4&#8243; _module_preset=&#8221;default&#8221; text_font=&#8221;Poppins|300|||||||&#8221; text_font_size=&#8221;16px&#8221; header_font=&#8221;Poppins|300|||||||&#8221; header_font_size=&#8221;46px&#8221; header_2_font=&#8221;Poppins|300|||||||&#8221; header_2_font_size=&#8221;48px&#8221; header_3_font=&#8221;Poppins|300|||||||&#8221; header_3_font_size=&#8221;48px&#8221; header_4_font=&#8221;Poppins|300|||||||&#8221; header_4_font_size=&#8221;48px&#8221; header_5_font=&#8221;Poppins|300|||||||&#8221; header_5_font_size=&#8221;48px&#8221; header_6_font=&#8221;Poppins|300|||||||&#8221; header_6_font_size=&#8221;48px&#8221; header_font_size_tablet=&#8221;48px&#8221; header_font_size_phone=&#8221;32px&#8221; header_font_size_last_edited=&#8221;on|phone&#8221; header_2_font_size_tablet=&#8221;48px&#8221; header_2_font_size_phone=&#8221;32px&#8221; header_2_font_size_last_edited=&#8221;on|phone&#8221; header_3_font_size_tablet=&#8221;48px&#8221; header_3_font_size_phone=&#8221;32px&#8221; header_3_font_size_last_edited=&#8221;on|phone&#8221; header_4_font_size_tablet=&#8221;48px&#8221; header_4_font_size_phone=&#8221;32px&#8221; header_4_font_size_last_edited=&#8221;on|phone&#8221; header_5_font_size_tablet=&#8221;48px&#8221; header_5_font_size_phone=&#8221;32px&#8221; header_5_font_size_last_edited=&#8221;on|phone&#8221; header_6_font_size_tablet=&#8221;48px&#8221; header_6_font_size_phone=&#8221;32px&#8221; header_6_font_size_last_edited=&#8221;on|phone&#8221; locked=&#8221;off&#8221; global_colors_info=&#8221;{}&#8221; text_link_text_color__hover=&#8221;#32c5f4&#8243; text_link_text_color__hover_enabled=&#8221;on|hover&#8221;]<\/p>\n<h1>Om f\u00f6retaget Pro&amp;Pro<\/h1>\n<p><span>Pro&amp;Pro \u00e4r ett managementkonsultf\u00f6retag som arbetar strategiskt och taktiskt f\u00f6r att lyfta din aff\u00e4r, verksamhet och medarbetare till n\u00e4sta niv\u00e5. En innovativ helhetspartner som brinner f\u00f6r att l\u00f6sa framtidens komplexa utmaningar. Med strukturerade processer och tydliga v\u00e4rderingar skapar vi r\u00e4tt f\u00f6ruts\u00e4ttningar f\u00f6r kreativitet, innovation och l\u00f6nsamhet.<\/span><\/p>\n<p>[\/et_pb_text][et_pb_text _builder_version=&#8221;4.17.4&#8243; _module_preset=&#8221;default&#8221; text_font=&#8221;Poppins|300|||||||&#8221; text_font_size=&#8221;16px&#8221; header_font=&#8221;Poppins|300|||||||&#8221; header_font_size=&#8221;36px&#8221; header_2_font=&#8221;Poppins|300|||||||&#8221; header_2_font_size=&#8221;48px&#8221; header_3_font=&#8221;Poppins|300|||||||&#8221; header_3_font_size=&#8221;48px&#8221; header_4_font=&#8221;Poppins|300|||||||&#8221; header_4_font_size=&#8221;48px&#8221; header_5_font=&#8221;Poppins|300|||||||&#8221; header_5_font_size=&#8221;48px&#8221; header_6_font=&#8221;Poppins|300|||||||&#8221; header_6_font_size=&#8221;48px&#8221; header_font_size_tablet=&#8221;48px&#8221; header_font_size_phone=&#8221;32px&#8221; header_font_size_last_edited=&#8221;on|phone&#8221; header_2_font_size_tablet=&#8221;48px&#8221; header_2_font_size_phone=&#8221;32px&#8221; header_2_font_size_last_edited=&#8221;on|phone&#8221; header_3_font_size_tablet=&#8221;48px&#8221; header_3_font_size_phone=&#8221;32px&#8221; header_3_font_size_last_edited=&#8221;on|phone&#8221; header_4_font_size_tablet=&#8221;48px&#8221; header_4_font_size_phone=&#8221;32px&#8221; header_4_font_size_last_edited=&#8221;on|phone&#8221; header_5_font_size_tablet=&#8221;48px&#8221; header_5_font_size_phone=&#8221;32px&#8221; header_5_font_size_last_edited=&#8221;on|phone&#8221; header_6_font_size_tablet=&#8221;48px&#8221; header_6_font_size_phone=&#8221;32px&#8221; header_6_font_size_last_edited=&#8221;on|phone&#8221; locked=&#8221;off&#8221; global_colors_info=&#8221;{}&#8221; text_link_text_color__hover=&#8221;#32c5f4&#8243; text_link_text_color__hover_enabled=&#8221;on|hover&#8221;]<\/p>\n<h1>Hur ser v\u00e5r verksamhet ut?<\/h1>\n<p><span>Pro&amp;Pro grundades 2012 men har l\u00e5ng erfarenhet inom k\u00e4rnomr\u00e5derna fr\u00e5n andra f\u00f6retag och organisationer. Vi har sedan starten sett ett stort behov fr\u00e5n f\u00f6retag av utveckling inom v\u00e5ra kompetensomr\u00e5den strategi, ledarskap, aff\u00e4rsutveckling och verksamhetsutveckling.<\/span><\/p>\n<p>[\/et_pb_text][et_pb_text _builder_version=&#8221;4.17.4&#8243; _module_preset=&#8221;default&#8221; text_font=&#8221;Poppins|300|||||||&#8221; text_font_size=&#8221;16px&#8221; header_font=&#8221;Poppins|300|||||||&#8221; header_font_size=&#8221;36px&#8221; header_2_font=&#8221;Poppins|300|||||||&#8221; header_2_font_size=&#8221;48px&#8221; header_3_font=&#8221;Poppins|300|||||||&#8221; header_3_font_size=&#8221;48px&#8221; header_4_font=&#8221;Poppins|300|||||||&#8221; header_4_font_size=&#8221;48px&#8221; header_5_font=&#8221;Poppins|300|||||||&#8221; header_5_font_size=&#8221;48px&#8221; header_6_font=&#8221;Poppins|300|||||||&#8221; header_6_font_size=&#8221;48px&#8221; header_font_size_tablet=&#8221;48px&#8221; header_font_size_phone=&#8221;32px&#8221; header_font_size_last_edited=&#8221;on|phone&#8221; header_2_font_size_tablet=&#8221;48px&#8221; header_2_font_size_phone=&#8221;32px&#8221; header_2_font_size_last_edited=&#8221;on|phone&#8221; header_3_font_size_tablet=&#8221;48px&#8221; header_3_font_size_phone=&#8221;32px&#8221; header_3_font_size_last_edited=&#8221;on|phone&#8221; header_4_font_size_tablet=&#8221;48px&#8221; header_4_font_size_phone=&#8221;32px&#8221; header_4_font_size_last_edited=&#8221;on|phone&#8221; header_5_font_size_tablet=&#8221;48px&#8221; header_5_font_size_phone=&#8221;32px&#8221; header_5_font_size_last_edited=&#8221;on|phone&#8221; header_6_font_size_tablet=&#8221;48px&#8221; header_6_font_size_phone=&#8221;32px&#8221; header_6_font_size_last_edited=&#8221;on|phone&#8221; locked=&#8221;off&#8221; global_colors_info=&#8221;{}&#8221; text_link_text_color__hover=&#8221;#32c5f4&#8243; text_link_text_color__hover_enabled=&#8221;on|hover&#8221;]<\/p>\n<h1>Ambition &amp; m\u00e5ls\u00e4ttning<\/h1>\n<p><span>V\u00e5r ambition och m\u00e5ls\u00e4ttning \u00e4r alltid att, tillsammans med v\u00e5ra kunder, utveckla f\u00f6retagens arbetss\u00e4tt och processer f\u00f6r att skapa ett b\u00e4ttre f\u00f6retag f\u00f6r b\u00e5de anst\u00e4llda och \u00e4gare. De kunder vi samarbetar med idag \u00e4r framf\u00f6rallt stora och medelstora f\u00f6retag och organisationer som vill och v\u00e5gar utveckla sin verksamhet.<\/span><\/p>\n<p>[\/et_pb_text][et_pb_text _builder_version=&#8221;4.17.4&#8243; _module_preset=&#8221;default&#8221; text_font=&#8221;Poppins|300|||||||&#8221; text_font_size=&#8221;16px&#8221; header_font=&#8221;Poppins|300|||||||&#8221; header_font_size=&#8221;36px&#8221; header_2_font=&#8221;Poppins|300|||||||&#8221; header_2_font_size=&#8221;48px&#8221; header_3_font=&#8221;Poppins|300|||||||&#8221; header_3_font_size=&#8221;48px&#8221; header_4_font=&#8221;Poppins|300|||||||&#8221; header_4_font_size=&#8221;48px&#8221; header_5_font=&#8221;Poppins|300|||||||&#8221; header_5_font_size=&#8221;48px&#8221; header_6_font=&#8221;Poppins|300|||||||&#8221; header_6_font_size=&#8221;48px&#8221; header_font_size_tablet=&#8221;48px&#8221; header_font_size_phone=&#8221;32px&#8221; header_font_size_last_edited=&#8221;on|phone&#8221; header_2_font_size_tablet=&#8221;48px&#8221; header_2_font_size_phone=&#8221;32px&#8221; header_2_font_size_last_edited=&#8221;on|phone&#8221; header_3_font_size_tablet=&#8221;48px&#8221; header_3_font_size_phone=&#8221;32px&#8221; header_3_font_size_last_edited=&#8221;on|phone&#8221; header_4_font_size_tablet=&#8221;48px&#8221; header_4_font_size_phone=&#8221;32px&#8221; header_4_font_size_last_edited=&#8221;on|phone&#8221; header_5_font_size_tablet=&#8221;48px&#8221; header_5_font_size_phone=&#8221;32px&#8221; header_5_font_size_last_edited=&#8221;on|phone&#8221; header_6_font_size_tablet=&#8221;48px&#8221; header_6_font_size_phone=&#8221;32px&#8221; header_6_font_size_last_edited=&#8221;on|phone&#8221; locked=&#8221;off&#8221; global_colors_info=&#8221;{}&#8221; text_link_text_color__hover=&#8221;#32c5f4&#8243; text_link_text_color__hover_enabled=&#8221;on|hover&#8221;]<\/p>\n<h1>Vart befinner vi oss?<\/h1>\n<p><span>Pro&amp;Pro \u00e4r ett privat\u00e4gt aktiebolag vars bas \u00e4r Sundsvall men v\u00e5ra kunder finns i hela Sverige.<\/span><\/p>\n<p>[\/et_pb_text][\/et_pb_column][et_pb_column type=&#8221;1_3&#8243; _builder_version=&#8221;4.17.4&#8243; _module_preset=&#8221;default&#8221; background_color=&#8221;#3e3e3e&#8221; transform_translate_linked=&#8221;off&#8221; custom_padding=&#8221;0px|0px|40px|0px|false|true&#8221; border_color_all=&#8221;#32c5f4&#8243; global_colors_info=&#8221;{}&#8221; box_shadow_blur__hover=&#8221;50px&#8221; box_shadow_blur__hover_enabled=&#8221;on|hover&#8221; transform_styles__hover_enabled=&#8221;on|hover&#8221; transform_scale__hover_enabled=&#8221;on|desktop&#8221; transform_translate__hover=&#8221;0px|-10px&#8221; transform_translate__hover_enabled=&#8221;on|hover&#8221; transform_rotate__hover_enabled=&#8221;on|desktop&#8221; transform_skew__hover_enabled=&#8221;on|desktop&#8221; transform_origin__hover_enabled=&#8221;on|desktop&#8221;][et_pb_image src=&#8221;http:\/\/media.protopro.se\/2022\/06\/Tommy_profil.jpg&#8221; title_text=&#8221;Tommy_profil&#8221; align=&#8221;center&#8221; _builder_version=&#8221;4.17.4&#8243; _module_preset=&#8221;default&#8221; border_radii=&#8221;on|0%|0%|0%|0%&#8221; border_color_all=&#8221;#32c5f4&#8243; locked=&#8221;off&#8221; global_colors_info=&#8221;{}&#8221; filter_saturate__hover_enabled=&#8221;off|desktop&#8221; filter_saturate__hover=&#8221;100%&#8221;][\/et_pb_image][et_pb_text _builder_version=&#8221;4.17.4&#8243; _module_preset=&#8221;default&#8221; text_font=&#8221;Poppins|300|||||||&#8221; text_text_color=&#8221;#FFFFFF&#8221; text_font_size=&#8221;12px&#8221; link_font=&#8221;Poppins||||||||&#8221; link_text_color=&#8221;#32c5f4&#8243; header_3_font=&#8221;Poppins||||||||&#8221; header_3_text_color=&#8221;#FFFFFF&#8221; header_4_font=&#8221;Poppins||||||||&#8221; header_4_text_color=&#8221;#32c5f4&#8243; header_4_font_size=&#8221;14px&#8221; text_orientation=&#8221;center&#8221; custom_margin=&#8221;|30px||30px|false|true&#8221; locked=&#8221;off&#8221; global_colors_info=&#8221;{}&#8221;]<\/p>\n<h3>Tommy Ytterstr\u00f6m<\/h3>\n<h4>VD, Managementkonsult<\/h4>\n<p>[\/et_pb_text][et_pb_divider color=&#8221;#32c5f4&#8243; _builder_version=&#8221;4.17.4&#8243; _module_preset=&#8221;default&#8221; custom_margin=&#8221;0px||0px||true|false&#8221; locked=&#8221;off&#8221; global_colors_info=&#8221;{}&#8221;][\/et_pb_divider][et_pb_text _builder_version=&#8221;4.17.4&#8243; _module_preset=&#8221;default&#8221; text_font=&#8221;Poppins|300|||||||&#8221; link_font=&#8221;Poppins|500|||||||&#8221; link_text_color=&#8221;#ffffff&#8221; text_orientation=&#8221;center&#8221; locked=&#8221;off&#8221; global_colors_info=&#8221;{}&#8221; link_text_color__hover_enabled=&#8221;on|desktop&#8221; link_text_color__hover=&#8221;#32c5f4&#8243;]<\/p>\n<p><a href=\"tel:46706737200\"><span>+46 70 673 72 00<\/span><\/a><\/p>\n<p><a href=\"mailto:Tommy.Ytterstrom@proandpro.se\"><span>Tommy.Ytterstrom@proandpro.se<\/span><\/a><\/p>\n<p>[\/et_pb_text][\/et_pb_column][\/et_pb_row][\/et_pb_section][et_pb_section fb_built=&#8221;1&#8243; _builder_version=&#8221;4.17.4&#8243; _module_preset=&#8221;default&#8221; background_color=&#8221;rgba(50,197,244,0.15)&#8221; custom_margin=&#8221;-50px||||false|false&#8221; custom_padding=&#8221;0px||||false|false&#8221; global_colors_info=&#8221;{}&#8221;][et_pb_row column_structure=&#8221;2_5,3_5&#8243; _builder_version=&#8221;4.17.4&#8243; _module_preset=&#8221;default&#8221; custom_padding=&#8221;0px||||false|false&#8221; global_colors_info=&#8221;{}&#8221;][et_pb_column type=&#8221;2_5&#8243; _builder_version=&#8221;4.17.4&#8243; _module_preset=&#8221;default&#8221; custom_padding=&#8221;50px||||false|false&#8221; global_colors_info=&#8221;{}&#8221;][et_pb_blurb title=&#8221;Nya utmaningar&#8221; use_icon=&#8221;on&#8221; font_icon=&#8221;&#xf06a;||fa||900&#8243; icon_color=&#8221;#32c5f4&#8243; icon_placement=&#8221;left&#8221; _builder_version=&#8221;4.17.4&#8243; _module_preset=&#8221;default&#8221; header_level=&#8221;h3&#8243; header_font=&#8221;Poppins|300|||||||&#8221; header_font_size=&#8221;34px&#8221; animation=&#8221;off&#8221; locked=&#8221;off&#8221; global_colors_info=&#8221;{}&#8221;][\/et_pb_blurb][et_pb_blurb _builder_version=&#8221;4.24.3&#8243; _module_preset=&#8221;default&#8221; body_font=&#8221;Poppins|300|||||||&#8221; body_font_size=&#8221;16px&#8221; body_link_font=&#8221;Poppins||||on|||#000000|&#8221; body_link_text_color=&#8221;#000000&#8243; custom_margin=&#8221;-4%||||false|false&#8221; custom_padding=&#8221;||0px|||&#8221; locked=&#8221;off&#8221; global_colors_info=&#8221;{}&#8221; body_link_text_color__hover_enabled=&#8221;on|hover&#8221; body_link_text_color__hover=&#8221;#32c5f4&#8243;]<\/p>\n<p><span>Om du delar v\u00e5r ambition och v\u00e5ra v\u00e4rderingar\u00a0 och \u00e4r intresserad av att ta dig an nya utmaningar s\u00e5 kontakta oss g\u00e4rna f\u00f6r att f\u00f6ruts\u00e4ttningsl\u00f6st samtal.<\/span><\/p>\n<p><a href=\"https:\/\/proandpro.se\/karriar\/\"><span>L\u00e4s mer om aktuella tj\u00e4nster och karri\u00e4rserbjudanden<\/span><\/a><\/p>\n<p><span><a href=\"https:\/\/proandpro.se\/karriar\/vem-vi-soker\/\">L\u00e4s mer om vem vi s\u00f6ker<\/a><\/span><\/p>\n<p>[\/et_pb_blurb][\/et_pb_column][et_pb_column type=&#8221;3_5&#8243; _builder_version=&#8221;4.17.4&#8243; _module_preset=&#8221;default&#8221; global_colors_info=&#8221;{}&#8221;][et_pb_contact_form captcha=&#8221;off&#8221; email=&#8221;Tommy.Ytterstrom@proandpro.se, Markus.Marklund@proandpro.se&#8221; title=&#8221;Kontakta oss&#8221; custom_message=&#8221;Meddelande via om oss-sidan (nya utmaningar) p\u00e5 hemsidan:||et_pb_line_break_holder||||et_pb_line_break_holder||Namn: %%Namn%%||et_pb_line_break_holder||E-post: %%E-post%%||et_pb_line_break_holder||Meddelande: %%Meddelande%%&#8221; success_message=&#8221;Tack f\u00f6r ditt meddelande. Vi f\u00f6rs\u00f6ker \u00e5terkomma s\u00e5 snabbt som m\u00f6jligt.&#8221; submit_button_text=&#8221;Skicka&#8221; _builder_version=&#8221;4.17.1&#8243; _module_preset=&#8221;default&#8221; _unique_id=&#8221;2eaac099-1661-43c1-88bd-56479cb8f583&#8243; form_field_background_color=&#8221;#FFFFFF&#8221; form_field_custom_margin=&#8221;-2.6%||||false|false&#8221; form_field_custom_padding=&#8221;||||false|false&#8221; title_level=&#8221;h3&#8243; title_font=&#8221;Poppins||||||||&#8221; title_text_color=&#8221;#545454&#8243; title_font_size=&#8221;20px&#8221; captcha_font=&#8221;Poppins|300|||||||&#8221; captcha_text_color=&#8221;#FFFFFF&#8221; captcha_font_size=&#8221;18px&#8221; form_field_font=&#8221;Poppins||||||||&#8221; form_field_font_size=&#8221;18px&#8221; background_color=&#8221;RGBA(255,255,255,0)&#8221; custom_button=&#8221;on&#8221; button_text_size=&#8221;20px&#8221; button_text_color=&#8221;#636363&#8243; button_bg_color=&#8221;#FFFFFF&#8221; button_border_width=&#8221;0px&#8221; button_font=&#8221;Poppins|300|||||||&#8221; button_use_icon=&#8221;off&#8221; button_custom_margin=&#8221;5%||||false|false&#8221; button_custom_padding=&#8221;||||false|false&#8221; custom_margin=&#8221;0px||0px||true|false&#8221; custom_padding=&#8221;7.5%|5%|7.5%|5%|false|false&#8221; hover_enabled=&#8221;0&#8243; custom_css_contact_button=&#8221;text-align: center;&#8221; border_width_bottom=&#8221;1px&#8221; border_color_bottom=&#8221;rgba(12,113,195,0.4)&#8221; locked=&#8221;off&#8221; global_colors_info=&#8221;{}&#8221; sticky_enabled=&#8221;0&#8243;][et_pb_contact_field field_id=&#8221;Namn&#8221; field_title=&#8221;Namn&#8221; fullwidth_field=&#8221;on&#8221; _builder_version=&#8221;4.17.1&#8243; _module_preset=&#8221;default&#8221; global_colors_info=&#8221;{}&#8221;][\/et_pb_contact_field][et_pb_contact_field field_id=&#8221;E-post&#8221; field_title=&#8221;E-post&#8221; field_type=&#8221;email&#8221; fullwidth_field=&#8221;on&#8221; _builder_version=&#8221;4.17.1&#8243; _module_preset=&#8221;default&#8221; global_colors_info=&#8221;{}&#8221;][\/et_pb_contact_field][et_pb_contact_field field_id=&#8221;Meddelande&#8221; field_title=&#8221;Meddelande&#8221; field_type=&#8221;text&#8221; fullwidth_field=&#8221;on&#8221; _builder_version=&#8221;4.17.4&#8243; _module_preset=&#8221;default&#8221; global_colors_info=&#8221;{}&#8221;][\/et_pb_contact_field][\/et_pb_contact_form][\/et_pb_column][\/et_pb_row][\/et_pb_section]<\/p>\n","protected":false},"excerpt":{"rendered":"<p>Om Pro&amp;ProPro&amp;Pro \u00e4r ett managementkonsultf\u00f6retag som arbetar strategiskt och taktiskt f\u00f6r att lyfta din aff\u00e4r, verksamhet och medarbetare till n\u00e4sta niv\u00e5.Om f\u00f6retaget Pro&amp;Pro Pro&amp;Pro \u00e4r ett managementkonsultf\u00f6retag som arbetar strategiskt och taktiskt f\u00f6r att lyfta din aff\u00e4r, verksamhet och medarbetare till n\u00e4sta niv\u00e5. En innovativ helhetspartner som brinner f\u00f6r att l\u00f6sa framtidens komplexa utmaningar. Med [&hellip;]<\/p>\n","protected":false},"author":13,"featured_media":0,"parent":8807,"menu_order":0,"comment_status":"closed","ping_status":"closed","template":"","meta":{"_et_pb_use_builder":"on","_et_pb_old_content":"","_et_gb_content_width":"","footnotes":""},"folder":[81],"class_list":["post-8808","page","type-page","status-publish","hentry"],"_links":{"self":[{"href":"https:\/\/proandpro.se\/en\/wp-json\/wp\/v2\/pages\/8808","targetHints":{"allow":["GET"]}}],"collection":[{"href":"https:\/\/proandpro.se\/en\/wp-json\/wp\/v2\/pages"}],"about":[{"href":"https:\/\/proandpro.se\/en\/wp-json\/wp\/v2\/types\/page"}],"author":[{"embeddable":true,"href":"https:\/\/proandpro.se\/en\/wp-json\/wp\/v2\/users\/13"}],"replies":[{"embeddable":true,"href":"https:\/\/proandpro.se\/en\/wp-json\/wp\/v2\/comments?post=8808"}],"version-history":[{"count":10,"href":"https:\/\/proandpro.se\/en\/wp-json\/wp\/v2\/pages\/8808\/revisions"}],"predecessor-version":[{"id":13573,"href":"https:\/\/proandpro.se\/en\/wp-json\/wp\/v2\/pages\/8808\/revisions\/13573"}],"up":[{"embeddable":true,"href":"https:\/\/proandpro.se\/en\/wp-json\/wp\/v2\/pages\/8807"}],"wp:attachment":[{"href":"https:\/\/proandpro.se\/en\/wp-json\/wp\/v2\/media?parent=8808"}],"wp:term":[{"taxonomy":"folder","embeddable":true,"href":"https:\/\/proandpro.se\/en\/wp-json\/wp\/v2\/folder?post=8808"}],"curies":[{"name":"wp","href":"https:\/\/api.w.org\/{rel}","templated":true}]}}