{"id":8605,"date":"2022-06-19T18:21:17","date_gmt":"2022-06-19T18:21:17","guid":{"rendered":"http:\/\/protopro.se\/?page_id=1939"},"modified":"2022-08-08T09:26:11","modified_gmt":"2022-08-08T09:26:11","slug":"ledarskap-pa-distans","status":"publish","type":"page","link":"https:\/\/proandpro.se\/en\/utbildningar\/ledarskap-pa-distans\/","title":{"rendered":"Remote leadership"},"content":{"rendered":"<p>[et_pb_section fb_built=&#8221;1&#8243; fullwidth=&#8221;on&#8221; _builder_version=&#8221;4.17.4&#8243; _module_preset=&#8221;default&#8221; custom_padding=&#8221;0px||0px||false|false&#8221; global_colors_info=&#8221;{}&#8221;][et_pb_fullwidth_image src=&#8221;http:\/\/media.protopro.se\/2022\/06\/Ledarskap-pa-distans-1200&#215;300-1.jpg&#8221; title_text=&#8221;Video Conference Call in Office Boardroom Meeting Room: Executiv&#8221; src_tablet=&#8221;http:\/\/media.protopro.se\/2022\/06\/AdobeStock_479612236-scaled.jpeg&#8221; src_phone=&#8221;http:\/\/media.protopro.se\/2022\/06\/Ledarskap-pa-distans-1200&#215;800-1.jpg&#8221; src_last_edited=&#8221;on|desktop&#8221; _builder_version=&#8221;4.17.4&#8243; _module_preset=&#8221;default&#8221; custom_margin=&#8221;||||false|false&#8221; custom_padding=&#8221;||||false|false&#8221; global_colors_info=&#8221;{}&#8221;][\/et_pb_fullwidth_image][\/et_pb_section][et_pb_section fb_built=&#8221;1&#8243; _builder_version=&#8221;4.17.4&#8243; _module_preset=&#8221;default&#8221; custom_padding=&#8221;10px||||false|false&#8221; global_colors_info=&#8221;{}&#8221;][et_pb_row column_structure=&#8221;2_3,1_3&#8243; _builder_version=&#8221;4.17.4&#8243; _module_preset=&#8221;default&#8221; global_colors_info=&#8221;{}&#8221;][et_pb_column type=&#8221;2_3&#8243; _builder_version=&#8221;4.17.4&#8243; _module_preset=&#8221;default&#8221; global_colors_info=&#8221;{}&#8221;][et_pb_blurb title=&#8221;Ledarskap p\u00e5 distans&#8221; _builder_version=&#8221;4.17.4&#8243; _module_preset=&#8221;default&#8221; header_level=&#8221;h1&#8243; header_font=&#8221;Poppins|300|||||||&#8221; header_font_size=&#8221;48px&#8221; body_font=&#8221;Poppins|300|||||||&#8221; body_font_size=&#8221;20px&#8221; header_font_size_tablet=&#8221;48px&#8221; header_font_size_phone=&#8221;32px&#8221; header_font_size_last_edited=&#8221;on|phone&#8221; body_font_size_tablet=&#8221;20px&#8221; body_font_size_phone=&#8221;16px&#8221; body_font_size_last_edited=&#8221;on|phone&#8221; global_colors_info=&#8221;{}&#8221;]<\/p>\n<p><em>Kursen ger kunskap och insikt om hur du planerar och genomf\u00f6r praktiskt ledarskap p\u00e5 distans.<\/em><\/p>\n<p>[\/et_pb_blurb][et_pb_blurb _builder_version=&#8221;4.17.4&#8243; _module_preset=&#8221;default&#8221; body_font=&#8221;Poppins|300|||||||&#8221; body_font_size=&#8221;16px&#8221; global_colors_info=&#8221;{}&#8221;]<\/p>\n<p align=\"left\"><span>Ledarskap p\u00e5 distans \u00e4r utmanande och sp\u00e4nnande f\u00f6r ledaren och medarbetaren. Utbildningen tar sin utg\u00e5ngspunkt i hur man lyckas med sitt ledarskap d\u00e4r medarbetare finns p\u00e5 distans f\u00f6r att d\u00e4rmed leverera bra resultat. Genom en genomt\u00e4nkt strategi och ett strukturerat arbetss\u00e4tt skapas f\u00f6ruts\u00e4ttningar att lyckas med ledarskapet.<\/span><\/p>\n<p>[\/et_pb_blurb][et_pb_blurb title=&#8221;F\u00f6r vem?&#8221; use_icon=&#8221;on&#8221; font_icon=&#8221;&#xf007;||fa||900&#8243; icon_color=&#8221;#32c5f4&#8243; icon_placement=&#8221;left&#8221; _builder_version=&#8221;4.17.1&#8243; _module_preset=&#8221;default&#8221; header_level=&#8221;h3&#8243; header_font=&#8221;Poppins|300|||||||&#8221; header_font_size=&#8221;34px&#8221; animation=&#8221;off&#8221; global_colors_info=&#8221;{}&#8221;][\/et_pb_blurb][et_pb_blurb _builder_version=&#8221;4.17.4&#8243; _module_preset=&#8221;default&#8221; body_font=&#8221;Poppins|300|||||||&#8221; body_font_size=&#8221;16px&#8221; custom_margin=&#8221;-4%||||false|false&#8221; global_colors_info=&#8221;{}&#8221;]<\/p>\n<p>Kursen v\u00e4nder sig till l<span>edare f\u00f6r grupper och verksamheter som har en verksamhet eller medarbetare som \u00e4r distribuerad p\u00e5 flera orter eller kontor samt ledare som har sin ledare p\u00e5 annan ort.<\/span><\/p>\n<p>[\/et_pb_blurb][et_pb_blurb title=&#8221;Vilka f\u00f6rkunskaper kr\u00e4vs?&#8221; use_icon=&#8221;on&#8221; font_icon=&#8221;&#xf19d;||fa||900&#8243; icon_color=&#8221;#32c5f4&#8243; icon_placement=&#8221;left&#8221; _builder_version=&#8221;4.17.1&#8243; _module_preset=&#8221;default&#8221; header_level=&#8221;h3&#8243; header_font=&#8221;Poppins|300|||||||&#8221; header_font_size=&#8221;34px&#8221; animation=&#8221;off&#8221; global_colors_info=&#8221;{}&#8221;][\/et_pb_blurb][et_pb_blurb _builder_version=&#8221;4.17.4&#8243; _module_preset=&#8221;default&#8221; body_font=&#8221;Poppins|300|||||||&#8221; body_font_size=&#8221;16px&#8221; custom_margin=&#8221;-4%||||false|false&#8221; global_colors_info=&#8221;{}&#8221;]<\/p>\n<p><span>Utbildningen kr\u00e4ver inga speciella f\u00f6rkunskaper, men du f\u00e5r ut mer av utbildningen om du arbetar eller kommer att arbeta som projektledare, f\u00f6r\u00e4ndringsledare, verksamhetsutvecklare, tj\u00e4nsteutvecklare, chefer och beslutsfattare.<\/span><\/p>\n<p>[\/et_pb_blurb][et_pb_blurb title=&#8221;Syfte och m\u00e5l&#8221; use_icon=&#8221;on&#8221; font_icon=&#8221;&#xf140;||fa||900&#8243; icon_color=&#8221;#32c5f4&#8243; icon_placement=&#8221;left&#8221; _builder_version=&#8221;4.17.1&#8243; _module_preset=&#8221;default&#8221; header_level=&#8221;h3&#8243; header_font=&#8221;Poppins|300|||||||&#8221; header_font_size=&#8221;34px&#8221; animation=&#8221;off&#8221; global_colors_info=&#8221;{}&#8221;][\/et_pb_blurb][et_pb_blurb _builder_version=&#8221;4.17.4&#8243; _module_preset=&#8221;default&#8221; body_font=&#8221;Poppins|300|||||||&#8221; body_font_size=&#8221;16px&#8221; custom_margin=&#8221;-4%||||false|false&#8221; custom_padding=&#8221;||0px|||&#8221; global_colors_info=&#8221;{}&#8221;]<\/p>\n<p><span>Efter utf\u00f6rd utbildning har deltagaren f\u00e5tt insikt och kunskap om hur individer och verksamheter som \u00e4r fysiskt distribuerade leds f\u00f6r att skapa bra resultat i verksamheten och en milj\u00f6 d\u00e4r alla trivs och \u00e4r engagerade.<\/span><\/p>\n<p>[\/et_pb_blurb][\/et_pb_column][et_pb_column type=&#8221;1_3&#8243; _builder_version=&#8221;4.17.4&#8243; _module_preset=&#8221;default&#8221; global_colors_info=&#8221;{}&#8221;][et_pb_blurb title=&#8221;Information&#8221; _builder_version=&#8221;4.17.1&#8243; _module_preset=&#8221;default&#8221; header_level=&#8221;h3&#8243; header_font=&#8221;Poppins|600|||||||&#8221; header_text_color=&#8221;#FFFFFF&#8221; header_font_size=&#8221;22px&#8221; body_font=&#8221;Poppins|300|||||||&#8221; body_text_color=&#8221;#FFFFFF&#8221; body_font_size=&#8221;15px&#8221; body_line_height=&#8221;1em&#8221; body_link_font=&#8221;Poppins||||||||&#8221; body_link_text_color=&#8221;#FFFFFF&#8221; background_color=&#8221;rgba(50,197,244,0.8)&#8221; custom_margin=&#8221;||0px||false|false&#8221; custom_padding=&#8221;10%||5%|5%|false|false&#8221; border_radii=&#8221;off|20px|20px||&#8221; global_colors_info=&#8221;{}&#8221; body_link_text_color__hover_enabled=&#8221;on|hover&#8221; body_link_text_color__hover=&#8221;#0C71C3&#8243;]<\/p>\n<p>L\u00e4ngd: <strong>2 dagar\u00a0<\/strong><\/p>\n<p>Pris: <strong>7 990<\/strong><strong> kr<\/strong><\/p>\n<p>Plats: <strong>Storgatan 22<\/strong>, Sundsvall<\/p>\n<p>Utbildare: <a href=\"#Utbildare\"><strong>Markus Marklund<\/strong><\/a><\/p>\n<p>[\/et_pb_blurb][et_pb_blurb title=&#8221;Kommande tillf\u00e4llen&#8221; _builder_version=&#8221;4.17.1&#8243; _module_preset=&#8221;default&#8221; header_font=&#8221;Poppins|600|||||||&#8221; header_text_color=&#8221;#FFFFFF&#8221; header_font_size=&#8221;22px&#8221; body_font=&#8221;Poppins|300|||||||&#8221; body_text_color=&#8221;#FFFFFF&#8221; body_font_size=&#8221;15px&#8221; body_line_height=&#8221;1em&#8221; background_color=&#8221;rgba(50,197,244,0.8)&#8221; custom_margin=&#8221;0px||0px||true|false&#8221; custom_padding=&#8221;5%||5%|5%|false|false&#8221; global_colors_info=&#8221;{}&#8221;]<\/p>\n<p>14-15 november 2022<\/p>\n<p>15-16 februari\u00a0 2023<\/p>\n<p>[\/et_pb_blurb][et_pb_contact_form email=&#8221;bnnb5g41contactform@robot.zapier.com, markus.marklund@proandpro.se&#8221; title=&#8221;Anm\u00e4l dig till utbildningen&#8221; custom_message=&#8221;Anm\u00e4lan till utbildning||et_pb_line_break_holder||||et_pb_line_break_holder||Utbildning: Ledarskap p\u00e5 distans||et_pb_line_break_holder||Tillf\u00e4lle: %%Tillf\u00e4lle%%||et_pb_line_break_holder||Namn: %%Namn%%||et_pb_line_break_holder||E-post: %%E-post%%||et_pb_line_break_holder||Telefon: %%Telefon%%&#8221; success_message=&#8221;Tack f\u00f6r din anm\u00e4lan. N\u00e4r din anm\u00e4lan har registrerats kommer du f\u00e5 en bekr\u00e4ftelse via mail inneh\u00e5llande information om betalning.&#8221; submit_button_text=&#8221;Skicka&#8221; _builder_version=&#8221;4.17.6&#8243; _module_preset=&#8221;default&#8221; _unique_id=&#8221;2eaac099-1661-43c1-88bd-56479cb8f583&#8243; form_field_background_color=&#8221;#FFFFFF&#8221; form_field_custom_margin=&#8221;-2.6%||||false|false&#8221; form_field_custom_padding=&#8221;||||false|false&#8221; title_level=&#8221;h3&#8243; title_font=&#8221;Poppins|600|||||||&#8221; title_text_color=&#8221;#FFFFFF&#8221; title_font_size=&#8221;20px&#8221; captcha_font=&#8221;Poppins|300|||||||&#8221; captcha_text_color=&#8221;#FFFFFF&#8221; captcha_font_size=&#8221;18px&#8221; form_field_font=&#8221;Poppins||||||||&#8221; form_field_font_size=&#8221;18px&#8221; background_color=&#8221;rgba(50,197,244,0.8)&#8221; custom_button=&#8221;on&#8221; button_text_size=&#8221;20px&#8221; button_text_color=&#8221;#636363&#8243; button_bg_color=&#8221;#FFFFFF&#8221; button_border_width=&#8221;0px&#8221; button_font=&#8221;Poppins|300|||||||&#8221; button_use_icon=&#8221;off&#8221; button_custom_margin=&#8221;5%||||false|false&#8221; button_custom_padding=&#8221;||||false|false&#8221; custom_margin=&#8221;0px||0px||true|false&#8221; custom_padding=&#8221;7.5%|5%|7.5%|5%|false|false&#8221; hover_enabled=&#8221;0&#8243; custom_css_contact_button=&#8221;text-align: center;&#8221; border_width_bottom=&#8221;1px&#8221; border_color_bottom=&#8221;rgba(12,113,195,0.4)&#8221; global_colors_info=&#8221;{}&#8221; use_spam_service=&#8221;on&#8221; recaptcha_list=&#8221;Google reCAPTCHA|Google reCAPTCHA-0&#8243; sticky_enabled=&#8221;0&#8243;][et_pb_contact_field field_id=&#8221;Tillf\u00e4lle&#8221; field_title=&#8221;Tillf\u00e4lle&#8221; field_type=&#8221;select&#8221; select_options=&#8221;%91{%22value%22:%2214 &#8211; 15 nov 2022%22,%22checked%22:0,%22dragID%22:-1},{%22value%22:%2215 &#8211; 16 feb 2023%22,%22checked%22:0,%22dragID%22:0}%93&#8243; fullwidth_field=&#8221;on&#8221; _builder_version=&#8221;4.17.1&#8243; _module_preset=&#8221;default&#8221; global_colors_info=&#8221;{}&#8221;][\/et_pb_contact_field][et_pb_contact_field field_id=&#8221;Namn&#8221; field_title=&#8221;Namn&#8221; fullwidth_field=&#8221;on&#8221; _builder_version=&#8221;4.17.4&#8243; _module_preset=&#8221;default&#8221; global_colors_info=&#8221;{}&#8221;][\/et_pb_contact_field][et_pb_contact_field field_id=&#8221;E-post&#8221; field_title=&#8221;E-post&#8221; field_type=&#8221;email&#8221; fullwidth_field=&#8221;on&#8221; _builder_version=&#8221;4.17.4&#8243; _module_preset=&#8221;default&#8221; global_colors_info=&#8221;{}&#8221;][\/et_pb_contact_field][et_pb_contact_field field_id=&#8221;Telefon&#8221; field_title=&#8221;Telefon&#8221; fullwidth_field=&#8221;on&#8221; _builder_version=&#8221;4.17.4&#8243; _module_preset=&#8221;default&#8221; global_colors_info=&#8221;{}&#8221;][\/et_pb_contact_field][\/et_pb_contact_form][et_pb_blurb title=&#8221;Har du fr\u00e5gor eller vill veta mer?&#8221; _builder_version=&#8221;4.17.1&#8243; _module_preset=&#8221;default&#8221; header_level=&#8221;h3&#8243; header_font=&#8221;Poppins|600|||||||&#8221; header_text_color=&#8221;#FFFFFF&#8221; header_font_size=&#8221;22px&#8221; body_font=&#8221;Poppins|300|||||||&#8221; body_text_color=&#8221;#FFFFFF&#8221; body_font_size=&#8221;15px&#8221; body_line_height=&#8221;1em&#8221; body_link_font=&#8221;Poppins||||on|||#FFFFFF|&#8221; body_link_text_color=&#8221;#FFFFFF&#8221; background_color=&#8221;rgba(50,197,244,0.8)&#8221; custom_margin=&#8221;0px||||false|false&#8221; custom_padding=&#8221;5%||5%|5%|false|false&#8221; border_radii=&#8221;off|||15px|15px&#8221; global_colors_info=&#8221;{}&#8221; body_text_color__hover_enabled=&#8221;on|hover&#8221; body_text_color__hover=&#8221;#0C71C3&#8243; body_link_text_color__hover_enabled=&#8221;on|hover&#8221; body_link_text_color__hover=&#8221;#0C71C3&#8243;]<\/p>\n<p><a href=\"#Utbildare\">Kontakta utbildningsansvarig<\/a><\/p>\n<p>[\/et_pb_blurb][\/et_pb_column][\/et_pb_row][\/et_pb_section][et_pb_section fb_built=&#8221;1&#8243; _builder_version=&#8221;4.17.1&#8243; _module_preset=&#8221;default&#8221; background_color=&#8221;rgba(50,197,244,0.15)&#8221; custom_margin=&#8221;-2.5%||||false|false&#8221; locked=&#8221;off&#8221; global_colors_info=&#8221;{}&#8221;][et_pb_row column_structure=&#8221;2_3,1_3&#8243; custom_padding_last_edited=&#8221;on|phone&#8221; _builder_version=&#8221;4.17.1&#8243; _module_preset=&#8221;default&#8221; custom_margin=&#8221;-40px||||false|false&#8221; custom_padding=&#8221;|||25px|false|false&#8221; custom_padding_tablet=&#8221;|||25px|false|false&#8221; custom_padding_phone=&#8221;|0px||0px|false|false&#8221; global_colors_info=&#8221;{}&#8221;][et_pb_column type=&#8221;2_3&#8243; _builder_version=&#8221;4.17.4&#8243; _module_preset=&#8221;default&#8221; global_colors_info=&#8221;{}&#8221;][et_pb_blurb title=&#8221;Utbildningens inneh\u00e5ll och uppl\u00e4gg&#8221; use_icon=&#8221;on&#8221; font_icon=&#8221;&#xf06a;||fa||900&#8243; icon_color=&#8221;#32c5f4&#8243; icon_placement=&#8221;left&#8221; content_max_width=&#8221;86%&#8221; _builder_version=&#8221;4.17.1&#8243; _module_preset=&#8221;default&#8221; header_level=&#8221;h3&#8243; header_font=&#8221;Poppins|300|||||||&#8221; header_font_size=&#8221;34px&#8221; animation=&#8221;off&#8221; locked=&#8221;off&#8221; global_colors_info=&#8221;{}&#8221;][\/et_pb_blurb][et_pb_blurb content_max_width=&#8221;86%&#8221; _builder_version=&#8221;4.17.4&#8243; _module_preset=&#8221;default&#8221; body_font=&#8221;Poppins|300|||||||&#8221; body_font_size=&#8221;16px&#8221; custom_margin=&#8221;-2.5%||||false|false&#8221; locked=&#8221;off&#8221; global_colors_info=&#8221;{}&#8221;]<\/p>\n<p><span>Ledarskap p\u00e5 distans \u00e4r utmanande och sp\u00e4nnande b\u00e5de f\u00f6r ledaren och medarbetarna. F\u00f6r lyckas med ledarskapet \u00e4r det viktigt att ha en strategi och ett strukturerat arbetss\u00e4tt f\u00f6r att leda verksamheten och medarbetarna. Kursen inneh\u00e5ller:<\/span><\/p>\n<ul>\n<li>Kursen ger information om hur du som ledare inspirerar och motiverar sina medarbetare p\u00e5 distans att vara delaktiga i utvecklingen av verksamheten.<\/li>\n<li>Genomg\u00e5ng av trender och utmaningar<\/li>\n<li>Kunskap om hur du planerar och genomf\u00f6r ditt ledarskap p\u00e5 distans<\/li>\n<li>F\u00f6rst\u00e5else f\u00f6r skillnader i ledarskap d\u00e4r du har medarbetarna n\u00e4ra j\u00e4mf\u00f6rt med n\u00e4r de \u00e4r p\u00e5 distans.<\/li>\n<li>Kunskap om sj\u00e4lvledarskap och hur du \u00e5stadkommer det.<\/li>\n<li>L\u00e4r dig konsten att skapa engagemang och teamk\u00e4nsla i ett distribuerat team.<\/li>\n<li>Information om st\u00f6d, verktyg och hj\u00e4lpmedel f\u00f6r att lyckats med ditt ledarskap p\u00e5 distans.<\/li>\n<\/ul>\n<p><span>Det pedagogiska uppl\u00e4gget bygger p\u00e5 en mix av teorier, samtal, reflektion samt praktiska \u00f6vningar. Genom att utbildningen \u00e4r \u00f6ppen f\u00f6r deltagare fr\u00e5n olika f\u00f6retag och branscher vilket ges m\u00f6jlighet till att utveckla n\u00e4tverk och utbyta erfarenheter.<\/span><\/p>\n<p>[\/et_pb_blurb][et_pb_blurb title=&#8221;L\u00e4ngd och schema&#8221; use_icon=&#8221;on&#8221; font_icon=&#8221;&#xf073;||fa||900&#8243; icon_color=&#8221;#32c5f4&#8243; icon_placement=&#8221;left&#8221; content_max_width=&#8221;86%&#8221; _builder_version=&#8221;4.17.1&#8243; _module_preset=&#8221;default&#8221; header_level=&#8221;h3&#8243; header_font=&#8221;Poppins|300|||||||&#8221; header_font_size=&#8221;34px&#8221; animation=&#8221;off&#8221; locked=&#8221;off&#8221; global_colors_info=&#8221;{}&#8221;][\/et_pb_blurb][et_pb_blurb content_max_width=&#8221;86%&#8221; _builder_version=&#8221;4.17.1&#8243; _module_preset=&#8221;default&#8221; body_font=&#8221;Poppins|300|||||||&#8221; body_font_size=&#8221;16px&#8221; custom_margin=&#8221;-2.5%||||false|false&#8221; locked=&#8221;off&#8221; global_colors_info=&#8221;{}&#8221;]<\/p>\n<p><span>Utbildningen \u00e4r en tv\u00e5 dagars utbildning. Utbildningen \u00e4r \u00f6ppen samt kan genomf\u00f6ras tillsammans med f\u00f6retag utifr\u00e5n \u00f6nskem\u00e5l.<\/span><\/p>\n<p>[\/et_pb_blurb][\/et_pb_column][et_pb_column type=&#8221;1_3&#8243; module_id=&#8221;Utbildare&#8221; _builder_version=&#8221;4.17.1&#8243; _module_preset=&#8221;default&#8221; background_color=&#8221;#FFFFFF&#8221; custom_padding=&#8221;30px|20px|30px|20px|true|true&#8221; border_radii=&#8221;on|20px|20px|20px|20px&#8221; global_colors_info=&#8221;{}&#8221;][et_pb_image src=&#8221;http:\/\/media.protopro.se\/2022\/06\/Markus_profil.jpg&#8221; title_text=&#8221;Markus_profil&#8221; align=&#8221;center&#8221; _builder_version=&#8221;4.17.4&#8243; _module_preset=&#8221;default&#8221; border_radii=&#8221;on|50%|50%|50%|50%&#8221; border_color_all=&#8221;#32c5f4&#8243; global_colors_info=&#8221;{}&#8221;][\/et_pb_image][et_pb_text _builder_version=&#8221;4.17.4&#8243; _module_preset=&#8221;default&#8221; text_font=&#8221;Poppins|300|||||||&#8221; text_font_size=&#8221;12px&#8221; header_3_font=&#8221;Poppins||||||||&#8221; header_4_font=&#8221;Poppins||||||||&#8221; header_4_text_color=&#8221;#32c5f4&#8243; header_4_font_size=&#8221;14px&#8221; text_orientation=&#8221;center&#8221; global_colors_info=&#8221;{}&#8221;]<\/p>\n<h3>Markus Marklund<\/h3>\n<h4>Managementkonsult<\/h4>\n<p><span>Markus \u00e4r ambiti\u00f6s och stimuleras av att strukturera upp och l\u00f6sa komplexa uppgifter. Han har ett l\u00f6sningsorienterat f\u00f6rh\u00e5llningss\u00e4tt, god kommunikativ f\u00f6rm\u00e5ga och skapar en positiv st\u00e4mning i arbetsgrupper.<\/span><\/p>\n<p>[\/et_pb_text][et_pb_divider color=&#8221;#32c5f4&#8243; _builder_version=&#8221;4.17.4&#8243; _module_preset=&#8221;default&#8221; custom_margin=&#8221;0px||0px||true|false&#8221; global_colors_info=&#8221;{}&#8221;][\/et_pb_divider][et_pb_text _builder_version=&#8221;4.17.4&#8243; _module_preset=&#8221;default&#8221; text_font=&#8221;Poppins|300|||||||&#8221; link_font=&#8221;Poppins|500|||||||&#8221; link_text_color=&#8221;#32c5f4&#8243; text_orientation=&#8221;center&#8221; global_colors_info=&#8221;{}&#8221; link_text_color__hover_enabled=&#8221;on|hover&#8221; link_text_color__hover=&#8221;#0C71C3&#8243;]<\/p>\n<p><a href=\"tel:46705515730\">+46 <span>70 551 57 30<\/span><\/a><\/p>\n<p><a href=\"mailto:Markus.Marklund@proandpro.se\"><span>Markus.Marklund@proandpro.se<\/span><\/a><\/p>\n<p>[\/et_pb_text][\/et_pb_column][\/et_pb_row][\/et_pb_section][et_pb_section fb_built=&#8221;1&#8243; _builder_version=&#8221;4.17.4&#8243; _module_preset=&#8221;default&#8221; background_color=&#8221;#FFFFFF&#8221; custom_margin=&#8221;-2.5%||||false|false&#8221; global_colors_info=&#8221;{}&#8221;][et_pb_row _builder_version=&#8221;4.17.4&#8243; _module_preset=&#8221;default&#8221; custom_margin=&#8221;-2%||||false|false&#8221; global_colors_info=&#8221;{}&#8221;][et_pb_column type=&#8221;4_4&#8243; _builder_version=&#8221;4.17.4&#8243; _module_preset=&#8221;default&#8221; global_colors_info=&#8221;{}&#8221;][et_pb_blurb title=&#8221;Kostnad&#8221; use_icon=&#8221;on&#8221; font_icon=&#8221;&#xf155;||fa||900&#8243; icon_color=&#8221;#32c5f4&#8243; icon_placement=&#8221;left&#8221; content_max_width=&#8221;86%&#8221; _builder_version=&#8221;4.17.1&#8243; _module_preset=&#8221;default&#8221; header_level=&#8221;h3&#8243; header_font=&#8221;Poppins|300|||||||&#8221; header_font_size=&#8221;34px&#8221; animation=&#8221;off&#8221; locked=&#8221;off&#8221; global_colors_info=&#8221;{}&#8221;][\/et_pb_blurb][et_pb_blurb content_max_width=&#8221;86%&#8221; _builder_version=&#8221;4.17.4&#8243; _module_preset=&#8221;default&#8221; body_font=&#8221;Poppins|300|||||||&#8221; body_font_size=&#8221;16px&#8221; custom_margin=&#8221;-2.5%||||false|false&#8221; locked=&#8221;off&#8221; global_colors_info=&#8221;{}&#8221;]<\/p>\n<p>Pris: <strong>7 990 kr <\/strong>exkl. moms<\/p>\n<p>Om flera personer deltar fr\u00e5n samma organisation f\u00e5r deltagare <strong>1 000 kr\u00a0<\/strong>i rabatt. Alla priser \u00e4r exkl. moms.<\/p>\n<p>[\/et_pb_blurb][et_pb_blurb title=&#8221;\u00d6vrig information&#8221; use_icon=&#8221;on&#8221; font_icon=&#8221;&#xf069;||fa||900&#8243; icon_color=&#8221;#32c5f4&#8243; icon_placement=&#8221;left&#8221; content_max_width=&#8221;86%&#8221; _builder_version=&#8221;4.17.1&#8243; _module_preset=&#8221;default&#8221; header_level=&#8221;h3&#8243; header_font=&#8221;Poppins|300|||||||&#8221; header_font_size=&#8221;34px&#8221; animation=&#8221;off&#8221; locked=&#8221;off&#8221; global_colors_info=&#8221;{}&#8221;][\/et_pb_blurb][et_pb_blurb content_max_width=&#8221;86%&#8221; _builder_version=&#8221;4.17.4&#8243; _module_preset=&#8221;default&#8221; body_font=&#8221;Poppins|300|||||||&#8221; body_font_size=&#8221;16px&#8221; custom_margin=&#8221;-2.5%||||false|false&#8221; locked=&#8221;off&#8221; global_colors_info=&#8221;{}&#8221;]<\/p>\n<p><span>Vi \u00e4r godk\u00e4nda av\u00a0<\/span><a href=\"http:\/\/www.pmi-se.org\/\">Project Management Institute, PMI,<\/a><span>\u00a0som &#8221;Authorized Training Partner&#8221; A.T.P. och uppfyller d\u00e4rmed h\u00f6gt st\u00e4llda krav p\u00e5 utbildningsmaterial och f\u00f6rel\u00e4sare. De flesta av v\u00e5ra f\u00f6rel\u00e4sare inom projektledning \u00e4r PMP\u00ae-certifierade. Att vi \u00e4r A.T.P. inneb\u00e4r att alla v\u00e5ra utbildningar inom projektledning och projektstyrning ger s\u00e5 kallad PDU-po\u00e4ng (Professional Development Unit). PDU-po\u00e4ngen anv\u00e4ndes sedan f\u00f6r att beh\u00e5lla projektledarcertifikat hos PMI.<\/span><\/p>\n<p>[\/et_pb_blurb][\/et_pb_column][\/et_pb_row][\/et_pb_section]<\/p>\n","protected":false},"excerpt":{"rendered":"<p>Kursen ger kunskap och insikt om hur du planerar och genomf\u00f6r praktiskt ledarskap p\u00e5 distans.Ledarskap p\u00e5 distans \u00e4r utmanande och sp\u00e4nnande f\u00f6r ledaren och medarbetaren. Utbildningen tar sin utg\u00e5ngspunkt i hur man lyckas med sitt ledarskap d\u00e4r medarbetare finns p\u00e5 distans f\u00f6r att d\u00e4rmed leverera bra resultat. Genom en genomt\u00e4nkt strategi och ett strukturerat arbetss\u00e4tt [&hellip;]<\/p>\n","protected":false},"author":13,"featured_media":0,"parent":8602,"menu_order":0,"comment_status":"closed","ping_status":"closed","template":"","meta":{"_et_pb_use_builder":"on","_et_pb_old_content":"","_et_gb_content_width":"","footnotes":""},"folder":[86],"class_list":["post-8605","page","type-page","status-publish","hentry"],"_links":{"self":[{"href":"https:\/\/proandpro.se\/en\/wp-json\/wp\/v2\/pages\/8605","targetHints":{"allow":["GET"]}}],"collection":[{"href":"https:\/\/proandpro.se\/en\/wp-json\/wp\/v2\/pages"}],"about":[{"href":"https:\/\/proandpro.se\/en\/wp-json\/wp\/v2\/types\/page"}],"author":[{"embeddable":true,"href":"https:\/\/proandpro.se\/en\/wp-json\/wp\/v2\/users\/13"}],"replies":[{"embeddable":true,"href":"https:\/\/proandpro.se\/en\/wp-json\/wp\/v2\/comments?post=8605"}],"version-history":[{"count":11,"href":"https:\/\/proandpro.se\/en\/wp-json\/wp\/v2\/pages\/8605\/revisions"}],"predecessor-version":[{"id":8985,"href":"https:\/\/proandpro.se\/en\/wp-json\/wp\/v2\/pages\/8605\/revisions\/8985"}],"up":[{"embeddable":true,"href":"https:\/\/proandpro.se\/en\/wp-json\/wp\/v2\/pages\/8602"}],"wp:attachment":[{"href":"https:\/\/proandpro.se\/en\/wp-json\/wp\/v2\/media?parent=8605"}],"wp:term":[{"taxonomy":"folder","embeddable":true,"href":"https:\/\/proandpro.se\/en\/wp-json\/wp\/v2\/folder?post=8605"}],"curies":[{"name":"wp","href":"https:\/\/api.w.org\/{rel}","templated":true}]}}