{"id":8506,"date":"2022-05-16T09:40:57","date_gmt":"2022-05-16T09:40:57","guid":{"rendered":"https:\/\/proandpro.se\/?page_id=8506"},"modified":"2022-05-19T07:00:03","modified_gmt":"2022-05-19T07:00:03","slug":"propro-insight-hitta-din-ai-tillampning-digital","status":"publish","type":"page","link":"https:\/\/proandpro.se\/en\/propro-insight-hitta-din-ai-tillampning-digital\/","title":{"rendered":"Pro&#038;Pro Insight &#8211; Hitta din AI till\u00e4mpning Digital"},"content":{"rendered":"<p>[et_pb_section fb_built=&#8221;1&#8243; _builder_version=&#8221;4.16&#8243; max_width=&#8221;99%&#8221; module_alignment=&#8221;center&#8221; custom_padding=&#8221;18px|0px|54px|0px|false|false&#8221; global_colors_info=&#8221;{}&#8221;][et_pb_row disabled_on=&#8221;off|off|off&#8221; _builder_version=&#8221;4.16&#8243; background_size=&#8221;initial&#8221; background_position=&#8221;top_left&#8221; background_repeat=&#8221;repeat&#8221; custom_padding=&#8221;0|0px|27px|0px|false|false&#8221; global_colors_info=&#8221;{}&#8221;][et_pb_column type=&#8221;4_4&#8243; _builder_version=&#8221;4.16&#8243; custom_padding=&#8221;|||&#8221; global_colors_info=&#8221;{}&#8221; custom_padding__hover=&#8221;|||&#8221;][et_pb_image src=&#8221;https:\/\/media.proandpro.se\/2018\/05\/AI1280x360-e1646950783456.jpg&#8221; title_text=&#8221;AI1280x360&#8243; align_tablet=&#8221;center&#8221; align_phone=&#8221;&#8221; align_last_edited=&#8221;on|tablet&#8221; disabled_on=&#8221;on|on|&#8221; _builder_version=&#8221;4.17.1&#8243; global_colors_info=&#8221;{}&#8221;][\/et_pb_image][et_pb_image src=&#8221;https:\/\/media.proandpro.se\/2018\/10\/AI_mobil.jpg&#8221; title_text=&#8221;Shot of Corridor in Working Data Center Full of Rack Servers and&#8221; align_tablet=&#8221;center&#8221; align_phone=&#8221;&#8221; align_last_edited=&#8221;on|desktop&#8221; disabled_on=&#8221;||on&#8221; _builder_version=&#8221;4.17.1&#8243; global_colors_info=&#8221;{}&#8221;][\/et_pb_image][et_pb_text _builder_version=&#8221;4.17.1&#8243; global_colors_info=&#8221;{}&#8221;]<\/p>\n<h3>\u200b<strong>V\u00e4lkommen till det digitala seminariet Pro&amp;Pro Insight<\/strong><\/h3>\n<p>[\/et_pb_text][\/et_pb_column][\/et_pb_row][et_pb_row column_structure=&#8221;2_3,1_3&#8243; _builder_version=&#8221;4.16&#8243; background_size=&#8221;initial&#8221; background_position=&#8221;top_left&#8221; background_repeat=&#8221;repeat&#8221; custom_padding=&#8221;0|0px|27px|0px|false|false&#8221; global_colors_info=&#8221;{}&#8221;][et_pb_column type=&#8221;2_3&#8243; _builder_version=&#8221;4.16&#8243; custom_padding=&#8221;|||&#8221; global_colors_info=&#8221;{}&#8221; custom_padding__hover=&#8221;|||&#8221;][et_pb_text _builder_version=&#8221;4.17.1&#8243; header_font=&#8221;||||||||&#8221; header_3_font=&#8221;||||||||&#8221; header_3_font_size=&#8221;20px&#8221; header_3_line_height=&#8221;1.3em&#8221; header_4_font=&#8221;||||||||&#8221; header_4_font_size=&#8221;16px&#8221; header_4_line_height=&#8221;1.2em&#8221; max_width=&#8221;99%&#8221; module_alignment=&#8221;center&#8221; custom_margin_tablet=&#8221;&#8221; custom_margin_phone=&#8221;&#8221; custom_margin_last_edited=&#8221;on|&#8221; header_4_line_height_last_edited=&#8221;off|desktop&#8221; global_colors_info=&#8221;{}&#8221;]<\/p>\n<h3>Tema \u2013 Att snabbt hitta din till\u00e4mpning f\u00f6r AI<\/h3>\n<p>Pro&amp;Pro Insight \u00e4r en seminarieserie som ger dig inspiration och insikt i utmaningar och framtidsscenarion inom omr\u00e5den i f\u00f6r\u00e4ndring. H\u00e4r presenterar Pro&amp;Pro sina framtidsanalyser med fokus p\u00e5 trender och scenarion.<\/p>\n<p>Vi h\u00e4lsar dig varmt v\u00e4lkommen till detta Pro&amp;Pro Insight som \u00e4gnas \u00e5t hur du och din organisation kan komma ig\u00e5ng med er AI-resa.<\/p>\n<p>P\u00e5 seminariet kommer vi att beskriva ett antal praktiska case som belyser hur vi kan hj\u00e4lpa dig identifiera anv\u00e4ndningsomr\u00e5den, uppskatta effekter och planera genomf\u00f6randet av AI-till\u00e4mpningar. Vi kommer att beskriva tillv\u00e4gag\u00e5ngss\u00e4tt, resultat och l\u00e4rdomar.<\/p>\n<p>Syftet med seminariet \u00e4r att ge dig kunskap, inspiration och reflektioner f\u00f6r hur du och din organisation kan komma ig\u00e5ng med er AI-resa och rusta f\u00f6r framtidens utmaningar.<\/p>\n<h4>P\u00e5 seminariet kommer vi att belysa<\/h4>\n<ul>\n<li>Hur du snabbt kan identifiera till\u00e4mpningsomr\u00e5den f\u00f6r AI i din verksamhet<\/li>\n<li>Hur AI kan skapa v\u00e4rde i din verksamhet<\/li>\n<li>Praktiska case med insikter och l\u00e4rdomar<\/li>\n<\/ul>\n<p>F\u00f6rel\u00e4ser och faciliterar g\u00f6r Johan Lennartson, managementkonsult Pro&amp;Pro med fokus p\u00e5 innovation och digital transformation.<\/p>\n<p><strong>Bjud g\u00e4rna in n\u00e5gra kollegor!<\/strong><br \/>Varmt v\u00e4lkomna \u00f6nskar Pro&amp;Pro<\/p>\n<p>Om du har fr\u00e5gor kontakta<br \/>Johan Lennartson, Pro&amp;Pro<br \/>070 \u2013 695 19 94<br \/>johan.lennartson@proandpro.se<\/p>\n<p>[\/et_pb_text][\/et_pb_column][et_pb_column type=&#8221;1_3&#8243; _builder_version=&#8221;4.16&#8243; custom_padding=&#8221;|||&#8221; global_colors_info=&#8221;{}&#8221; custom_padding__hover=&#8221;|||&#8221;][et_pb_text _builder_version=&#8221;4.17.1&#8243; global_colors_info=&#8221;{}&#8221;]<\/p>\n<h2>Program<\/h2>\n<p>08.15 Seminarium<br \/>08.45 Samtal och fr\u00e5gor<br \/>08.55 Avslutning<\/p>\n<p>[\/et_pb_text][et_pb_text _builder_version=&#8221;4.17.1&#8243; global_colors_info=&#8221;{}&#8221;]<\/p>\n<h3>Tid och plats<\/h3>\n<p>Fredag 10:e juni<br \/>\n08.15 &#8211; 09.00<br \/>\n<strong>Plats<\/strong><br \/>\nDigitalt via Teams<br \/>\nL\u00e4nk skickas innan eventet<br \/>\nAnm\u00e4lan senast 6:e juni[\/et_pb_text][et_pb_contact_form use_spam_service=&#8221;on&#8221; recaptcha_list=&#8221;Google reCAPTCHA|Google reCAPTCHA-0&#8243; email=&#8221;markus.marklund@proandpro.se, tommy.ytterstrom@proandpro.se, johan.lennartson@proandpro.se&#8221; title=&#8221;Anm\u00e4lan &#8221; custom_message=&#8221;Anm\u00e4lan||et_pb_line_break_holder||ProAndPro Insight &#8211; AI Ume\u00e5 : Digital||et_pb_line_break_holder||Namn: %%Name%%||et_pb_line_break_holder||E-post: %%Email%%||et_pb_line_break_holder||Telefon: %%Telefon%%||et_pb_line_break_holder||Personuppgifter: %%GDPR%%||et_pb_line_break_holder||Meddelande: %%Message%%&#8221; success_message=&#8221;Tack f\u00f6r din anm\u00e4lan till Pro&#038;Pro Insight. Du kommer att f\u00e5 en personlig bekr\u00e4ftelse via e-post. &#8221; disabled_on=&#8221;off|off|off&#8221; module_id=&#8221;et_pb_contact_form_0&#8243; _builder_version=&#8221;4.17.1&#8243; _unique_id=&#8221;042363fd-8cdd-4452-bc5f-0b737f7ad659&#8243; hover_enabled=&#8221;0&#8243; global_colors_info=&#8221;{}&#8221; sticky_enabled=&#8221;0&#8243;][et_pb_contact_field field_id=&#8221;Name&#8221; field_title=&#8221;Namn&#8221; fullwidth_field=&#8221;on&#8221; _builder_version=&#8221;4.16&#8243; global_colors_info=&#8221;{}&#8221; button_text_size__hover_enabled=&#8221;off&#8221; button_one_text_size__hover_enabled=&#8221;off&#8221; button_two_text_size__hover_enabled=&#8221;off&#8221; button_text_color__hover_enabled=&#8221;off&#8221; button_one_text_color__hover_enabled=&#8221;off&#8221; button_two_text_color__hover_enabled=&#8221;off&#8221; button_border_width__hover_enabled=&#8221;off&#8221; button_one_border_width__hover_enabled=&#8221;off&#8221; button_two_border_width__hover_enabled=&#8221;off&#8221; button_border_color__hover_enabled=&#8221;off&#8221; button_one_border_color__hover_enabled=&#8221;off&#8221; button_two_border_color__hover_enabled=&#8221;off&#8221; button_border_radius__hover_enabled=&#8221;off&#8221; button_one_border_radius__hover_enabled=&#8221;off&#8221; button_two_border_radius__hover_enabled=&#8221;off&#8221; button_letter_spacing__hover_enabled=&#8221;off&#8221; button_one_letter_spacing__hover_enabled=&#8221;off&#8221; button_two_letter_spacing__hover_enabled=&#8221;off&#8221; button_bg_color__hover_enabled=&#8221;off&#8221; button_one_bg_color__hover_enabled=&#8221;off&#8221; button_two_bg_color__hover_enabled=&#8221;off&#8221;][\/et_pb_contact_field][et_pb_contact_field field_id=&#8221;Email&#8221; field_title=&#8221;E-postadress&#8221; field_type=&#8221;email&#8221; fullwidth_field=&#8221;on&#8221; _builder_version=&#8221;4.16&#8243; global_colors_info=&#8221;{}&#8221; button_text_size__hover_enabled=&#8221;off&#8221; button_one_text_size__hover_enabled=&#8221;off&#8221; button_two_text_size__hover_enabled=&#8221;off&#8221; button_text_color__hover_enabled=&#8221;off&#8221; button_one_text_color__hover_enabled=&#8221;off&#8221; button_two_text_color__hover_enabled=&#8221;off&#8221; button_border_width__hover_enabled=&#8221;off&#8221; button_one_border_width__hover_enabled=&#8221;off&#8221; button_two_border_width__hover_enabled=&#8221;off&#8221; button_border_color__hover_enabled=&#8221;off&#8221; button_one_border_color__hover_enabled=&#8221;off&#8221; button_two_border_color__hover_enabled=&#8221;off&#8221; button_border_radius__hover_enabled=&#8221;off&#8221; button_one_border_radius__hover_enabled=&#8221;off&#8221; button_two_border_radius__hover_enabled=&#8221;off&#8221; button_letter_spacing__hover_enabled=&#8221;off&#8221; button_one_letter_spacing__hover_enabled=&#8221;off&#8221; button_two_letter_spacing__hover_enabled=&#8221;off&#8221; button_bg_color__hover_enabled=&#8221;off&#8221; button_one_bg_color__hover_enabled=&#8221;off&#8221; button_two_bg_color__hover_enabled=&#8221;off&#8221;][\/et_pb_contact_field][et_pb_contact_field field_id=&#8221;Telefon&#8221; field_title=&#8221;Mobilnummer&#8221; fullwidth_field=&#8221;on&#8221; _builder_version=&#8221;4.16&#8243; global_colors_info=&#8221;{}&#8221; button_text_size__hover_enabled=&#8221;off&#8221; button_one_text_size__hover_enabled=&#8221;off&#8221; button_two_text_size__hover_enabled=&#8221;off&#8221; button_text_color__hover_enabled=&#8221;off&#8221; button_one_text_color__hover_enabled=&#8221;off&#8221; button_two_text_color__hover_enabled=&#8221;off&#8221; button_border_width__hover_enabled=&#8221;off&#8221; button_one_border_width__hover_enabled=&#8221;off&#8221; button_two_border_width__hover_enabled=&#8221;off&#8221; button_border_color__hover_enabled=&#8221;off&#8221; button_one_border_color__hover_enabled=&#8221;off&#8221; button_two_border_color__hover_enabled=&#8221;off&#8221; button_border_radius__hover_enabled=&#8221;off&#8221; button_one_border_radius__hover_enabled=&#8221;off&#8221; button_two_border_radius__hover_enabled=&#8221;off&#8221; button_letter_spacing__hover_enabled=&#8221;off&#8221; button_one_letter_spacing__hover_enabled=&#8221;off&#8221; button_two_letter_spacing__hover_enabled=&#8221;off&#8221; button_bg_color__hover_enabled=&#8221;off&#8221; button_one_bg_color__hover_enabled=&#8221;off&#8221; button_two_bg_color__hover_enabled=&#8221;off&#8221;][\/et_pb_contact_field][et_pb_contact_field field_id=&#8221;Message&#8221; field_title=&#8221;Meddelande&#8221; field_type=&#8221;text&#8221; required_mark=&#8221;off&#8221; fullwidth_field=&#8221;on&#8221; _builder_version=&#8221;4.16&#8243; global_colors_info=&#8221;{}&#8221; button_text_size__hover_enabled=&#8221;off&#8221; button_one_text_size__hover_enabled=&#8221;off&#8221; button_two_text_size__hover_enabled=&#8221;off&#8221; button_text_color__hover_enabled=&#8221;off&#8221; button_one_text_color__hover_enabled=&#8221;off&#8221; button_two_text_color__hover_enabled=&#8221;off&#8221; button_border_width__hover_enabled=&#8221;off&#8221; button_one_border_width__hover_enabled=&#8221;off&#8221; button_two_border_width__hover_enabled=&#8221;off&#8221; button_border_color__hover_enabled=&#8221;off&#8221; button_one_border_color__hover_enabled=&#8221;off&#8221; button_two_border_color__hover_enabled=&#8221;off&#8221; button_border_radius__hover_enabled=&#8221;off&#8221; button_one_border_radius__hover_enabled=&#8221;off&#8221; button_two_border_radius__hover_enabled=&#8221;off&#8221; button_letter_spacing__hover_enabled=&#8221;off&#8221; button_one_letter_spacing__hover_enabled=&#8221;off&#8221; button_two_letter_spacing__hover_enabled=&#8221;off&#8221; button_bg_color__hover_enabled=&#8221;off&#8221; button_one_bg_color__hover_enabled=&#8221;off&#8221; button_two_bg_color__hover_enabled=&#8221;off&#8221;][\/et_pb_contact_field][et_pb_contact_field field_id=&#8221;GDPR&#8221; field_title=&#8221;Personuppgifter&#8221; field_type=&#8221;checkbox&#8221; checkbox_options=&#8221;%91{%22value%22:%22Jag samtycker till behandling av mina personuppgifter%22,%22checked%22:0}%93&#8243; fullwidth_field=&#8221;on&#8221; _builder_version=&#8221;4.16&#8243; global_colors_info=&#8221;{}&#8221; button_text_size__hover_enabled=&#8221;off&#8221; button_one_text_size__hover_enabled=&#8221;off&#8221; button_two_text_size__hover_enabled=&#8221;off&#8221; button_text_color__hover_enabled=&#8221;off&#8221; button_one_text_color__hover_enabled=&#8221;off&#8221; button_two_text_color__hover_enabled=&#8221;off&#8221; button_border_width__hover_enabled=&#8221;off&#8221; button_one_border_width__hover_enabled=&#8221;off&#8221; button_two_border_width__hover_enabled=&#8221;off&#8221; button_border_color__hover_enabled=&#8221;off&#8221; button_one_border_color__hover_enabled=&#8221;off&#8221; button_two_border_color__hover_enabled=&#8221;off&#8221; button_border_radius__hover_enabled=&#8221;off&#8221; button_one_border_radius__hover_enabled=&#8221;off&#8221; button_two_border_radius__hover_enabled=&#8221;off&#8221; button_letter_spacing__hover_enabled=&#8221;off&#8221; button_one_letter_spacing__hover_enabled=&#8221;off&#8221; button_two_letter_spacing__hover_enabled=&#8221;off&#8221; button_bg_color__hover_enabled=&#8221;off&#8221; button_one_bg_color__hover_enabled=&#8221;off&#8221; button_two_bg_color__hover_enabled=&#8221;off&#8221;][\/et_pb_contact_field][\/et_pb_contact_form][et_pb_text disabled_on=&#8221;off|off|off&#8221; _builder_version=&#8221;4.17.1&#8243; global_colors_info=&#8221;{}&#8221;]<\/p>\n<p>L\u00e4s mer om v\u00e5r hantering av dina <a href=\"http:\/\/proandpro.se\/personuppgifter\/\" target=\"_blank\" rel=\"noopener noreferrer\">personuppgifter<\/a><\/p>\n<p>[\/et_pb_text][et_pb_text disabled_on=&#8221;on|on|on&#8221; _builder_version=&#8221;4.16&#8243; custom_margin=&#8221;||-23px|||&#8221; disabled=&#8221;on&#8221; global_colors_info=&#8221;{}&#8221;]<\/p>\n<h4>Eventet \u00e4r nu fullt!<\/h4>\n<p>Tack f\u00f6r visat intresse och delta g\u00e4rna p\u00e5 n\u00e5got av v\u00e5ra kommande event.<\/p>\n<p>Om du har fr\u00e5gor kontakta Tommy Ytterstr\u00f6m<\/p>\n<p>[\/et_pb_text][\/et_pb_column][\/et_pb_row][et_pb_row _builder_version=&#8221;4.16&#8243; _module_preset=&#8221;default&#8221; global_colors_info=&#8221;{}&#8221;][et_pb_column type=&#8221;4_4&#8243; _builder_version=&#8221;4.16&#8243; _module_preset=&#8221;default&#8221; global_colors_info=&#8221;{}&#8221;][et_pb_image src=&#8221;https:\/\/media.proandpro.se\/2020\/11\/ProPro-Loggo_-Orginal2_jpg.jpg&#8221; title_text=&#8221;Loggo orginal_300&#8243; align=&#8221;center&#8221; _builder_version=&#8221;4.17.1&#8243; _module_preset=&#8221;default&#8221; width=&#8221;50%&#8221; global_colors_info=&#8221;{}&#8221;][\/et_pb_image][\/et_pb_column][\/et_pb_row][\/et_pb_section]<\/p>\n","protected":false},"excerpt":{"rendered":"<p>\u200bV\u00e4lkommen till det digitala seminariet Pro&amp;Pro InsightTema \u2013 Att snabbt hitta din till\u00e4mpning f\u00f6r AI Pro&amp;Pro Insight \u00e4r en seminarieserie som ger dig inspiration och insikt i utmaningar och framtidsscenarion inom omr\u00e5den i f\u00f6r\u00e4ndring. H\u00e4r presenterar Pro&amp;Pro sina framtidsanalyser med fokus p\u00e5 trender och scenarion. Vi h\u00e4lsar dig varmt v\u00e4lkommen till detta Pro&amp;Pro Insight som [&hellip;]<\/p>\n","protected":false},"author":1,"featured_media":0,"parent":0,"menu_order":0,"comment_status":"closed","ping_status":"closed","template":"","meta":{"_et_pb_use_builder":"on","_et_pb_old_content":"","_et_gb_content_width":"","footnotes":""},"folder":[95],"class_list":["post-8506","page","type-page","status-publish","hentry"],"_links":{"self":[{"href":"https:\/\/proandpro.se\/en\/wp-json\/wp\/v2\/pages\/8506","targetHints":{"allow":["GET"]}}],"collection":[{"href":"https:\/\/proandpro.se\/en\/wp-json\/wp\/v2\/pages"}],"about":[{"href":"https:\/\/proandpro.se\/en\/wp-json\/wp\/v2\/types\/page"}],"author":[{"embeddable":true,"href":"https:\/\/proandpro.se\/en\/wp-json\/wp\/v2\/users\/1"}],"replies":[{"embeddable":true,"href":"https:\/\/proandpro.se\/en\/wp-json\/wp\/v2\/comments?post=8506"}],"version-history":[{"count":8,"href":"https:\/\/proandpro.se\/en\/wp-json\/wp\/v2\/pages\/8506\/revisions"}],"predecessor-version":[{"id":8527,"href":"https:\/\/proandpro.se\/en\/wp-json\/wp\/v2\/pages\/8506\/revisions\/8527"}],"wp:attachment":[{"href":"https:\/\/proandpro.se\/en\/wp-json\/wp\/v2\/media?parent=8506"}],"wp:term":[{"taxonomy":"folder","embeddable":true,"href":"https:\/\/proandpro.se\/en\/wp-json\/wp\/v2\/folder?post=8506"}],"curies":[{"name":"wp","href":"https:\/\/api.w.org\/{rel}","templated":true}]}}