{"id":6444,"date":"2019-11-07T19:26:11","date_gmt":"2019-11-07T19:26:11","guid":{"rendered":"http:\/\/proandpro.se\/?page_id=6444"},"modified":"2019-11-22T16:04:29","modified_gmt":"2019-11-22T16:04:29","slug":"coaching","status":"publish","type":"page","link":"https:\/\/proandpro.se\/en\/erbjudanden\/coaching\/","title":{"rendered":"Coaching"},"content":{"rendered":"<p>[et_pb_section fb_built=&#8221;1&#8243; custom_padding_last_edited=&#8221;on|desktop&#8221; _builder_version=&#8221;3.22&#8243; custom_padding=&#8221;0||0|&#8221; custom_padding_tablet=&#8221;50px|0|50px|0&#8243; transparent_background=&#8221;off&#8221; padding_mobile=&#8221;off&#8221; make_fullwidth=&#8221;off&#8221; use_custom_width=&#8221;off&#8221; width_unit=&#8221;on&#8221; fb_built=&#8221;1&#8243; bb_built=&#8221;1&#8243; _i=&#8221;0&#8243; _address=&#8221;0&#8243;][et_pb_row padding_mobile=&#8221;off&#8221; _builder_version=&#8221;3.25&#8243; background_size=&#8221;initial&#8221; background_position=&#8221;top_left&#8221; background_repeat=&#8221;repeat&#8221; custom_padding=&#8221;2|0&#8243; make_fullwidth=&#8221;off&#8221; use_custom_width=&#8221;off&#8221; width_unit=&#8221;on&#8221; _i=&#8221;0&#8243; _address=&#8221;0.0&#8243;][et_pb_column type=&#8221;4_4&#8243; _builder_version=&#8221;3.25&#8243; custom_padding=&#8221;|||&#8221; _i=&#8221;0&#8243; _address=&#8221;0.0.0&#8243; custom_padding__hover=&#8221;|||&#8221;][et_pb_image src=&#8221;https:\/\/media.proandpro.se\/2019\/11\/Coaching_web.jpg&#8221; align=&#8221;center&#8221; force_fullwidth=&#8221;on&#8221; align_tablet=&#8221;center&#8221; align_last_edited=&#8221;on|desktop&#8221; disabled_on=&#8221;on|on|off&#8221; _builder_version=&#8221;3.27.1&#8243; use_border_color=&#8221;off&#8221; _i=&#8221;0&#8243; _address=&#8221;0.0.0.0&#8243;]&nbsp;<br \/>\n[\/et_pb_image][et_pb_image src=&#8221;https:\/\/media.proandpro.se\/2019\/11\/coaching_mobil.jpg&#8221; align=&#8221;center&#8221; force_fullwidth=&#8221;on&#8221; align_tablet=&#8221;center&#8221; align_last_edited=&#8221;on|desktop&#8221; disabled_on=&#8221;off|off|on&#8221; _builder_version=&#8221;3.27.1&#8243; use_border_color=&#8221;off&#8221; _i=&#8221;1&#8243; _address=&#8221;0.0.0.1&#8243;]&nbsp;<br \/>\n[\/et_pb_image][\/et_pb_column][\/et_pb_row][et_pb_row column_structure=&#8221;3_4,1_4&#8243; padding_mobile=&#8221;off&#8221; _builder_version=&#8221;3.25&#8243; background_size=&#8221;initial&#8221; background_position=&#8221;top_left&#8221; background_repeat=&#8221;repeat&#8221; custom_padding=&#8221;|&#8221; make_fullwidth=&#8221;off&#8221; use_custom_width=&#8221;off&#8221; width_unit=&#8221;on&#8221; _i=&#8221;1&#8243; _address=&#8221;0.1&#8243;][et_pb_column type=&#8221;3_4&#8243; _builder_version=&#8221;3.25&#8243; custom_padding=&#8221;|||&#8221; _i=&#8221;0&#8243; _address=&#8221;0.1.0&#8243; custom_padding__hover=&#8221;|||&#8221;][et_pb_text _builder_version=&#8221;3.27.1&#8243; background_size=&#8221;initial&#8221; background_position=&#8221;top_left&#8221; background_repeat=&#8221;repeat&#8221; use_border_color=&#8221;off&#8221; _i=&#8221;0&#8243; _address=&#8221;0.1.0.0&#8243;]<\/p>\n<h3>Coaching f\u00f6r resultat<\/h3>\n<p>Coaching \u00e4r ett av de mest kostnadseffektiva och fokuserade s\u00e4tten att utveckla m\u00e4nniskor. Genom att m\u00e4nniskor i organisationen f\u00e5r hj\u00e4lp med att f\u00f6rtydliga och f\u00f6rverkliga sina m\u00e5l st\u00f6ttar det organisationen att utvecklas uth\u00e5lligt och framg\u00e5ngsrikt. Framg\u00e5ngsrik coaching bygger p\u00e5 \u00f6msesidig tillit och respekt och d\u00e4rf\u00f6r har Pro&amp;Pro valt att certifiera sina coacher genom ICI f\u00f6r att kunna erbjuda en kvalificerad, kvalitetss\u00e4krad och etiskt korrekt coaching till v\u00e5ra kunder.<br \/>V\u00e5r mission \u00e4r att vara ett f\u00f6retag som med briljans och stort engagemang kombinerar aff\u00e4rs- och individperspektivet, s\u00e5 att samh\u00e4lle, f\u00f6retag och individ utvecklas p\u00e5 ett positivt s\u00e4tt. D\u00e4rf\u00f6r \u00e4r vi nu oerh\u00f6rt glada att med coaching kunna erbjuda \u00e4nnu en pusselbit som kompletterar och f\u00f6rst\u00e4rker oss i f\u00f6rverkligandet av v\u00e5rt varum\u00e4rkesl\u00f6fte \u2013 Makes people and business successful &#8211;<\/p>\n<p>Pro&amp;Pro\u2019s huvudsakliga inriktning \u00e4r resultat\/aff\u00e4rscoaching vilket kortfattat inneb\u00e4r att vi hj\u00e4lper individer och grupper att n\u00e5 sina verksamhetsm\u00e5l genom att coacha i professionella och verksamhetsrelaterade fr\u00e5gest\u00e4llningar.<br \/>Du, din ledningsgrupp och din organisation kommer ha stor gl\u00e4dje av coaching om ni \u00e4r nyfikna p\u00e5:<\/p>\n<ul>\n<li>Att utveckla sig i sin yrkesroll<\/li>\n<li>Att skapa b\u00e4ttre relationer till andra m\u00e4nniskor<\/li>\n<li>Att f\u00e5 \u00f6kad livskvalitet genom minskad stress<\/li>\n<li>Att bli b\u00e4ttre p\u00e5 att prioritera<\/li>\n<li>Att ha en klarhet \u00f6ver sina egna m\u00e5l och v\u00e4rderingar<\/li>\n<li>Att ha handlingsplaner som verkligen fungerar<\/li>\n<li>\u2026. och mycket mer<\/li>\n<\/ul>\n<p>Tillsammans med v\u00e5r coach jobbar ni med de grundl\u00e4ggande fr\u00e5gorna vad, vart och varf\u00f6r. Gemensamt jobbar ni sedan med att skapa en handlingsplan som ni sedan f\u00e5r st\u00f6d med att genomf\u00f6ra. Kort sagt s\u00e5 f\u00e5r ni hj\u00e4lp med att skapa resultat f\u00f6r er sj\u00e4lva och er organisation!<\/p>\n<p>N\u00e4r ska jag fundera p\u00e5 en coach? V\u00e5r erfarenhet \u00e4r att st\u00f6d fr\u00e5n en coach \u00e4r som mest v\u00e4rdefullt n\u00e4r du eller ditt team \u00e4r i en utmanande situation utan att p\u00e5 egen hand lyckas \u00e5stadkomma en f\u00f6r\u00e4ndring som leder fram\u00e5t. Det kan vara ett ledarskap som beh\u00f6ver st\u00f6d f\u00f6r att f\u00f6rnyas, en ny ledare som beh\u00f6ver hj\u00e4lp med att hitta sitt personliga ledarskap, en grupp som beh\u00f6ver nya perspektiv eller en medarbetare som vill utveckla sig och sitt medledarskap.<\/p>\n<p>Tillsammans startar vi en resa d\u00e4r insikter leder till handling som leder till ny kunskap som leder till ny handling som s\u00e5 sm\u00e5ningom leder till det uppsatta m\u00e5let. Vi tror stenh\u00e5rt p\u00e5 att alla vill g\u00f6ra det b\u00e4sta dom kan, vi st\u00e5r ocks\u00e5 fast i v\u00e5r tro p\u00e5 att alla kan mer \u00e4n vad dom tror.<\/p>\n<p>Med det som utg\u00e5ngspunkt tar vi oss an varje ny kund!<\/p>\n<p>Om det h\u00e4r l\u00e5ter lockande s\u00e5 ta kontakt med oss p\u00e5 Pro&amp;Pro!<\/p>\n<p>&nbsp;<\/p>\n<p>[\/et_pb_text][et_pb_testimonial author=&#8221;Sara&#8221; _builder_version=&#8221;3.27.1&#8243; _i=&#8221;1&#8243; _address=&#8221;0.1.0.1&#8243;]<\/p>\n<p>&#8221;Jag gick in i coachingen utan ett klart m\u00e5l och i en stressig period. Med M\u00e5ns st\u00f6d kunde jag sortera ut vad som \u00e4r viktigt f\u00f6r mig i vardagens alla m\u00e5sten och s\u00e4tta konkreta steg f\u00f6r att uppn\u00e5 mina m\u00e5l. Detta har gett mig verktyg att sj\u00e4lv ta medvetna val i min vardag baserat p\u00e5 mina v\u00e4rderingar och prioriteringar \u00e4ven efter coachingen.<\/p>\n<p>[\/et_pb_testimonial][et_pb_testimonial author=&#8221;Thomas&#8221; _builder_version=&#8221;3.27.1&#8243; _i=&#8221;2&#8243; _address=&#8221;0.1.0.2&#8243;]<\/p>\n<p>\u201dJag upplever coachningen med M\u00e5ns som mycket givande. Som egenf\u00f6retagare saknas ibland en sparringpartner och n\u00e5gon att bolla med. Jag kom i kontakt med honom n\u00e4r jag och mitt f\u00f6retag stod inf\u00f6r flera olika v\u00e4gsk\u00e4l. Tillsammans hittade vi en v\u00e4g fram, identifierade nya tydliga m\u00e5l och varvade teori och praktiska \u00f6vningar f\u00f6r att hitta v\u00e4gen fram till m\u00e5let. Resultatet kom snabbt och jag \u00e4r v\u00e4ldigt glad och tacksam f\u00f6r det.\u201d<\/p>\n<p>[\/et_pb_testimonial][\/et_pb_column][et_pb_column type=&#8221;1_4&#8243; _builder_version=&#8221;3.25&#8243; custom_padding=&#8221;|||&#8221; _i=&#8221;1&#8243; _address=&#8221;0.1.1&#8243; custom_padding__hover=&#8221;|||&#8221;][et_pb_sidebar orientation=&#8221;right&#8221; area=&#8221;et_pb_widget_area_2&#8243; show_border=&#8221;off&#8221; _builder_version=&#8221;3.27.1&#8243; header_font_size=&#8221;22&#8243; remove_border=&#8221;on&#8221; _i=&#8221;0&#8243; _address=&#8221;0.1.1.0&#8243;]&nbsp;<br \/>\n[\/et_pb_sidebar][et_pb_text _builder_version=&#8221;3.27.1&#8243; background_size=&#8221;initial&#8221; background_position=&#8221;top_left&#8221; background_repeat=&#8221;repeat&#8221; use_border_color=&#8221;off&#8221; border_color=&#8221;#ffffff&#8221; border_style=&#8221;solid&#8221; _i=&#8221;1&#8243; _address=&#8221;0.1.1.1&#8243;]<\/p>\n<h3>Kundcase<\/h3>\n<p>Tillsammans med ett av Sveriges ledande teknikkonsultf\u00f6retag har vi gjort ett arbete f\u00f6r att st\u00e4rka f\u00f6retaget arbetsgivarvarum\u00e4rke, Employer brand, och d\u00e4rmed \u00f6ka attraktionskraften f\u00f6r nya och befintliga medarbetare. Vid utveckling av arbetgivarvarum\u00e4rket tar vi utg\u00e5ngspunkt i medarbetarlivscykeln. <img loading=\"lazy\" decoding=\"async\" class=\"alignright wp-image-2192 size-thumbnail\" src=\"https:\/\/media.proandpro.se\/2015\/08\/Employer-Brand1-e1439838762533-150x150.jpg\" alt=\"Employer Brand\" width=\"150\" height=\"150\" \/>F\u00f6r kunden har detta medf\u00f6rt \u00f6kat intresse hos potentiella nya konsulter och n\u00f6jdare medarbetare. Vi upplever ett stort intresse i Sundsvallsregionen av v\u00e5rt arbetss\u00e4tt med Employer branding och ser framemot flera nya projekt.<br \/>\n[\/et_pb_text][et_pb_contact_form captcha=&#8221;off&#8221; email=&#8221;markus.marklund@proandpro.se&#8221; title=&#8221;Kontakta oss&#8221; _builder_version=&#8221;3.27.1&#8243; custom_button=&#8221;on&#8221; button_text_size=&#8221;16&#8243; button_text_color=&#8221;#2b2b2b&#8221; button_border_color=&#8221;rgba(99,104,103,0.14)&#8221; use_border_color=&#8221;off&#8221; border_color=&#8221;#ffffff&#8221; border_style=&#8221;solid&#8221; button_letter_spacing_hover=&#8221;0&#8243; _i=&#8221;2&#8243; _address=&#8221;0.1.1.2&#8243;][et_pb_contact_field field_id=&#8221;Name&#8221; field_title=&#8221;Namn&#8221; fullwidth_field=&#8221;on&#8221; _builder_version=&#8221;3.27.1&#8243; border_radii=&#8221;on||||&#8221; hover_enabled=&#8221;0&#8243; _i=&#8221;0&#8243; _address=&#8221;0.1.1.2.0&#8243; button_text_size__hover_enabled=&#8221;off&#8221; button_one_text_size__hover_enabled=&#8221;off&#8221; button_two_text_size__hover_enabled=&#8221;off&#8221; button_text_color__hover_enabled=&#8221;off&#8221; button_one_text_color__hover_enabled=&#8221;off&#8221; button_two_text_color__hover_enabled=&#8221;off&#8221; button_border_width__hover_enabled=&#8221;off&#8221; button_one_border_width__hover_enabled=&#8221;off&#8221; button_two_border_width__hover_enabled=&#8221;off&#8221; button_border_color__hover_enabled=&#8221;off&#8221; button_one_border_color__hover_enabled=&#8221;off&#8221; button_two_border_color__hover_enabled=&#8221;off&#8221; button_border_radius__hover_enabled=&#8221;off&#8221; button_one_border_radius__hover_enabled=&#8221;off&#8221; button_two_border_radius__hover_enabled=&#8221;off&#8221; button_letter_spacing__hover_enabled=&#8221;off&#8221; button_one_letter_spacing__hover_enabled=&#8221;off&#8221; button_two_letter_spacing__hover_enabled=&#8221;off&#8221; button_bg_color__hover_enabled=&#8221;off&#8221; button_one_bg_color__hover_enabled=&#8221;off&#8221; button_two_bg_color__hover_enabled=&#8221;off&#8221;][\/et_pb_contact_field][et_pb_contact_field field_id=&#8221;Email&#8221; field_title=&#8221;E-postadress&#8221; field_type=&#8221;email&#8221; fullwidth_field=&#8221;on&#8221; _builder_version=&#8221;3.27.1&#8243; border_radii=&#8221;on||||&#8221; hover_enabled=&#8221;0&#8243; _i=&#8221;1&#8243; _address=&#8221;0.1.1.2.1&#8243; button_text_size__hover_enabled=&#8221;off&#8221; button_one_text_size__hover_enabled=&#8221;off&#8221; button_two_text_size__hover_enabled=&#8221;off&#8221; button_text_color__hover_enabled=&#8221;off&#8221; button_one_text_color__hover_enabled=&#8221;off&#8221; button_two_text_color__hover_enabled=&#8221;off&#8221; button_border_width__hover_enabled=&#8221;off&#8221; button_one_border_width__hover_enabled=&#8221;off&#8221; button_two_border_width__hover_enabled=&#8221;off&#8221; button_border_color__hover_enabled=&#8221;off&#8221; button_one_border_color__hover_enabled=&#8221;off&#8221; button_two_border_color__hover_enabled=&#8221;off&#8221; button_border_radius__hover_enabled=&#8221;off&#8221; button_one_border_radius__hover_enabled=&#8221;off&#8221; button_two_border_radius__hover_enabled=&#8221;off&#8221; button_letter_spacing__hover_enabled=&#8221;off&#8221; button_one_letter_spacing__hover_enabled=&#8221;off&#8221; button_two_letter_spacing__hover_enabled=&#8221;off&#8221; button_bg_color__hover_enabled=&#8221;off&#8221; button_one_bg_color__hover_enabled=&#8221;off&#8221; button_two_bg_color__hover_enabled=&#8221;off&#8221;][\/et_pb_contact_field][et_pb_contact_field field_id=&#8221;Message&#8221; field_title=&#8221;Meddelande&#8221; field_type=&#8221;text&#8221; fullwidth_field=&#8221;on&#8221; _builder_version=&#8221;3.16&#8243; border_radii=&#8221;on||||&#8221; _i=&#8221;2&#8243; _address=&#8221;0.1.1.2.2&#8243; button_text_size__hover_enabled=&#8221;off&#8221; button_one_text_size__hover_enabled=&#8221;off&#8221; button_two_text_size__hover_enabled=&#8221;off&#8221; button_text_color__hover_enabled=&#8221;off&#8221; button_one_text_color__hover_enabled=&#8221;off&#8221; button_two_text_color__hover_enabled=&#8221;off&#8221; button_border_width__hover_enabled=&#8221;off&#8221; button_one_border_width__hover_enabled=&#8221;off&#8221; button_two_border_width__hover_enabled=&#8221;off&#8221; button_border_color__hover_enabled=&#8221;off&#8221; button_one_border_color__hover_enabled=&#8221;off&#8221; button_two_border_color__hover_enabled=&#8221;off&#8221; button_border_radius__hover_enabled=&#8221;off&#8221; button_one_border_radius__hover_enabled=&#8221;off&#8221; button_two_border_radius__hover_enabled=&#8221;off&#8221; button_letter_spacing__hover_enabled=&#8221;off&#8221; button_one_letter_spacing__hover_enabled=&#8221;off&#8221; button_two_letter_spacing__hover_enabled=&#8221;off&#8221; button_bg_color__hover_enabled=&#8221;off&#8221; button_one_bg_color__hover_enabled=&#8221;off&#8221; button_two_bg_color__hover_enabled=&#8221;off&#8221;][\/et_pb_contact_field][\/et_pb_contact_form][\/et_pb_column][\/et_pb_row][\/et_pb_section]<\/p>\n","protected":false},"excerpt":{"rendered":"<p>&nbsp; &nbsp; Coaching f\u00f6r resultat Coaching \u00e4r ett av de mest kostnadseffektiva och fokuserade s\u00e4tten att utveckla m\u00e4nniskor. Genom att m\u00e4nniskor i organisationen f\u00e5r hj\u00e4lp med att f\u00f6rtydliga och f\u00f6rverkliga sina m\u00e5l st\u00f6ttar det organisationen att utvecklas uth\u00e5lligt och framg\u00e5ngsrikt. Framg\u00e5ngsrik coaching bygger p\u00e5 \u00f6msesidig tillit och respekt och d\u00e4rf\u00f6r har Pro&amp;Pro valt att certifiera [&hellip;]<\/p>\n","protected":false},"author":1,"featured_media":0,"parent":3689,"menu_order":8,"comment_status":"closed","ping_status":"closed","template":"","meta":{"_et_pb_use_builder":"on","_et_pb_old_content":"","_et_gb_content_width":"","footnotes":""},"folder":[96],"class_list":["post-6444","page","type-page","status-publish","hentry"],"_links":{"self":[{"href":"https:\/\/proandpro.se\/en\/wp-json\/wp\/v2\/pages\/6444","targetHints":{"allow":["GET"]}}],"collection":[{"href":"https:\/\/proandpro.se\/en\/wp-json\/wp\/v2\/pages"}],"about":[{"href":"https:\/\/proandpro.se\/en\/wp-json\/wp\/v2\/types\/page"}],"author":[{"embeddable":true,"href":"https:\/\/proandpro.se\/en\/wp-json\/wp\/v2\/users\/1"}],"replies":[{"embeddable":true,"href":"https:\/\/proandpro.se\/en\/wp-json\/wp\/v2\/comments?post=6444"}],"version-history":[{"count":14,"href":"https:\/\/proandpro.se\/en\/wp-json\/wp\/v2\/pages\/6444\/revisions"}],"predecessor-version":[{"id":6470,"href":"https:\/\/proandpro.se\/en\/wp-json\/wp\/v2\/pages\/6444\/revisions\/6470"}],"up":[{"embeddable":true,"href":"https:\/\/proandpro.se\/en\/wp-json\/wp\/v2\/pages\/3689"}],"wp:attachment":[{"href":"https:\/\/proandpro.se\/en\/wp-json\/wp\/v2\/media?parent=6444"}],"wp:term":[{"taxonomy":"folder","embeddable":true,"href":"https:\/\/proandpro.se\/en\/wp-json\/wp\/v2\/folder?post=6444"}],"curies":[{"name":"wp","href":"https:\/\/api.w.org\/{rel}","templated":true}]}}