{"id":6408,"date":"2019-10-21T18:19:52","date_gmt":"2019-10-21T18:19:52","guid":{"rendered":"http:\/\/proandpro.se\/?page_id=6408"},"modified":"2019-11-05T18:51:40","modified_gmt":"2019-11-05T18:51:40","slug":"insight-ledarskap","status":"publish","type":"page","link":"https:\/\/proandpro.se\/en\/insight-ledarskap\/","title":{"rendered":"Insight Ledarskap"},"content":{"rendered":"<p>[et_pb_section fb_built=&#8221;1&#8243; _builder_version=&#8221;3.22.3&#8243; max_width=&#8221;99%&#8221; module_alignment=&#8221;center&#8221; custom_padding=&#8221;18px|0px|54px|0px|false|false&#8221; fb_built=&#8221;1&#8243; _i=&#8221;0&#8243; _address=&#8221;0&#8243;][et_pb_row _builder_version=&#8221;3.25&#8243; background_size=&#8221;initial&#8221; background_position=&#8221;top_left&#8221; background_repeat=&#8221;repeat&#8221; custom_padding=&#8221;0|0px|27px|0px|false|false&#8221; _i=&#8221;0&#8243; _address=&#8221;0.0&#8243;][et_pb_column type=&#8221;4_4&#8243; _builder_version=&#8221;3.25&#8243; custom_padding=&#8221;|||&#8221; custom_padding__hover=&#8221;|||&#8221; _i=&#8221;0&#8243; _address=&#8221;0.0.0&#8243;][et_pb_image src=&#8221;https:\/\/media.proandpro.se\/2019\/10\/Ledarskap_webb.jpg&#8221; align_tablet=&#8221;center&#8221; align_last_edited=&#8221;on|desktop&#8221; disabled_on=&#8221;on|on|&#8221; _builder_version=&#8221;3.27.1&#8243; _i=&#8221;0&#8243; _address=&#8221;0.0.0.0&#8243;][\/et_pb_image][et_pb_image src=&#8221;https:\/\/media.proandpro.se\/2019\/10\/Ledarskap_mobil.jpg&#8221; align_tablet=&#8221;center&#8221; align_last_edited=&#8221;on|desktop&#8221; disabled_on=&#8221;||on&#8221; _builder_version=&#8221;3.27.1&#8243; _i=&#8221;1&#8243; _address=&#8221;0.0.0.1&#8243;][\/et_pb_image][et_pb_text _builder_version=&#8221;3.27.1&#8243; _i=&#8221;2&#8243; _address=&#8221;0.0.0.2&#8243;]<\/p>\n<h3>V\u00e4lkommen till frukostseminariet Pro&amp;Pro Insight<\/h3>\n<p>[\/et_pb_text][\/et_pb_column][\/et_pb_row][et_pb_row column_structure=&#8221;2_3,1_3&#8243; _builder_version=&#8221;3.25&#8243; background_size=&#8221;initial&#8221; background_position=&#8221;top_left&#8221; background_repeat=&#8221;repeat&#8221; custom_padding=&#8221;0|0px|27px|0px|false|false&#8221; _i=&#8221;1&#8243; _address=&#8221;0.1&#8243;][et_pb_column type=&#8221;2_3&#8243; _builder_version=&#8221;3.25&#8243; custom_padding=&#8221;|||&#8221; custom_padding__hover=&#8221;|||&#8221; _i=&#8221;0&#8243; _address=&#8221;0.1.0&#8243;][et_pb_text _builder_version=&#8221;3.27.1&#8243; header_font=&#8221;||||||||&#8221; header_3_font=&#8221;||||||||&#8221; header_3_font_size=&#8221;20px&#8221; header_3_line_height=&#8221;1.3em&#8221; header_4_font=&#8221;||||||||&#8221; header_4_font_size=&#8221;16px&#8221; header_4_line_height=&#8221;1.2em&#8221; max_width=&#8221;99%&#8221; module_alignment=&#8221;center&#8221; custom_margin_last_edited=&#8221;on|&#8221; header_4_line_height_last_edited=&#8221;off|desktop&#8221; _i=&#8221;0&#8243; _address=&#8221;0.1.0.0&#8243;]<\/p>\n<h3>Tema: Ledarskap f\u00f6r framtiden!<\/h3>\n<p>Pro&amp;Pro Insight \u00e4r ett seminarium som ger dig inspiration och insikt i utmaningar och framtidsscenarion f\u00f6r omr\u00e5den i f\u00f6r\u00e4ndring. P\u00e5 seminariet presenterar vi p\u00e5 Pro&amp;Pro v\u00e5ra framtidanalyser med fokus p\u00e5 trender, insikter och v\u00e4gledning.<\/p>\n<p>Vi h\u00e4lsar dig varmt v\u00e4lkommen till 2019 \u00e5rs sista Pro&amp;Pro Insight som \u00e4gnas \u00e5t ledarskap och en presentation av den analys av morgondagens ledarskap som vi genomf\u00f6rt under h\u00f6sten. Analysen har genomf\u00f6rts genom litteraturstudier och intervjuer med personer i ledande befattningar fr\u00e5n regionens f\u00f6retag och organisationer. Vi har pratat med s\u00e5 v\u00e4l privata som offentliga chefer samt personer som i vardagen st\u00f6ttar och rekryterar chefer i ledande befattningar. Med en omv\u00e4rld som f\u00f6r\u00e4ndras allt\u00a0 snabbare och med nya generationer av medarbetare st\u00e4lls organisationer inf\u00f6r stora utmaningar, utmaningar som v\u00e5r Insight belyser utifr\u00e5n ledarens perspektiv. Vi kommer att, utifr\u00e5n v\u00e5r analys, ge svar p\u00e5 viktiga egenskaper i ett ledarskap som kan m\u00f6ta, bem\u00f6ta och leverera i framtidens organisationer.<\/p>\n<p>Syftet med seminariet \u00e4r att ge dig som ledare kunskap, inspiration och reflektioner f\u00f6r att utveckla ditt ledarskap inom omr\u00e5den som<\/p>\n<ul>\n<li>Ledarskap i en vardag med tydliga krav p\u00e5 snabba resultat, samtidigt som du ska hantera en omgivning som genom digitaliseringen f\u00f6r\u00e4ndras allt snabbare<\/li>\n<li>En ny generation medarbetare med nya krav p\u00e5 dig som ledare och er som arbetsgivare.<\/li>\n<li>Kompetensf\u00f6rs\u00f6rjning och att f\u00f6rbereda sig f\u00f6r att m\u00f6ta framtiden<\/li>\n<li>Balansera det dagliga, operativa arbetet, med det strategiskt mer l\u00e5ngsiktiga.<\/li>\n<\/ul>\n<p>F\u00f6rel\u00e4ser och faciliterar g\u00f6r M\u00e5ns Fahlander, managementkonsult inom ledarskap vid Pro&amp;Pro.<\/p>\n<p><a href=\"http:\/\/proandpro.se\/om-oss\/vart-team\/mans_profil\/\"><img loading=\"lazy\" decoding=\"async\" class=\"wp-image-5499 size-medium alignnone\" src=\"https:\/\/media.proandpro.se\/2019\/02\/M\u00e5ns_profil-300x199.jpg\" alt=\"\" width=\"300\" height=\"199\" srcset=\"https:\/\/media.proandpro.se\/2019\/02\/M\u00e5ns_profil-300x199.jpg 300w, https:\/\/media.proandpro.se\/2019\/02\/M\u00e5ns_profil-768x509.jpg 768w, https:\/\/media.proandpro.se\/2019\/02\/M\u00e5ns_profil.jpg 800w\" sizes=\"(max-width: 300px) 100vw, 300px\" \/><\/a><\/p>\n<p>Om du har fr\u00e5gor kontakta<br \/>Tommy Ytterstr\u00f6m, VD Pro&amp;Pro<br \/>070 \u2013 67 37 200<br \/>tommy.ytterstrom@proandpro.se<\/p>\n<p>M\u00e5ns Fahlander, managementkonsult inom ledarskap p\u00e5 Pro&amp;Pro<br \/>070 \u2013 <span style=\"display: inline !important; float: none; background-color: #ffffff; color: #666666; font-family: 'Open Sans',Arial,sans-serif; font-size: 100%; font-style: normal; font-variant: normal; font-weight: 500; letter-spacing: normal; -ms-text-size-adjust: 100%; orphans: 2; text-align: left; text-decoration: none; text-indent: 0px; text-transform: none; -webkit-text-stroke-width: 0px; white-space: normal; word-spacing: 0px;\">514 57 31<\/span><br \/>mans.fahlander@proandpro.se<\/p>\n<p>[\/et_pb_text][\/et_pb_column][et_pb_column type=&#8221;1_3&#8243; _builder_version=&#8221;3.25&#8243; custom_padding=&#8221;|||&#8221; custom_padding__hover=&#8221;|||&#8221; _i=&#8221;1&#8243; _address=&#8221;0.1.1&#8243;][et_pb_text _builder_version=&#8221;3.23.3&#8243; _i=&#8221;0&#8243; _address=&#8221;0.1.1.0&#8243;]<\/p>\n<h2>Program<\/h2>\n<p>08.00 Frukost<br \/>08.15 F\u00f6rel\u00e4sning<br \/>09.15 Avslutning<\/p>\n<p>[\/et_pb_text][et_pb_text _builder_version=&#8221;3.27.1&#8243; hover_enabled=&#8221;0&#8243; _i=&#8221;1&#8243; _address=&#8221;0.1.1.1&#8243;]<\/p>\n<h3>Tid och plats<\/h3>\n<p>Fredag den 29e novemberr<br \/>Frukost fr\u00e5n 08.00<br \/>Pro&amp;Pro<br \/>Storgatan 29, Sundsvall<\/p>\n<p>Anm\u00e4lan senast 15 novemberr<\/p>\n<p>[\/et_pb_text][et_pb_contact_form captcha=&#8221;off&#8221; email=&#8221;markus.marklund@proandpro.se, tommy.ytterstrom@proandpro.se&#8221; title=&#8221;Anm\u00e4lan &#8221; custom_message=&#8221;Anm\u00e4lan||et_pb_line_break_holder||ProAndPro Insight &#8211; Ledarskap||et_pb_line_break_holder||Namn: %%Name%%||et_pb_line_break_holder||E-post: %%Email%%||et_pb_line_break_holder||Telefon: %%Telefon%%||et_pb_line_break_holder||Personuppgifter: %%GDPR%%||et_pb_line_break_holder||Meddelande: %%Message%%&#8221; success_message=&#8221;Tack f\u00f6r din anm\u00e4lan till Pro&#038;Pro Insight. Du kommer att f\u00e5 en personlig bekr\u00e4ftelse via e-post. &#8221; disabled_on=&#8221;on|on|on&#8221; module_id=&#8221;et_pb_contact_form_0&#8243; _builder_version=&#8221;3.27.1&#8243; hover_enabled=&#8221;0&#8243; _i=&#8221;2&#8243; _address=&#8221;0.1.1.2&#8243; disabled=&#8221;on&#8221;][et_pb_contact_field field_id=&#8221;Name&#8221; field_title=&#8221;Namn&#8221; fullwidth_field=&#8221;on&#8221; _builder_version=&#8221;3.16&#8243; button_text_size__hover_enabled=&#8221;off&#8221; button_one_text_size__hover_enabled=&#8221;off&#8221; button_two_text_size__hover_enabled=&#8221;off&#8221; button_text_color__hover_enabled=&#8221;off&#8221; button_one_text_color__hover_enabled=&#8221;off&#8221; button_two_text_color__hover_enabled=&#8221;off&#8221; button_border_width__hover_enabled=&#8221;off&#8221; button_one_border_width__hover_enabled=&#8221;off&#8221; button_two_border_width__hover_enabled=&#8221;off&#8221; button_border_color__hover_enabled=&#8221;off&#8221; button_one_border_color__hover_enabled=&#8221;off&#8221; button_two_border_color__hover_enabled=&#8221;off&#8221; button_border_radius__hover_enabled=&#8221;off&#8221; button_one_border_radius__hover_enabled=&#8221;off&#8221; button_two_border_radius__hover_enabled=&#8221;off&#8221; button_letter_spacing__hover_enabled=&#8221;off&#8221; button_one_letter_spacing__hover_enabled=&#8221;off&#8221; button_two_letter_spacing__hover_enabled=&#8221;off&#8221; button_bg_color__hover_enabled=&#8221;off&#8221; button_one_bg_color__hover_enabled=&#8221;off&#8221; button_two_bg_color__hover_enabled=&#8221;off&#8221; _i=&#8221;0&#8243; _address=&#8221;0.1.1.2.0&#8243;][\/et_pb_contact_field][et_pb_contact_field field_id=&#8221;Email&#8221; field_title=&#8221;E-postadress&#8221; field_type=&#8221;email&#8221; fullwidth_field=&#8221;on&#8221; _builder_version=&#8221;3.16&#8243; button_text_size__hover_enabled=&#8221;off&#8221; button_one_text_size__hover_enabled=&#8221;off&#8221; button_two_text_size__hover_enabled=&#8221;off&#8221; button_text_color__hover_enabled=&#8221;off&#8221; button_one_text_color__hover_enabled=&#8221;off&#8221; button_two_text_color__hover_enabled=&#8221;off&#8221; button_border_width__hover_enabled=&#8221;off&#8221; button_one_border_width__hover_enabled=&#8221;off&#8221; button_two_border_width__hover_enabled=&#8221;off&#8221; button_border_color__hover_enabled=&#8221;off&#8221; button_one_border_color__hover_enabled=&#8221;off&#8221; button_two_border_color__hover_enabled=&#8221;off&#8221; button_border_radius__hover_enabled=&#8221;off&#8221; button_one_border_radius__hover_enabled=&#8221;off&#8221; button_two_border_radius__hover_enabled=&#8221;off&#8221; button_letter_spacing__hover_enabled=&#8221;off&#8221; button_one_letter_spacing__hover_enabled=&#8221;off&#8221; button_two_letter_spacing__hover_enabled=&#8221;off&#8221; button_bg_color__hover_enabled=&#8221;off&#8221; button_one_bg_color__hover_enabled=&#8221;off&#8221; button_two_bg_color__hover_enabled=&#8221;off&#8221; _i=&#8221;1&#8243; _address=&#8221;0.1.1.2.1&#8243;][\/et_pb_contact_field][et_pb_contact_field field_id=&#8221;Telefon&#8221; field_title=&#8221;Mobilnummer&#8221; fullwidth_field=&#8221;on&#8221; _builder_version=&#8221;3.16&#8243; button_text_size__hover_enabled=&#8221;off&#8221; button_one_text_size__hover_enabled=&#8221;off&#8221; button_two_text_size__hover_enabled=&#8221;off&#8221; button_text_color__hover_enabled=&#8221;off&#8221; button_one_text_color__hover_enabled=&#8221;off&#8221; button_two_text_color__hover_enabled=&#8221;off&#8221; button_border_width__hover_enabled=&#8221;off&#8221; button_one_border_width__hover_enabled=&#8221;off&#8221; button_two_border_width__hover_enabled=&#8221;off&#8221; button_border_color__hover_enabled=&#8221;off&#8221; button_one_border_color__hover_enabled=&#8221;off&#8221; button_two_border_color__hover_enabled=&#8221;off&#8221; button_border_radius__hover_enabled=&#8221;off&#8221; button_one_border_radius__hover_enabled=&#8221;off&#8221; button_two_border_radius__hover_enabled=&#8221;off&#8221; button_letter_spacing__hover_enabled=&#8221;off&#8221; button_one_letter_spacing__hover_enabled=&#8221;off&#8221; button_two_letter_spacing__hover_enabled=&#8221;off&#8221; button_bg_color__hover_enabled=&#8221;off&#8221; button_one_bg_color__hover_enabled=&#8221;off&#8221; button_two_bg_color__hover_enabled=&#8221;off&#8221; _i=&#8221;2&#8243; _address=&#8221;0.1.1.2.2&#8243;][\/et_pb_contact_field][et_pb_contact_field field_id=&#8221;Message&#8221; field_title=&#8221;Meddelande&#8221; field_type=&#8221;text&#8221; required_mark=&#8221;off&#8221; fullwidth_field=&#8221;on&#8221; _builder_version=&#8221;3.19.1&#8243; button_text_size__hover_enabled=&#8221;off&#8221; button_one_text_size__hover_enabled=&#8221;off&#8221; button_two_text_size__hover_enabled=&#8221;off&#8221; button_text_color__hover_enabled=&#8221;off&#8221; button_one_text_color__hover_enabled=&#8221;off&#8221; button_two_text_color__hover_enabled=&#8221;off&#8221; button_border_width__hover_enabled=&#8221;off&#8221; button_one_border_width__hover_enabled=&#8221;off&#8221; button_two_border_width__hover_enabled=&#8221;off&#8221; button_border_color__hover_enabled=&#8221;off&#8221; button_one_border_color__hover_enabled=&#8221;off&#8221; button_two_border_color__hover_enabled=&#8221;off&#8221; button_border_radius__hover_enabled=&#8221;off&#8221; button_one_border_radius__hover_enabled=&#8221;off&#8221; button_two_border_radius__hover_enabled=&#8221;off&#8221; button_letter_spacing__hover_enabled=&#8221;off&#8221; button_one_letter_spacing__hover_enabled=&#8221;off&#8221; button_two_letter_spacing__hover_enabled=&#8221;off&#8221; button_bg_color__hover_enabled=&#8221;off&#8221; button_one_bg_color__hover_enabled=&#8221;off&#8221; button_two_bg_color__hover_enabled=&#8221;off&#8221; _i=&#8221;3&#8243; _address=&#8221;0.1.1.2.3&#8243;][\/et_pb_contact_field][et_pb_contact_field field_id=&#8221;GDPR&#8221; field_title=&#8221;Personuppgifter&#8221; field_type=&#8221;checkbox&#8221; checkbox_options=&#8221;%91{%22value%22:%22Jag samtycker till behandling av mina personuppgifter%22,%22checked%22:0}%93&#8243; fullwidth_field=&#8221;on&#8221; _builder_version=&#8221;3.16&#8243; button_text_size__hover_enabled=&#8221;off&#8221; button_one_text_size__hover_enabled=&#8221;off&#8221; button_two_text_size__hover_enabled=&#8221;off&#8221; button_text_color__hover_enabled=&#8221;off&#8221; button_one_text_color__hover_enabled=&#8221;off&#8221; button_two_text_color__hover_enabled=&#8221;off&#8221; button_border_width__hover_enabled=&#8221;off&#8221; button_one_border_width__hover_enabled=&#8221;off&#8221; button_two_border_width__hover_enabled=&#8221;off&#8221; button_border_color__hover_enabled=&#8221;off&#8221; button_one_border_color__hover_enabled=&#8221;off&#8221; button_two_border_color__hover_enabled=&#8221;off&#8221; button_border_radius__hover_enabled=&#8221;off&#8221; button_one_border_radius__hover_enabled=&#8221;off&#8221; button_two_border_radius__hover_enabled=&#8221;off&#8221; button_letter_spacing__hover_enabled=&#8221;off&#8221; button_one_letter_spacing__hover_enabled=&#8221;off&#8221; button_two_letter_spacing__hover_enabled=&#8221;off&#8221; button_bg_color__hover_enabled=&#8221;off&#8221; button_one_bg_color__hover_enabled=&#8221;off&#8221; button_two_bg_color__hover_enabled=&#8221;off&#8221; _i=&#8221;4&#8243; _address=&#8221;0.1.1.2.4&#8243;][\/et_pb_contact_field][\/et_pb_contact_form][et_pb_text disabled_on=&#8221;on|on|on&#8221; _builder_version=&#8221;3.27.1&#8243; hover_enabled=&#8221;0&#8243; _i=&#8221;3&#8243; _address=&#8221;0.1.1.3&#8243; disabled=&#8221;on&#8221;]<\/p>\n<p>L\u00e4s mer om v\u00e5r hantering av dina <a href=\"http:\/\/proandpro.se\/personuppgifter\/\" target=\"_blank\" rel=\"noopener noreferrer\">personuppgifter<\/a><\/p>\n<p>[\/et_pb_text][et_pb_text disabled_on=&#8221;off|off|off&#8221; _builder_version=&#8221;3.27.1&#8243; hover_enabled=&#8221;0&#8243; _i=&#8221;4&#8243; _address=&#8221;0.1.1.4&#8243;]<\/p>\n<h4>Eventet \u00e4r nu fullt!<\/h4>\n<p>Tack f\u00f6r visat intresse och delta g\u00e4rna p\u00e5 n\u00e5got av v\u00e5ra kommande event.<\/p>\n<p>Om du har fr\u00e5gor kontakta Tommy Ytterstr\u00f6m<\/p>\n<p>[\/et_pb_text][\/et_pb_column][\/et_pb_row][\/et_pb_section]<\/p>\n","protected":false},"excerpt":{"rendered":"<p>V\u00e4lkommen till frukostseminariet Pro&amp;Pro InsightTema: Ledarskap f\u00f6r framtiden! Pro&amp;Pro Insight \u00e4r ett seminarium som ger dig inspiration och insikt i utmaningar och framtidsscenarion f\u00f6r omr\u00e5den i f\u00f6r\u00e4ndring. P\u00e5 seminariet presenterar vi p\u00e5 Pro&amp;Pro v\u00e5ra framtidanalyser med fokus p\u00e5 trender, insikter och v\u00e4gledning. Vi h\u00e4lsar dig varmt v\u00e4lkommen till 2019 \u00e5rs sista Pro&amp;Pro Insight som \u00e4gnas [&hellip;]<\/p>\n","protected":false},"author":1,"featured_media":0,"parent":0,"menu_order":0,"comment_status":"closed","ping_status":"closed","template":"","meta":{"_et_pb_use_builder":"on","_et_pb_old_content":"","_et_gb_content_width":"","footnotes":""},"folder":[95],"class_list":["post-6408","page","type-page","status-publish","hentry"],"_links":{"self":[{"href":"https:\/\/proandpro.se\/en\/wp-json\/wp\/v2\/pages\/6408","targetHints":{"allow":["GET"]}}],"collection":[{"href":"https:\/\/proandpro.se\/en\/wp-json\/wp\/v2\/pages"}],"about":[{"href":"https:\/\/proandpro.se\/en\/wp-json\/wp\/v2\/types\/page"}],"author":[{"embeddable":true,"href":"https:\/\/proandpro.se\/en\/wp-json\/wp\/v2\/users\/1"}],"replies":[{"embeddable":true,"href":"https:\/\/proandpro.se\/en\/wp-json\/wp\/v2\/comments?post=6408"}],"version-history":[{"count":12,"href":"https:\/\/proandpro.se\/en\/wp-json\/wp\/v2\/pages\/6408\/revisions"}],"predecessor-version":[{"id":6924,"href":"https:\/\/proandpro.se\/en\/wp-json\/wp\/v2\/pages\/6408\/revisions\/6924"}],"wp:attachment":[{"href":"https:\/\/proandpro.se\/en\/wp-json\/wp\/v2\/media?parent=6408"}],"wp:term":[{"taxonomy":"folder","embeddable":true,"href":"https:\/\/proandpro.se\/en\/wp-json\/wp\/v2\/folder?post=6408"}],"curies":[{"name":"wp","href":"https:\/\/api.w.org\/{rel}","templated":true}]}}