{"id":3137,"date":"2016-11-03T17:47:42","date_gmt":"2016-11-03T17:47:42","guid":{"rendered":"http:\/\/proandpro.se\/?page_id=3137"},"modified":"2017-03-10T20:17:45","modified_gmt":"2017-03-10T20:17:45","slug":"ledningssystem","status":"publish","type":"page","link":"https:\/\/proandpro.se\/en\/erbjudanden\/projektutveckling\/ledningssystem\/","title":{"rendered":"Ledningssystem"},"content":{"rendered":"<p>[et_pb_section bb_built=&#8221;1&#8243; admin_label=&#8221;section&#8221; transparent_background=&#8221;off&#8221; allow_player_pause=&#8221;off&#8221; inner_shadow=&#8221;off&#8221; parallax=&#8221;off&#8221; parallax_method=&#8221;off&#8221; custom_padding=&#8221;0|0&#8243; padding_mobile=&#8221;off&#8221; make_fullwidth=&#8221;off&#8221; use_custom_width=&#8221;off&#8221; width_unit=&#8221;on&#8221; make_equal=&#8221;off&#8221; use_custom_gutter=&#8221;off&#8221;][et_pb_row admin_label=&#8221;row&#8221; make_fullwidth=&#8221;off&#8221; use_custom_width=&#8221;off&#8221; width_unit=&#8221;on&#8221; use_custom_gutter=&#8221;off&#8221; custom_padding=&#8221;2|0&#8243; padding_mobile=&#8221;off&#8221; allow_player_pause=&#8221;off&#8221; parallax=&#8221;off&#8221; parallax_method=&#8221;off&#8221; make_equal=&#8221;off&#8221;][et_pb_column type=&#8221;4_4&#8243;][et_pb_image admin_label=&#8221;Bild&#8221; src=&#8221;https:\/\/media.proandpro.se\/2013\/01\/DSC_1344-1280&#215;848-e1439827793152.jpg&#8221; show_in_lightbox=&#8221;off&#8221; url_new_window=&#8221;off&#8221; animation=&#8221;off&#8221; sticky=&#8221;off&#8221; align=&#8221;center&#8221; force_fullwidth=&#8221;on&#8221; always_center_on_mobile=&#8221;on&#8221; use_border_color=&#8221;off&#8221; border_color=&#8221;#ffffff&#8221; border_style=&#8221;solid&#8221;] [\/et_pb_image][\/et_pb_column][\/et_pb_row][et_pb_row admin_label=&#8221;row&#8221; make_fullwidth=&#8221;off&#8221; use_custom_width=&#8221;off&#8221; width_unit=&#8221;on&#8221; use_custom_gutter=&#8221;off&#8221; custom_padding=&#8221;|&#8221; padding_mobile=&#8221;off&#8221; allow_player_pause=&#8221;off&#8221; parallax=&#8221;off&#8221; parallax_method=&#8221;off&#8221; make_equal=&#8221;off&#8221;][et_pb_column type=&#8221;3_4&#8243;][et_pb_text admin_label=&#8221;Text&#8221; background_layout=&#8221;light&#8221; text_orientation=&#8221;left&#8221; use_border_color=&#8221;off&#8221; border_color=&#8221;#ffffff&#8221; border_style=&#8221;solid&#8221;]<\/p>\n<h3>Ledningssystem<\/h3>\n<p>Ett ledningssystem, \u00e4ven kallat verksamhetssystem, \u00e4r ledningens verktyg f\u00f6r att s\u00e4kerst\u00e4lla att verksamheten bedrivs enligt fastst\u00e4llda riktlinjer. Systemet utg\u00f6r samtidigt ett st\u00f6d f\u00f6r alla medarbetare i deras dagliga arbete. Vanligtvis enas ledningen om en huvudprocesskarta som anv\u00e4nds som utg\u00e5ngspunkt f\u00f6r vidare arbete m\u00e5lstyrning och processutveckling.<\/p>\n<p>V\u00e5r metodik f\u00f6r processutveckling genom processkartl\u00e4ggning och processf\u00f6rb\u00e4ttring \u00e4r baserat p\u00e5 vedertagen teori kombinerat med v\u00e5r m\u00e5ng\u00e5riga erfarenhet. Genom att tidigt definiera och enas om vilka organisationens huvudprocesser \u00e4r och hur de bidrar till att realisera organisationens strategi och organisationens kundl\u00f6fte ges en tydlig inriktning. Under kartl\u00e4ggningsarbetet blir det tydligt vad som beh\u00f6ver f\u00f6rb\u00e4ttras f\u00f6r att arbetet i processerna ska ske effektivt och generera ett signifikant v\u00e4rde. Som avslutning s\u00e4kerst\u00e4lls att effekter bibeh\u00e5lls genom att implementera arbetss\u00e4tt f\u00f6r fortsatt f\u00f6rvaltning och vidareutveckling.<\/p>\n<p>K\u00e4nnetecknande f\u00f6r v\u00e5rt uppl\u00e4gg \u00e4r en tydlig koppling till strategi och varum\u00e4rkesl\u00f6fte, hypoteser baserade p\u00e5 best practice som ger effektiva diskussioner, involverande och engagerande workshops, samt strukturerad kompetens\u00f6verf\u00f6ring genom utbildning och coachning.<\/p>\n<p>F\u00f6r m\u00e5lstyrning anv\u00e4nder vi en metodik som utg\u00e5r fr\u00e5n strategi samt aff\u00e4rs- eller verksamhetsplan och d\u00e4r m\u00e5l skapas i prioriterade perspektiv i ett uppl\u00e4gg som relaterar till \u201dbalanced scorecard\u201d. \u00a0V\u00e5r metodik inneh\u00e5ller implementering av en process f\u00f6r att s\u00e4tta m\u00e5l men ocks\u00e5 f\u00f6r kontinuerlig uppf\u00f6ljning och analys. Vi integrerar m\u00e5lstyrningen i det operativa ledarskapet och medarbetares utveckling.<\/p>\n<p>&nbsp;<\/p>\n<p>&nbsp;<\/p>\n<p>[\/et_pb_text][\/et_pb_column][et_pb_column type=&#8221;1_4&#8243;][et_pb_sidebar admin_label=&#8221;Sidof\u00e4lt&#8221; orientation=&#8221;left&#8221; area=&#8221;et_pb_widget_area_10&#8243; background_layout=&#8221;light&#8221; remove_border=&#8221;off&#8221;] [\/et_pb_sidebar][et_pb_text admin_label=&#8221;Text&#8221; background_layout=&#8221;light&#8221; text_orientation=&#8221;left&#8221; use_border_color=&#8221;off&#8221; border_color=&#8221;#ffffff&#8221; border_style=&#8221;solid&#8221;]<\/p>\n<h3>Kundcase<\/h3>\n<p>Tillsammans med en statlig myndighet har vi genomf\u00f6rt en verksamhetsanalys inklusive en processkartl\u00e4ggning med syfte att f\u00f6rb\u00e4ttra och effektivisera en tj\u00e4nst utifr\u00e5n en stor kundtillstr\u00f6mning. Analysen resulterade i flera f\u00f6rb\u00e4ttringsf\u00f6rslag som sedan implementerats i verksamheten.<\/p>\n<p>[\/et_pb_text][et_pb_contact_form admin_label=&#8221;Kontaktformul\u00e4r&#8221; captcha=&#8221;off&#8221; use_border_color=&#8221;off&#8221; border_color=&#8221;#ffffff&#8221; border_style=&#8221;solid&#8221; custom_button=&#8221;on&#8221; button_letter_spacing=&#8221;0&#8243; button_use_icon=&#8221;default&#8221; button_icon_placement=&#8221;right&#8221; button_on_hover=&#8221;on&#8221; button_letter_spacing_hover=&#8221;0&#8243; email=&#8221;markus.marklund@proandpro.se&#8221; title=&#8221;Kontakta oss&#8221; button_text_size=&#8221;16&#8243; button_border_color=&#8221;rgba(99,104,103,0.14)&#8221; button_text_color=&#8221;#2b2b2b&#8221;] [\/et_pb_contact_form][\/et_pb_column][\/et_pb_row][\/et_pb_section]<\/p>\n","protected":false},"excerpt":{"rendered":"<p>Ledningssystem Ett ledningssystem, \u00e4ven kallat verksamhetssystem, \u00e4r ledningens verktyg f\u00f6r att s\u00e4kerst\u00e4lla att verksamheten bedrivs enligt fastst\u00e4llda riktlinjer. Systemet utg\u00f6r samtidigt ett st\u00f6d f\u00f6r alla medarbetare i deras dagliga arbete. Vanligtvis enas ledningen om en huvudprocesskarta som anv\u00e4nds som utg\u00e5ngspunkt f\u00f6r vidare arbete m\u00e5lstyrning och processutveckling. V\u00e5r metodik f\u00f6r processutveckling genom processkartl\u00e4ggning och processf\u00f6rb\u00e4ttring \u00e4r [&hellip;]<\/p>\n","protected":false},"author":1,"featured_media":0,"parent":287,"menu_order":2,"comment_status":"closed","ping_status":"closed","template":"","meta":{"_et_pb_use_builder":"on","_et_pb_old_content":"","_et_gb_content_width":"","footnotes":""},"folder":[96],"class_list":["post-3137","page","type-page","status-publish","hentry"],"_links":{"self":[{"href":"https:\/\/proandpro.se\/en\/wp-json\/wp\/v2\/pages\/3137","targetHints":{"allow":["GET"]}}],"collection":[{"href":"https:\/\/proandpro.se\/en\/wp-json\/wp\/v2\/pages"}],"about":[{"href":"https:\/\/proandpro.se\/en\/wp-json\/wp\/v2\/types\/page"}],"author":[{"embeddable":true,"href":"https:\/\/proandpro.se\/en\/wp-json\/wp\/v2\/users\/1"}],"replies":[{"embeddable":true,"href":"https:\/\/proandpro.se\/en\/wp-json\/wp\/v2\/comments?post=3137"}],"version-history":[{"count":5,"href":"https:\/\/proandpro.se\/en\/wp-json\/wp\/v2\/pages\/3137\/revisions"}],"predecessor-version":[{"id":3401,"href":"https:\/\/proandpro.se\/en\/wp-json\/wp\/v2\/pages\/3137\/revisions\/3401"}],"up":[{"embeddable":true,"href":"https:\/\/proandpro.se\/en\/wp-json\/wp\/v2\/pages\/287"}],"wp:attachment":[{"href":"https:\/\/proandpro.se\/en\/wp-json\/wp\/v2\/media?parent=3137"}],"wp:term":[{"taxonomy":"folder","embeddable":true,"href":"https:\/\/proandpro.se\/en\/wp-json\/wp\/v2\/folder?post=3137"}],"curies":[{"name":"wp","href":"https:\/\/api.w.org\/{rel}","templated":true}]}}