{"id":3135,"date":"2016-11-03T17:50:50","date_gmt":"2016-11-03T17:50:50","guid":{"rendered":"http:\/\/proandpro.se\/?page_id=3135"},"modified":"2016-11-03T18:02:56","modified_gmt":"2016-11-03T18:02:56","slug":"foljeforskning-larande-utvardering","status":"publish","type":"page","link":"https:\/\/proandpro.se\/en\/erbjudanden\/projektutveckling\/foljeforskning-larande-utvardering\/","title":{"rendered":"F\u00f6ljeforskning"},"content":{"rendered":"<p>[et_pb_section admin_label=&#8221;section&#8221; transparent_background=&#8221;off&#8221; allow_player_pause=&#8221;off&#8221; inner_shadow=&#8221;off&#8221; parallax=&#8221;off&#8221; parallax_method=&#8221;off&#8221; custom_padding=&#8221;0|0&#8243; padding_mobile=&#8221;off&#8221; make_fullwidth=&#8221;off&#8221; use_custom_width=&#8221;off&#8221; width_unit=&#8221;on&#8221; make_equal=&#8221;off&#8221; use_custom_gutter=&#8221;off&#8221;][et_pb_row admin_label=&#8221;row&#8221; make_fullwidth=&#8221;off&#8221; use_custom_width=&#8221;off&#8221; width_unit=&#8221;on&#8221; use_custom_gutter=&#8221;off&#8221; custom_padding=&#8221;2|0&#8243; padding_mobile=&#8221;off&#8221; allow_player_pause=&#8221;off&#8221; parallax=&#8221;off&#8221; parallax_method=&#8221;off&#8221; make_equal=&#8221;off&#8221;][et_pb_column type=&#8221;4_4&#8243;][et_pb_image admin_label=&#8221;Bild&#8221; src=&#8221;https:\/\/media.proandpro.se\/2013\/01\/DSC_1344-1280&#215;848-e1439827793152.jpg&#8221; show_in_lightbox=&#8221;off&#8221; url_new_window=&#8221;off&#8221; animation=&#8221;off&#8221; sticky=&#8221;off&#8221; align=&#8221;center&#8221; force_fullwidth=&#8221;on&#8221; always_center_on_mobile=&#8221;on&#8221; use_border_color=&#8221;off&#8221; border_color=&#8221;#ffffff&#8221; border_style=&#8221;solid&#8221;] [\/et_pb_image][\/et_pb_column][\/et_pb_row][et_pb_row admin_label=&#8221;row&#8221; make_fullwidth=&#8221;off&#8221; use_custom_width=&#8221;off&#8221; width_unit=&#8221;on&#8221; use_custom_gutter=&#8221;off&#8221; custom_padding=&#8221;|&#8221; padding_mobile=&#8221;off&#8221; allow_player_pause=&#8221;off&#8221; parallax=&#8221;off&#8221; parallax_method=&#8221;off&#8221; make_equal=&#8221;off&#8221;][et_pb_column type=&#8221;3_4&#8243;][et_pb_text admin_label=&#8221;Text&#8221; background_layout=&#8221;light&#8221; text_orientation=&#8221;left&#8221; use_border_color=&#8221;off&#8221; border_color=&#8221;#ffffff&#8221; border_style=&#8221;solid&#8221;]<\/p>\n<h3>F\u00f6ljeforskning, l\u00e4rande utv\u00e4rdering<\/h3>\n<p>Inom ramen f\u00f6r verksamhetsutveckling bedriver vi f\u00f6ljeforskning\/l\u00e4rande utv\u00e4rdering, d\u00e4r v\u00e5rt fokus ligger p\u00e5 projekt delfinansierade av EUs olika fonder. L\u00e4rande utv\u00e4rdering anv\u00e4nds fr\u00e4mst inom olika projekt, men \u00e4r \u00e4ven applicerbart p\u00e5 en organisation.<\/p>\n<p>Det \u00e4r m\u00e5nga faktorer som spelar in f\u00f6r att ett projekt ska bli framg\u00e5ngsrikt. Att det finns en tydlig projektplan och ett tydligt uppdrag, en professionell styrning, engagerade projektdeltagare, r\u00e4tt st\u00e4llda f\u00f6rv\u00e4ntningar, tydliga roller och ansvarsf\u00f6rdelning, v\u00e4l f\u00f6rankrade m\u00e5l och en genomarbetad plan f\u00f6r hur resultat ska leva vidare och vilka effekter som ska uppn\u00e5s. Detta tittar vi p\u00e5 och utv\u00e4rderar i v\u00e5ra f\u00f6ljeforskningsuppdrag.<\/p>\n<p>Vi har erfarenhet av utv\u00e4rdering d\u00e4r vi f\u00f6ljer projektet fr\u00e5n b\u00f6rjan till slut och vi intar en granskande, st\u00f6djande och objektiv roll. F\u00f6ljeforskning\/l\u00e4rande utv\u00e4rdering inneb\u00e4r dels att man l\u00f6pande granskar, utv\u00e4rderar och samlar in material f\u00f6r analys men minst lika viktigt \u00e4r att kontinuerligt ge synpunkter och r\u00e5d f\u00f6r att kunna skapa en l\u00e4randemilj\u00f6 inom projektet, d\u00e4r l\u00e4rdomar och erfarenheter kan \u00e5terf\u00f6ras och anv\u00e4ndas direkt. F\u00f6ljeforskningen ska bidra till kontinuerliga f\u00f6rb\u00e4ttringar och l\u00e4rande inom projektet och mellan olika projekt under hela projekttiden. Tanken \u00e4r att man ska ha en erfarenhets- och kunskapsgrundad projekt- och programinitiering, dvs. att nya projekt och program bygger p\u00e5 erh\u00e5llna erfarenheter och kunskaper. I utv\u00e4rderingen vill vi besvara fr\u00e5gorna:<\/p>\n<ul>\n<li>Vad &#8211; vad ska utv\u00e4rderas, vilka m\u00e5l, indikatorer etc.<\/li>\n<li>Varf\u00f6r &#8211; vad \u00e4r syftet; f\u00f6r vem, behov, best\u00e4llare<\/li>\n<li>Hur &#8211; hur ska data samlas in, vilka metoder anv\u00e4ndas<\/li>\n<li>Vem &#8211; vem deltar, ansvarar och genomf\u00f6r<\/li>\n<li>N\u00e4r &#8211; tidplan med h\u00e5lltider<\/li>\n<\/ul>\n<p>Sist men inte minst \u00e4r det f\u00f6ljeforskarens uppgift att titta p\u00e5 att genusperspektiv, milj\u00f6m\u00e4ssiga h\u00e5llbarhetsm\u00e5l samt m\u00e5ngfalds- och integrationsperspektiv beaktas och f\u00f6ljs upp.<\/p>\n<p>D\u00e5 utv\u00e4rderingen sker l\u00f6pande arbetar vi med delrapporter som sedan mynnar ut i en skriftlig slutrapport.<\/p>\n<p>Vi f\u00f6ljer en process d\u00e4r vi granskar och utv\u00e4rderar projektet utifr\u00e5n f\u00f6ljande parametrar:<\/p>\n<p><strong>Projektlogiken<\/strong> &#8211; projektgenomf\u00f6randet och sambandet mellan projektets aktiviteter och dess m\u00e5l, projektets m\u00e5luppfyllelse<\/p>\n<p><strong>Effekter och h\u00e5llbarhet<\/strong> &#8211; hur projektet ska ge avtryck i den lokala och regionala milj\u00f6n, den samh\u00e4llsekonomiska kalkylen<\/p>\n<p><strong>Spridning<\/strong> &#8211; hur man l\u00e4r av och sprider projektets resultat, erfarenhets- och kunskaps\u00e5terf\u00f6ring<\/p>\n<p>Bland v\u00e5ra utv\u00e4rderingsmetoder finns:<\/p>\n<ul>\n<li>Enk\u00e4ter, fr\u00e5geformul\u00e4r<\/li>\n<li>Intervjuer<\/li>\n<li>Dokumentanalys<\/li>\n<li>Observationer<\/li>\n<li>L\u00e4rande workshops, analysseminarier<\/li>\n<\/ul>\n<p>&nbsp;<\/p>\n<p>[\/et_pb_text][\/et_pb_column][et_pb_column type=&#8221;1_4&#8243;][et_pb_sidebar admin_label=&#8221;Sidof\u00e4lt&#8221; orientation=&#8221;left&#8221; area=&#8221;et_pb_widget_area_10&#8243; background_layout=&#8221;light&#8221; remove_border=&#8221;off&#8221;] [\/et_pb_sidebar][et_pb_text admin_label=&#8221;Text&#8221; background_layout=&#8221;light&#8221; text_orientation=&#8221;left&#8221; use_border_color=&#8221;off&#8221; border_color=&#8221;#ffffff&#8221; border_style=&#8221;solid&#8221;]<\/p>\n<h3>Kundcase<\/h3>\n<p>Tillsammans med en statlig myndighet har vi genomf\u00f6rt en verksamhetsanalys inklusive en processkartl\u00e4ggning med syfte att f\u00f6rb\u00e4ttra och effektivisera en tj\u00e4nst utifr\u00e5n en stor kundtillstr\u00f6mning. Analysen resulterade i flera f\u00f6rb\u00e4ttringsf\u00f6rslag som sedan implementerats i verksamheten.<\/p>\n<p>[\/et_pb_text][et_pb_contact_form admin_label=&#8221;Kontaktformul\u00e4r&#8221; captcha=&#8221;off&#8221; use_border_color=&#8221;off&#8221; border_color=&#8221;#ffffff&#8221; border_style=&#8221;solid&#8221; custom_button=&#8221;on&#8221; button_letter_spacing=&#8221;0&#8243; button_use_icon=&#8221;default&#8221; button_icon_placement=&#8221;right&#8221; button_on_hover=&#8221;on&#8221; button_letter_spacing_hover=&#8221;0&#8243; email=&#8221;markus.marklund@proandpro.se&#8221; title=&#8221;Kontakta oss&#8221; button_text_size=&#8221;16&#8243; button_border_color=&#8221;rgba(99,104,103,0.14)&#8221; button_text_color=&#8221;#2b2b2b&#8221;] [\/et_pb_contact_form][\/et_pb_column][\/et_pb_row][\/et_pb_section]<\/p>\n","protected":false},"excerpt":{"rendered":"<p>F\u00f6ljeforskning, l\u00e4rande utv\u00e4rdering Inom ramen f\u00f6r verksamhetsutveckling bedriver vi f\u00f6ljeforskning\/l\u00e4rande utv\u00e4rdering, d\u00e4r v\u00e5rt fokus ligger p\u00e5 projekt delfinansierade av EUs olika fonder. L\u00e4rande utv\u00e4rdering anv\u00e4nds fr\u00e4mst inom olika projekt, men \u00e4r \u00e4ven applicerbart p\u00e5 en organisation. Det \u00e4r m\u00e5nga faktorer som spelar in f\u00f6r att ett projekt ska bli framg\u00e5ngsrikt. Att det finns en tydlig [&hellip;]<\/p>\n","protected":false},"author":1,"featured_media":0,"parent":287,"menu_order":5,"comment_status":"closed","ping_status":"closed","template":"","meta":{"_et_pb_use_builder":"on","_et_pb_old_content":"","_et_gb_content_width":"","footnotes":""},"folder":[96],"class_list":["post-3135","page","type-page","status-publish","hentry"],"_links":{"self":[{"href":"https:\/\/proandpro.se\/en\/wp-json\/wp\/v2\/pages\/3135","targetHints":{"allow":["GET"]}}],"collection":[{"href":"https:\/\/proandpro.se\/en\/wp-json\/wp\/v2\/pages"}],"about":[{"href":"https:\/\/proandpro.se\/en\/wp-json\/wp\/v2\/types\/page"}],"author":[{"embeddable":true,"href":"https:\/\/proandpro.se\/en\/wp-json\/wp\/v2\/users\/1"}],"replies":[{"embeddable":true,"href":"https:\/\/proandpro.se\/en\/wp-json\/wp\/v2\/comments?post=3135"}],"version-history":[{"count":3,"href":"https:\/\/proandpro.se\/en\/wp-json\/wp\/v2\/pages\/3135\/revisions"}],"predecessor-version":[{"id":3150,"href":"https:\/\/proandpro.se\/en\/wp-json\/wp\/v2\/pages\/3135\/revisions\/3150"}],"up":[{"embeddable":true,"href":"https:\/\/proandpro.se\/en\/wp-json\/wp\/v2\/pages\/287"}],"wp:attachment":[{"href":"https:\/\/proandpro.se\/en\/wp-json\/wp\/v2\/media?parent=3135"}],"wp:term":[{"taxonomy":"folder","embeddable":true,"href":"https:\/\/proandpro.se\/en\/wp-json\/wp\/v2\/folder?post=3135"}],"curies":[{"name":"wp","href":"https:\/\/api.w.org\/{rel}","templated":true}]}}