{"id":3133,"date":"2016-11-03T17:50:14","date_gmt":"2016-11-03T17:50:14","guid":{"rendered":"http:\/\/proandpro.se\/?page_id=3133"},"modified":"2016-11-03T19:19:56","modified_gmt":"2016-11-03T19:19:56","slug":"projekt-och-portfoljplanering","status":"publish","type":"page","link":"https:\/\/proandpro.se\/en\/erbjudanden\/projektutveckling\/projekt-och-portfoljplanering\/","title":{"rendered":"Portf\u00f6ljplanering"},"content":{"rendered":"<p>[et_pb_section admin_label=&#8221;section&#8221; transparent_background=&#8221;off&#8221; allow_player_pause=&#8221;off&#8221; inner_shadow=&#8221;off&#8221; parallax=&#8221;off&#8221; parallax_method=&#8221;off&#8221; custom_padding=&#8221;0|0&#8243; padding_mobile=&#8221;off&#8221; make_fullwidth=&#8221;off&#8221; use_custom_width=&#8221;off&#8221; width_unit=&#8221;on&#8221; make_equal=&#8221;off&#8221; use_custom_gutter=&#8221;off&#8221;][et_pb_row admin_label=&#8221;row&#8221; make_fullwidth=&#8221;off&#8221; use_custom_width=&#8221;off&#8221; width_unit=&#8221;on&#8221; use_custom_gutter=&#8221;off&#8221; custom_padding=&#8221;2|0&#8243; padding_mobile=&#8221;off&#8221; allow_player_pause=&#8221;off&#8221; parallax=&#8221;off&#8221; parallax_method=&#8221;off&#8221; make_equal=&#8221;off&#8221;][et_pb_column type=&#8221;4_4&#8243;][et_pb_image admin_label=&#8221;Bild&#8221; src=&#8221;https:\/\/media.proandpro.se\/2013\/01\/DSC_1344-1280&#215;848-e1439827793152.jpg&#8221; show_in_lightbox=&#8221;off&#8221; url_new_window=&#8221;off&#8221; animation=&#8221;off&#8221; sticky=&#8221;off&#8221; align=&#8221;center&#8221; force_fullwidth=&#8221;on&#8221; always_center_on_mobile=&#8221;on&#8221; use_border_color=&#8221;off&#8221; border_color=&#8221;#ffffff&#8221; border_style=&#8221;solid&#8221;] [\/et_pb_image][\/et_pb_column][\/et_pb_row][et_pb_row admin_label=&#8221;row&#8221; make_fullwidth=&#8221;off&#8221; use_custom_width=&#8221;off&#8221; width_unit=&#8221;on&#8221; use_custom_gutter=&#8221;off&#8221; custom_padding=&#8221;|&#8221; padding_mobile=&#8221;off&#8221; allow_player_pause=&#8221;off&#8221; parallax=&#8221;off&#8221; parallax_method=&#8221;off&#8221; make_equal=&#8221;off&#8221;][et_pb_column type=&#8221;3_4&#8243;][et_pb_text admin_label=&#8221;Text&#8221; background_layout=&#8221;light&#8221; text_orientation=&#8221;left&#8221; use_border_color=&#8221;off&#8221; border_color=&#8221;#ffffff&#8221; border_style=&#8221;solid&#8221;]<\/p>\n<h3>Projekt- och portf\u00f6ljplanering<\/h3>\n<p>Inom ramen f\u00f6r verksamhetsutveckling erbjuder vi projekt- och portf\u00f6ljplanering. En effektiv projekt- och portf\u00f6ljplanering \u00e4r viktigt f\u00f6r organisationer med flera parallella utvecklingsprojekt. Det \u00e4ven viktigt f\u00f6r organisationer med en effektiv hantering av utveckling som inte genomf\u00f6rs i projektform.<\/p>\n<p>Tillsammans med kunden analyseras befintlig hantering och f\u00f6rb\u00e4ttringar och konkreta styr- och uppf\u00f6ljnings kriterier identifieras. Centrala omr\u00e5den f\u00f6r en effektiv projekt- och portf\u00f6ljplanering innefattar prioritering, resurstills\u00e4ttning, projektstyrning och utvecklingskapacitet i verksamhet och system.<\/p>\n<p>Om kunden \u00f6nskar, kan vi sj\u00e4lvklart ocks\u00e5 vara en del av implementeringen. F\u00f6r oss \u00e4r det viktigt att ocks\u00e5 g\u00e5 in med perspektivet att allt inte passar att drivas i stora projekt med en leverans utan \u00e4r det mer utveckling i fokuserade team. I v\u00e5rt angreppss\u00e4tt kombinerar vi mjuka och h\u00e5rda aspekter det vill s\u00e4ga att vi tittar mycket p\u00e5 kompetens, teamsammans\u00e4ttning, hur f\u00e5 passion kommunikation mellan intressenter etc.<\/p>\n<p>Vi har erfarenhet fr\u00e5n flera verktyg och modeller f\u00f6r projekt- och portf\u00f6ljhantering inklusive projekt scoring och prioritering.<\/p>\n<p>Pro&amp;Pro erbjuder analyser med konkreta \u00e5tg\u00e4rder som resultat f\u00f6r att utveckla projekt- och uppdragsverksamheten p\u00e5 strategisk niv\u00e5, det vill s\u00e4ga att den blir effektiv och resultatet optimeras mot f\u00f6retagets strategier och ambitioner.<\/p>\n<p>Vi erbjuder olika former av st\u00f6d inom projektstrategi och projektplanering<\/p>\n<ul>\n<li>R\u00e5dgivning och coaching<\/li>\n<li>Genomf\u00f6ra analys och f\u00f6resl\u00e5 f\u00f6rb\u00e4ttring av projektverksamheten<\/li>\n<li>Utveckla processer och arbetss\u00e4tt f\u00f6r strategi och planering av projektverksamheten<\/li>\n<\/ul>\n<p>&nbsp;<\/p>\n<p>[\/et_pb_text][\/et_pb_column][et_pb_column type=&#8221;1_4&#8243;][et_pb_sidebar admin_label=&#8221;Sidof\u00e4lt&#8221; orientation=&#8221;left&#8221; area=&#8221;et_pb_widget_area_10&#8243; background_layout=&#8221;light&#8221; remove_border=&#8221;off&#8221;] [\/et_pb_sidebar][et_pb_text admin_label=&#8221;Text&#8221; background_layout=&#8221;light&#8221; text_orientation=&#8221;left&#8221; use_border_color=&#8221;off&#8221; border_color=&#8221;#ffffff&#8221; border_style=&#8221;solid&#8221;]<\/p>\n<h3>Kundcase<\/h3>\n<p>Tillsammans med en statlig myndighet har vi genomf\u00f6rt en verksamhetsanalys inklusive en processkartl\u00e4ggning med syfte att f\u00f6rb\u00e4ttra och effektivisera en tj\u00e4nst utifr\u00e5n en stor kundtillstr\u00f6mning. Analysen resulterade i flera f\u00f6rb\u00e4ttringsf\u00f6rslag som sedan implementerats i verksamheten.<\/p>\n<p>[\/et_pb_text][et_pb_contact_form admin_label=&#8221;Kontaktformul\u00e4r&#8221; captcha=&#8221;off&#8221; use_border_color=&#8221;off&#8221; border_color=&#8221;#ffffff&#8221; border_style=&#8221;solid&#8221; custom_button=&#8221;on&#8221; button_letter_spacing=&#8221;0&#8243; button_use_icon=&#8221;default&#8221; button_icon_placement=&#8221;right&#8221; button_on_hover=&#8221;on&#8221; button_letter_spacing_hover=&#8221;0&#8243; email=&#8221;markus.marklund@proandpro.se&#8221; title=&#8221;Kontakta oss&#8221; button_text_size=&#8221;16&#8243; button_border_color=&#8221;rgba(99,104,103,0.14)&#8221; button_text_color=&#8221;#2b2b2b&#8221;] [\/et_pb_contact_form][\/et_pb_column][\/et_pb_row][\/et_pb_section]<\/p>\n","protected":false},"excerpt":{"rendered":"<p>Projekt- och portf\u00f6ljplanering Inom ramen f\u00f6r verksamhetsutveckling erbjuder vi projekt- och portf\u00f6ljplanering. En effektiv projekt- och portf\u00f6ljplanering \u00e4r viktigt f\u00f6r organisationer med flera parallella utvecklingsprojekt. Det \u00e4ven viktigt f\u00f6r organisationer med en effektiv hantering av utveckling som inte genomf\u00f6rs i projektform. Tillsammans med kunden analyseras befintlig hantering och f\u00f6rb\u00e4ttringar och konkreta styr- och uppf\u00f6ljnings kriterier [&hellip;]<\/p>\n","protected":false},"author":1,"featured_media":0,"parent":287,"menu_order":4,"comment_status":"closed","ping_status":"closed","template":"","meta":{"_et_pb_use_builder":"on","_et_pb_old_content":"<p>Inom ramen f\u00f6r verksamhetsutveckling erbjuder vi projekt- och portf\u00f6ljplanering. En effektiv projekt- och portf\u00f6ljplanering \u00e4r viktigt f\u00f6r organisationer med flera parallella utvecklingsprojekt. Det \u00e4ven viktigt f\u00f6r organisationer med en effektiv hantering av utveckling som inte genomf\u00f6rs i projektform.<\/p><p>Tillsammans med kunden analyseras befintlig hantering och f\u00f6rb\u00e4ttringar och konkreta styr- och uppf\u00f6ljnings kriterier identifieras. Centrala omr\u00e5den f\u00f6r en effektiv projekt- och portf\u00f6ljplanering innefattar prioritering, resurstills\u00e4ttning, projektstyrning och utvecklingskapacitet i verksamhet och system.<\/p><p>Om kunden \u00f6nskar, kan vi sj\u00e4lvklart ocks\u00e5 vara en del av implementeringen. F\u00f6r oss \u00e4r det viktigt att ocks\u00e5 g\u00e5 in med perspektivet att allt inte passar att drivas i stora projekt med en leverans utan \u00e4r det mer utveckling i fokuserade team. I v\u00e5rt angreppss\u00e4tt kombinerar vi mjuka och h\u00e5rda aspekter det vill s\u00e4ga att vi tittar mycket p\u00e5 kompetens, teamsammans\u00e4ttning, hur f\u00e5 passion kommunikation mellan intressenter etc.<\/p><p>Vi har erfarenhet fr\u00e5n flera verktyg och modeller f\u00f6r projekt- och portf\u00f6ljhantering inklusive projekt scoring och prioritering.<\/p><p>Pro&Pro erbjuder analyser med konkreta \u00e5tg\u00e4rder som resultat f\u00f6r att utveckla projekt- och uppdragsverksamheten p\u00e5 strategisk niv\u00e5, det vill s\u00e4ga att den blir effektiv och resultatet optimeras mot f\u00f6retagets strategier och ambitioner.<\/p><p>Vi erbjuder olika former av st\u00f6d inom projektstrategi och projektplanering<\/p><ul><li>R\u00e5dgivning och coaching<\/li><li>Genomf\u00f6ra analys och f\u00f6resl\u00e5 f\u00f6rb\u00e4ttring av projektverksamheten<\/li><li>Utveckla processer och arbetss\u00e4tt f\u00f6r strategi och planering av projektverksamheten<\/li><\/ul><p>\u00a0<\/p>","_et_gb_content_width":"","footnotes":""},"folder":[96],"class_list":["post-3133","page","type-page","status-publish","hentry"],"_links":{"self":[{"href":"https:\/\/proandpro.se\/en\/wp-json\/wp\/v2\/pages\/3133","targetHints":{"allow":["GET"]}}],"collection":[{"href":"https:\/\/proandpro.se\/en\/wp-json\/wp\/v2\/pages"}],"about":[{"href":"https:\/\/proandpro.se\/en\/wp-json\/wp\/v2\/types\/page"}],"author":[{"embeddable":true,"href":"https:\/\/proandpro.se\/en\/wp-json\/wp\/v2\/users\/1"}],"replies":[{"embeddable":true,"href":"https:\/\/proandpro.se\/en\/wp-json\/wp\/v2\/comments?post=3133"}],"version-history":[{"count":3,"href":"https:\/\/proandpro.se\/en\/wp-json\/wp\/v2\/pages\/3133\/revisions"}],"predecessor-version":[{"id":3154,"href":"https:\/\/proandpro.se\/en\/wp-json\/wp\/v2\/pages\/3133\/revisions\/3154"}],"up":[{"embeddable":true,"href":"https:\/\/proandpro.se\/en\/wp-json\/wp\/v2\/pages\/287"}],"wp:attachment":[{"href":"https:\/\/proandpro.se\/en\/wp-json\/wp\/v2\/media?parent=3133"}],"wp:term":[{"taxonomy":"folder","embeddable":true,"href":"https:\/\/proandpro.se\/en\/wp-json\/wp\/v2\/folder?post=3133"}],"curies":[{"name":"wp","href":"https:\/\/api.w.org\/{rel}","templated":true}]}}