{"id":3131,"date":"2016-11-03T17:49:30","date_gmt":"2016-11-03T17:49:30","guid":{"rendered":"http:\/\/proandpro.se\/?page_id=3131"},"modified":"2016-11-03T19:16:28","modified_gmt":"2016-11-03T19:16:28","slug":"projekt-och-programledning","status":"publish","type":"page","link":"https:\/\/proandpro.se\/en\/erbjudanden\/projektutveckling\/projekt-och-programledning\/","title":{"rendered":"Projekt- och programledning"},"content":{"rendered":"<p>[et_pb_section admin_label=&#8221;section&#8221; transparent_background=&#8221;off&#8221; allow_player_pause=&#8221;off&#8221; inner_shadow=&#8221;off&#8221; parallax=&#8221;off&#8221; parallax_method=&#8221;off&#8221; custom_padding=&#8221;0|0&#8243; padding_mobile=&#8221;off&#8221; make_fullwidth=&#8221;off&#8221; use_custom_width=&#8221;off&#8221; width_unit=&#8221;on&#8221; make_equal=&#8221;off&#8221; use_custom_gutter=&#8221;off&#8221;][et_pb_row admin_label=&#8221;row&#8221; make_fullwidth=&#8221;off&#8221; use_custom_width=&#8221;off&#8221; width_unit=&#8221;on&#8221; use_custom_gutter=&#8221;off&#8221; custom_padding=&#8221;2|0&#8243; padding_mobile=&#8221;off&#8221; allow_player_pause=&#8221;off&#8221; parallax=&#8221;off&#8221; parallax_method=&#8221;off&#8221; make_equal=&#8221;off&#8221;][et_pb_column type=&#8221;4_4&#8243;][et_pb_image admin_label=&#8221;Bild&#8221; src=&#8221;https:\/\/media.proandpro.se\/2013\/01\/DSC_1344-1280&#215;848-e1439827793152.jpg&#8221; show_in_lightbox=&#8221;off&#8221; url_new_window=&#8221;off&#8221; animation=&#8221;off&#8221; sticky=&#8221;off&#8221; align=&#8221;center&#8221; force_fullwidth=&#8221;on&#8221; always_center_on_mobile=&#8221;on&#8221; use_border_color=&#8221;off&#8221; border_color=&#8221;#ffffff&#8221; border_style=&#8221;solid&#8221;] [\/et_pb_image][\/et_pb_column][\/et_pb_row][et_pb_row admin_label=&#8221;row&#8221; make_fullwidth=&#8221;off&#8221; use_custom_width=&#8221;off&#8221; width_unit=&#8221;on&#8221; use_custom_gutter=&#8221;off&#8221; custom_padding=&#8221;|&#8221; padding_mobile=&#8221;off&#8221; allow_player_pause=&#8221;off&#8221; parallax=&#8221;off&#8221; parallax_method=&#8221;off&#8221; make_equal=&#8221;off&#8221;][et_pb_column type=&#8221;3_4&#8243;][et_pb_text admin_label=&#8221;Text&#8221; background_layout=&#8221;light&#8221; text_orientation=&#8221;left&#8221; use_border_color=&#8221;off&#8221; border_color=&#8221;#ffffff&#8221; border_style=&#8221;solid&#8221;]<\/p>\n<h3>Projekt- och programledning<\/h3>\n<p>Inom ramen f\u00f6r verksamhetsutveckling erbjuder vi projekt- och programledning. Organisationer genomf\u00f6r vanligtvis st\u00f6rre utveckling i arbetsformen projekt. Projektledaren har en mycket viktig roll och p\u00e5verkar i stor utstr\u00e4ckning om ett projekt blir framg\u00e5ngsrikt eller inte. Duktiga projektledare beh\u00f6ver ha m\u00e5nga verktyg f\u00f6r att projektet ska leverera f\u00f6rv\u00e4ntat resultat. Dels beh\u00f6ver projektledaren entusiasmera, kommunicera, f\u00f6rst\u00e5 gruppdynamik, skapa trivsel och engagemang hos projektgruppen. Det \u00e4r ocks\u00e5 av avg\u00f6rande betydelse att ha god kunskap i styr- och projektmodeller f\u00f6r att d\u00e4rmed skapa goda f\u00f6ruts\u00e4ttningar f\u00f6r projektgruppen att leverera.<\/p>\n<p>En duktig projektledare beh\u00f6ver vara en god ledare, ha god struktur och planering samt ha f\u00f6rst\u00e5else f\u00f6r verksamhetsomr\u00e5det f\u00f6r att d\u00e4rmed kunna f\u00f6rst\u00e5 problem och m\u00f6jligheter.<\/p>\n<p>Ett lyckat projekt fr\u00e5n start till m\u00e5l inneb\u00e4r att m\u00e5len uppn\u00e5s, resurserna r\u00e4cker till och tidsplanen h\u00e5lls. Men det viktigaste av allt f\u00f6r verksamheten \u00e4r att de aff\u00e4rs- eller verksamhetseffekter som projektet syftar till att n\u00e5 verkligen uppn\u00e5s. D\u00e4rf\u00f6r beh\u00f6ver projektets styrgrupp tillsammans med projektledaren verkligen f\u00f6rst\u00e5 dessa aff\u00e4rs- och verksamhetseffekter. I planeringen av projektet utg\u00e5r vi fr\u00e5n organisationens och individernas\u00a0f\u00f6ruts\u00e4ttningar f\u00f6r att anpassa arbetss\u00e4ttet i projektet. Vi f\u00f6respr\u00e5kar ett agilt arbetss\u00e4tt d\u00e4r projektet jobbar med kontinuerliga leveranser f\u00f6r att leverera m\u00e5l och aff\u00e4reffekter.<\/p>\n<p>Pro&amp;Pro erbjuder projektledning f\u00f6r st\u00f6rre satsningar eller programledning av ett st\u00f6rre satsningsomr\u00e5de. Valet av projektstyrningsmodell sker i dialog med kunden men sj\u00e4lvklart tar vi in v\u00e5ra tankar och erfarenheter kring ledarskap och individutveckling, t.ex. skapa vinnande team med gemensamma m\u00e5l och visioner, leda globalt och p\u00e5 distans etc. Vi erbjuder ocks\u00e5 att ta del av v\u00e5ra erfarenheter och v\u00e5ra modeller kring styrning och projektgenomf\u00f6rande<\/p>\n<p>&nbsp;<\/p>\n<p>[\/et_pb_text][\/et_pb_column][et_pb_column type=&#8221;1_4&#8243;][et_pb_sidebar admin_label=&#8221;Sidof\u00e4lt&#8221; orientation=&#8221;left&#8221; area=&#8221;et_pb_widget_area_10&#8243; background_layout=&#8221;light&#8221; remove_border=&#8221;off&#8221;] [\/et_pb_sidebar][et_pb_text admin_label=&#8221;Text&#8221; background_layout=&#8221;light&#8221; text_orientation=&#8221;left&#8221; use_border_color=&#8221;off&#8221; border_color=&#8221;#ffffff&#8221; border_style=&#8221;solid&#8221;]<\/p>\n<h3>Kundcase<\/h3>\n<p>Tillsammans med en statlig myndighet har vi genomf\u00f6rt en verksamhetsanalys inklusive en processkartl\u00e4ggning med syfte att f\u00f6rb\u00e4ttra och effektivisera en tj\u00e4nst utifr\u00e5n en stor kundtillstr\u00f6mning. Analysen resulterade i flera f\u00f6rb\u00e4ttringsf\u00f6rslag som sedan implementerats i verksamheten.<\/p>\n<p>[\/et_pb_text][et_pb_contact_form admin_label=&#8221;Kontaktformul\u00e4r&#8221; captcha=&#8221;off&#8221; use_border_color=&#8221;off&#8221; border_color=&#8221;#ffffff&#8221; border_style=&#8221;solid&#8221; custom_button=&#8221;on&#8221; button_letter_spacing=&#8221;0&#8243; button_use_icon=&#8221;default&#8221; button_icon_placement=&#8221;right&#8221; button_on_hover=&#8221;on&#8221; button_letter_spacing_hover=&#8221;0&#8243; email=&#8221;markus.marklund@proandpro.se&#8221; title=&#8221;Kontakta oss&#8221; button_text_size=&#8221;16&#8243; button_border_color=&#8221;rgba(99,104,103,0.14)&#8221; button_text_color=&#8221;#2b2b2b&#8221;] [\/et_pb_contact_form][\/et_pb_column][\/et_pb_row][\/et_pb_section]<\/p>\n","protected":false},"excerpt":{"rendered":"<p>Projekt- och programledning Inom ramen f\u00f6r verksamhetsutveckling erbjuder vi projekt- och programledning. Organisationer genomf\u00f6r vanligtvis st\u00f6rre utveckling i arbetsformen projekt. Projektledaren har en mycket viktig roll och p\u00e5verkar i stor utstr\u00e4ckning om ett projekt blir framg\u00e5ngsrikt eller inte. Duktiga projektledare beh\u00f6ver ha m\u00e5nga verktyg f\u00f6r att projektet ska leverera f\u00f6rv\u00e4ntat resultat. Dels beh\u00f6ver projektledaren entusiasmera, [&hellip;]<\/p>\n","protected":false},"author":1,"featured_media":0,"parent":287,"menu_order":3,"comment_status":"closed","ping_status":"closed","template":"","meta":{"_et_pb_use_builder":"on","_et_pb_old_content":"<p>Inom ramen f\u00f6r verksamhetsutveckling erbjuder vi projekt- och programledning. Organisationer genomf\u00f6r vanligtvis st\u00f6rre utveckling i arbetsformen projekt. Projektledaren har en mycket viktig roll och p\u00e5verkar i stor utstr\u00e4ckning om ett projekt blir framg\u00e5ngsrikt eller inte. Duktiga projektledare beh\u00f6ver ha m\u00e5nga verktyg f\u00f6r att projektet ska leverera f\u00f6rv\u00e4ntat resultat. Dels beh\u00f6ver projektledaren entusiasmera, kommunicera, f\u00f6rst\u00e5 gruppdynamik, skapa trivsel och engagemang hos projektgruppen. Det \u00e4r ocks\u00e5 av avg\u00f6rande betydelse att ha god kunskap i styr- och projektmodeller f\u00f6r att d\u00e4rmed skapa goda f\u00f6ruts\u00e4ttningar f\u00f6r projektgruppen att leverera.<\/p><p>En duktig projektledare beh\u00f6ver vara en god ledare, ha god struktur och planering samt ha f\u00f6rst\u00e5else f\u00f6r verksamhetsomr\u00e5det f\u00f6r att d\u00e4rmed kunna f\u00f6rst\u00e5 problem och m\u00f6jligheter.<\/p><p>Ett lyckat projekt fr\u00e5n start till m\u00e5l inneb\u00e4r att m\u00e5len uppn\u00e5s, resurserna r\u00e4cker till och tidsplanen h\u00e5lls. Men det viktigaste av allt f\u00f6r verksamheten \u00e4r att de aff\u00e4rs- eller verksamhetseffekter som projektet syftar till att n\u00e5 verkligen uppn\u00e5s. D\u00e4rf\u00f6r beh\u00f6ver projektets styrgrupp tillsammans med projektledaren verkligen f\u00f6rst\u00e5 dessa aff\u00e4rs- och verksamhetseffekter.<\/p><p>Pro&Pro erbjuder projektledning f\u00f6r st\u00f6rre satsningar eller programledning av ett st\u00f6rre satsningsomr\u00e5de. Valet av projektstyrningsmodell sker i dialog med kunden men sj\u00e4lvklart tar vi in v\u00e5ra tankar och erfarenheter kring ledarskap och individutveckling, t.ex. skapa vinnande team med gemensamma m\u00e5l och visioner, leda globalt och p\u00e5 distans etc. Vi erbjuder ocks\u00e5 att ta del av v\u00e5ra erfarenheter och v\u00e5ra modeller kring styrning och projektgenomf\u00f6rande<\/p>","_et_gb_content_width":"","footnotes":""},"folder":[96],"class_list":["post-3131","page","type-page","status-publish","hentry"],"_links":{"self":[{"href":"https:\/\/proandpro.se\/en\/wp-json\/wp\/v2\/pages\/3131","targetHints":{"allow":["GET"]}}],"collection":[{"href":"https:\/\/proandpro.se\/en\/wp-json\/wp\/v2\/pages"}],"about":[{"href":"https:\/\/proandpro.se\/en\/wp-json\/wp\/v2\/types\/page"}],"author":[{"embeddable":true,"href":"https:\/\/proandpro.se\/en\/wp-json\/wp\/v2\/users\/1"}],"replies":[{"embeddable":true,"href":"https:\/\/proandpro.se\/en\/wp-json\/wp\/v2\/comments?post=3131"}],"version-history":[{"count":3,"href":"https:\/\/proandpro.se\/en\/wp-json\/wp\/v2\/pages\/3131\/revisions"}],"predecessor-version":[{"id":3152,"href":"https:\/\/proandpro.se\/en\/wp-json\/wp\/v2\/pages\/3131\/revisions\/3152"}],"up":[{"embeddable":true,"href":"https:\/\/proandpro.se\/en\/wp-json\/wp\/v2\/pages\/287"}],"wp:attachment":[{"href":"https:\/\/proandpro.se\/en\/wp-json\/wp\/v2\/media?parent=3131"}],"wp:term":[{"taxonomy":"folder","embeddable":true,"href":"https:\/\/proandpro.se\/en\/wp-json\/wp\/v2\/folder?post=3131"}],"curies":[{"name":"wp","href":"https:\/\/api.w.org\/{rel}","templated":true}]}}