{"id":3128,"date":"2016-11-03T17:46:33","date_gmt":"2016-11-03T17:46:33","guid":{"rendered":"http:\/\/proandpro.se\/?page_id=3128"},"modified":"2016-11-03T19:11:04","modified_gmt":"2016-11-03T19:11:04","slug":"verksamhetsarkitekt","status":"publish","type":"page","link":"https:\/\/proandpro.se\/en\/erbjudanden\/projektutveckling\/verksamhetsarkitekt\/","title":{"rendered":"Verksamhetsarkitektur"},"content":{"rendered":"<p>[et_pb_section admin_label=&#8221;section&#8221; transparent_background=&#8221;off&#8221; allow_player_pause=&#8221;off&#8221; inner_shadow=&#8221;off&#8221; parallax=&#8221;off&#8221; parallax_method=&#8221;off&#8221; custom_padding=&#8221;0|0&#8243; padding_mobile=&#8221;off&#8221; make_fullwidth=&#8221;off&#8221; use_custom_width=&#8221;off&#8221; width_unit=&#8221;on&#8221; make_equal=&#8221;off&#8221; use_custom_gutter=&#8221;off&#8221;][et_pb_row admin_label=&#8221;row&#8221; make_fullwidth=&#8221;off&#8221; use_custom_width=&#8221;off&#8221; width_unit=&#8221;on&#8221; use_custom_gutter=&#8221;off&#8221; custom_padding=&#8221;2|0&#8243; padding_mobile=&#8221;off&#8221; allow_player_pause=&#8221;off&#8221; parallax=&#8221;off&#8221; parallax_method=&#8221;off&#8221; make_equal=&#8221;off&#8221;][et_pb_column type=&#8221;4_4&#8243;][et_pb_image admin_label=&#8221;Bild&#8221; src=&#8221;https:\/\/media.proandpro.se\/2013\/01\/DSC_1344-1280&#215;848-e1439827793152.jpg&#8221; show_in_lightbox=&#8221;off&#8221; url_new_window=&#8221;off&#8221; animation=&#8221;off&#8221; sticky=&#8221;off&#8221; align=&#8221;center&#8221; force_fullwidth=&#8221;on&#8221; always_center_on_mobile=&#8221;on&#8221; use_border_color=&#8221;off&#8221; border_color=&#8221;#ffffff&#8221; border_style=&#8221;solid&#8221;] [\/et_pb_image][\/et_pb_column][\/et_pb_row][et_pb_row admin_label=&#8221;row&#8221; make_fullwidth=&#8221;off&#8221; use_custom_width=&#8221;off&#8221; width_unit=&#8221;on&#8221; use_custom_gutter=&#8221;off&#8221; custom_padding=&#8221;|&#8221; padding_mobile=&#8221;off&#8221; allow_player_pause=&#8221;off&#8221; parallax=&#8221;off&#8221; parallax_method=&#8221;off&#8221; make_equal=&#8221;off&#8221;][et_pb_column type=&#8221;3_4&#8243;][et_pb_text admin_label=&#8221;Text&#8221; background_layout=&#8221;light&#8221; text_orientation=&#8221;left&#8221; use_border_color=&#8221;off&#8221; border_color=&#8221;#ffffff&#8221; border_style=&#8221;solid&#8221;]<\/p>\n<h3>Verksamhetsarkitektur<\/h3>\n<p>Inom ramen f\u00f6r verksamhetsutveckling erbjuder vi verksamhetsarkitektur och processutveckling.\u00a0En\u00a0bra verksamhetsarkitektur skapar goda f\u00f6ruts\u00e4ttningar f\u00f6r snabb och enkel produkt- och verksamhetsutveckling, h\u00f6g informationskvalitet och att verksamheten st\u00f6ds av r\u00e4tt organisation och system. En organisation med en bra verksamhetsarkitektur kan snabbt anpassa verksamheten och svara p\u00e5 nya marknads- eller omv\u00e4rldskrav.<\/p>\n<p>Alltf\u00f6r ofta ser vi att organisationer utv\u00e4rderar och inf\u00f6r nya tekniska system utan att f\u00f6rst g\u00e5tt igenom verksamhetsarkitekturen som dessa system ska st\u00f6dja. En genomarbetat och tydlig verksamhetsarkitektur \u00e4r ocks\u00e5 utg\u00e5ngspunkt till bra samarbete mellan verksamhet och IT.<\/p>\n<p>Verksamhetsarkitekten har en viktig uppgift att v\u00e4ga samman verksamhetens behov, drivkrafter, strategier, prioriteringar och information f\u00f6r att utifr\u00e5n dessa utforma l\u00e4mpliga processer och realiseringar.<\/p>\n<p>Verksamhetsarkitekten utg\u00e5r du fr\u00e5n f\u00f6retagets verksamhetsprocesser. Om inte dessa finns dokumenterade hj\u00e4lper vi kunderna med att kartl\u00e4gga och dokumentera processerna som underlag f\u00f6r fortsatt processutveckling. Genomarbetade processer d\u00e4r verksamheten har kunskap och en gemensam bild av dessa \u00e4r centralt f\u00f6r att skapa en effektiv verksamhet.<\/p>\n<p>Vi anv\u00e4nder en bepr\u00f6vad metod och verktyg f\u00f6r processkartl\u00e4ggning och processanalys.<\/p>\n<p>Vi har certifierade aff\u00e4rs- och verksamhetsarkitekter med erfarenhet fr\u00e5n s\u00e5v\u00e4l offentlig som privat verksamhet.<\/p>\n<p>[\/et_pb_text][\/et_pb_column][et_pb_column type=&#8221;1_4&#8243;][et_pb_sidebar admin_label=&#8221;Sidof\u00e4lt&#8221; orientation=&#8221;left&#8221; area=&#8221;et_pb_widget_area_10&#8243; background_layout=&#8221;light&#8221; remove_border=&#8221;off&#8221;] [\/et_pb_sidebar][et_pb_text admin_label=&#8221;Text&#8221; background_layout=&#8221;light&#8221; text_orientation=&#8221;left&#8221; use_border_color=&#8221;off&#8221; border_color=&#8221;#ffffff&#8221; border_style=&#8221;solid&#8221;]<\/p>\n<h3>Kundcase<\/h3>\n<p>Tillsammans med en statlig myndighet har vi genomf\u00f6rt en verksamhetsanalys inklusive en processkartl\u00e4ggning med syfte att f\u00f6rb\u00e4ttra och effektivisera en tj\u00e4nst utifr\u00e5n en stor kundtillstr\u00f6mning. Analysen resulterade i flera f\u00f6rb\u00e4ttringsf\u00f6rslag som sedan implementerats i verksamheten.<\/p>\n<p>[\/et_pb_text][et_pb_contact_form admin_label=&#8221;Kontaktformul\u00e4r&#8221; captcha=&#8221;off&#8221; use_border_color=&#8221;off&#8221; border_color=&#8221;#ffffff&#8221; border_style=&#8221;solid&#8221; custom_button=&#8221;on&#8221; button_letter_spacing=&#8221;0&#8243; button_use_icon=&#8221;default&#8221; button_icon_placement=&#8221;right&#8221; button_on_hover=&#8221;on&#8221; button_letter_spacing_hover=&#8221;0&#8243; email=&#8221;markus.marklund@proandpro.se&#8221; title=&#8221;Kontakta oss&#8221; button_text_size=&#8221;16&#8243; button_border_color=&#8221;rgba(99,104,103,0.14)&#8221; button_text_color=&#8221;#2b2b2b&#8221;] [\/et_pb_contact_form][\/et_pb_column][\/et_pb_row][\/et_pb_section]<\/p>\n","protected":false},"excerpt":{"rendered":"<p>Verksamhetsarkitektur Inom ramen f\u00f6r verksamhetsutveckling erbjuder vi verksamhetsarkitektur och processutveckling.\u00a0En\u00a0bra verksamhetsarkitektur skapar goda f\u00f6ruts\u00e4ttningar f\u00f6r snabb och enkel produkt- och verksamhetsutveckling, h\u00f6g informationskvalitet och att verksamheten st\u00f6ds av r\u00e4tt organisation och system. En organisation med en bra verksamhetsarkitektur kan snabbt anpassa verksamheten och svara p\u00e5 nya marknads- eller omv\u00e4rldskrav. Alltf\u00f6r ofta ser vi att organisationer [&hellip;]<\/p>\n","protected":false},"author":1,"featured_media":0,"parent":287,"menu_order":1,"comment_status":"closed","ping_status":"closed","template":"","meta":{"_et_pb_use_builder":"on","_et_pb_old_content":"","_et_gb_content_width":"","footnotes":""},"folder":[96],"class_list":["post-3128","page","type-page","status-publish","hentry"],"_links":{"self":[{"href":"https:\/\/proandpro.se\/en\/wp-json\/wp\/v2\/pages\/3128","targetHints":{"allow":["GET"]}}],"collection":[{"href":"https:\/\/proandpro.se\/en\/wp-json\/wp\/v2\/pages"}],"about":[{"href":"https:\/\/proandpro.se\/en\/wp-json\/wp\/v2\/types\/page"}],"author":[{"embeddable":true,"href":"https:\/\/proandpro.se\/en\/wp-json\/wp\/v2\/users\/1"}],"replies":[{"embeddable":true,"href":"https:\/\/proandpro.se\/en\/wp-json\/wp\/v2\/comments?post=3128"}],"version-history":[{"count":3,"href":"https:\/\/proandpro.se\/en\/wp-json\/wp\/v2\/pages\/3128\/revisions"}],"predecessor-version":[{"id":3151,"href":"https:\/\/proandpro.se\/en\/wp-json\/wp\/v2\/pages\/3128\/revisions\/3151"}],"up":[{"embeddable":true,"href":"https:\/\/proandpro.se\/en\/wp-json\/wp\/v2\/pages\/287"}],"wp:attachment":[{"href":"https:\/\/proandpro.se\/en\/wp-json\/wp\/v2\/media?parent=3128"}],"wp:term":[{"taxonomy":"folder","embeddable":true,"href":"https:\/\/proandpro.se\/en\/wp-json\/wp\/v2\/folder?post=3128"}],"curies":[{"name":"wp","href":"https:\/\/api.w.org\/{rel}","templated":true}]}}