{"id":287,"date":"2013-01-12T19:38:18","date_gmt":"2013-01-12T19:38:18","guid":{"rendered":"http:\/\/proandpro.se\/?page_id=287"},"modified":"2018-03-05T12:16:57","modified_gmt":"2018-03-05T12:16:57","slug":"projektutveckling","status":"publish","type":"page","link":"https:\/\/proandpro.se\/en\/erbjudanden\/projektutveckling\/","title":{"rendered":"Verksamhetsutveckling"},"content":{"rendered":"<p>[et_pb_section bb_built=&#8221;1&#8243; admin_label=&#8221;section&#8221; transparent_background=&#8221;off&#8221; allow_player_pause=&#8221;off&#8221; inner_shadow=&#8221;off&#8221; parallax=&#8221;off&#8221; parallax_method=&#8221;off&#8221; custom_padding=&#8221;0||0|&#8221; padding_mobile=&#8221;off&#8221; make_fullwidth=&#8221;off&#8221; use_custom_width=&#8221;off&#8221; width_unit=&#8221;on&#8221; make_equal=&#8221;off&#8221; use_custom_gutter=&#8221;off&#8221; custom_padding_tablet=&#8221;50px|0|50px|0&#8243; custom_padding_last_edited=&#8221;on|desktop&#8221; prev_background_color=&#8221;#000000&#8243; next_background_color=&#8221;#000000&#8243;][et_pb_row admin_label=&#8221;row&#8221; make_fullwidth=&#8221;off&#8221; use_custom_width=&#8221;off&#8221; width_unit=&#8221;on&#8221; use_custom_gutter=&#8221;off&#8221; custom_padding=&#8221;2|0&#8243; padding_mobile=&#8221;off&#8221; allow_player_pause=&#8221;off&#8221; parallax=&#8221;off&#8221; parallax_method=&#8221;off&#8221; make_equal=&#8221;off&#8221; background_position=&#8221;top_left&#8221; background_repeat=&#8221;repeat&#8221; background_size=&#8221;initial&#8221;][et_pb_column type=&#8221;4_4&#8243;][et_pb_image src=&#8221;https:\/\/media.proandpro.se\/2013\/01\/DSC_1344-1280&#215;848-e1439827793152.jpg&#8221; show_in_lightbox=&#8221;off&#8221; url_new_window=&#8221;off&#8221; animation=&#8221;off&#8221; sticky=&#8221;off&#8221; align=&#8221;center&#8221; force_fullwidth=&#8221;on&#8221; always_center_on_mobile=&#8221;on&#8221; use_border_color=&#8221;off&#8221; border_color=&#8221;#ffffff&#8221; border_style=&#8221;solid&#8221; animation_style=&#8221;none&#8221; animation_duration=&#8221;1000ms&#8221; animation_intensity_slide=&#8221;50%&#8221; show_bottom_space=&#8221;on&#8221; \/][\/et_pb_column][\/et_pb_row][et_pb_row admin_label=&#8221;row&#8221; make_fullwidth=&#8221;off&#8221; use_custom_width=&#8221;off&#8221; width_unit=&#8221;on&#8221; use_custom_gutter=&#8221;off&#8221; custom_padding=&#8221;|&#8221; padding_mobile=&#8221;off&#8221; allow_player_pause=&#8221;off&#8221; parallax=&#8221;off&#8221; parallax_method=&#8221;off&#8221; make_equal=&#8221;off&#8221; background_position=&#8221;top_left&#8221; background_repeat=&#8221;repeat&#8221; background_size=&#8221;initial&#8221;][et_pb_column type=&#8221;3_4&#8243;][et_pb_text background_layout=&#8221;light&#8221; text_orientation=&#8221;left&#8221; use_border_color=&#8221;off&#8221; border_color=&#8221;#ffffff&#8221; border_style=&#8221;solid&#8221; background_position=&#8221;top_left&#8221; background_repeat=&#8221;repeat&#8221; background_size=&#8221;initial&#8221;]<\/p>\n<h3>Verksamhetsutveckling<\/h3>\n<p>Inom verksamhetsutveckling har vi samlat v\u00e5r kompetens och v\u00e5ra koncept som syftar till att f\u00f6rb\u00e4ttra och effektivisera verksamheten utifr\u00e5n ett f\u00f6r\u00e4ndringsbehov. Genom v\u00e5r erfarenhet, v\u00e5rt arbetss\u00e4tt och metodik kan komplicerade verksamhetsutmaningar l\u00f6sas f\u00f6r att skapa en b\u00e4ttre verksamhet och uppn\u00e5 uppsatta m\u00e5l.<\/p>\n<p>Verksamhetsutveckling inneb\u00e4r\u00a0att realisera de\u00a0f\u00f6r\u00e4ndringar som kr\u00e4vs f\u00f6r att den lagda strategin, f\u00f6rnyelsen och ambitionen i aff\u00e4r och verksamhet ska kunna f\u00f6rverkligas och leverera det \u00f6nskade.\u00a0Att g\u00e5 fr\u00e5n genomarbetade strategier, planer och ambitioner f\u00f6r f\u00f6rnyelse upplevs som en tuff utmaning och st\u00e4ller h\u00f6ga krav p\u00e5 att effektivt kunna genomf\u00f6ra utveckling av\u00a0processer, kompetens, organisation, ledning och styrning, produktutveckling, IT och annan infrastruktur.<\/p>\n<p>Inom verksamhetsutveckling erbjuder vi:<\/p>\n<ul>\n<li>Verksamhetsarkitektur<\/li>\n<li>Ledningssystem<\/li>\n<li>Projekt- och programledning<\/li>\n<li>Projekt- och portf\u00f6ljplanering<\/li>\n<li>F\u00f6ljeforskning<\/li>\n<\/ul>\n<p>[\/et_pb_text][\/et_pb_column][et_pb_column type=&#8221;1_4&#8243;][et_pb_sidebar orientation=&#8221;left&#8221; area=&#8221;et_pb_widget_area_10&#8243; background_layout=&#8221;light&#8221; remove_border=&#8221;off&#8221; show_border=&#8221;on&#8221; \/][et_pb_text background_layout=&#8221;light&#8221; text_orientation=&#8221;left&#8221; use_border_color=&#8221;off&#8221; border_color=&#8221;#ffffff&#8221; border_style=&#8221;solid&#8221; background_position=&#8221;top_left&#8221; background_repeat=&#8221;repeat&#8221; background_size=&#8221;initial&#8221;]<\/p>\n<h3>Kundcase<\/h3>\n<p>Tillsammans med en statlig myndighet har vi genomf\u00f6rt en verksamhetsanalys inklusive en processkartl\u00e4ggning med syfte att f\u00f6rb\u00e4ttra och effektivisera en tj\u00e4nst utifr\u00e5n en stor kundtillstr\u00f6mning. Analysen resulterade i flera f\u00f6rb\u00e4ttringsf\u00f6rslag som sedan implementerats i verksamheten.<\/p>\n<p>[\/et_pb_text][et_pb_contact_form captcha=&#8221;off&#8221; use_border_color=&#8221;off&#8221; custom_button=&#8221;on&#8221; button_icon_placement=&#8221;right&#8221; email=&#8221;markus.marklund@proandpro.se&#8221; title=&#8221;Kontakta oss&#8221; button_text_size=&#8221;16&#8243; button_border_color=&#8221;rgba(99,104,103,0.14)&#8221; button_text_color=&#8221;#2b2b2b&#8221; _builder_version=&#8221;3.0.105&#8243; use_redirect=&#8221;off&#8221;][et_pb_contact_field field_title=&#8221;Namn&#8221; field_type=&#8221;input&#8221; field_id=&#8221;Name&#8221; required_mark=&#8221;on&#8221; fullwidth_field=&#8221;off&#8221; _builder_version=&#8221;3.0.105&#8243; \/][et_pb_contact_field field_title=&#8221;E-postadress&#8221; field_type=&#8221;email&#8221; field_id=&#8221;Email&#8221; required_mark=&#8221;on&#8221; fullwidth_field=&#8221;on&#8221; _builder_version=&#8221;3.0.105&#8243; checkbox_checked=&#8221;off&#8221; checkbox_options=&#8221;%91{%22value%22:%22E-postadress%22,%22checked%22:0}%93&#8243; radio_options=&#8221;%91{%22value%22:%22E-postadress%22,%22checked%22:0}%93&#8243; select_options=&#8221;%91{%22value%22:%22E-postadress%22,%22checked%22:0}%93&#8243; min_length=&#8221;0&#8243; max_length=&#8221;0&#8243; allowed_symbols=&#8221;all&#8221; conditional_logic=&#8221;off&#8221; conditional_logic_relation=&#8221;off&#8221; conditional_logic_rules=&#8221;%91{%22field%22:%22name%22,%22condition%22:%22is%22,%22value%22:%22%22}%93&#8243; use_background_color_gradient=&#8221;off&#8221; background_color_gradient_start=&#8221;#2b87da&#8221; background_color_gradient_end=&#8221;#29c4a9&#8243; background_color_gradient_type=&#8221;linear&#8221; background_color_gradient_direction=&#8221;180deg&#8221; background_color_gradient_direction_radial=&#8221;center&#8221; background_color_gradient_start_position=&#8221;0%&#8221; background_color_gradient_end_position=&#8221;100%&#8221; background_color_gradient_overlays_image=&#8221;off&#8221; parallax=&#8221;off&#8221; parallax_method=&#8221;on&#8221; background_size=&#8221;cover&#8221; background_position=&#8221;center&#8221; background_repeat=&#8221;no-repeat&#8221; background_blend=&#8221;normal&#8221; allow_player_pause=&#8221;off&#8221; background_video_pause_outside_viewport=&#8221;on&#8221; form_field_text_shadow_style=&#8221;none&#8221; box_shadow_style=&#8221;none&#8221; \/][et_pb_contact_field field_title=&#8221;Meddelande&#8221; field_type=&#8221;text&#8221; field_id=&#8221;Message&#8221; required_mark=&#8221;on&#8221; fullwidth_field=&#8221;on&#8221; _builder_version=&#8221;3.0.105&#8243; \/][\/et_pb_contact_form][\/et_pb_column][\/et_pb_row][\/et_pb_section]<\/p>\n","protected":false},"excerpt":{"rendered":"<p>Verksamhetsutveckling Inom verksamhetsutveckling har vi samlat v\u00e5r kompetens och v\u00e5ra koncept som syftar till att f\u00f6rb\u00e4ttra och effektivisera verksamheten utifr\u00e5n ett f\u00f6r\u00e4ndringsbehov. Genom v\u00e5r erfarenhet, v\u00e5rt arbetss\u00e4tt och metodik kan komplicerade verksamhetsutmaningar l\u00f6sas f\u00f6r att skapa en b\u00e4ttre verksamhet och uppn\u00e5 uppsatta m\u00e5l. Verksamhetsutveckling inneb\u00e4r\u00a0att realisera de\u00a0f\u00f6r\u00e4ndringar som kr\u00e4vs f\u00f6r att den lagda strategin, f\u00f6rnyelsen [&hellip;]<\/p>\n","protected":false},"author":1,"featured_media":0,"parent":3689,"menu_order":4,"comment_status":"closed","ping_status":"closed","template":"","meta":{"_et_pb_use_builder":"on","_et_pb_old_content":"<p>Vi har m\u00e5ng\u00e5rig erfarenhet av kvalificerad projektutveckling.<\/p><ul><li>Projektstrategi<\/li><li><span style=\"line-height: 1.5em;\">Ledning och styrning<\/span><\/li><li><span style=\"line-height: 1.5em;\">Projektbest\u00e4llare<\/span><\/li><li><span style=\"line-height: 1.5em;\">Projektplanering <\/span><\/li><li><span style=\"line-height: 1.5em;\">Projektledning<\/span><\/li><li><span style=\"line-height: 1.5em;\"> Programledning<\/span><\/li><\/ul><p><span style=\"line-height: 1.5em;\">V\u00e5r erfarenhet av projektarbete omfattar <\/span>f\u00f6ljande<span style=\"line-height: 1.5em;\">\u00a0omr\u00e5den:<\/span><\/p><ul><li>Aff\u00e4rsutveckling och strategiska utredningar<\/li><li>Marknadslanseringar och kundprojekt b\u00e5de inom B2C respektive B2B<\/li><li>Produktutveckling inklusive leverant\u00f6rsrelationer<\/li><li>Organisations- och verksamhetsutveckling<\/li><li>System och IT utveckling inklusive kommersiella leverant\u00f6rskontakter<\/li><\/ul><p>Om du beh\u00f6ver utveckla din projektverksamhet erbjuder vi ett flertal tj\u00e4nster med det gemensamma syftet att f\u00f6rb\u00e4ttra f\u00f6retaget eller organisationens projektrelaterade arbete.<\/p>","_et_gb_content_width":"","footnotes":""},"folder":[96],"class_list":["post-287","page","type-page","status-publish","hentry"],"_links":{"self":[{"href":"https:\/\/proandpro.se\/en\/wp-json\/wp\/v2\/pages\/287","targetHints":{"allow":["GET"]}}],"collection":[{"href":"https:\/\/proandpro.se\/en\/wp-json\/wp\/v2\/pages"}],"about":[{"href":"https:\/\/proandpro.se\/en\/wp-json\/wp\/v2\/types\/page"}],"author":[{"embeddable":true,"href":"https:\/\/proandpro.se\/en\/wp-json\/wp\/v2\/users\/1"}],"replies":[{"embeddable":true,"href":"https:\/\/proandpro.se\/en\/wp-json\/wp\/v2\/comments?post=287"}],"version-history":[{"count":22,"href":"https:\/\/proandpro.se\/en\/wp-json\/wp\/v2\/pages\/287\/revisions"}],"predecessor-version":[{"id":4400,"href":"https:\/\/proandpro.se\/en\/wp-json\/wp\/v2\/pages\/287\/revisions\/4400"}],"up":[{"embeddable":true,"href":"https:\/\/proandpro.se\/en\/wp-json\/wp\/v2\/pages\/3689"}],"wp:attachment":[{"href":"https:\/\/proandpro.se\/en\/wp-json\/wp\/v2\/media?parent=287"}],"wp:term":[{"taxonomy":"folder","embeddable":true,"href":"https:\/\/proandpro.se\/en\/wp-json\/wp\/v2\/folder?post=287"}],"curies":[{"name":"wp","href":"https:\/\/api.w.org\/{rel}","templated":true}]}}