{"id":2562,"date":"2022-06-30T08:43:07","date_gmt":"2022-06-30T08:43:07","guid":{"rendered":"http:\/\/protopro.se\/?page_id=2562"},"modified":"2023-09-20T11:55:26","modified_gmt":"2023-09-20T11:55:26","slug":"policy-for-personuppgifter","status":"publish","type":"page","link":"https:\/\/proandpro.se\/en\/om-oss\/policy-for-personuppgifter\/","title":{"rendered":"Policy f\u00f6r personuppgifter"},"content":{"rendered":"<p>[et_pb_section fb_built=&#8221;1&#8243; _builder_version=&#8221;4.17.6&#8243; _module_preset=&#8221;default&#8221; background_color=&#8221;rgba(0,0,0,0.55)&#8221; background_image=&#8221;https:\/\/media.proandpro.se\/2022\/06\/DSC_3620EDITED-scaled.jpg&#8221; background_blend=&#8221;overlay&#8221; custom_css_main_element=&#8221;min-height: calc(60vh);||display: flex;||flex-direction: column;||&#8221; locked=&#8221;off&#8221; global_colors_info=&#8221;{}&#8221;][et_pb_row _builder_version=&#8221;4.17.4&#8243; _module_preset=&#8221;default&#8221; background_enable_image=&#8221;off&#8221; width_tablet=&#8221;&#8221; width_phone=&#8221;100%&#8221; width_last_edited=&#8221;on|phone&#8221; custom_margin=&#8221;||0px||false|false&#8221; custom_padding=&#8221;||||false|false&#8221; global_colors_info=&#8221;{}&#8221;][et_pb_column type=&#8221;4_4&#8243; _builder_version=&#8221;4.17.4&#8243; _module_preset=&#8221;default&#8221; global_colors_info=&#8221;{}&#8221;][et_pb_text _builder_version=&#8221;4.17.6&#8243; _module_preset=&#8221;default&#8221; text_font=&#8221;Poppins|600|||||||&#8221; text_text_color=&#8221;#FFFFFF&#8221; text_font_size=&#8221;54px&#8221; text_line_height=&#8221;1em&#8221; text_font_size_tablet=&#8221;64px&#8221; text_font_size_phone=&#8221;40px&#8221; text_font_size_last_edited=&#8221;on|phone&#8221; text_orientation_tablet=&#8221;&#8221; text_orientation_phone=&#8221;center&#8221; text_orientation_last_edited=&#8221;on|phone&#8221; global_colors_info=&#8221;{}&#8221;]<\/p>\n<p>Policy f\u00f6r personuppgifter<\/p>\n<p>[\/et_pb_text][et_pb_text disabled_on=&#8221;off|off|off&#8221; _builder_version=&#8221;4.17.6&#8243; _module_preset=&#8221;default&#8221; text_font=&#8221;Poppins|300|||||||&#8221; text_text_color=&#8221;#FFFFFF&#8221; text_font_size=&#8221;26px&#8221; text_font_size_tablet=&#8221;23px&#8221; text_font_size_phone=&#8221;20px&#8221; text_font_size_last_edited=&#8221;on|phone&#8221; text_orientation_tablet=&#8221;&#8221; text_orientation_phone=&#8221;center&#8221; text_orientation_last_edited=&#8221;on|phone&#8221; global_colors_info=&#8221;{}&#8221;]<\/p>\n<p>Pro&amp;Pro AB respekterar din personliga integritet och din r\u00e4tt att ha kontroll \u00f6ver hur dina personuppgifter behandlas.<\/p>\n<p>[\/et_pb_text][\/et_pb_column][\/et_pb_row][\/et_pb_section][et_pb_section fb_built=&#8221;1&#8243; module_id=&#8221;sida&#8221; _builder_version=&#8221;4.17.4&#8243; _module_preset=&#8221;default&#8221; custom_padding=&#8221;10px||||false|false&#8221; global_colors_info=&#8221;{}&#8221;][et_pb_row _builder_version=&#8221;4.17.4&#8243; _module_preset=&#8221;default&#8221; global_colors_info=&#8221;{}&#8221;][et_pb_column type=&#8221;4_4&#8243; _builder_version=&#8221;4.17.4&#8243; _module_preset=&#8221;default&#8221; global_colors_info=&#8221;{}&#8221;][et_pb_text _builder_version=&#8221;4.17.4&#8243; _module_preset=&#8221;default&#8221; text_font=&#8221;Poppins|300|||||||&#8221; header_3_font=&#8221;Poppins||||||||&#8221; header_3_font_size=&#8221;30px&#8221; header_4_font=&#8221;Poppins||||||||&#8221; header_4_font_size=&#8221;22px&#8221; global_colors_info=&#8221;{}&#8221;]<\/p>\n<h3>Hantering av personuppgifter<\/h3>\n<p>Pro&amp;Pro AB respekterar din personliga integritet och din r\u00e4tt att ha kontroll \u00f6ver hur dina personuppgifter behandlas. Vi \u00e4r \u00f6ppna med de personuppgifter vi samlar in och varf\u00f6r vi samlar in uppgifterna. Du kan alltid kontakta oss om du har fr\u00e5gor hur vi behandlar personuppgifterna. Behandling av personuppgifter sker i enlighet med best\u00e4mmelserna i den svenska integritetsskyddslagstiftningen och dataskyddsreformen (GDPR).<\/p>\n<h4>Personuppgifter<\/h4>\n<p>Personuppgifter \u00e4r information som avser en identifierad eller identifierbar fysisk person, till exempel ett namn, en adress, ett telefonnummer och en e-postadress.<\/p>\n<h4>Pro&amp;Pro behandlar personuppgifter<\/h4>\n<ul>\n<li>N\u00e4r du fyller i namn, e-postadress eller ditt mobilnummer p\u00e5 www.proandpro.se.<\/li>\n<li>N\u00e4r du kontaktar oss via telefon, e-post eller sociala medier.<\/li>\n<li>N\u00e4r du bes\u00f6ker v\u00e5r hemsida, tex IP-adress, operativsystem eller webbl\u00e4sare.<\/li>\n<li>N\u00e4r du k\u00f6per tj\u00e4nster av oss.<\/li>\n<li>N\u00e4r vi f\u00e5r en uppdatering av personuppgifter genom tredje part.<\/li>\n<\/ul>\n<p>Vi sparar inte i n\u00e5got fall personuppgifter som utg\u00f6r k\u00e4nsliga personuppgifter enligt GDPR.<\/p>\n<h4>\u00c4ndam\u00e5l med insamling av personuppgifter<\/h4>\n<ul>\n<li>Hantering av anm\u00e4lningar till seminarier och utbildningar.<\/li>\n<li>F\u00f6r att m\u00f6jligg\u00f6ra erbjudanden och marknadsf\u00f6ring.<\/li>\n<li>F\u00f6r att m\u00f6jligg\u00f6ra god kundservice.<\/li>\n<li>F\u00f6r att kunna skicka information till dig.<\/li>\n<li>F\u00f6r att kunna utveckla v\u00e5r webbplats.<\/li>\n<\/ul>\n<h4>Uppgifter som samlas in n\u00e4r du bes\u00f6ker www.proandpro.se<\/h4>\n<p><strong>Cookies<\/strong><br \/>Webbplats anv\u00e4nds cookies som lagras p\u00e5 datorn och som bland annat kan spara personliga inst\u00e4llningar och g\u00f6r det m\u00f6jligt att f\u00f6lja vad bes\u00f6karen g\u00f6r p\u00e5 webbplatsen. Du kan st\u00e4lla in webbl\u00e4saren s\u00e5 att cookies inte sparas eller beg\u00e4ra bekr\u00e4ftelse innan en cookie lagras. P\u00e5 detta s\u00e4tt kan du sj\u00e4lv avg\u00f6ra om du vill acceptera eller avvisa varje enskild kaka.<br \/><strong>Loggfiler<\/strong><br \/>N\u00e4r du anv\u00e4nder Internet fr\u00e5n din mobila enhet eller dator, vanligtvis i din webbl\u00e4sare, kommer viss information att \u00f6verf\u00f6ras, s\u00e5 kallade loggfiler. Detta \u00e4r en fil som inneh\u00e5ller datorns logg. N\u00e4r du bes\u00f6ker v\u00e5r webbplats lagras detta bes\u00f6k i dina loggfiler. Denna information \u00e4r anonym och kan inte h\u00e4rledas till dig som person.<br \/><strong>Tredje part cookies<\/strong><br \/>Vi anv\u00e4nder analyscookies f\u00f6r att kunna utv\u00e4rdera och f\u00f6ra statistik \u00f6ver v\u00e5ra bes\u00f6kares generella beteende p\u00e5 v\u00e5r webbplats. Vilka externa sidor kommer bes\u00f6karna till v\u00e5r hemsida ifr\u00e5n, vilka s\u00f6kfr\u00e5gor anv\u00e4nds och vilka undersidor bes\u00f6ks mest frekvent. Analyscookies st\u00e4lls in och hanteras av tredje part som beskrivs i avsnittet nedan.<br \/><strong>Analys av anv\u00e4ndandet av webbsidan<\/strong><br \/>Vi samlar in statistisk \u00f6ver anv\u00e4ndningen av hemsidan. Denna information samlas in f\u00f6r att g\u00f6ra v\u00e5r webbplats s\u00e5 anv\u00e4ndarv\u00e4nlig och relevant som m\u00f6jligt f\u00f6r dig som bes\u00f6kare. All den information som samlas in i detta syfte aggregeras p\u00e5 \u00f6vergripande niv\u00e5 och \u00e4r anonym.<\/p>\n<h4>Lagring, gallring och samtycke av personuppgifter<\/h4>\n<p>Vi beh\u00f6ver alltid ha ett syfte f\u00f6r v\u00e5r behandling av dina personuppgifter och en r\u00e4ttslig grund f\u00f6r behandlingen. Personuppgifterna f\u00e5r inte behandlas under en l\u00e4ngre tid \u00e4n vad som \u00e4r n\u00f6dv\u00e4ndigt med h\u00e4nsyn till \u00e4ndam\u00e5len.<\/p>\n<p>I vissa fall beh\u00f6ver vi ditt godk\u00e4nnande f\u00f6r behandling av personuppgifter. Genom att du klickar p\u00e5 knappen \u201dJag samtycker till behandling av mina personuppgifter\u201d godk\u00e4nner du att personuppgifter som namn, telefonnummer och e-postadress f\u00e5r anv\u00e4ndas i marknadsf\u00f6ringssyfte f\u00f6r de utbildningar och tj\u00e4nster som Pro&amp;Pro AB erbjuder.<\/p>\n<h4>Dina r\u00e4ttigheter<\/h4>\n<p>Du har r\u00e4tt att f\u00e5 information om de personuppgifter som finns lagrade hos oss om dig eller beg\u00e4ra korrigering av felaktiga data, begr\u00e4nsning av data eller radering av dina personuppgifter. Du har ocks\u00e5 r\u00e4tt att inv\u00e4nda mot den behandling som grundar sig p\u00e5 en intresseavv\u00e4gning. Vad g\u00e4ller den behandling som grundar sig p\u00e5 en avtalsrelation mellan oss har du r\u00e4tt att beg\u00e4ra att f\u00e5 uppgifterna \u00f6verf\u00f6rda till en annan personuppgiftsansvarig (dataportabilitet).<\/p>\n<p>Du kan n\u00e4r som helst kontakta oss och beg\u00e4ra att vi upph\u00f6r med att skicka information till dig.<\/p>\n<p>Du kan alltid kontakta oss f\u00f6r att f\u00e5 hj\u00e4lp eller information om dina r\u00e4ttigheter genom att maila <a href=\"mailto:markus.marklund@proandpro.se\">markus.marklund@proandpro.se<\/a><\/p>\n<p>Om du inte \u00e4r n\u00f6jd med det svar du har f\u00e5tt har du r\u00e4tt att l\u00e4mna klagom\u00e5l till datainspektionen.<\/p>\n<h4>Kontakt<\/h4>\n<p>Pro&amp;Pro AB<br \/>Storgatan 22<br \/>853 30 Sundsvall<br \/>F\u00f6r fr\u00e5gor om behandling av personuppgifter kontakta <a href=\"mailto:markus.marklund@proandpro.se\">markus.marklund@proandpro.se<\/a><\/p>\n<p>[\/et_pb_text][\/et_pb_column][\/et_pb_row][\/et_pb_section]<\/p>\n","protected":false},"excerpt":{"rendered":"<p>Policy f\u00f6r personuppgifterPro&amp;Pro AB respekterar din personliga integritet och din r\u00e4tt att ha kontroll \u00f6ver hur dina personuppgifter behandlas.Hantering av personuppgifter Pro&amp;Pro AB respekterar din personliga integritet och din r\u00e4tt att ha kontroll \u00f6ver hur dina personuppgifter behandlas. Vi \u00e4r \u00f6ppna med de personuppgifter vi samlar in och varf\u00f6r vi samlar in uppgifterna. Du kan [&hellip;]<\/p>\n","protected":false},"author":13,"featured_media":0,"parent":8807,"menu_order":0,"comment_status":"closed","ping_status":"closed","template":"","meta":{"_et_pb_use_builder":"on","_et_pb_old_content":"","_et_gb_content_width":"","footnotes":""},"folder":[81],"class_list":["post-2562","page","type-page","status-publish","hentry"],"_links":{"self":[{"href":"https:\/\/proandpro.se\/en\/wp-json\/wp\/v2\/pages\/2562","targetHints":{"allow":["GET"]}}],"collection":[{"href":"https:\/\/proandpro.se\/en\/wp-json\/wp\/v2\/pages"}],"about":[{"href":"https:\/\/proandpro.se\/en\/wp-json\/wp\/v2\/types\/page"}],"author":[{"embeddable":true,"href":"https:\/\/proandpro.se\/en\/wp-json\/wp\/v2\/users\/13"}],"replies":[{"embeddable":true,"href":"https:\/\/proandpro.se\/en\/wp-json\/wp\/v2\/comments?post=2562"}],"version-history":[{"count":5,"href":"https:\/\/proandpro.se\/en\/wp-json\/wp\/v2\/pages\/2562\/revisions"}],"predecessor-version":[{"id":12662,"href":"https:\/\/proandpro.se\/en\/wp-json\/wp\/v2\/pages\/2562\/revisions\/12662"}],"up":[{"embeddable":true,"href":"https:\/\/proandpro.se\/en\/wp-json\/wp\/v2\/pages\/8807"}],"wp:attachment":[{"href":"https:\/\/proandpro.se\/en\/wp-json\/wp\/v2\/media?parent=2562"}],"wp:term":[{"taxonomy":"folder","embeddable":true,"href":"https:\/\/proandpro.se\/en\/wp-json\/wp\/v2\/folder?post=2562"}],"curies":[{"name":"wp","href":"https:\/\/api.w.org\/{rel}","templated":true}]}}