{"id":1967,"date":"2015-04-08T08:38:11","date_gmt":"2015-04-08T08:38:11","guid":{"rendered":"http:\/\/proandpro.se\/?page_id=1967"},"modified":"2015-09-05T18:30:17","modified_gmt":"2015-09-05T18:30:17","slug":"asa-arencrantz","status":"publish","type":"page","link":"https:\/\/proandpro.se\/en\/vart-team\/asa-arencrantz\/","title":{"rendered":"\u00c5sa Arencrantz"},"content":{"rendered":"<p>[et_pb_section transparent_background=&#8221;off&#8221; allow_player_pause=&#8221;off&#8221; inner_shadow=&#8221;off&#8221; parallax=&#8221;off&#8221; parallax_method=&#8221;off&#8221; custom_padding=&#8221;0|0&#8243; padding_mobile=&#8221;off&#8221; make_fullwidth=&#8221;off&#8221; use_custom_width=&#8221;off&#8221; width_unit=&#8221;on&#8221; make_equal=&#8221;off&#8221; use_custom_gutter=&#8221;off&#8221;][et_pb_row make_fullwidth=&#8221;off&#8221; use_custom_width=&#8221;off&#8221; width_unit=&#8221;on&#8221; use_custom_gutter=&#8221;off&#8221; custom_padding=&#8221;2|0&#8243; padding_mobile=&#8221;off&#8221; allow_player_pause=&#8221;off&#8221; parallax=&#8221;off&#8221; parallax_method=&#8221;off&#8221; make_equal=&#8221;off&#8221;][et_pb_column type=&#8221;4_4&#8243;][et_pb_image admin_label=&#8221;Bild&#8221; src=&#8221;https:\/\/media.proandpro.se\/2015\/08\/Natur-022-640&#215;424-e1439715918249.jpg&#8221; show_in_lightbox=&#8221;off&#8221; url_new_window=&#8221;off&#8221; animation=&#8221;left&#8221; sticky=&#8221;off&#8221; align=&#8221;center&#8221; force_fullwidth=&#8221;on&#8221; always_center_on_mobile=&#8221;on&#8221; use_border_color=&#8221;off&#8221; border_color=&#8221;#ffffff&#8221; border_style=&#8221;solid&#8221;] [\/et_pb_image][\/et_pb_column][\/et_pb_row][et_pb_row make_fullwidth=&#8221;off&#8221; use_custom_width=&#8221;off&#8221; width_unit=&#8221;on&#8221; use_custom_gutter=&#8221;off&#8221; custom_padding=&#8221;|&#8221; padding_mobile=&#8221;off&#8221; allow_player_pause=&#8221;off&#8221; parallax=&#8221;off&#8221; parallax_method=&#8221;off&#8221; make_equal=&#8221;off&#8221;][et_pb_column type=&#8221;3_4&#8243;][et_pb_text admin_label=&#8221;Text&#8221; background_layout=&#8221;light&#8221; text_orientation=&#8221;left&#8221; use_border_color=&#8221;off&#8221; border_color=&#8221;#ffffff&#8221; border_style=&#8221;solid&#8221;]<\/p>\n<h3>\u00c5sa Arencrantz, Managementkonsult<\/h3>\n<p><strong>Karakt\u00e4rsdrag<img loading=\"lazy\" decoding=\"async\" class=\"alignright size-medium wp-image-2113\" src=\"https:\/\/media.proandpro.se\/2015\/08\/Asa-800x530-300x199.jpg\" alt=\"Asa (800x530)\" width=\"300\" height=\"199\" srcset=\"https:\/\/media.proandpro.se\/2015\/08\/Asa-800x530-300x199.jpg 300w, https:\/\/media.proandpro.se\/2015\/08\/Asa-800x530.jpg 800w\" sizes=\"(max-width: 300px) 100vw, 300px\" \/><\/strong><br \/>\n\u00c5sa \u00e4r engagerad, positiv, kreativ och v\u00e4ldigt omtyckt av kollegor och kunder. Hon drivs av en nyfikenhet, ett intresse f\u00f6r m\u00e4nniskor och att st\u00e4ndigt l\u00e4ra sig nya saker vilket leder henne in p\u00e5 nya omr\u00e5den och kontakter. Hon gillar b\u00e5de att utveckla strategier och f\u00e5 det att h\u00e4nda operativt. \u00c5sa har en f\u00f6rm\u00e5ga att hitta samspel inom f\u00f6retaget, mellan olika verksamheter, och s\u00f6ker alltid en tydlig aff\u00e4rsnytta i alla projekt.<\/p>\n<p><strong>Bakgrund<\/strong><br \/>\n\u00c5sa \u00e4r uppv\u00e4xt i J\u00f6nk\u00f6ping och efter examen fr\u00e5n Handelsh\u00f6gskolan i G\u00f6teborg har \u00c5sa arbetat \u00f6ver 13 \u00e5r p\u00e5 ett flertal multinationella men \u00e4ven mindre f\u00f6retag, b\u00e5de p\u00e5 den svenska och internationella marknaden. \u00c5sa kommer n\u00e4rmast fr\u00e5n Electrolux men hon har \u00e4ven arbetat f\u00f6r bland annat Microsoft, Bosch- och Siemens hush\u00e5llsprodukter och Nespresso. Genom \u00e5ren har \u00c5sa drivit flertalet produktlanseringar, events och kampanjer och hon har haft ledande roller som b\u00e5de projektledare och chef. \u00c5sa har branscherfarenhet fr\u00e5n IT, FMCG, detaljhandeln, tillverkningsindustrin, skogs- och pappersmassaindustrin och intresseorganisationer. Erfarenheter som kan n\u00e4mnas innefattar uppbyggnad av varum\u00e4rket Nespresso p\u00e5 den svenska marknaden samt utveckling och standardiseringen av en ny marketingprocess inom Electrolux Europa.<\/p>\n<p><strong>K\u00e4nnetecken<\/strong><br \/>\n\u00c5sa utm\u00e4rker sig med ett \u00f6ppet f\u00f6rh\u00e5llningss\u00e4tt, d\u00e4r hon genom sin lyh\u00f6rdhet och sitt intresse f\u00f6r m\u00e4nniskor och kunden identifierar nya m\u00f6jligheter. Hon \u00e4r van att bygga upp kundrelationer och drivs av f\u00f6rh\u00e5llandet till kund och hur man v\u00e5rdar och utvecklar denna viktiga kontakt. Hennes syns\u00e4tt \u00e4r att utg\u00e5 fr\u00e5n kund- och varum\u00e4rke i all aff\u00e4rs- och verksamhetsutveckling.<\/p>\n<p><strong>Kontaktuppgifter<\/strong><br \/>\n\u00c5sa Arencrantz<br \/>\n070-87 47 800<br \/>\nasa.arencrantz@proandpro.se<\/p>\n<p>[\/et_pb_text][\/et_pb_column][et_pb_column type=&#8221;1_4&#8243;][et_pb_text admin_label=&#8221;Text&#8221; background_layout=&#8221;light&#8221; text_orientation=&#8221;left&#8221; use_border_color=&#8221;off&#8221; border_color=&#8221;#ffffff&#8221; border_style=&#8221;solid&#8221;]<\/p>\n<h3>Nya utmaningar?<\/h3>\n<p>Om du delar v\u00e5r ambition och v\u00e5ra v\u00e4rderingar\u00a0 och \u00e4r intresserad av att ta dig an nya utmaningar s\u00e5 kontakta oss g\u00e4rna f\u00f6r att f\u00f6ruts\u00e4ttningsl\u00f6st samtal.<\/p>\n<p>[\/et_pb_text][et_pb_contact_form admin_label=&#8221;Kontaktformul\u00e4r&#8221; captcha=&#8221;off&#8221; use_border_color=&#8221;off&#8221; border_color=&#8221;#ffffff&#8221; border_style=&#8221;solid&#8221; custom_button=&#8221;on&#8221; button_letter_spacing=&#8221;0&#8243; button_use_icon=&#8221;default&#8221; button_icon_placement=&#8221;right&#8221; button_on_hover=&#8221;on&#8221; button_letter_spacing_hover=&#8221;0&#8243; email=&#8221;markus.marklund@proandpro.se&#8221; title=&#8221;Kontakta oss&#8221; button_text_size=&#8221;16&#8243; button_border_color=&#8221;rgba(99,104,103,0.14)&#8221; button_text_color=&#8221;#2b2b2b&#8221;] [\/et_pb_contact_form][\/et_pb_column][\/et_pb_row][\/et_pb_section]<\/p>\n","protected":false},"excerpt":{"rendered":"<p>\u00c5sa Arencrantz, Managementkonsult Karakt\u00e4rsdrag \u00c5sa \u00e4r engagerad, positiv, kreativ och v\u00e4ldigt omtyckt av kollegor och kunder. Hon drivs av en nyfikenhet, ett intresse f\u00f6r m\u00e4nniskor och att st\u00e4ndigt l\u00e4ra sig nya saker vilket leder henne in p\u00e5 nya omr\u00e5den och kontakter. Hon gillar b\u00e5de att utveckla strategier och f\u00e5 det att h\u00e4nda operativt. \u00c5sa har [&hellip;]<\/p>\n","protected":false},"author":1,"featured_media":0,"parent":2112,"menu_order":3,"comment_status":"closed","ping_status":"closed","template":"","meta":{"_et_pb_use_builder":"on","_et_pb_old_content":"Managementkonsult\r\n\r\n<img class=\"alignright size-full wp-image-1968\" src=\"https:\/\/media.proandpro.se\/2015\/04\/\u00c5sa-Arencrantz.png\" alt=\"\u00c5sa Arencrantz\" width=\"170\" height=\"258\" \/> <strong>Karakt\u00e4rsdrag<\/strong>\r\n\u00c5sa \u00e4r engagerad, positiv, kreativ och v\u00e4ldigt omtyckt av kollegor och kunder. Hon drivs av en nyfikenhet, ett intresse f\u00f6r m\u00e4nniskor och att st\u00e4ndigt l\u00e4ra sig nya saker vilket leder henne in p\u00e5 nya omr\u00e5den och kontakter. Hon gillar b\u00e5de att utveckla strategier och f\u00e5 det att h\u00e4nda operativt. \u00c5sa har en f\u00f6rm\u00e5ga att hitta samspel inom f\u00f6retaget, mellan olika verksamheter, och s\u00f6ker alltid en tydlig aff\u00e4rsnytta i alla projekt.\r\n\r\n<strong>Bakgrund<\/strong>\r\n\u00c5sa \u00e4r uppv\u00e4xt i J\u00f6nk\u00f6ping och efter examen fr\u00e5n Handelsh\u00f6gskolan i G\u00f6teborg har \u00c5sa arbetat \u00f6ver 13 \u00e5r p\u00e5 ett flertal multinationella men \u00e4ven mindre f\u00f6retag, b\u00e5de p\u00e5 den svenska och internationella marknaden. \u00c5sa kommer n\u00e4rmast fr\u00e5n Electrolux men hon har \u00e4ven arbetat f\u00f6r bland annat Microsoft, Bosch- och Siemens hush\u00e5llsprodukter och Nespresso. Genom \u00e5ren har \u00c5sa drivit flertalet produktlanseringar, events och kampanjer och hon har haft ledande roller som b\u00e5de projektledare och chef. \u00c5sa har branscherfarenhet fr\u00e5n IT, FMCG, detaljhandeln, tillverkningsindustrin, skogs- och pappersmassaindustrin och intresseorganisationer. Erfarenheter som kan n\u00e4mnas innefattar uppbyggnad av varum\u00e4rket Nespresso p\u00e5 den svenska marknaden samt utveckling och standardiseringen av en ny marketingprocess inom Electrolux Europa.\r\n\r\n<strong>K\u00e4nnetecken<\/strong>\r\n\u00c5sa utm\u00e4rker sig med ett \u00f6ppet f\u00f6rh\u00e5llningss\u00e4tt, d\u00e4r hon genom sin lyh\u00f6rdhet och sitt intresse f\u00f6r m\u00e4nniskor och kunden identifierar nya m\u00f6jligheter. Hon \u00e4r van att bygga upp kundrelationer och drivs av f\u00f6rh\u00e5llandet till kund och hur man v\u00e5rdar och utvecklar denna viktiga kontakt. Hennes syns\u00e4tt \u00e4r att utg\u00e5 fr\u00e5n kund- och varum\u00e4rke i all aff\u00e4rs- och verksamhetsutveckling.\r\n\r\n<strong>Kontaktuppgifter<\/strong>\r\n\u00c5sa Arencrantz\r\n070-87 47 800\r\nasa.arencrantz@proandpro.se","_et_gb_content_width":"","footnotes":""},"folder":[89],"class_list":["post-1967","page","type-page","status-publish","hentry"],"_links":{"self":[{"href":"https:\/\/proandpro.se\/en\/wp-json\/wp\/v2\/pages\/1967","targetHints":{"allow":["GET"]}}],"collection":[{"href":"https:\/\/proandpro.se\/en\/wp-json\/wp\/v2\/pages"}],"about":[{"href":"https:\/\/proandpro.se\/en\/wp-json\/wp\/v2\/types\/page"}],"author":[{"embeddable":true,"href":"https:\/\/proandpro.se\/en\/wp-json\/wp\/v2\/users\/1"}],"replies":[{"embeddable":true,"href":"https:\/\/proandpro.se\/en\/wp-json\/wp\/v2\/comments?post=1967"}],"version-history":[{"count":8,"href":"https:\/\/proandpro.se\/en\/wp-json\/wp\/v2\/pages\/1967\/revisions"}],"predecessor-version":[{"id":2349,"href":"https:\/\/proandpro.se\/en\/wp-json\/wp\/v2\/pages\/1967\/revisions\/2349"}],"up":[{"embeddable":true,"href":"https:\/\/proandpro.se\/en\/wp-json\/wp\/v2\/pages\/2112"}],"wp:attachment":[{"href":"https:\/\/proandpro.se\/en\/wp-json\/wp\/v2\/media?parent=1967"}],"wp:term":[{"taxonomy":"folder","embeddable":true,"href":"https:\/\/proandpro.se\/en\/wp-json\/wp\/v2\/folder?post=1967"}],"curies":[{"name":"wp","href":"https:\/\/api.w.org\/{rel}","templated":true}]}}