{"id":13831,"date":"2025-06-27T10:14:15","date_gmt":"2025-06-27T10:14:15","guid":{"rendered":"https:\/\/proandpro.se\/?page_id=13831"},"modified":"2025-06-27T10:14:30","modified_gmt":"2025-06-27T10:14:30","slug":"erik-mattsson","status":"publish","type":"page","link":"https:\/\/proandpro.se\/en\/erik-mattsson\/","title":{"rendered":"Erik Mattsson"},"content":{"rendered":"<p>[et_pb_section fb_built=&#8221;1&#8243; custom_padding_last_edited=&#8221;on|desktop&#8221; admin_label=&#8221;section&#8221; _builder_version=&#8221;4.16&#8243; custom_padding=&#8221;0||0|&#8221; custom_padding_tablet=&#8221;50px|0|50px|0&#8243; custom_padding_phone=&#8221;&#8221; transparent_background=&#8221;off&#8221; padding_mobile=&#8221;off&#8221; global_colors_info=&#8221;{}&#8221;][et_pb_row padding_mobile=&#8221;off&#8221; admin_label=&#8221;row&#8221; _builder_version=&#8221;4.16&#8243; background_size=&#8221;initial&#8221; background_position=&#8221;top_left&#8221; background_repeat=&#8221;repeat&#8221; custom_padding=&#8221;2|0&#8243; global_colors_info=&#8221;{}&#8221;][et_pb_column type=&#8221;4_4&#8243; _builder_version=&#8221;4.16&#8243; custom_padding=&#8221;|||&#8221; global_colors_info=&#8221;{}&#8221; custom_padding__hover=&#8221;|||&#8221;][et_pb_image src=&#8221;https:\/\/media.proandpro.se\/2018\/04\/Varum\u00e4rke-header-1.jpg&#8221; align=&#8221;center&#8221; force_fullwidth=&#8221;on&#8221; align_tablet=&#8221;center&#8221; align_phone=&#8221;&#8221; align_last_edited=&#8221;on|desktop&#8221; _builder_version=&#8221;4.16&#8243; global_colors_info=&#8221;{}&#8221;][\/et_pb_image][\/et_pb_column][\/et_pb_row][et_pb_row column_structure=&#8221;3_4,1_4&#8243; padding_mobile=&#8221;off&#8221; admin_label=&#8221;row&#8221; _builder_version=&#8221;4.16&#8243; background_size=&#8221;initial&#8221; background_position=&#8221;top_left&#8221; background_repeat=&#8221;repeat&#8221; custom_padding=&#8221;|&#8221; global_colors_info=&#8221;{}&#8221;][et_pb_column type=&#8221;3_4&#8243; _builder_version=&#8221;4.16&#8243; custom_padding=&#8221;|||&#8221; global_colors_info=&#8221;{}&#8221; custom_padding__hover=&#8221;|||&#8221;][et_pb_text _builder_version=&#8221;4.24.3&#8243; background_size=&#8221;initial&#8221; background_position=&#8221;top_left&#8221; background_repeat=&#8221;repeat&#8221; module_alignment=&#8221;left&#8221; global_colors_info=&#8221;{}&#8221;]<\/p>\n<h3>Erik Mattsson<\/h3>\n<h4>Managementkonsult<\/h4>\n<p><strong>Karakt\u00e4rsdrag<a href=\"https:\/\/media.proandpro.se\/2025\/06\/erik-artikel-juni-2025-scaled.jpg\"><img loading=\"lazy\" decoding=\"async\" class=\"wp-image-13811 alignnone size-full\" style=\"float: right;\" src=\"https:\/\/media.proandpro.se\/2025\/06\/erik-artikel-juni-2025-scaled.jpg\" alt=\"\" width=\"241\" height=\"286\" \/><\/a><\/strong><\/p>\n<p class=\"x_MsoNormal\" data-olk-copy-source=\"MessageBody\">Erik \u00e4r en lugn och n\u00e4rvarande kraft som skapar trygghet i f\u00f6r\u00e4ndring. Med ett strategiskt mindset och ett genuint engagemang f\u00f6r m\u00e4nniskor driver han innovation och utveckling p\u00e5 ett h\u00e5llbart s\u00e4tt. Han trivs i komplexa milj\u00f6er och \u00e4r skicklig p\u00e5 att skapa struktur, tydlig riktning och gemensam f\u00f6rst\u00e5else \u2013 alltid med blicken f\u00e4st p\u00e5 det l\u00e5ngsiktiga m\u00e5let.<\/p>\n<p class=\"x_MsoNormal\">Han kombinerar en analytisk sk\u00e4rpa med en coachande stil och \u00e4r uppskattad f\u00f6r sin f\u00f6rm\u00e5ga att b\u00e5de leda och lyssna. Erik tror starkt p\u00e5 att verklig f\u00f6r\u00e4ndring sker n\u00e4r m\u00e4nniskor f\u00e5r v\u00e4xa, och han har en passion f\u00f6r att frig\u00f6ra potential \u2013 b\u00e5de i individer och i organisationer.<\/p>\n<p><strong>Bakgrund<\/strong><\/p>\n<p class=\"x_MsoNormal\" data-olk-copy-source=\"MessageBody\">Erik har gedigen erfarenhet som konsult och projektledare inom strategi, verksamhetsutveckling och styrning. Hans uppdrag har stor sp\u00e4nnvidd \u2013 fr\u00e5n att ta fram m\u00e5lbild och roadmap till att leda konkreta f\u00f6r\u00e4ndringsprojekt inom organisation, processer och digitalisering.<\/p>\n<p class=\"x_MsoNormal\">Han har arbetat i b\u00e5de privata och offentliga milj\u00f6er, ofta i gr\u00e4nslandet mellan teknik, m\u00e4nniska och aff\u00e4r. Oavsett kontext ser han helheten och bidrar med ett holistiskt angreppss\u00e4tt som skapar balans mellan strategi och operativ f\u00f6rankring.<\/p>\n<p class=\"x_MsoNormal\">Erik har en bakgrund inom industriell ekonomi och har \u00e4ven utbildning inom Lean och Six Sigma. Tidigare har han haft ledande roller b\u00e5de i konsultbolag och linjeorganisationer.<\/p>\n<p><strong>K\u00e4nnetecken<\/strong><\/p>\n<p class=\"x_gmail-msolistparagraph\"><span data-olk-copy-source=\"MessageBody\">\u00b7<\/span>\u00a0\u00a0\u00a0\u00a0\u00a0\u00a0\u00a0\u00a0\u00a0Coachande ledarskap med fokus p\u00e5 utveckling<\/p>\n<p class=\"x_gmail-msolistparagraph\">\u00b7\u00a0\u00a0\u00a0\u00a0\u00a0\u00a0\u00a0\u00a0\u00a0Stark f\u00f6rm\u00e5ga att f\u00f6rena strategi med genomf\u00f6rande<\/p>\n<p class=\"x_gmail-msolistparagraph\">\u00b7\u00a0\u00a0\u00a0\u00a0\u00a0\u00a0\u00a0\u00a0\u00a0Trygg i att navigera i komplexitet och f\u00f6r\u00e4ndring<\/p>\n<p class=\"x_gmail-msolistparagraph\">\u00b7\u00a0\u00a0\u00a0\u00a0\u00a0\u00a0\u00a0\u00a0\u00a0Drivs av att skapa nytta genom innovation<\/p>\n<p class=\"x_gmail-msolistparagraph\">\u00b7\u00a0\u00a0\u00a0\u00a0\u00a0\u00a0\u00a0\u00a0\u00a0Arbetar alltid med hela v\u00e4rdekedjan i \u00e5tanke<\/p>\n<p class=\"x_gmail-msolistparagraph\">\u00b7\u00a0\u00a0\u00a0\u00a0\u00a0\u00a0\u00a0\u00a0\u00a0Bidrar till l\u00e5ngsiktig riktning med m\u00e4nniskan i centrum<\/p>\n<p><strong>Kontaktuppgifter<\/strong><\/p>\n<p>Erik Mattsson<\/p>\n<p><span data-olk-copy-source=\"MessageBody\">O70\u00a0023 82 67<\/span><\/p>\n<p><a id=\"LPlnk226209\" title=\"mailto:Erik.Mattsson@proandpro.se\" href=\"mailto:Erik.Mattsson@proandpro.se\" data-olk-copy-source=\"MessageBody\">Erik.Mattsson@proandpro.se<\/a><\/p>\n<p>[\/et_pb_text][\/et_pb_column][et_pb_column type=&#8221;1_4&#8243; _builder_version=&#8221;4.16&#8243; custom_padding=&#8221;|||&#8221; global_colors_info=&#8221;{}&#8221; custom_padding__hover=&#8221;|||&#8221;][et_pb_text _builder_version=&#8221;4.16&#8243; background_size=&#8221;initial&#8221; background_position=&#8221;top_left&#8221; background_repeat=&#8221;repeat&#8221; module_alignment=&#8221;left&#8221; use_border_color=&#8221;off&#8221; border_color=&#8221;#ffffff&#8221; border_style=&#8221;solid&#8221; global_colors_info=&#8221;{}&#8221;]<\/p>\n<h3>Nya utmaningar?<\/h3>\n<p>Om du delar v\u00e5r ambition och v\u00e5ra v\u00e4rderingar\u00a0 och \u00e4r intresserad av att ta dig an nya utmaningar s\u00e5 kontakta oss g\u00e4rna f\u00f6r att f\u00f6ruts\u00e4ttningsl\u00f6st samtal. [\/et_pb_text][et_pb_contact_form captcha=&#8221;off&#8221; email=&#8221;markus.marklund@proandpro.se&#8221; title=&#8221;Kontakta oss&#8221; _builder_version=&#8221;4.16&#8243; custom_button=&#8221;on&#8221; button_text_size=&#8221;16&#8243; button_text_color=&#8221;#2b2b2b&#8221; button_border_color=&#8221;rgba(99,104,103,0.14)&#8221; border_radii=&#8221;on|0px|0px|0px|0px&#8221; use_border_color=&#8221;off&#8221; border_color=&#8221;#ffffff&#8221; border_style=&#8221;solid&#8221; input_border_radius=&#8221;0&#8243; global_colors_info=&#8221;{}&#8221;][et_pb_contact_field field_id=&#8221;Name&#8221; field_title=&#8221;Namn&#8221; fullwidth_field=&#8221;on&#8221; _builder_version=&#8221;4.16&#8243; form_field_font=&#8221;||||&#8221; use_border_color=&#8221;off&#8221; border_style=&#8221;solid&#8221; global_colors_info=&#8221;{}&#8221; button_text_size__hover_enabled=&#8221;off&#8221; button_one_text_size__hover_enabled=&#8221;off&#8221; button_two_text_size__hover_enabled=&#8221;off&#8221; button_text_color__hover_enabled=&#8221;off&#8221; button_one_text_color__hover_enabled=&#8221;off&#8221; button_two_text_color__hover_enabled=&#8221;off&#8221; button_border_width__hover_enabled=&#8221;off&#8221; button_one_border_width__hover_enabled=&#8221;off&#8221; button_two_border_width__hover_enabled=&#8221;off&#8221; button_border_color__hover_enabled=&#8221;off&#8221; button_one_border_color__hover_enabled=&#8221;off&#8221; button_two_border_color__hover_enabled=&#8221;off&#8221; button_border_radius__hover_enabled=&#8221;off&#8221; button_one_border_radius__hover_enabled=&#8221;off&#8221; button_two_border_radius__hover_enabled=&#8221;off&#8221; button_letter_spacing__hover_enabled=&#8221;off&#8221; button_one_letter_spacing__hover_enabled=&#8221;off&#8221; button_two_letter_spacing__hover_enabled=&#8221;off&#8221; button_bg_color__hover_enabled=&#8221;off&#8221; button_one_bg_color__hover_enabled=&#8221;off&#8221; button_two_bg_color__hover_enabled=&#8221;off&#8221;][\/et_pb_contact_field][et_pb_contact_field field_id=&#8221;Email&#8221; field_title=&#8221;E-postadress&#8221; field_type=&#8221;email&#8221; fullwidth_field=&#8221;on&#8221; _builder_version=&#8221;4.16&#8243; form_field_font=&#8221;||||&#8221; use_border_color=&#8221;off&#8221; border_style=&#8221;solid&#8221; global_colors_info=&#8221;{}&#8221; button_text_size__hover_enabled=&#8221;off&#8221; button_one_text_size__hover_enabled=&#8221;off&#8221; button_two_text_size__hover_enabled=&#8221;off&#8221; button_text_color__hover_enabled=&#8221;off&#8221; button_one_text_color__hover_enabled=&#8221;off&#8221; button_two_text_color__hover_enabled=&#8221;off&#8221; button_border_width__hover_enabled=&#8221;off&#8221; button_one_border_width__hover_enabled=&#8221;off&#8221; button_two_border_width__hover_enabled=&#8221;off&#8221; button_border_color__hover_enabled=&#8221;off&#8221; button_one_border_color__hover_enabled=&#8221;off&#8221; button_two_border_color__hover_enabled=&#8221;off&#8221; button_border_radius__hover_enabled=&#8221;off&#8221; button_one_border_radius__hover_enabled=&#8221;off&#8221; button_two_border_radius__hover_enabled=&#8221;off&#8221; button_letter_spacing__hover_enabled=&#8221;off&#8221; button_one_letter_spacing__hover_enabled=&#8221;off&#8221; button_two_letter_spacing__hover_enabled=&#8221;off&#8221; button_bg_color__hover_enabled=&#8221;off&#8221; button_one_bg_color__hover_enabled=&#8221;off&#8221; button_two_bg_color__hover_enabled=&#8221;off&#8221;][\/et_pb_contact_field][et_pb_contact_field field_id=&#8221;Message&#8221; field_title=&#8221;Meddelande&#8221; field_type=&#8221;text&#8221; fullwidth_field=&#8221;on&#8221; _builder_version=&#8221;4.16&#8243; form_field_font=&#8221;||||&#8221; use_border_color=&#8221;off&#8221; border_style=&#8221;solid&#8221; global_colors_info=&#8221;{}&#8221; button_text_size__hover_enabled=&#8221;off&#8221; button_one_text_size__hover_enabled=&#8221;off&#8221; button_two_text_size__hover_enabled=&#8221;off&#8221; button_text_color__hover_enabled=&#8221;off&#8221; button_one_text_color__hover_enabled=&#8221;off&#8221; button_two_text_color__hover_enabled=&#8221;off&#8221; button_border_width__hover_enabled=&#8221;off&#8221; button_one_border_width__hover_enabled=&#8221;off&#8221; button_two_border_width__hover_enabled=&#8221;off&#8221; button_border_color__hover_enabled=&#8221;off&#8221; button_one_border_color__hover_enabled=&#8221;off&#8221; button_two_border_color__hover_enabled=&#8221;off&#8221; button_border_radius__hover_enabled=&#8221;off&#8221; button_one_border_radius__hover_enabled=&#8221;off&#8221; button_two_border_radius__hover_enabled=&#8221;off&#8221; button_letter_spacing__hover_enabled=&#8221;off&#8221; button_one_letter_spacing__hover_enabled=&#8221;off&#8221; button_two_letter_spacing__hover_enabled=&#8221;off&#8221; button_bg_color__hover_enabled=&#8221;off&#8221; button_one_bg_color__hover_enabled=&#8221;off&#8221; button_two_bg_color__hover_enabled=&#8221;off&#8221;][\/et_pb_contact_field][\/et_pb_contact_form][\/et_pb_column][\/et_pb_row][\/et_pb_section]<\/p>\n","protected":false},"excerpt":{"rendered":"<p>Erik Mattsson Managementkonsult Karakt\u00e4rsdrag Erik \u00e4r en lugn och n\u00e4rvarande kraft som skapar trygghet i f\u00f6r\u00e4ndring. Med ett strategiskt mindset och ett genuint engagemang f\u00f6r m\u00e4nniskor driver han innovation och utveckling p\u00e5 ett h\u00e5llbart s\u00e4tt. Han trivs i komplexa milj\u00f6er och \u00e4r skicklig p\u00e5 att skapa struktur, tydlig riktning och gemensam f\u00f6rst\u00e5else \u2013 alltid med [&hellip;]<\/p>\n","protected":false},"author":13,"featured_media":0,"parent":0,"menu_order":0,"comment_status":"closed","ping_status":"closed","template":"","meta":{"_et_pb_use_builder":"on","_et_pb_old_content":"","_et_gb_content_width":"","footnotes":""},"folder":[89],"class_list":["post-13831","page","type-page","status-publish","hentry"],"_links":{"self":[{"href":"https:\/\/proandpro.se\/en\/wp-json\/wp\/v2\/pages\/13831","targetHints":{"allow":["GET"]}}],"collection":[{"href":"https:\/\/proandpro.se\/en\/wp-json\/wp\/v2\/pages"}],"about":[{"href":"https:\/\/proandpro.se\/en\/wp-json\/wp\/v2\/types\/page"}],"author":[{"embeddable":true,"href":"https:\/\/proandpro.se\/en\/wp-json\/wp\/v2\/users\/13"}],"replies":[{"embeddable":true,"href":"https:\/\/proandpro.se\/en\/wp-json\/wp\/v2\/comments?post=13831"}],"version-history":[{"count":10,"href":"https:\/\/proandpro.se\/en\/wp-json\/wp\/v2\/pages\/13831\/revisions"}],"predecessor-version":[{"id":13846,"href":"https:\/\/proandpro.se\/en\/wp-json\/wp\/v2\/pages\/13831\/revisions\/13846"}],"wp:attachment":[{"href":"https:\/\/proandpro.se\/en\/wp-json\/wp\/v2\/media?parent=13831"}],"wp:term":[{"taxonomy":"folder","embeddable":true,"href":"https:\/\/proandpro.se\/en\/wp-json\/wp\/v2\/folder?post=13831"}],"curies":[{"name":"wp","href":"https:\/\/api.w.org\/{rel}","templated":true}]}}