{"id":13530,"date":"2025-03-12T08:00:32","date_gmt":"2025-03-12T08:00:32","guid":{"rendered":"https:\/\/proandpro.se\/?page_id=13530"},"modified":"2026-03-09T21:17:39","modified_gmt":"2026-03-09T21:17:39","slug":"arets-ledare-2025","status":"publish","type":"page","link":"https:\/\/proandpro.se\/en\/arets-ledare-2025\/","title":{"rendered":"\u00c5rets Ledare 2026 i Medelpad"},"content":{"rendered":"<p>[et_pb_section fb_built=&#8221;1&#8243; custom_padding_last_edited=&#8221;on|desktop&#8221; disabled_on=&#8221;off|off|off&#8221; admin_label=&#8221;section&#8221; _builder_version=&#8221;4.16&#8243; custom_padding=&#8221;0||0|&#8221; custom_padding_tablet=&#8221;50px|0|50px|0&#8243; custom_padding_phone=&#8221;&#8221; transparent_background=&#8221;off&#8221; padding_mobile=&#8221;off&#8221; global_colors_info=&#8221;{}&#8221;][et_pb_row admin_label=&#8221;row&#8221; _builder_version=&#8221;4.16&#8243; background_size=&#8221;initial&#8221; background_position=&#8221;top_left&#8221; background_repeat=&#8221;repeat&#8221; custom_margin=&#8221;||0px&#8221; custom_padding=&#8221;||0px&#8221; global_colors_info=&#8221;{}&#8221;][et_pb_column type=&#8221;4_4&#8243; _builder_version=&#8221;4.16&#8243; custom_padding=&#8221;|||&#8221; global_colors_info=&#8221;{}&#8221; custom_padding__hover=&#8221;|||&#8221;][et_pb_image src=&#8221;https:\/\/media.proandpro.se\/2026\/03\/Bild-till-uppstartstext.png&#8221; title_text=&#8221;Bild till uppstartstext&#8221; align=&#8221;center&#8221; force_fullwidth=&#8221;on&#8221; align_tablet=&#8221;center&#8221; align_phone=&#8221;&#8221; align_last_edited=&#8221;on|desktop&#8221; disabled_on=&#8221;off|off|off&#8221; _builder_version=&#8221;4.27.6&#8243; custom_margin=&#8221;||0px&#8221; custom_padding=&#8221;||0px&#8221; animation=&#8221;off&#8221; sticky=&#8221;off&#8221; use_border_color=&#8221;off&#8221; border_color=&#8221;#ffffff&#8221; border_style=&#8221;solid&#8221; global_colors_info=&#8221;{}&#8221;]&nbsp;[\/et_pb_image][\/et_pb_column][\/et_pb_row][et_pb_row column_structure=&#8221;2_3,1_3&#8243; _builder_version=&#8221;4.16&#8243; global_colors_info=&#8221;{}&#8221;][et_pb_column type=&#8221;2_3&#8243; _builder_version=&#8221;4.16&#8243; global_colors_info=&#8221;{}&#8221;][et_pb_text disabled_on=&#8221;off|off|off&#8221; admin_label=&#8221;Text&#8221; _builder_version=&#8221;4.27.6&#8243; header_line_height=&#8221;2em&#8221; custom_margin=&#8221;||&#8221; hover_enabled=&#8221;0&#8243; use_border_color=&#8221;off&#8221; global_colors_info=&#8221;{}&#8221; sticky_enabled=&#8221;0&#8243;]<\/p>\n<h3>\u00c5rets Ledare 2026 i Medelpad<\/h3>\n<p>Prisv\u00e4rdar: Pro&amp;Pro och Juniorhandelskammaren Sundsvall<\/p>\n<p>Priset delas ut till en ledare inom privat eller offentlig sektor, som genom att visa tillit, arbeta systematiskt och t\u00e4nka h\u00e5llbart, skapat mycket goda och uth\u00e5lliga resultat och som genom sitt passionerade ledarskap \u00e4r en f\u00f6rebild f\u00f6r oss alla. Priset \u00c5rets Ledare i Medelpad delas ut p\u00e5 Sundsvall Business Awards den 17 september 2026.<\/p>\n<h4>Kriterier:<\/h4>\n<ul>\n<li>Systematik: Genom att bygga p\u00e5 systematik, strategiskt som operativt, har \u00e5rets ledare visat uth\u00e5llig framg\u00e5ng genom b\u00e5de med- och motg\u00e5ng.<\/li>\n<li>Tillit: Genom ett tillitsfullt ledarskap, tryggt f\u00f6rankrat i sunda v\u00e4rderingar, bygger \u00e5rets ledare en milj\u00f6 som attraherar nya medarbetare samt engagerar, motiverar och utvecklar befintliga.<\/li>\n<li>H\u00e5llbarhet: Genom systemperspektiv, l\u00e5ngsiktighet och f\u00f6rst\u00e5else f\u00f6r sammanhang s\u00e4kerst\u00e4ller \u00e5rets ledare social, ekologisk och verksamhetsm\u00e4ssig h\u00e5llbarhet.<\/li>\n<li>Passion: \u00c5rets ledare \u00e4r medveten om den f\u00f6rm\u00e5n det inneb\u00e4r att vara ledare, \u00e4lskar ledarskapet och f\u00e5r energi av att, tillsammans med andra, skapa h\u00e5llbar framg\u00e5ng f\u00f6r organisationen och sig sj\u00e4lv.<\/li>\n<\/ul>\n<p>Genom att vara framg\u00e5ngsrik i alla fyra perspektiv har \u00e5rets ledare visat p\u00e5 mycket goda och h\u00e5llbara resultat.<\/p>\n<p>\u00c5rets ledare ska ha mycket goda referenser fr\u00e5n kollegor och underst\u00e4llda<\/p>\n<p>\u00c5rets ledare ska ha arbetsst\u00e4lle och placeringsort i Medelpad<\/p>\n<h4>Jury:<\/h4>\n<ul>\n<li>Lina Andersson, JCI Sundsvall<\/li>\n<li>Maria Rumm, JCI Sundsvall<\/li>\n<li>M\u00e5ns Fahlander, Managementkonsult Pro&amp;Pro<\/li>\n<li>Tommy Ytterstr\u00f6m, VD Pro&amp;Pro<\/li>\n<\/ul>\n<h4>Urvalsprocess:<\/h4>\n<p>Nominering \u00e4r helt \u00f6ppen och p\u00e5g\u00e5r mellan 11 mars och 30 april 2026. Utifr\u00e5n nominering och fr\u00e5geformul\u00e4r v\u00e4ljer juryn ut ett antal kandidater f\u00f6r intervju. Fr\u00e5n dessa kandidater v\u00e4ljs tre nominerade ut som offentligg\u00f6rs 14 augusti. Efter samtal med referenser korar juryn en vinnare som annonseras p\u00e5 Sundsvall Business Awards den 17 september.<\/p>\n<p>N\u00e4r vi f\u00e5tt in din nominering s\u00e5 kommer vi ta kontakt med den nominerade f\u00f6r n\u00e5gra kompletterade fr\u00e5gor. Du som nominerar \u00e4r helt anonym.<\/p>\n<p><a href=\"https:\/\/proandpro.se\/om-oss\/policy-for-personuppgifter\/\">L\u00e4s mer om v\u00e5r hantering av dina personuppgifter<\/a><\/p>\n<p>&nbsp;<\/p>\n<p>[\/et_pb_text][et_pb_contact_form use_spam_service=&#8221;on&#8221; recaptcha_list=&#8221;Google reCAPTCHA|Google reCAPTCHA-0&#8243; email=&#8221;markus.marklund@proandpro.se, tommy.ytterstrom@proandpro.se, mans.fahlander@proandpro.se&#8221; title=&#8221;Nomineringsformul\u00e4r&#8221; custom_message=&#8221;Nominering \u00c5rets ledare||et_pb_line_break_holder||||et_pb_line_break_holder||Namn nominierare: %%Nominerare_Name%%||et_pb_line_break_holder||||et_pb_line_break_holder||E-post nominerare: %%Nominerare_Email%%||et_pb_line_break_holder||||et_pb_line_break_holder||Namn nominerad: %%Nominerad_Namn%%||et_pb_line_break_holder||||et_pb_line_break_holder||E-post nominerad: %%Nominerad_Email%%||et_pb_line_break_holder||||et_pb_line_break_holder||Telefon nominerad: %%Nominerad_Telefon%%||et_pb_line_break_holder||||et_pb_line_break_holder||F\u00f6retag nominerad: %%Nominerad_Foretag%%||et_pb_line_break_holder||||et_pb_line_break_holder||Motivering: %%Motivering%%||et_pb_line_break_holder||||et_pb_line_break_holder||GDPR:  %%GDPR%%&#8221; success_message=&#8221;Tack f\u00f6r din nominering!&#8221; submit_button_text=&#8221;Nominera&#8221; disabled_on=&#8221;off|off|off&#8221; module_id=&#8221;et_pb_contact_form_0&#8243; _builder_version=&#8221;4.24.3&#8243; _unique_id=&#8221;27f98869-0480-4ab3-96d9-7f771e313373&#8243; custom_css_captcha_field=&#8221;font-size:26px;||color: red;&#8221; custom_css_captcha_label=&#8221;font-size:26px;||color: red;&#8221; global_module=&#8221;6821&#8243; saved_tabs=&#8221;all&#8221; global_colors_info=&#8221;{}&#8221;][et_pb_contact_field field_id=&#8221;Nominerare_Name&#8221; field_title=&#8221;Ditt namn&#8221; fullwidth_field=&#8221;on&#8221; _builder_version=&#8221;4.16&#8243; global_colors_info=&#8221;{}&#8221; button_text_size__hover_enabled=&#8221;off&#8221; button_one_text_size__hover_enabled=&#8221;off&#8221; button_two_text_size__hover_enabled=&#8221;off&#8221; button_text_color__hover_enabled=&#8221;off&#8221; button_one_text_color__hover_enabled=&#8221;off&#8221; button_two_text_color__hover_enabled=&#8221;off&#8221; button_border_width__hover_enabled=&#8221;off&#8221; button_one_border_width__hover_enabled=&#8221;off&#8221; button_two_border_width__hover_enabled=&#8221;off&#8221; button_border_color__hover_enabled=&#8221;off&#8221; button_one_border_color__hover_enabled=&#8221;off&#8221; button_two_border_color__hover_enabled=&#8221;off&#8221; button_border_radius__hover_enabled=&#8221;off&#8221; button_one_border_radius__hover_enabled=&#8221;off&#8221; button_two_border_radius__hover_enabled=&#8221;off&#8221; button_letter_spacing__hover_enabled=&#8221;off&#8221; button_one_letter_spacing__hover_enabled=&#8221;off&#8221; button_two_letter_spacing__hover_enabled=&#8221;off&#8221; button_bg_color__hover_enabled=&#8221;off&#8221; button_one_bg_color__hover_enabled=&#8221;off&#8221; button_two_bg_color__hover_enabled=&#8221;off&#8221;][\/et_pb_contact_field][et_pb_contact_field field_id=&#8221;Nominerare_Email&#8221; field_title=&#8221;Din e-postadress&#8221; field_type=&#8221;email&#8221; fullwidth_field=&#8221;on&#8221; _builder_version=&#8221;4.16&#8243; global_colors_info=&#8221;{}&#8221; button_text_size__hover_enabled=&#8221;off&#8221; button_one_text_size__hover_enabled=&#8221;off&#8221; button_two_text_size__hover_enabled=&#8221;off&#8221; button_text_color__hover_enabled=&#8221;off&#8221; button_one_text_color__hover_enabled=&#8221;off&#8221; button_two_text_color__hover_enabled=&#8221;off&#8221; button_border_width__hover_enabled=&#8221;off&#8221; button_one_border_width__hover_enabled=&#8221;off&#8221; button_two_border_width__hover_enabled=&#8221;off&#8221; button_border_color__hover_enabled=&#8221;off&#8221; button_one_border_color__hover_enabled=&#8221;off&#8221; button_two_border_color__hover_enabled=&#8221;off&#8221; button_border_radius__hover_enabled=&#8221;off&#8221; button_one_border_radius__hover_enabled=&#8221;off&#8221; button_two_border_radius__hover_enabled=&#8221;off&#8221; button_letter_spacing__hover_enabled=&#8221;off&#8221; button_one_letter_spacing__hover_enabled=&#8221;off&#8221; button_two_letter_spacing__hover_enabled=&#8221;off&#8221; button_bg_color__hover_enabled=&#8221;off&#8221; button_one_bg_color__hover_enabled=&#8221;off&#8221; button_two_bg_color__hover_enabled=&#8221;off&#8221;][\/et_pb_contact_field][et_pb_contact_field field_id=&#8221;Nominerad_Namn&#8221; field_title=&#8221;Namn p\u00e5 den du vill nominiera&#8221; fullwidth_field=&#8221;on&#8221; _builder_version=&#8221;4.16&#8243; global_colors_info=&#8221;{}&#8221; button_text_size__hover_enabled=&#8221;off&#8221; button_one_text_size__hover_enabled=&#8221;off&#8221; button_two_text_size__hover_enabled=&#8221;off&#8221; button_text_color__hover_enabled=&#8221;off&#8221; button_one_text_color__hover_enabled=&#8221;off&#8221; button_two_text_color__hover_enabled=&#8221;off&#8221; button_border_width__hover_enabled=&#8221;off&#8221; button_one_border_width__hover_enabled=&#8221;off&#8221; button_two_border_width__hover_enabled=&#8221;off&#8221; button_border_color__hover_enabled=&#8221;off&#8221; button_one_border_color__hover_enabled=&#8221;off&#8221; button_two_border_color__hover_enabled=&#8221;off&#8221; button_border_radius__hover_enabled=&#8221;off&#8221; button_one_border_radius__hover_enabled=&#8221;off&#8221; button_two_border_radius__hover_enabled=&#8221;off&#8221; button_letter_spacing__hover_enabled=&#8221;off&#8221; button_one_letter_spacing__hover_enabled=&#8221;off&#8221; button_two_letter_spacing__hover_enabled=&#8221;off&#8221; button_bg_color__hover_enabled=&#8221;off&#8221; button_one_bg_color__hover_enabled=&#8221;off&#8221; button_two_bg_color__hover_enabled=&#8221;off&#8221;][\/et_pb_contact_field][et_pb_contact_field field_id=&#8221;Nominerad_Email&#8221; field_title=&#8221;E-postadress till den du vill nominera&#8221; required_mark=&#8221;off&#8221; fullwidth_field=&#8221;on&#8221; _builder_version=&#8221;4.16&#8243; global_colors_info=&#8221;{}&#8221;][\/et_pb_contact_field][et_pb_contact_field field_id=&#8221;Nominerad_Telefon&#8221; field_title=&#8221;Telefonnummer till den du vill nominera&#8221; required_mark=&#8221;off&#8221; fullwidth_field=&#8221;on&#8221; _builder_version=&#8221;4.16&#8243; global_colors_info=&#8221;{}&#8221;][\/et_pb_contact_field][et_pb_contact_field field_id=&#8221;Nominerad_Foretag&#8221; field_title=&#8221;F\u00f6retag eller organisation som den du vill nominera arbetar p\u00e5&#8221; fullwidth_field=&#8221;on&#8221; _builder_version=&#8221;4.16&#8243; global_colors_info=&#8221;{}&#8221;][\/et_pb_contact_field][et_pb_contact_field field_id=&#8221;Motivering&#8221; field_title=&#8221;Motivering&#8221; field_type=&#8221;text&#8221; fullwidth_field=&#8221;on&#8221; _builder_version=&#8221;4.16&#8243; global_colors_info=&#8221;{}&#8221; button_text_size__hover_enabled=&#8221;off&#8221; button_one_text_size__hover_enabled=&#8221;off&#8221; button_two_text_size__hover_enabled=&#8221;off&#8221; button_text_color__hover_enabled=&#8221;off&#8221; button_one_text_color__hover_enabled=&#8221;off&#8221; button_two_text_color__hover_enabled=&#8221;off&#8221; button_border_width__hover_enabled=&#8221;off&#8221; button_one_border_width__hover_enabled=&#8221;off&#8221; button_two_border_width__hover_enabled=&#8221;off&#8221; button_border_color__hover_enabled=&#8221;off&#8221; button_one_border_color__hover_enabled=&#8221;off&#8221; button_two_border_color__hover_enabled=&#8221;off&#8221; button_border_radius__hover_enabled=&#8221;off&#8221; button_one_border_radius__hover_enabled=&#8221;off&#8221; button_two_border_radius__hover_enabled=&#8221;off&#8221; button_letter_spacing__hover_enabled=&#8221;off&#8221; button_one_letter_spacing__hover_enabled=&#8221;off&#8221; button_two_letter_spacing__hover_enabled=&#8221;off&#8221; button_bg_color__hover_enabled=&#8221;off&#8221; button_one_bg_color__hover_enabled=&#8221;off&#8221; button_two_bg_color__hover_enabled=&#8221;off&#8221;][\/et_pb_contact_field][et_pb_contact_field field_id=&#8221;GDPR&#8221; field_title=&#8221;Personuppgifter&#8221; field_type=&#8221;checkbox&#8221; checkbox_options=&#8221;%91{%22value%22:%22Jag samtycker till behandling av mina personuppgifter%22,%22checked%22:0}%93&#8243; fullwidth_field=&#8221;on&#8221; _builder_version=&#8221;4.16&#8243; global_colors_info=&#8221;{}&#8221; button_text_size__hover_enabled=&#8221;off&#8221; button_one_text_size__hover_enabled=&#8221;off&#8221; button_two_text_size__hover_enabled=&#8221;off&#8221; button_text_color__hover_enabled=&#8221;off&#8221; button_one_text_color__hover_enabled=&#8221;off&#8221; button_two_text_color__hover_enabled=&#8221;off&#8221; button_border_width__hover_enabled=&#8221;off&#8221; button_one_border_width__hover_enabled=&#8221;off&#8221; button_two_border_width__hover_enabled=&#8221;off&#8221; button_border_color__hover_enabled=&#8221;off&#8221; button_one_border_color__hover_enabled=&#8221;off&#8221; button_two_border_color__hover_enabled=&#8221;off&#8221; button_border_radius__hover_enabled=&#8221;off&#8221; button_one_border_radius__hover_enabled=&#8221;off&#8221; button_two_border_radius__hover_enabled=&#8221;off&#8221; button_letter_spacing__hover_enabled=&#8221;off&#8221; button_one_letter_spacing__hover_enabled=&#8221;off&#8221; button_two_letter_spacing__hover_enabled=&#8221;off&#8221; button_bg_color__hover_enabled=&#8221;off&#8221; button_one_bg_color__hover_enabled=&#8221;off&#8221; button_two_bg_color__hover_enabled=&#8221;off&#8221;][\/et_pb_contact_field][\/et_pb_contact_form][et_pb_text disabled_on=&#8221;on|on|on&#8221; _builder_version=&#8221;4.24.3&#8243; disabled=&#8221;on&#8221; global_colors_info=&#8221;{}&#8221;]<\/p>\n<p>L\u00e4s mer om v\u00e5r hantering av dina <a href=\"http:\/\/proandpro.se\/personuppgifter\/\" target=\"_blank\" rel=\"noopener noreferrer\">personuppgifter<\/a><\/p>\n<p>[\/et_pb_text][\/et_pb_column][et_pb_column type=&#8221;1_3&#8243; _builder_version=&#8221;4.16&#8243; global_colors_info=&#8221;{}&#8221;][et_pb_text _builder_version=&#8221;4.17.6&#8243; background_size=&#8221;initial&#8221; background_position=&#8221;top_left&#8221; background_repeat=&#8221;repeat&#8221; use_border_color=&#8221;off&#8221; global_colors_info=&#8221;{}&#8221;]<\/p>\n<h3>Om prisv\u00e4rdarna<\/h3>\n<p>[\/et_pb_text][et_pb_text _builder_version=&#8221;4.17.6&#8243; background_size=&#8221;initial&#8221; background_position=&#8221;top_left&#8221; background_repeat=&#8221;repeat&#8221; custom_padding=&#8221;||0px|||&#8221; use_border_color=&#8221;off&#8221; global_colors_info=&#8221;{}&#8221;]<\/p>\n<p><a href=\"http:\/\/proandpro.se\/arets-ledare-2020\/propro-loggo_-orginal_png\/\"><img loading=\"lazy\" decoding=\"async\" class=\"aligncenter wp-image-6833\" src=\"https:\/\/media.proandpro.se\/2020\/05\/ProPro-Loggo_-Orginal_png-e1590939561518.png\" alt=\"\" width=\"200\" height=\"69\" \/><\/a><\/p>\n<p style=\"text-align: left;\">Pro&amp;Pro \u00e4r ett norrl\u00e4ndskt managementkonsultf\u00f6retag med ett nationellt perspektiv. Vi hj\u00e4lper f\u00f6retag och organisationer att f\u00f6rst\u00e5 framtiden samt utveckla framg\u00e5ngsrika aff\u00e4rer och m\u00e4nniskor.<\/p>\n<p><a href=\"http:\/\/proandpro.se\/arets-ledare-2020\/propro-loggo_-orginal_png\/\"><\/a><\/p>\n<p>[\/et_pb_text][et_pb_text disabled_on=&#8221;off|off|off&#8221; _builder_version=&#8221;4.17.6&#8243; background_size=&#8221;initial&#8221; background_position=&#8221;top_left&#8221; background_repeat=&#8221;repeat&#8221; use_border_color=&#8221;off&#8221; global_colors_info=&#8221;{}&#8221;]<\/p>\n<p><a href=\"http:\/\/proandpro.se\/arets-ledare-2020\/jci-sundsvall\/\"><img loading=\"lazy\" decoding=\"async\" class=\"aligncenter wp-image-6847\" src=\"https:\/\/media.proandpro.se\/2020\/05\/JCI-sundsvall-e1590939501823.png\" alt=\"\" width=\"175\" height=\"110\" \/><\/a>Juniorhandelskammaren Sundsvall \u00e4r en ideell f\u00f6rening med verksamhetsid\u00e9n att erbjuda utvecklingsm\u00f6jligheter som st\u00e4rker unga m\u00e4nniskor att skapa en positiv f\u00f6r\u00e4ndring. F\u00f6reningen best\u00e5r av 25 medlemmar som delar ett gemensamt intresse f\u00f6r ledarskap, entrepren\u00f6rskap, personlig utveckling och samh\u00e4llsengagemang. Juniorhandelskammaren Sundsvall st\u00e5r som arrang\u00f6r f\u00f6r Sundsvall Business Awards.<\/p>\n<p>[\/et_pb_text][\/et_pb_column][\/et_pb_row][\/et_pb_section]<\/p>\n","protected":false},"excerpt":{"rendered":"<p>&nbsp;\u00c5rets Ledare 2026 i Medelpad Prisv\u00e4rdar: Pro&amp;Pro och Juniorhandelskammaren Sundsvall Priset delas ut till en ledare inom privat eller offentlig sektor, som genom att visa tillit, arbeta systematiskt och t\u00e4nka h\u00e5llbart, skapat mycket goda och uth\u00e5lliga resultat och som genom sitt passionerade ledarskap \u00e4r en f\u00f6rebild f\u00f6r oss alla. Priset \u00c5rets Ledare i Medelpad delas [&hellip;]<\/p>\n","protected":false},"author":14,"featured_media":14371,"parent":0,"menu_order":0,"comment_status":"closed","ping_status":"closed","template":"","meta":{"_et_pb_use_builder":"on","_et_pb_old_content":"","_et_gb_content_width":"","footnotes":""},"folder":[],"class_list":["post-13530","page","type-page","status-publish","has-post-thumbnail","hentry"],"_links":{"self":[{"href":"https:\/\/proandpro.se\/en\/wp-json\/wp\/v2\/pages\/13530","targetHints":{"allow":["GET"]}}],"collection":[{"href":"https:\/\/proandpro.se\/en\/wp-json\/wp\/v2\/pages"}],"about":[{"href":"https:\/\/proandpro.se\/en\/wp-json\/wp\/v2\/types\/page"}],"author":[{"embeddable":true,"href":"https:\/\/proandpro.se\/en\/wp-json\/wp\/v2\/users\/14"}],"replies":[{"embeddable":true,"href":"https:\/\/proandpro.se\/en\/wp-json\/wp\/v2\/comments?post=13530"}],"version-history":[{"count":21,"href":"https:\/\/proandpro.se\/en\/wp-json\/wp\/v2\/pages\/13530\/revisions"}],"predecessor-version":[{"id":14388,"href":"https:\/\/proandpro.se\/en\/wp-json\/wp\/v2\/pages\/13530\/revisions\/14388"}],"wp:featuredmedia":[{"embeddable":true,"href":"https:\/\/proandpro.se\/en\/wp-json\/wp\/v2\/media\/14371"}],"wp:attachment":[{"href":"https:\/\/proandpro.se\/en\/wp-json\/wp\/v2\/media?parent=13530"}],"wp:term":[{"taxonomy":"folder","embeddable":true,"href":"https:\/\/proandpro.se\/en\/wp-json\/wp\/v2\/folder?post=13530"}],"curies":[{"name":"wp","href":"https:\/\/api.w.org\/{rel}","templated":true}]}}