{"id":12830,"date":"2024-01-07T18:39:41","date_gmt":"2024-01-07T18:39:41","guid":{"rendered":"https:\/\/proandpro.se\/?page_id=12830"},"modified":"2024-09-30T14:45:14","modified_gmt":"2024-09-30T14:45:14","slug":"make-people-business-successful","status":"publish","type":"page","link":"https:\/\/proandpro.se\/en\/make-people-business-successful\/","title":{"rendered":"Seminarie &#8211; \u201dMake people and business successful\u201d"},"content":{"rendered":"<p>[et_pb_section fb_built=&#8221;1&#8243; fullwidth=&#8221;on&#8221; _builder_version=&#8221;4.17.4&#8243; _module_preset=&#8221;default&#8221; custom_padding=&#8221;0px||0px||false|false&#8221; locked=&#8221;off&#8221; global_colors_info=&#8221;{}&#8221;][et_pb_fullwidth_image src=&#8221;https:\/\/media.proandpro.se\/2024\/01\/business-people.jpg&#8221; title_text=&#8221;Business people working a in modern office.&#8221; src_tablet=&#8221;http:\/\/media.protopro.se\/2022\/06\/Artificiell-intelligens-1200&#215;300-1.jpg&#8221; src_phone=&#8221;http:\/\/media.protopro.se\/2022\/06\/Artificiell-intelligens-1200&#215;800-1.jpg&#8221; src_last_edited=&#8221;on|tablet&#8221; _builder_version=&#8221;4.24.3&#8243; _module_preset=&#8221;default&#8221; custom_margin=&#8221;||||false|false&#8221; custom_padding=&#8221;||||false|false&#8221; hover_enabled=&#8221;0&#8243; global_colors_info=&#8221;{}&#8221; sticky_enabled=&#8221;0&#8243;][\/et_pb_fullwidth_image][\/et_pb_section][et_pb_section fb_built=&#8221;1&#8243; _builder_version=&#8221;4.17.4&#8243; _module_preset=&#8221;default&#8221; custom_padding=&#8221;10px||||false|false&#8221; global_colors_info=&#8221;{}&#8221;][et_pb_row column_structure=&#8221;2_3,1_3&#8243; _builder_version=&#8221;4.17.4&#8243; _module_preset=&#8221;default&#8221; global_colors_info=&#8221;{}&#8221;][et_pb_column type=&#8221;2_3&#8243; _builder_version=&#8221;4.17.4&#8243; _module_preset=&#8221;default&#8221; global_colors_info=&#8221;{}&#8221;][et_pb_blurb title=&#8221;Seminarie \u2013  Make people and business successful!&#8221; _builder_version=&#8221;4.23.4&#8243; _module_preset=&#8221;default&#8221; header_level=&#8221;h1&#8243; header_font=&#8221;Poppins|300|||||||&#8221; header_font_size=&#8221;48px&#8221; body_font=&#8221;Poppins|300|||||||&#8221; body_font_size=&#8221;20px&#8221; hover_enabled=&#8221;0&#8243; header_font_size_tablet=&#8221;48px&#8221; header_font_size_phone=&#8221;32px&#8221; header_font_size_last_edited=&#8221;on|phone&#8221; body_font_size_tablet=&#8221;20px&#8221; body_font_size_phone=&#8221;16px&#8221; body_font_size_last_edited=&#8221;on|phone&#8221; global_colors_info=&#8221;{}&#8221; sticky_enabled=&#8221;0&#8243;]<\/p>\n<p><i>Genom att arbeta systematiskt, tillitsfullt, h\u00e5llbart och med stor passion kan du utveckla ditt ledarskap och bli mer framg\u00e5ngsrik i ditt arbete. <\/i><\/p>\n<p>[\/et_pb_blurb][et_pb_blurb _builder_version=&#8221;4.24.3&#8243; _module_preset=&#8221;default&#8221; body_font=&#8221;Poppins|300|||||||&#8221; body_font_size=&#8221;16px&#8221; custom_padding=&#8221;3px|||||&#8221; hover_enabled=&#8221;0&#8243; body_font_size_phone=&#8221;14px&#8221; body_font_size_last_edited=&#8221;off|phone&#8221; global_colors_info=&#8221;{}&#8221; sticky_enabled=&#8221;0&#8243;]<\/p>\n<blockquote>\n<p>Efter att ha arbetat med \u00c5rets ledare i Sundsvall under ett antal \u00e5r har vi m\u00e4rkt ett \u00f6kat intresse f\u00f6r vad det \u00e4r som utm\u00e4rker \u00e5rets ledare och de kriterier som vi anv\u00e4nder i arbetet med att utse \u00c5rets ledare. Utn\u00e4mningen bygger p\u00e5 v\u00e5r ledarskapsmodell, <b><i>Det h\u00e5llbara ledarskapet<\/i><\/b>, och vi erbjuder nu ett seminarium d\u00e4r vi tillsammans g\u00e5r igenom modellen f\u00f6r att skapa en f\u00f6rst\u00e5else f\u00f6r hur du kan arbeta f\u00f6r att utveckla ditt h\u00e5llbara ledarskap. Ut\u00f6ver det arbetar vi igenom ett antal viktiga omr\u00e5den f\u00f6r att ge dig verktyg som hj\u00e4lper dig att bli mer proaktiv och framg\u00e5ngsrik i att skapa framg\u00e5ngsrika och h\u00e5llbara resultat i en f\u00f6r\u00e4nderlig v\u00e4rld.<\/p>\n<\/blockquote>\n<p>[\/et_pb_blurb][et_pb_blurb title=&#8221;F\u00f6r vem?&#8221; use_icon=&#8221;on&#8221; font_icon=&#8221;&#xf007;||fa||900&#8243; icon_color=&#8221;#32c5f4&#8243; icon_placement=&#8221;left&#8221; _builder_version=&#8221;4.17.1&#8243; _module_preset=&#8221;default&#8221; header_level=&#8221;h3&#8243; header_font=&#8221;Poppins|300|||||||&#8221; header_font_size=&#8221;34px&#8221; animation=&#8221;off&#8221; global_colors_info=&#8221;{}&#8221;][\/et_pb_blurb][et_pb_blurb _builder_version=&#8221;4.21.0&#8243; _module_preset=&#8221;default&#8221; body_font=&#8221;Poppins|300|||||||&#8221; body_font_size=&#8221;16px&#8221; custom_margin=&#8221;-4%||||false|false&#8221; global_colors_info=&#8221;{}&#8221;]<\/p>\n<p>Seminariet v\u00e4nder sig till organisationer som vill utveckla sin ledarskapsf\u00f6rm\u00e5ga. Genom seminariet erbjuder man sina chefer en m\u00f6jlighet att ta ytterligare steg i sin utveckling och bygger tillsammans en gemensam plattform och medvetenhet om vad som kr\u00e4vs f\u00f6r ett h\u00e5llbart, och framg\u00e5ngsrikt, ledarskap.<\/p>\n<p>[\/et_pb_blurb][et_pb_blurb title=&#8221;Vilka f\u00f6rkunskaper kr\u00e4vs?&#8221; use_icon=&#8221;on&#8221; font_icon=&#8221;&#xf19d;||fa||900&#8243; icon_color=&#8221;#32c5f4&#8243; icon_placement=&#8221;left&#8221; _builder_version=&#8221;4.17.1&#8243; _module_preset=&#8221;default&#8221; header_level=&#8221;h3&#8243; header_font=&#8221;Poppins|300|||||||&#8221; header_font_size=&#8221;34px&#8221; animation=&#8221;off&#8221; global_colors_info=&#8221;{}&#8221;][\/et_pb_blurb][et_pb_blurb _builder_version=&#8221;4.17.4&#8243; _module_preset=&#8221;default&#8221; body_font=&#8221;Poppins|300|||||||&#8221; body_font_size=&#8221;16px&#8221; custom_margin=&#8221;-4%||||false|false&#8221; global_colors_info=&#8221;{}&#8221;]<\/p>\n<p>Seminariet kr\u00e4ver inga speciella f\u00f6rkunskaper men deltagarna f\u00f6rv\u00e4ntas ha ett chefsuppdrag.<\/p>\n<p>[\/et_pb_blurb][et_pb_blurb title=&#8221;Syfte och m\u00e5l&#8221; use_icon=&#8221;on&#8221; font_icon=&#8221;&#xf140;||fa||900&#8243; icon_color=&#8221;#32c5f4&#8243; icon_placement=&#8221;left&#8221; _builder_version=&#8221;4.17.1&#8243; _module_preset=&#8221;default&#8221; header_level=&#8221;h3&#8243; header_font=&#8221;Poppins|300|||||||&#8221; header_font_size=&#8221;34px&#8221; animation=&#8221;off&#8221; global_colors_info=&#8221;{}&#8221;][\/et_pb_blurb][et_pb_blurb _builder_version=&#8221;4.17.4&#8243; _module_preset=&#8221;default&#8221; body_font=&#8221;Poppins|300|||||||&#8221; body_font_size=&#8221;16px&#8221; custom_margin=&#8221;-4%||||false|false&#8221; custom_padding=&#8221;||0px|||&#8221; global_colors_info=&#8221;{}&#8221;]<\/p>\n<p>Syftet \u00e4r att skapa en f\u00f6rst\u00e5else f\u00f6r vad som kr\u00e4vs av ledarskapet f\u00f6r att lyckas i en f\u00f6r\u00e4nderlig v\u00e4rld. M\u00e5let \u00e4r att organisationen ska f\u00e5 f\u00f6ruts\u00e4ttningar att utveckla ett h\u00e5llbart ledarskap samt att samtliga deltagare ska f\u00e5 ytterligare n\u00e5gra ledarskapsverktyg att stoppa i sin verktygsl\u00e5da.<\/p>\n<p>[\/et_pb_blurb][\/et_pb_column][et_pb_column type=&#8221;1_3&#8243; _builder_version=&#8221;4.17.4&#8243; _module_preset=&#8221;default&#8221; global_colors_info=&#8221;{}&#8221;][et_pb_blurb title=&#8221;Information&#8221; _builder_version=&#8221;4.21.0&#8243; _module_preset=&#8221;default&#8221; header_level=&#8221;h3&#8243; header_font=&#8221;Poppins|600|||||||&#8221; header_text_color=&#8221;#FFFFFF&#8221; header_font_size=&#8221;22px&#8221; body_font=&#8221;Poppins|300|||||||&#8221; body_text_color=&#8221;#FFFFFF&#8221; body_font_size=&#8221;15px&#8221; body_line_height=&#8221;1em&#8221; body_link_font=&#8221;Poppins||||||||&#8221; body_link_text_color=&#8221;#FFFFFF&#8221; background_color=&#8221;rgba(50,197,244,0.8)&#8221; custom_margin=&#8221;||0px||false|false&#8221; custom_padding=&#8221;10%||5%|5%|false|false&#8221; border_radii=&#8221;off|20px|20px||&#8221; global_colors_info=&#8221;{}&#8221; body_link_text_color__hover_enabled=&#8221;on|hover&#8221; body_link_text_color__hover=&#8221;#0C71C3&#8243;]<\/p>\n<p>\u00a0L\u00e4ngd: <b>\u00a01 dag<\/b><\/p>\n<p>Pris: <strong>Enligt \u00f6verenskommelse<\/strong><\/p>\n<p>Plats: <strong>Enligt \u00f6verenskommelse<\/strong><\/p>\n<p>Ansvariga:<\/p>\n<p><strong>M\u00e5ns Fahlander<\/strong><\/p>\n<p><strong>Tommy Ytterstr\u00f6m<\/strong><\/p>\n<p>[\/et_pb_blurb][et_pb_blurb title=&#8221;Uppstart&#8221; _builder_version=&#8221;4.17.4&#8243; _module_preset=&#8221;default&#8221; header_font=&#8221;Poppins|600|||||||&#8221; header_text_color=&#8221;#FFFFFF&#8221; header_font_size=&#8221;22px&#8221; body_font=&#8221;Poppins|300|||||||&#8221; body_text_color=&#8221;#FFFFFF&#8221; body_font_size=&#8221;15px&#8221; body_line_height=&#8221;1em&#8221; background_color=&#8221;rgba(50,197,244,0.8)&#8221; custom_margin=&#8221;0px||0px||true|false&#8221; custom_margin_tablet=&#8221;-4.9%||||false|false&#8221; custom_margin_phone=&#8221;-9.3%||||false|false&#8221; custom_margin_last_edited=&#8221;off|desktop&#8221; custom_padding=&#8221;5%||5%|5%|false|false&#8221; global_colors_info=&#8221;{}&#8221;]<\/p>\n<p>Seminariet erbjuds efter f\u00f6rfr\u00e5gan<\/p>\n<p>[\/et_pb_blurb][et_pb_contact_form use_spam_service=&#8221;on&#8221; recaptcha_list=&#8221;Google reCAPTCHA|Google reCAPTCHA-0&#8243; email=&#8221;bnnb5g41contactform@robot.zapier.com, markus.marklund@proandpro.se, mans.fahlander@proandpro.se&#8221; title=&#8221;Intresseanm\u00e4lan&#8221; custom_message=&#8221;Anm\u00e4lan till utbildning||et_pb_line_break_holder||||et_pb_line_break_holder||Utbildning: Framtidsn\u00e4tverket||et_pb_line_break_holder||Tillf\u00e4lle: %%Tillf\u00e4lle%%||et_pb_line_break_holder||Namn: %%Namn%%||et_pb_line_break_holder||E-post: %%E-post%%||et_pb_line_break_holder||Telefon: %%Telefon%%&#8221; success_message=&#8221;Tack f\u00f6r din anm\u00e4lan. N\u00e4r din anm\u00e4lan har registrerats kommer du f\u00e5 en bekr\u00e4ftelse via mail inneh\u00e5llande information om betalning.&#8221; submit_button_text=&#8221;Skicka&#8221; _builder_version=&#8221;4.21.0&#8243; _module_preset=&#8221;default&#8221; _unique_id=&#8221;2eaac099-1661-43c1-88bd-56479cb8f583&#8243; form_field_background_color=&#8221;#FFFFFF&#8221; form_field_custom_margin=&#8221;-2.6%||||false|false&#8221; form_field_custom_padding=&#8221;||||false|false&#8221; title_level=&#8221;h3&#8243; title_font=&#8221;Poppins|600|||||||&#8221; title_text_color=&#8221;#FFFFFF&#8221; title_font_size=&#8221;20px&#8221; captcha_font=&#8221;Poppins|300|||||||&#8221; captcha_text_color=&#8221;#FFFFFF&#8221; captcha_font_size=&#8221;18px&#8221; form_field_font=&#8221;Poppins||||||||&#8221; form_field_font_size=&#8221;18px&#8221; background_color=&#8221;rgba(50,197,244,0.8)&#8221; custom_button=&#8221;on&#8221; button_text_size=&#8221;20px&#8221; button_text_color=&#8221;#636363&#8243; button_bg_color=&#8221;#FFFFFF&#8221; button_border_width=&#8221;0px&#8221; button_font=&#8221;Poppins|300|||||||&#8221; button_use_icon=&#8221;off&#8221; button_custom_margin=&#8221;5%||||false|false&#8221; button_custom_padding=&#8221;||||false|false&#8221; custom_margin=&#8221;0px||0px||true|false&#8221; custom_margin_tablet=&#8221;-4.9%||||false|false&#8221; custom_margin_phone=&#8221;-9.4%||||false|false&#8221; custom_margin_last_edited=&#8221;off|desktop&#8221; custom_padding=&#8221;7.5%|5%|7.5%|5%|false|false&#8221; custom_css_contact_button=&#8221;text-align: center;&#8221; border_width_bottom=&#8221;1px&#8221; border_color_bottom=&#8221;rgba(12,113,195,0.4)&#8221; global_colors_info=&#8221;{}&#8221;][et_pb_contact_field field_id=&#8221;Namn&#8221; field_title=&#8221;Namn&#8221; fullwidth_field=&#8221;on&#8221; _builder_version=&#8221;4.17.4&#8243; _module_preset=&#8221;default&#8221; global_colors_info=&#8221;{}&#8221;][\/et_pb_contact_field][et_pb_contact_field field_id=&#8221;E-post&#8221; field_title=&#8221;E-post&#8221; field_type=&#8221;email&#8221; fullwidth_field=&#8221;on&#8221; _builder_version=&#8221;4.17.1&#8243; _module_preset=&#8221;default&#8221; global_colors_info=&#8221;{}&#8221;][\/et_pb_contact_field][et_pb_contact_field field_id=&#8221;Telefon&#8221; field_title=&#8221;Telefon&#8221; fullwidth_field=&#8221;on&#8221; _builder_version=&#8221;4.17.4&#8243; _module_preset=&#8221;default&#8221; global_colors_info=&#8221;{}&#8221;][\/et_pb_contact_field][\/et_pb_contact_form][et_pb_blurb title=&#8221;Har du fr\u00e5gor eller vill veta mer?&#8221; _builder_version=&#8221;4.21.0&#8243; _module_preset=&#8221;default&#8221; header_level=&#8221;h3&#8243; header_font=&#8221;Poppins|600|||||||&#8221; header_text_color=&#8221;#FFFFFF&#8221; header_font_size=&#8221;22px&#8221; body_font=&#8221;Poppins|300|||||||&#8221; body_text_color=&#8221;#FFFFFF&#8221; body_font_size=&#8221;15px&#8221; body_line_height=&#8221;1em&#8221; body_link_font=&#8221;Poppins||||on|||#FFFFFF|&#8221; body_link_text_color=&#8221;#FFFFFF&#8221; background_color=&#8221;rgba(50,197,244,0.8)&#8221; custom_margin=&#8221;0px||||false|false&#8221; custom_margin_tablet=&#8221;-4.9%||||false|false&#8221; custom_margin_phone=&#8221;-9.4%||||false|false&#8221; custom_margin_last_edited=&#8221;off|desktop&#8221; custom_padding=&#8221;5%||5%|5%|false|false&#8221; border_radii=&#8221;off|||15px|15px&#8221; global_colors_info=&#8221;{}&#8221; body_text_color__hover_enabled=&#8221;on|hover&#8221; body_text_color__hover=&#8221;#0C71C3&#8243; body_link_text_color__hover_enabled=&#8221;on|hover&#8221; body_link_text_color__hover=&#8221;#0C71C3&#8243;]<\/p>\n<p><a href=\"mailto:mans.fahlander@proandpro.se\">Kontakta n\u00e4tverksansvarig<\/a><\/p>\n<p>[\/et_pb_blurb][\/et_pb_column][\/et_pb_row][\/et_pb_section][et_pb_section fb_built=&#8221;1&#8243; _builder_version=&#8221;4.17.1&#8243; _module_preset=&#8221;default&#8221; background_color=&#8221;rgba(50,197,244,0.15)&#8221; custom_margin=&#8221;-2.5%||||false|false&#8221; locked=&#8221;off&#8221; global_colors_info=&#8221;{}&#8221;][et_pb_row column_structure=&#8221;2_3,1_3&#8243; custom_padding_last_edited=&#8221;on|phone&#8221; _builder_version=&#8221;4.17.1&#8243; _module_preset=&#8221;default&#8221; custom_margin=&#8221;-40px||||false|false&#8221; custom_padding=&#8221;|||25px|false|false&#8221; custom_padding_tablet=&#8221;|||25px|false|false&#8221; custom_padding_phone=&#8221;|0px||0px|false|false&#8221; global_colors_info=&#8221;{}&#8221;][et_pb_column type=&#8221;2_3&#8243; _builder_version=&#8221;4.17.4&#8243; _module_preset=&#8221;default&#8221; global_colors_info=&#8221;{}&#8221;][et_pb_blurb title=&#8221;Utbildningens inneh\u00e5ll och uppl\u00e4gg&#8221; use_icon=&#8221;on&#8221; font_icon=&#8221;&#xf06a;||fa||900&#8243; icon_color=&#8221;#32c5f4&#8243; icon_placement=&#8221;left&#8221; content_max_width=&#8221;86%&#8221; _builder_version=&#8221;4.17.1&#8243; _module_preset=&#8221;default&#8221; header_level=&#8221;h3&#8243; header_font=&#8221;Poppins|300|||||||&#8221; header_font_size=&#8221;34px&#8221; animation=&#8221;off&#8221; locked=&#8221;off&#8221; global_colors_info=&#8221;{}&#8221;][\/et_pb_blurb][et_pb_blurb content_max_width=&#8221;86%&#8221; _builder_version=&#8221;4.17.4&#8243; _module_preset=&#8221;default&#8221; body_font=&#8221;Poppins|300|||||||&#8221; body_font_size=&#8221;16px&#8221; custom_margin=&#8221;-2.5%||||false|false&#8221; locked=&#8221;off&#8221; global_colors_info=&#8221;{}&#8221;]<\/p>\n<p>Vi vill skapa en arena d\u00e4r chefer inom en organisation kan m\u00f6tas f\u00f6r att genom personlig utveckling bidra till organisationens fortsatta framg\u00e5ng. Vi anv\u00e4nder oss av en pedagogik d\u00e4r vi kombinerar f\u00f6rel\u00e4sningar med upplevelsebaserat l\u00e4rande f\u00f6r att skapa b\u00e4sta m\u00f6jliga f\u00f6ruts\u00e4ttningar f\u00f6r ett h\u00e5llbart l\u00e4rande.<\/p>\n<p>Seminariet inleds med en temaf\u00f6rel\u00e4sning d\u00e4r vi g\u00e5r igenom v\u00e5r ledarskapsmodell, Det h\u00e5llbara ledarskapet, samt utvecklar kriterierna f\u00f6r hur vi utser \u00c5rets ledare i Sundsvall. Seminariet forts\u00e4tter sedan med tre block d\u00e4r deltagarna f\u00e5 ta del av teorier och verktyg f\u00f6r att utveckla sitt strategiska och taktiska ledarskap. Blocken inleds med en f\u00f6rel\u00e4sning d\u00e4r vi teoretiskt g\u00e5r igenom \u00e4mnet. Efter det f\u00e5r deltagarna arbeta med ett skarpt case kopplat till den teoretiska genomg\u00e5ngen. Vi avslutar blocket med att tillsammans g\u00e5 igenom caset och ha en gemensam dialog kring resultatet.<\/p>\n<p>Block 1 &#8211; Strategisk plattform<\/p>\n<ul>\n<li>Vi g\u00e5r igenom byggstenarna f\u00f6r den strategiska plattformen och ser hur man kan systematisera sitt arbete med skapa och l\u00f6pande se \u00f6ver strategiska arbete. Vi g\u00f6r sedan en analys p\u00e5 v\u00e5r egna strategiska plattform samt j\u00e4mf\u00f6r det med hur andra organisationer har gjort.<\/li>\n<\/ul>\n<p>Block 2 &#8211; Organisationen som en del i samh\u00e4llet<\/p>\n<ul>\n<li>F\u00f6r att vara attraktiv som arbetsgivare och trov\u00e4rdig i sitt h\u00e5llbarhetsarbete beh\u00f6ver man arbeta igenom sin strategi f\u00f6r CSR (corporate social responsibility) och s\u00e4kerst\u00e4lla att det \u00e4r en del i organisationens \u00f6vergripande strategi. Vi g\u00e5r igenom hur en CSR \u2013strategi byggs upp och arbetar sedan med case d\u00e4r vi tittar p\u00e5 v\u00e5r egen organisation och j\u00e4mf\u00f6r med hur andra har gjort.<\/li>\n<\/ul>\n<p>Block 3 &#8211; Ledarskap, organisationskultur och v\u00e4rderingar<\/p>\n<ul>\n<li>F\u00f6r att skapa l\u00e5ngsiktigt h\u00e5llbara resultat beh\u00f6vs ett ledarskap baserat p\u00e5 tillit som f\u00f6rst\u00e5r styrkan i en organisationskultur och som \u00e4r b\u00e4rare av de v\u00e4rderingar som organisationen har fastst\u00e4llt. Vi g\u00e5r igenom vad ett tillitsbaserat ledarskap \u00e4r och hur det h\u00e4nger ihop med en stark kultur och tydliga v\u00e4rderingar. Vi arbetar sedan igenom v\u00e5r organisation och ser vad som har gjorts och hur det praktiseras i verkligheten. Vi tittar sedan p\u00e5 andra organisationer f\u00f6r att j\u00e4mf\u00f6ra och skapa intressanta dialoger.<\/li>\n<\/ul>\n<p>[\/et_pb_blurb][et_pb_blurb title=&#8221;L\u00e4ngd och schema&#8221; use_icon=&#8221;on&#8221; font_icon=&#8221;&#xf073;||fa||900&#8243; icon_color=&#8221;#32c5f4&#8243; icon_placement=&#8221;left&#8221; content_max_width=&#8221;86%&#8221; _builder_version=&#8221;4.17.1&#8243; _module_preset=&#8221;default&#8221; header_level=&#8221;h3&#8243; header_font=&#8221;Poppins|300|||||||&#8221; header_font_size=&#8221;34px&#8221; animation=&#8221;off&#8221; locked=&#8221;off&#8221; global_colors_info=&#8221;{}&#8221;][\/et_pb_blurb][et_pb_blurb content_max_width=&#8221;86%&#8221; _builder_version=&#8221;4.17.4&#8243; _module_preset=&#8221;default&#8221; body_font=&#8221;Poppins|300|||||||&#8221; body_font_size=&#8221;16px&#8221; custom_margin=&#8221;-2.5%||||false|false&#8221; locked=&#8221;off&#8221; global_colors_info=&#8221;{}&#8221;]<\/p>\n<ul>\n<li>Seminariet \u00e4r en heldag<\/li>\n<li>Vi tr\u00e4ffas 8.30 och avslutar 16.30<\/li>\n<li>Vi \u00e4ter en gemensam lunch<\/li>\n<li>Datum och plats efter \u00f6verenskommelse<\/li>\n<\/ul>\n<ul><\/ul>\n<p>[\/et_pb_blurb][et_pb_blurb title=&#8221;Din investering&#8221; use_icon=&#8221;on&#8221; font_icon=&#8221;&#xf51e;||fa||900&#8243; icon_color=&#8221;#32c5f4&#8243; icon_placement=&#8221;left&#8221; content_max_width=&#8221;86%&#8221; _builder_version=&#8221;4.21.0&#8243; _module_preset=&#8221;default&#8221; header_level=&#8221;h3&#8243; header_font=&#8221;Poppins|300|||||||&#8221; header_font_size=&#8221;34px&#8221; animation=&#8221;off&#8221; locked=&#8221;off&#8221; global_colors_info=&#8221;{}&#8221;][\/et_pb_blurb][et_pb_blurb content_max_width=&#8221;86%&#8221; _builder_version=&#8221;4.23.4&#8243; _module_preset=&#8221;default&#8221; body_font=&#8221;Poppins|300|||||||&#8221; body_font_size=&#8221;16px&#8221; custom_margin=&#8221;-2.5%||||false|false&#8221; locked=&#8221;off&#8221; global_colors_info=&#8221;{}&#8221;]<\/p>\n<p><span>Pris: Enligt \u00f6verenskommelse<\/span><\/p>\n<p>[\/et_pb_blurb][\/et_pb_column][et_pb_column type=&#8221;1_3&#8243; module_id=&#8221;Utbildare&#8221; _builder_version=&#8221;4.17.1&#8243; _module_preset=&#8221;default&#8221; background_color=&#8221;#FFFFFF&#8221; custom_padding=&#8221;30px|20px|30px|20px|true|true&#8221; border_radii=&#8221;on|20px|20px|20px|20px&#8221; global_colors_info=&#8221;{}&#8221;][et_pb_image src=&#8221;https:\/\/media.proandpro.se\/2022\/08\/Tommy_profil.jpg&#8221; title_text=&#8221;Tommy_profil&#8221; align=&#8221;center&#8221; _builder_version=&#8221;4.21.0&#8243; _module_preset=&#8221;default&#8221; border_radii=&#8221;on|50%|50%|50%|50%&#8221; border_color_all=&#8221;#32c5f4&#8243; global_colors_info=&#8221;{}&#8221;][\/et_pb_image][et_pb_text _builder_version=&#8221;4.21.0&#8243; _module_preset=&#8221;default&#8221; text_font=&#8221;Poppins|300|||||||&#8221; text_font_size=&#8221;12px&#8221; header_3_font=&#8221;Poppins||||||||&#8221; header_4_font=&#8221;Poppins||||||||&#8221; header_4_text_color=&#8221;#32c5f4&#8243; header_4_font_size=&#8221;14px&#8221; text_orientation=&#8221;center&#8221; global_colors_info=&#8221;{}&#8221;]<\/p>\n<h3>Tommy Ytterstr\u00f6m<\/h3>\n<h4>Managementkonsult<\/h4>\n<p>[\/et_pb_text][et_pb_image src=&#8221;https:\/\/media.proandpro.se\/2022\/08\/Mans_profil.jpg&#8221; title_text=&#8221;Mans_profil&#8221; align=&#8221;center&#8221; _builder_version=&#8221;4.21.0&#8243; _module_preset=&#8221;default&#8221; border_radii=&#8221;on|50%|50%|50%|50%&#8221; border_color_all=&#8221;#32c5f4&#8243; global_colors_info=&#8221;{}&#8221;][\/et_pb_image][et_pb_text _builder_version=&#8221;4.21.0&#8243; _module_preset=&#8221;default&#8221; text_font=&#8221;Poppins|300|||||||&#8221; text_font_size=&#8221;12px&#8221; header_3_font=&#8221;Poppins||||||||&#8221; header_4_font=&#8221;Poppins||||||||&#8221; header_4_text_color=&#8221;#32c5f4&#8243; header_4_font_size=&#8221;14px&#8221; text_orientation=&#8221;center&#8221; global_colors_info=&#8221;{}&#8221;]<\/p>\n<h3>M\u00e5ns Fahlander<\/h3>\n<h4>Managementkonsult<\/h4>\n<p>[\/et_pb_text][et_pb_divider color=&#8221;#32c5f4&#8243; _builder_version=&#8221;4.21.0&#8243; _module_preset=&#8221;default&#8221; custom_margin=&#8221;0px||0px||true|false&#8221; global_colors_info=&#8221;{}&#8221;][\/et_pb_divider][et_pb_text _builder_version=&#8221;4.21.0&#8243; _module_preset=&#8221;default&#8221; text_font=&#8221;Poppins|300|||||||&#8221; link_font=&#8221;Poppins|500|||||||&#8221; link_text_color=&#8221;#32c5f4&#8243; text_orientation=&#8221;center&#8221; global_colors_info=&#8221;{}&#8221; link_text_color__hover_enabled=&#8221;on|hover&#8221; link_text_color__hover=&#8221;#0C71C3&#8243;]<\/p>\n<p><a href=\"tel:46739872181\">+46 70 514 57 31<\/a><\/p>\n<p><a href=\"mailto:Mans.Fahlanander@proandpro.se\">mans.fahlander@proandpro.se<\/a><\/p>\n<p>[\/et_pb_text][\/et_pb_column][\/et_pb_row][\/et_pb_section][et_pb_section fb_built=&#8221;1&#8243; _builder_version=&#8221;4.17.4&#8243; _module_preset=&#8221;default&#8221; background_color=&#8221;#FFFFFF&#8221; custom_margin=&#8221;-2.5%||||false|false&#8221; custom_padding=&#8221;10px||||false|false&#8221; global_colors_info=&#8221;{}&#8221;][et_pb_row column_structure=&#8221;1_2,1_2&#8243; custom_padding_last_edited=&#8221;on|phone&#8221; _builder_version=&#8221;4.17.4&#8243; _module_preset=&#8221;default&#8221; custom_padding=&#8221;|||40px|false|false&#8221; custom_padding_tablet=&#8221;|||0px|false|false&#8221; custom_padding_phone=&#8221;|||0px|false|false&#8221; global_colors_info=&#8221;{}&#8221;][et_pb_column type=&#8221;1_2&#8243; _builder_version=&#8221;4.17.4&#8243; _module_preset=&#8221;default&#8221; global_colors_info=&#8221;{}&#8221;][et_pb_blurb content_max_width=&#8221;86%&#8221; _builder_version=&#8221;4.17.4&#8243; _module_preset=&#8221;default&#8221; body_font=&#8221;Poppins|300|||||||&#8221; body_font_size=&#8221;16px&#8221; custom_margin=&#8221;-2.5%||||false|false&#8221; locked=&#8221;off&#8221; global_colors_info=&#8221;{}&#8221;][\/et_pb_blurb][et_pb_blurb title=&#8221;\u00d6vrig information&#8221; use_icon=&#8221;on&#8221; font_icon=&#8221;&#xf05a;||fa||900&#8243; icon_color=&#8221;#32c5f4&#8243; icon_placement=&#8221;left&#8221; content_max_width=&#8221;86%&#8221; _builder_version=&#8221;4.21.0&#8243; _module_preset=&#8221;default&#8221; header_level=&#8221;h3&#8243; header_font=&#8221;Poppins|300|||||||&#8221; header_font_size=&#8221;34px&#8221; animation=&#8221;off&#8221; locked=&#8221;off&#8221; global_colors_info=&#8221;{}&#8221;][\/et_pb_blurb][et_pb_blurb content_max_width=&#8221;86%&#8221; _builder_version=&#8221;4.17.4&#8243; _module_preset=&#8221;default&#8221; body_font=&#8221;Poppins|300|||||||&#8221; body_font_size=&#8221;16px&#8221; custom_margin=&#8221;-2.5%||||false|false&#8221; locked=&#8221;off&#8221; global_colors_info=&#8221;{}&#8221;]<\/p>\n<p>V\u00e5rt team best\u00e5r idag av 15 konsulter med bred kunskap inom samtliga v\u00e5ra k\u00e4rnomr\u00e5den. Pro&amp;Pro startades 2013 och har l\u00e5ng erfarenhet av att hj\u00e4lpa f\u00f6retag i deras strategiska arbete, skapa f\u00f6ruts\u00e4ttningar f\u00f6r tillv\u00e4xt samt utveckla organisationen och dess medarbetare. V\u00e5r ambition och m\u00e5ls\u00e4ttning \u00e4r att alltid, tillsammans med v\u00e5ra kunder, utveckla f\u00f6retag till sin fulla potential vilket inneb\u00e4r ett b\u00e4ttre f\u00f6retag f\u00f6r b\u00e5de kunder, \u00e4gare, anst\u00e4llda och samh\u00e4llet.<\/p>\n<p>[\/et_pb_blurb][\/et_pb_column][et_pb_column type=&#8221;1_2&#8243; _builder_version=&#8221;4.17.4&#8243; _module_preset=&#8221;default&#8221; global_colors_info=&#8221;{}&#8221;][\/et_pb_column][\/et_pb_row][\/et_pb_section]<\/p>\n","protected":false},"excerpt":{"rendered":"<p>Genom att arbeta systematiskt, tillitsfullt, h\u00e5llbart och med stor passion kan du utveckla ditt ledarskap och bli mer framg\u00e5ngsrik i ditt arbete. Efter att ha arbetat med \u00c5rets ledare i Sundsvall under ett antal \u00e5r har vi m\u00e4rkt ett \u00f6kat intresse f\u00f6r vad det \u00e4r som utm\u00e4rker \u00e5rets ledare och de kriterier som vi anv\u00e4nder [&hellip;]<\/p>\n","protected":false},"author":1,"featured_media":0,"parent":0,"menu_order":0,"comment_status":"closed","ping_status":"closed","template":"","meta":{"_et_pb_use_builder":"on","_et_pb_old_content":"","_et_gb_content_width":"","footnotes":""},"folder":[],"class_list":["post-12830","page","type-page","status-publish","hentry"],"_links":{"self":[{"href":"https:\/\/proandpro.se\/en\/wp-json\/wp\/v2\/pages\/12830","targetHints":{"allow":["GET"]}}],"collection":[{"href":"https:\/\/proandpro.se\/en\/wp-json\/wp\/v2\/pages"}],"about":[{"href":"https:\/\/proandpro.se\/en\/wp-json\/wp\/v2\/types\/page"}],"author":[{"embeddable":true,"href":"https:\/\/proandpro.se\/en\/wp-json\/wp\/v2\/users\/1"}],"replies":[{"embeddable":true,"href":"https:\/\/proandpro.se\/en\/wp-json\/wp\/v2\/comments?post=12830"}],"version-history":[{"count":7,"href":"https:\/\/proandpro.se\/en\/wp-json\/wp\/v2\/pages\/12830\/revisions"}],"predecessor-version":[{"id":13320,"href":"https:\/\/proandpro.se\/en\/wp-json\/wp\/v2\/pages\/12830\/revisions\/13320"}],"wp:attachment":[{"href":"https:\/\/proandpro.se\/en\/wp-json\/wp\/v2\/media?parent=12830"}],"wp:term":[{"taxonomy":"folder","embeddable":true,"href":"https:\/\/proandpro.se\/en\/wp-json\/wp\/v2\/folder?post=12830"}],"curies":[{"name":"wp","href":"https:\/\/api.w.org\/{rel}","templated":true}]}}