{"id":12335,"date":"2023-05-14T20:50:23","date_gmt":"2023-05-14T20:50:23","guid":{"rendered":"https:\/\/proandpro.se\/?page_id=12335"},"modified":"2023-05-14T20:50:23","modified_gmt":"2023-05-14T20:50:23","slug":"skvadern-stipendium-2023","status":"publish","type":"page","link":"https:\/\/proandpro.se\/en\/skvadern-stipendium-2023\/","title":{"rendered":"Skvadern stipendium 2023"},"content":{"rendered":"<p>Grattis och lycka till med framtida studier s\u00e4ger vi till Maja Styrefors, Elsa Utter, Josef K\u00e5gstr\u00f6m Bystedt och Aral Turkman, vid Skvaderns gymnasieskola, 2023 \u00e5rs vinnare av Pro&amp;Pro Awards gymnasiestipendium. Priserna delades ut i samband med Pro&amp;Pros 10 \u00e5rs jubileumsevent. Stipendium delas ut f\u00f6r b\u00e4sta gymnasiearbete vid Skvaderns naturvetenskapsprogram. Tre finalister nomineras av skolan. Varje finalist f\u00e5r muntligt presentera sitt arbete med tillh\u00f6rande fr\u00e5gestund. Avg\u00f6rande faktorer \u00e4r ambition, analytisk niv\u00e5, skriftlig- och muntlig presentation. Presentation sker f\u00f6r teamet p\u00e5 Pro&amp;Pro.<\/p>\n<ul>\n<li>1a pris och 7 000 kr till Maja Styrefors och Elsa Utter. Gymnasiearbetet \u201dHydroponisk odling\u201d belyser en mycket intressant h\u00e5llbar fr\u00e5gest\u00e4llning, har genomf\u00f6rts med h\u00f6g ambition, en engagerande och professionell muntlig presentation samt en mycket<br \/>\nv\u00e4lstrukturerad rapport.<\/li>\n<li>2a pris och 3 000 kr till Josef K\u00e5gstr\u00f6m Bystedt. Gymnasiearbetet \u201dH\u00e4nthet, fothet och balans\u201d belyser en komplex fr\u00e5gest\u00e4llning, har genomf\u00f6rts med stort intresse och engagemang, en inspirerande muntlig presentation samt v\u00e4lskriven rapport..<\/li>\n<li>2a pris och 3 000 kr till Aral Turkmen. Gymnasiearbetet \u201dStudie om relation mellan depression och \u00f6vervikt bland kvinnor\u201d belyser en mycket viktig och komplex fr\u00e5gest\u00e4llning i ett h\u00e5llbarhetsperspektiv, har genomf\u00f6rts med h\u00f6g ambition, en engagerande muntlig presentation samt v\u00e4lskriven rapport.<\/li>\n<\/ul>\n<p>Tommy Ytterstr\u00f6m, VD Pro&amp;Pro, beskriver samarbetet och bakgrunden till stipendiet s\u00e5 h\u00e4r:<br \/>\nV\u00e5rt l\u00f6fte \u201dMakes people and business successful\u201d beskriver v\u00e5r passion av att se m\u00e4nniskor lyckas och f\u00f6retag utvecklas och f\u00f6r oss \u00e4r det sj\u00e4lvklart att utveckla unga och ambiti\u00f6sa personer. Vi vill inspirera till nyfikenhet, passion och gl\u00e4dje f\u00f6r universitetsstudier p\u00e5 h\u00f6g niv\u00e5. Vi vet att Skvaderns studenter \u00e4r erk\u00e4nt duktiga. Genom samarbetet med Skvadern f\u00e5r vi relationer med ambiti\u00f6sa studenter samtidigt som Skvadern och dess studenter f\u00e5r ta del av v\u00e5r erfarenhet, kompetens och inspiration. Idag har vi anst\u00e4llda som har g\u00e5tt p\u00e5 Skvadern samt att flera som har g\u00e5tt p\u00e5 Skvadern har deltagit i Bright Minds program samt Internship. F\u00f6rutom stipendium ses aktiviteter som innovationsworkshops, inspirationsf\u00f6rel\u00e4sningar och karri\u00e4rdialoger.<\/p>","protected":false},"excerpt":{"rendered":"<p>Grattis och lycka till med framtida studier s\u00e4ger vi till Maja Styrefors, Elsa Utter, Josef K\u00e5gstr\u00f6m Bystedt och Aral Turkman, vid Skvaderns gymnasieskola, 2023 \u00e5rs vinnare av Pro&amp;Pro Awards gymnasiestipendium. Priserna delades ut i samband med Pro&amp;Pros 10 \u00e5rs jubileumsevent. Stipendium delas ut f\u00f6r b\u00e4sta gymnasiearbete vid Skvaderns naturvetenskapsprogram. Tre finalister nomineras av skolan. Varje [&hellip;]<\/p>\n","protected":false},"author":1,"featured_media":12336,"parent":0,"menu_order":0,"comment_status":"closed","ping_status":"closed","template":"","meta":{"_et_pb_use_builder":"","_et_pb_old_content":"","_et_gb_content_width":"","footnotes":""},"folder":[],"class_list":["post-12335","page","type-page","status-publish","has-post-thumbnail","hentry"],"_links":{"self":[{"href":"https:\/\/proandpro.se\/en\/wp-json\/wp\/v2\/pages\/12335","targetHints":{"allow":["GET"]}}],"collection":[{"href":"https:\/\/proandpro.se\/en\/wp-json\/wp\/v2\/pages"}],"about":[{"href":"https:\/\/proandpro.se\/en\/wp-json\/wp\/v2\/types\/page"}],"author":[{"embeddable":true,"href":"https:\/\/proandpro.se\/en\/wp-json\/wp\/v2\/users\/1"}],"replies":[{"embeddable":true,"href":"https:\/\/proandpro.se\/en\/wp-json\/wp\/v2\/comments?post=12335"}],"version-history":[{"count":1,"href":"https:\/\/proandpro.se\/en\/wp-json\/wp\/v2\/pages\/12335\/revisions"}],"predecessor-version":[{"id":12337,"href":"https:\/\/proandpro.se\/en\/wp-json\/wp\/v2\/pages\/12335\/revisions\/12337"}],"wp:featuredmedia":[{"embeddable":true,"href":"https:\/\/proandpro.se\/en\/wp-json\/wp\/v2\/media\/12336"}],"wp:attachment":[{"href":"https:\/\/proandpro.se\/en\/wp-json\/wp\/v2\/media?parent=12335"}],"wp:term":[{"taxonomy":"folder","embeddable":true,"href":"https:\/\/proandpro.se\/en\/wp-json\/wp\/v2\/folder?post=12335"}],"curies":[{"name":"wp","href":"https:\/\/api.w.org\/{rel}","templated":true}]}}