{"id":12325,"date":"2023-05-15T09:32:27","date_gmt":"2023-05-15T09:32:27","guid":{"rendered":"https:\/\/proandpro.se\/?page_id=12325"},"modified":"2023-05-15T09:32:38","modified_gmt":"2023-05-15T09:32:38","slug":"framtidens-uppdragsledare","status":"publish","type":"page","link":"https:\/\/proandpro.se\/en\/utbildningar\/framtidens-uppdragsledare\/","title":{"rendered":"Framtidens uppdragsledare"},"content":{"rendered":"<p>[et_pb_section fb_built=&#8221;1&#8243; fullwidth=&#8221;on&#8221; _builder_version=&#8221;4.17.4&#8243; _module_preset=&#8221;default&#8221; custom_padding=&#8221;0px||0px||false|false&#8221; locked=&#8221;off&#8221; global_colors_info=&#8221;{}&#8221;][et_pb_fullwidth_image src=&#8221;https:\/\/media.proandpro.se\/2022\/06\/Project-management-1200&#215;300-1.jpg&#8221; title_text=&#8221;Person using futuristic HUD interface, KPI and BI, technology, d&#8221; src_tablet=&#8221;https:\/\/media.proandpro.se\/2022\/06\/Project-management-1200&#215;300-1.jpg&#8221; src_phone=&#8221;https:\/\/media.proandpro.se\/2022\/06\/Project-management-1200&#215;800-1.jpg&#8221; src_last_edited=&#8221;on|tablet&#8221; _builder_version=&#8221;4.17.1&#8243; _module_preset=&#8221;default&#8221; custom_margin=&#8221;||||false|false&#8221; custom_padding=&#8221;||||false|false&#8221; global_colors_info=&#8221;{}&#8221;][\/et_pb_fullwidth_image][\/et_pb_section][et_pb_section fb_built=&#8221;1&#8243; _builder_version=&#8221;4.17.4&#8243; _module_preset=&#8221;default&#8221; custom_padding=&#8221;10px||||false|false&#8221; global_colors_info=&#8221;{}&#8221;][et_pb_row column_structure=&#8221;2_3,1_3&#8243; _builder_version=&#8221;4.17.4&#8243; _module_preset=&#8221;default&#8221; global_colors_info=&#8221;{}&#8221;][et_pb_column type=&#8221;2_3&#8243; _builder_version=&#8221;4.17.4&#8243; _module_preset=&#8221;default&#8221; global_colors_info=&#8221;{}&#8221;][et_pb_blurb title=&#8221;Framtidens uppdragsledare&#8221; _builder_version=&#8221;4.20.4&#8243; _module_preset=&#8221;default&#8221; header_level=&#8221;h1&#8243; header_font=&#8221;Poppins|300|||||||&#8221; header_font_size=&#8221;48px&#8221; body_font=&#8221;Poppins|300|||||||&#8221; body_font_size=&#8221;20px&#8221; header_font_size_tablet=&#8221;48px&#8221; header_font_size_phone=&#8221;32px&#8221; header_font_size_last_edited=&#8221;on|phone&#8221; body_font_size_tablet=&#8221;20px&#8221; body_font_size_phone=&#8221;16px&#8221; body_font_size_last_edited=&#8221;on|phone&#8221; global_colors_info=&#8221;{}&#8221;]<\/p>\n<p><em>V\u00e4lkommen till grundkursen i uppdragsledning, skapad f\u00f6r att ge dig de n\u00f6dv\u00e4ndiga verktygen och f\u00e4rdigheterna f\u00f6r att effektivt driva uppdrag i din verksamhet<\/em><\/p>\n<p>[\/et_pb_blurb][et_pb_blurb _builder_version=&#8221;4.20.4&#8243; _module_preset=&#8221;default&#8221; body_font=&#8221;Poppins|300|||||||&#8221; body_font_size=&#8221;16px&#8221; global_colors_info=&#8221;{}&#8221;]<\/p>\n<p>Du som uppdragsledare har en avg\u00f6rande roll f\u00f6r driva och genomf\u00f6ra viktiga insatser s\u00e5som verksamhetsutveckling eller andra uppdrag i din organisation. F\u00f6r att lyckas beh\u00f6ver du en bred kompetens f\u00f6r att kunna planera och driva uppdrag utifr\u00e5n dess m\u00e5l och inriktning, samt inspirera och leda medarbetare.<\/p>\n<p>Kursen \u00e4r utformad f\u00f6r att hj\u00e4lpa dig att navigera genom uppdragsledningsprocessen, s\u00e5 att du kan fokusera p\u00e5 att skapa v\u00e4rde f\u00f6r din organisation. Under kursens g\u00e5ng kommer du att f\u00e5 en grundlig f\u00f6rst\u00e5else f\u00f6r en uppdragsmodell, dess grundprinciper och hur den kan till\u00e4mpas p\u00e5 dina specifika uppdrag. Vi kommer att g\u00e5 igenom stegen f\u00f6r att starta, planera och genomf\u00f6ra uppdrag p\u00e5 ett framg\u00e5ngsrikt s\u00e4tt, och se till att alla n\u00f6dv\u00e4ndiga verktyg och mallar finns till hands. Kursen inneh\u00e5ller praktiska \u00f6vningar som l\u00e5ter dig till\u00e4mpa dina nyvunna f\u00e4rdigheter, s\u00e5 att du k\u00e4nner dig sj\u00e4lvs\u00e4ker nog att leda uppdrag p\u00e5 egen hand.<\/p>\n<p>[\/et_pb_blurb][et_pb_blurb title=&#8221;F\u00f6r vem?&#8221; use_icon=&#8221;on&#8221; font_icon=&#8221;&#xf007;||fa||900&#8243; icon_color=&#8221;#32c5f4&#8243; icon_placement=&#8221;left&#8221; _builder_version=&#8221;4.17.1&#8243; _module_preset=&#8221;default&#8221; header_level=&#8221;h3&#8243; header_font=&#8221;Poppins|300|||||||&#8221; header_font_size=&#8221;34px&#8221; animation=&#8221;off&#8221; global_colors_info=&#8221;{}&#8221;][\/et_pb_blurb][et_pb_blurb _builder_version=&#8221;4.17.4&#8243; _module_preset=&#8221;default&#8221; body_font=&#8221;Poppins|300|||||||&#8221; body_font_size=&#8221;16px&#8221; custom_margin=&#8221;-4%||||false|false&#8221; global_colors_info=&#8221;{}&#8221;]<\/p>\n<p>Kursen v\u00e4nder sig till dig som arbetar eller kommer att arbeta som uppdragsledare och vill vidareutveckla dina kunskaper och f\u00e4rdigheter inom omr\u00e5det.<\/p>\n<p>[\/et_pb_blurb][et_pb_blurb title=&#8221;Vilka f\u00f6rkunskaper kr\u00e4vs?&#8221; use_icon=&#8221;on&#8221; font_icon=&#8221;&#xf19d;||fa||900&#8243; icon_color=&#8221;#32c5f4&#8243; icon_placement=&#8221;left&#8221; _builder_version=&#8221;4.17.1&#8243; _module_preset=&#8221;default&#8221; header_level=&#8221;h3&#8243; header_font=&#8221;Poppins|300|||||||&#8221; header_font_size=&#8221;34px&#8221; animation=&#8221;off&#8221; global_colors_info=&#8221;{}&#8221;][\/et_pb_blurb][et_pb_blurb _builder_version=&#8221;4.17.4&#8243; _module_preset=&#8221;default&#8221; body_font=&#8221;Poppins|300|||||||&#8221; body_font_size=&#8221;16px&#8221; custom_margin=&#8221;-4%||||false|false&#8221; global_colors_info=&#8221;{}&#8221;]<\/p>\n<p>Utbildningen kr\u00e4ver inga speciella f\u00f6rkunskaper, men du f\u00e5r ut mer av utbildningen om du arbetar eller kommer att arbeta som uppdragsledare. Metoderna och terminologin presenteras p\u00e5 ett pedagogiskt och enkelt s\u00e4tt.<\/p>\n<p>[\/et_pb_blurb][et_pb_blurb title=&#8221;Syfte och m\u00e5l&#8221; use_icon=&#8221;on&#8221; font_icon=&#8221;&#xf140;||fa||900&#8243; icon_color=&#8221;#32c5f4&#8243; icon_placement=&#8221;left&#8221; _builder_version=&#8221;4.17.1&#8243; _module_preset=&#8221;default&#8221; header_level=&#8221;h3&#8243; header_font=&#8221;Poppins|300|||||||&#8221; header_font_size=&#8221;34px&#8221; animation=&#8221;off&#8221; global_colors_info=&#8221;{}&#8221;][\/et_pb_blurb][et_pb_blurb _builder_version=&#8221;4.17.4&#8243; _module_preset=&#8221;default&#8221; body_font=&#8221;Poppins|300|||||||&#8221; body_font_size=&#8221;16px&#8221; custom_margin=&#8221;-4%||||false|false&#8221; custom_padding=&#8221;||0px|||&#8221; global_colors_info=&#8221;{}&#8221;]<\/p>\n<p>Utbildningen ger dig f\u00f6rst\u00e5else p\u00e5 djupet f\u00f6r hur ett uppdrag ska drivas och du f\u00e5r genomf\u00f6ra praktiska \u00f6vningar i grupp. Syftet med utbildningen \u00e4r att ge dig god insikt i vilka verktyg, arbetss\u00e4tt och roller som b\u00f6r anv\u00e4ndas i ett effektivt framtida uppdragsledningsarbete.<\/p>\n<p>[\/et_pb_blurb][\/et_pb_column][et_pb_column type=&#8221;1_3&#8243; _builder_version=&#8221;4.17.4&#8243; _module_preset=&#8221;default&#8221; global_colors_info=&#8221;{}&#8221;][et_pb_blurb title=&#8221;Information&#8221; _builder_version=&#8221;4.20.4&#8243; _module_preset=&#8221;default&#8221; header_level=&#8221;h3&#8243; header_font=&#8221;Poppins|600|||||||&#8221; header_text_color=&#8221;#FFFFFF&#8221; header_font_size=&#8221;22px&#8221; body_font=&#8221;Poppins|300|||||||&#8221; body_text_color=&#8221;#FFFFFF&#8221; body_font_size=&#8221;15px&#8221; body_line_height=&#8221;1em&#8221; body_link_font=&#8221;Poppins||||||||&#8221; body_link_text_color=&#8221;#FFFFFF&#8221; background_color=&#8221;rgba(50,197,244,0.8)&#8221; custom_margin=&#8221;||0px||false|false&#8221; custom_padding=&#8221;10%||5%|5%|false|false&#8221; border_radii=&#8221;off|20px|20px||&#8221; global_colors_info=&#8221;{}&#8221; body_link_text_color__hover_enabled=&#8221;on|hover&#8221; body_link_text_color__hover=&#8221;#0C71C3&#8243;]<\/p>\n<p>L\u00e4ngd: <strong>1<\/strong><strong> dag<\/strong><\/p>\n<p>Plats: <strong>Storgatan 22<\/strong>, Sundsvall<\/p>\n<p>Utbildare: <a href=\"#Utbildare\"><strong>Mikael Augustsson<\/strong><\/a><\/p>\n<p>[\/et_pb_blurb][et_pb_contact_form use_spam_service=&#8221;on&#8221; recaptcha_list=&#8221;Google reCAPTCHA|Google reCAPTCHA-0&#8243; email=&#8221;bnnb5g41contactform@robot.zapier.com, Markus.Marklund@proandpro.se, Mikael.Augustsson@proandpro.se&#8221; title=&#8221;Anm\u00e4l dig till utbildningen&#8221; custom_message=&#8221;Anm\u00e4lan till utbildning||et_pb_line_break_holder||||et_pb_line_break_holder||Utbildning: Framtidens uppdragsledare||et_pb_line_break_holder||Namn: %%Namn%%||et_pb_line_break_holder||E-post: %%E-post%%||et_pb_line_break_holder||Telefon: %%Telefon%%||et_pb_line_break_holder||Meddelande: %%Meddelande%%&#8221; success_message=&#8221;Tack f\u00f6r din anm\u00e4lan. N\u00e4r din anm\u00e4lan har registrerats kommer du f\u00e5 en bekr\u00e4ftelse via mail inneh\u00e5llande information om betalning.&#8221; submit_button_text=&#8221;Skicka&#8221; _builder_version=&#8221;4.20.4&#8243; _module_preset=&#8221;default&#8221; _unique_id=&#8221;2eaac099-1661-43c1-88bd-56479cb8f583&#8243; form_field_background_color=&#8221;#FFFFFF&#8221; form_field_custom_margin=&#8221;-2.6%||||false|false&#8221; form_field_custom_padding=&#8221;||||false|false&#8221; title_level=&#8221;h3&#8243; title_font=&#8221;Poppins|600|||||||&#8221; title_text_color=&#8221;#FFFFFF&#8221; title_font_size=&#8221;20px&#8221; captcha_font=&#8221;Poppins|300|||||||&#8221; captcha_text_color=&#8221;#FFFFFF&#8221; captcha_font_size=&#8221;18px&#8221; form_field_font=&#8221;Poppins||||||||&#8221; form_field_font_size=&#8221;18px&#8221; background_color=&#8221;rgba(50,197,244,0.8)&#8221; custom_button=&#8221;on&#8221; button_text_size=&#8221;20px&#8221; button_text_color=&#8221;#636363&#8243; button_bg_color=&#8221;#FFFFFF&#8221; button_border_width=&#8221;0px&#8221; button_font=&#8221;Poppins|300|||||||&#8221; button_use_icon=&#8221;off&#8221; button_custom_margin=&#8221;5%||||false|false&#8221; button_custom_padding=&#8221;||||false|false&#8221; custom_margin=&#8221;0px||0px||true|false&#8221; custom_padding=&#8221;7.5%|5%|7.5%|5%|false|false&#8221; custom_css_contact_button=&#8221;text-align: center;&#8221; border_width_bottom=&#8221;1px&#8221; border_color_bottom=&#8221;rgba(12,113,195,0.4)&#8221; global_colors_info=&#8221;{}&#8221;][et_pb_contact_field field_id=&#8221;Namn&#8221; field_title=&#8221;Namn&#8221; fullwidth_field=&#8221;on&#8221; _builder_version=&#8221;4.17.4&#8243; _module_preset=&#8221;default&#8221; global_colors_info=&#8221;{}&#8221;][\/et_pb_contact_field][et_pb_contact_field field_id=&#8221;E-post&#8221; field_title=&#8221;E-post&#8221; field_type=&#8221;email&#8221; fullwidth_field=&#8221;on&#8221; _builder_version=&#8221;4.17.4&#8243; _module_preset=&#8221;default&#8221; global_colors_info=&#8221;{}&#8221;][\/et_pb_contact_field][et_pb_contact_field field_id=&#8221;Telefon&#8221; field_title=&#8221;Telefon&#8221; fullwidth_field=&#8221;on&#8221; _builder_version=&#8221;4.17.4&#8243; _module_preset=&#8221;default&#8221; global_colors_info=&#8221;{}&#8221;][\/et_pb_contact_field][et_pb_contact_field field_id=&#8221;Meddelande&#8221; field_title=&#8221;Meddelande&#8221; field_type=&#8221;text&#8221; required_mark=&#8221;off&#8221; fullwidth_field=&#8221;on&#8221; _builder_version=&#8221;4.17.1&#8243; _module_preset=&#8221;default&#8221; global_colors_info=&#8221;{}&#8221;][\/et_pb_contact_field][\/et_pb_contact_form][et_pb_blurb title=&#8221;Har du fr\u00e5gor eller vill veta mer?&#8221; _builder_version=&#8221;4.17.1&#8243; _module_preset=&#8221;default&#8221; header_level=&#8221;h3&#8243; header_font=&#8221;Poppins|600|||||||&#8221; header_text_color=&#8221;#FFFFFF&#8221; header_font_size=&#8221;22px&#8221; body_font=&#8221;Poppins|300|||||||&#8221; body_text_color=&#8221;#FFFFFF&#8221; body_font_size=&#8221;15px&#8221; body_line_height=&#8221;1em&#8221; body_link_font=&#8221;Poppins||||on|||#FFFFFF|&#8221; body_link_text_color=&#8221;#FFFFFF&#8221; background_color=&#8221;rgba(50,197,244,0.8)&#8221; custom_margin=&#8221;0px||||false|false&#8221; custom_padding=&#8221;5%||5%|5%|false|false&#8221; border_radii=&#8221;off|||15px|15px&#8221; global_colors_info=&#8221;{}&#8221; body_text_color__hover_enabled=&#8221;on|hover&#8221; body_text_color__hover=&#8221;#0C71C3&#8243; body_link_text_color__hover_enabled=&#8221;on|hover&#8221; body_link_text_color__hover=&#8221;#0C71C3&#8243;]<\/p>\n<p><a href=\"#Utbildare\">Kontakta utbildningsansvarig<\/a><\/p>\n<p>[\/et_pb_blurb][\/et_pb_column][\/et_pb_row][\/et_pb_section][et_pb_section fb_built=&#8221;1&#8243; _builder_version=&#8221;4.17.1&#8243; _module_preset=&#8221;default&#8221; background_color=&#8221;rgba(50,197,244,0.15)&#8221; custom_margin=&#8221;-2.5%||||false|false&#8221; global_colors_info=&#8221;{}&#8221;][et_pb_row column_structure=&#8221;2_3,1_3&#8243; custom_padding_last_edited=&#8221;on|phone&#8221; _builder_version=&#8221;4.17.1&#8243; _module_preset=&#8221;default&#8221; custom_margin=&#8221;-40px||||false|false&#8221; custom_padding=&#8221;|||25px|false|false&#8221; custom_padding_tablet=&#8221;|||25px|false|false&#8221; custom_padding_phone=&#8221;|0px||0px|false|false&#8221; global_colors_info=&#8221;{}&#8221;][et_pb_column type=&#8221;2_3&#8243; _builder_version=&#8221;4.17.4&#8243; _module_preset=&#8221;default&#8221; global_colors_info=&#8221;{}&#8221;][et_pb_blurb title=&#8221;Utbildningens inneh\u00e5ll och uppl\u00e4gg&#8221; use_icon=&#8221;on&#8221; font_icon=&#8221;&#xf06a;||fa||900&#8243; icon_color=&#8221;#32c5f4&#8243; icon_placement=&#8221;left&#8221; content_max_width=&#8221;86%&#8221; _builder_version=&#8221;4.17.1&#8243; _module_preset=&#8221;default&#8221; header_level=&#8221;h3&#8243; header_font=&#8221;Poppins|300|||||||&#8221; header_font_size=&#8221;34px&#8221; animation=&#8221;off&#8221; locked=&#8221;off&#8221; global_colors_info=&#8221;{}&#8221;][\/et_pb_blurb][et_pb_blurb content_max_width=&#8221;86%&#8221; _builder_version=&#8221;4.17.4&#8243; _module_preset=&#8221;default&#8221; body_font=&#8221;Poppins|300|||||||&#8221; body_font_size=&#8221;16px&#8221; custom_margin=&#8221;-2.5%||||false|false&#8221; locked=&#8221;off&#8221; global_colors_info=&#8221;{}&#8221;]<\/p>\n<p>Utbildningen ger dig kunskap och konkreta verktyg:<\/p>\n<ul>\n<li>Kunskap om hur du f\u00f6rbereder uppdrag och skapar r\u00e4tt f\u00f6ruts\u00e4ttningar<\/li>\n<li>Kunskap och verktyg f\u00f6r att planera och strukturera uppdrag<\/li>\n<li>Uppdragsmodell med relevanta mallar<\/li>\n<li>Verktyg f\u00f6r riskhantering, \u00e4ndringshantering, kommunikation och f\u00f6r\u00e4ndringsledning<\/li>\n<li>Kunskap om hur du hanterar uppdragets intressenter<\/li>\n<\/ul>\n<p>Det pedagogiska uppl\u00e4gget bygger p\u00e5 f\u00f6rel\u00e4sningar, diskussioner och praktiska \u00f6vningar<\/p>\n<p>[\/et_pb_blurb][et_pb_blurb title=&#8221;L\u00e4ngd och schema&#8221; use_icon=&#8221;on&#8221; font_icon=&#8221;&#xf073;||fa||900&#8243; icon_color=&#8221;#32c5f4&#8243; icon_placement=&#8221;left&#8221; content_max_width=&#8221;86%&#8221; _builder_version=&#8221;4.17.1&#8243; _module_preset=&#8221;default&#8221; header_level=&#8221;h3&#8243; header_font=&#8221;Poppins|300|||||||&#8221; header_font_size=&#8221;34px&#8221; animation=&#8221;off&#8221; locked=&#8221;off&#8221; global_colors_info=&#8221;{}&#8221;][\/et_pb_blurb][et_pb_blurb content_max_width=&#8221;86%&#8221; _builder_version=&#8221;4.20.4&#8243; _module_preset=&#8221;default&#8221; body_font=&#8221;Poppins|300|||||||&#8221; body_font_size=&#8221;16px&#8221; custom_margin=&#8221;-2.5%||||false|false&#8221; locked=&#8221;off&#8221; global_colors_info=&#8221;{}&#8221;]<\/p>\n<p>En utbildningsdag. Kl. 9-16 med lunchpaus kl. 12-13 (lunch ing\u00e5r i kursavgiften).<\/p>\n<p>[\/et_pb_blurb][\/et_pb_column][et_pb_column type=&#8221;1_3&#8243; module_id=&#8221;Utbildare&#8221; _builder_version=&#8221;4.17.1&#8243; _module_preset=&#8221;default&#8221; background_color=&#8221;#FFFFFF&#8221; custom_padding=&#8221;30px|20px|30px|20px|true|true&#8221; border_radii=&#8221;on|20px|20px|20px|20px&#8221; global_colors_info=&#8221;{}&#8221;][et_pb_image src=&#8221;http:\/\/media.protopro.se\/2022\/06\/Mikael_profil-3.jpg&#8221; title_text=&#8221;Mikael_profil (3)&#8221; align=&#8221;center&#8221; _builder_version=&#8221;4.17.4&#8243; _module_preset=&#8221;default&#8221; border_radii=&#8221;on|50%|50%|50%|50%&#8221; border_color_all=&#8221;#32c5f4&#8243; global_colors_info=&#8221;{}&#8221;][\/et_pb_image][et_pb_text _builder_version=&#8221;4.17.4&#8243; _module_preset=&#8221;default&#8221; text_font=&#8221;Poppins|300|||||||&#8221; text_font_size=&#8221;12px&#8221; header_3_font=&#8221;Poppins||||||||&#8221; header_4_font=&#8221;Poppins||||||||&#8221; header_4_text_color=&#8221;#32c5f4&#8243; header_4_font_size=&#8221;14px&#8221; text_orientation=&#8221;center&#8221; global_colors_info=&#8221;{}&#8221;]<\/p>\n<h3>Mikael Augustsson<\/h3>\n<h4>Managementkonsult<\/h4>\n<p>Mikael arbetar som managementkonsult p\u00e5 Pro&amp;Pro. Han \u00e4r certifierad projektledare och har stor erfarenhet fr\u00e5n att leda komplexa projekt och genomf\u00f6ra projektledarutbildningar f\u00f6r s\u00e5v\u00e4l privat som offentlig sektor.<\/p>\n<p>[\/et_pb_text][et_pb_divider color=&#8221;#32c5f4&#8243; _builder_version=&#8221;4.17.4&#8243; _module_preset=&#8221;default&#8221; custom_margin=&#8221;0px||0px||true|false&#8221; global_colors_info=&#8221;{}&#8221;][\/et_pb_divider][et_pb_text _builder_version=&#8221;4.17.4&#8243; _module_preset=&#8221;default&#8221; text_font=&#8221;Poppins|300|||||||&#8221; text_font_size=&#8221;13px&#8221; link_font=&#8221;Poppins|500|||||||&#8221; link_text_color=&#8221;#32c5f4&#8243; text_orientation=&#8221;center&#8221; global_colors_info=&#8221;{}&#8221; link_text_color__hover_enabled=&#8221;on|hover&#8221; link_text_color__hover=&#8221;#0C71C3&#8243;]<\/p>\n<p><a href=\"tel:46736004378\">+46 73 600 43 78<\/a><\/p>\n<p><a href=\"mailto:Mikael.Augustsson@proandpro.se\"><span>Mikael.Augustsson@proandpro.se<\/span><\/a><\/p>\n<p>[\/et_pb_text][\/et_pb_column][\/et_pb_row][\/et_pb_section][et_pb_section fb_built=&#8221;1&#8243; _builder_version=&#8221;4.17.4&#8243; _module_preset=&#8221;default&#8221; background_color=&#8221;#FFFFFF&#8221; custom_margin=&#8221;-2.5%||||false|false&#8221; custom_padding=&#8221;10px||||false|false&#8221; global_colors_info=&#8221;{}&#8221;][et_pb_row _builder_version=&#8221;4.17.4&#8243; _module_preset=&#8221;default&#8221; global_colors_info=&#8221;{}&#8221;][et_pb_column type=&#8221;4_4&#8243; _builder_version=&#8221;4.17.4&#8243; _module_preset=&#8221;default&#8221; global_colors_info=&#8221;{}&#8221;][et_pb_blurb title=&#8221;\u00d6vrig information&#8221; use_icon=&#8221;on&#8221; font_icon=&#8221;&#xf069;||fa||900&#8243; icon_color=&#8221;#32c5f4&#8243; icon_placement=&#8221;left&#8221; content_max_width=&#8221;86%&#8221; _builder_version=&#8221;4.17.1&#8243; _module_preset=&#8221;default&#8221; header_level=&#8221;h3&#8243; header_font=&#8221;Poppins|300|||||||&#8221; header_font_size=&#8221;34px&#8221; animation=&#8221;off&#8221; global_colors_info=&#8221;{}&#8221;][\/et_pb_blurb][et_pb_blurb content_max_width=&#8221;86%&#8221; _builder_version=&#8221;4.17.4&#8243; _module_preset=&#8221;default&#8221; body_font=&#8221;Poppins|300|||||||&#8221; body_font_size=&#8221;16px&#8221; custom_margin=&#8221;-2.5%||||false|false&#8221; global_colors_info=&#8221;{}&#8221;]<\/p>\n<p>Utbildningen f\u00f6ljer <a href=\"https:\/\/www.pmi.org\/pmbok-guide-standards\">PMI:s A Guide to the Project Management Body <\/a><a href=\"https:\/\/www.pmi.org\/pmbok-guide-standards\">of<\/a> <a href=\"https:\/\/www.pmi.org\/pmbok-guide-standards\">Knowledge<\/a><a href=\"https:\/\/www.pmi.org\/pmbok-guide-standards\">,\u00a0<\/a><em><a href=\"https:\/\/www.pmi.org\/pmbok-guide-standards\">PMBOK\u00ae Guide<\/a>. <\/em>Utbildningen utg\u00f6r d\u00e4rf\u00f6r en god grund f\u00f6r vidare PMP-certifiering. V\u00e5ra f\u00f6rel\u00e4sare inom projektledning \u00e4r PMP\u00ae-certifierade.<\/p>\n<p>[\/et_pb_blurb][\/et_pb_column][\/et_pb_row][\/et_pb_section]<\/p>\n","protected":false},"excerpt":{"rendered":"<p>V\u00e4lkommen till grundkursen i uppdragsledning, skapad f\u00f6r att ge dig de n\u00f6dv\u00e4ndiga verktygen och f\u00e4rdigheterna f\u00f6r att effektivt driva uppdrag i din verksamhetDu som uppdragsledare har en avg\u00f6rande roll f\u00f6r driva och genomf\u00f6ra viktiga insatser s\u00e5som verksamhetsutveckling eller andra uppdrag i din organisation. F\u00f6r att lyckas beh\u00f6ver du en bred kompetens f\u00f6r att kunna planera [&hellip;]<\/p>\n","protected":false},"author":13,"featured_media":0,"parent":8602,"menu_order":0,"comment_status":"closed","ping_status":"closed","template":"","meta":{"_et_pb_use_builder":"on","_et_pb_old_content":"","_et_gb_content_width":"","footnotes":""},"folder":[86],"class_list":["post-12325","page","type-page","status-publish","hentry"],"_links":{"self":[{"href":"https:\/\/proandpro.se\/en\/wp-json\/wp\/v2\/pages\/12325","targetHints":{"allow":["GET"]}}],"collection":[{"href":"https:\/\/proandpro.se\/en\/wp-json\/wp\/v2\/pages"}],"about":[{"href":"https:\/\/proandpro.se\/en\/wp-json\/wp\/v2\/types\/page"}],"author":[{"embeddable":true,"href":"https:\/\/proandpro.se\/en\/wp-json\/wp\/v2\/users\/13"}],"replies":[{"embeddable":true,"href":"https:\/\/proandpro.se\/en\/wp-json\/wp\/v2\/comments?post=12325"}],"version-history":[{"count":5,"href":"https:\/\/proandpro.se\/en\/wp-json\/wp\/v2\/pages\/12325\/revisions"}],"predecessor-version":[{"id":12346,"href":"https:\/\/proandpro.se\/en\/wp-json\/wp\/v2\/pages\/12325\/revisions\/12346"}],"up":[{"embeddable":true,"href":"https:\/\/proandpro.se\/en\/wp-json\/wp\/v2\/pages\/8602"}],"wp:attachment":[{"href":"https:\/\/proandpro.se\/en\/wp-json\/wp\/v2\/media?parent=12325"}],"wp:term":[{"taxonomy":"folder","embeddable":true,"href":"https:\/\/proandpro.se\/en\/wp-json\/wp\/v2\/folder?post=12325"}],"curies":[{"name":"wp","href":"https:\/\/api.w.org\/{rel}","templated":true}]}}