{"id":10094,"date":"2022-08-12T13:20:44","date_gmt":"2022-08-12T13:20:44","guid":{"rendered":"https:\/\/proandpro.se\/?page_id=10094"},"modified":"2026-04-23T14:09:52","modified_gmt":"2026-04-23T14:09:52","slug":"nyheter","status":"publish","type":"page","link":"https:\/\/proandpro.se\/en\/nyheter\/","title":{"rendered":"News"},"content":{"rendered":"<p>[et_pb_section fb_built=&#8221;1&#8243; _builder_version=&#8221;4.27.4&#8243; _module_preset=&#8221;default&#8221; background_color=&#8221;rgba(0,0,0,0.55)&#8221; use_background_color_gradient=&#8221;on&#8221; background_color_gradient_stops=&#8221;rgba(62,62,62,0.5) 0%|rgba(0,0,0,0.97) 100%&#8221; background_image=&#8221;https:\/\/media.proandpro.se\/2025\/11\/Sommarhalsnings-bild-2.jpg&#8221; background_blend=&#8221;overlay&#8221; background_last_edited=&#8221;on|phone&#8221; background_image_phone=&#8221;https:\/\/media.proandpro.se\/2025\/11\/Sommarhalsnings-bild-2.jpg&#8221; background_enable_image_phone=&#8221;on&#8221; parallax_tablet=&#8221;on&#8221; parallax_phone=&#8221;on&#8221; parallax_method_phone=&#8221;on&#8221; background_size_phone=&#8221;cover&#8221; background_image_width_phone=&#8221;0%&#8221; background_blend_phone=&#8221;overlay&#8221; custom_css_main_element=&#8221;min-height: calc(100vh);||display: flex;||flex-direction: column;||background-attachment: fixed;&#8221; locked=&#8221;off&#8221; global_colors_info=&#8221;{}&#8221;][et_pb_row custom_padding_last_edited=&#8221;on|phone&#8221; _builder_version=&#8221;4.27.4&#8243; _module_preset=&#8221;default&#8221; width_tablet=&#8221;90%&#8221; width_phone=&#8221;90%&#8221; width_last_edited=&#8221;on|phone&#8221; custom_padding_tablet=&#8221;&#8221; custom_padding_phone=&#8221;100px||||false|false&#8221; global_colors_info=&#8221;{}&#8221;][et_pb_column type=&#8221;4_4&#8243; _builder_version=&#8221;4.17.6&#8243; _module_preset=&#8221;default&#8221; global_colors_info=&#8221;{}&#8221;][et_pb_text content_tablet=&#8221;<\/p>\n<h1>Utbildningar<\/h1>\n<p><span>Med \u00f6ver 10 \u00e5rs erfarenhet av fysiska och digital utbildningar \u00e4r vi ett av Norrlands fr\u00e4msta utbildningsf\u00f6retag inom management, strategi, projektledning och data driven utveckling.<\/span><\/p>\n<p>&#8221; content_phone=&#8221;<\/p>\n<h1>Utbildningar<\/h1>\n<p><span>Med \u00f6ver 10 \u00e5rs erfarenhet av fysiska och digital utbildningar \u00e4r vi ett av Norrlands fr\u00e4msta utbildningsf\u00f6retag inom management, strategi, projektledning och data driven utveckling.<\/span><\/p>\n<p>&#8221; content_last_edited=&#8221;off|desktop&#8221; _builder_version=&#8221;4.24.3&#8243; _module_preset=&#8221;default&#8221; text_font=&#8221;Poppins|300|||||||&#8221; text_text_color=&#8221;rgba(255,255,255,0.8)&#8221; text_font_size=&#8221;22px&#8221; text_line_height=&#8221;1em&#8221; header_font=&#8221;Poppins||||||||&#8221; header_text_color=&#8221;#FFFFFF&#8221; header_font_size=&#8221;5vw&#8221; custom_margin=&#8221;0px||||false|false&#8221; custom_padding=&#8221;0px||0px||true|false&#8221; text_font_size_tablet=&#8221;3.1vw&#8221; text_font_size_phone=&#8221;5vw&#8221; text_font_size_last_edited=&#8221;on|phone&#8221; text_line_height_tablet=&#8221;1.1em&#8221; text_line_height_phone=&#8221;1.1em&#8221; text_line_height_last_edited=&#8221;on|phone&#8221; header_font_size_tablet=&#8221;9vw&#8221; header_font_size_phone=&#8221;15vw&#8221; header_font_size_last_edited=&#8221;on|phone&#8221; global_colors_info=&#8221;{}&#8221;]<\/p>\n<h1>Nyheter<\/h1>\n<p>H\u00e4r kan du l\u00e4sa om nyheter och aktuella h\u00e4ndelser hos oss p\u00e5 Pro&amp;Pro.<\/p>\n<p>[\/et_pb_text][et_pb_icon font_icon=&#8221;&#x37;||divi||400&#8243; icon_color=&#8221;#32c5f4&#8243; icon_width=&#8221;54px&#8221; url=&#8221;#sida&#8221; _builder_version=&#8221;4.24.3&#8243; _module_preset=&#8221;default&#8221; custom_margin=&#8221;0px||0px||true|false&#8221; custom_padding=&#8221;||0px||false|false&#8221; animation_style=&#8221;slide&#8221; animation_direction=&#8221;top&#8221; animation_duration=&#8221;700ms&#8221; animation_intensity_slide=&#8221;10%&#8221; animation_starting_opacity=&#8221;100%&#8221; animation_repeat=&#8221;loop&#8221; custom_css_main_element=&#8221;\/* Smooth loop effect *\/||animation-direction: alternate;||\/* Force full opacity always *\/||opacity: 1 !important;&#8221; global_colors_info=&#8221;{}&#8221; icon_color__hover_enabled=&#8221;on|desktop&#8221; icon_color__hover=&#8221;#FFFFFF&#8221;][\/et_pb_icon][\/et_pb_column][\/et_pb_row][et_pb_row column_structure=&#8221;1_2,1_2&#8243; use_custom_gutter=&#8221;on&#8221; gutter_width=&#8221;1&#8243; make_equal=&#8221;on&#8221; disabled_on=&#8221;off|off|off&#8221; _builder_version=&#8221;4.17.6&#8243; _module_preset=&#8221;default&#8221; positioning=&#8221;absolute&#8221; position_origin_a=&#8221;bottom_center&#8221; position_origin_a_tablet=&#8221;bottom_center&#8221; position_origin_a_phone=&#8221;bottom_center&#8221; position_origin_a_last_edited=&#8221;on|desktop&#8221; position_origin_f_tablet=&#8221;&#8221; position_origin_f_phone=&#8221;&#8221; position_origin_f_last_edited=&#8221;on|desktop&#8221; position_origin_r_tablet=&#8221;&#8221; position_origin_r_phone=&#8221;&#8221; position_origin_r_last_edited=&#8221;on|desktop&#8221; width=&#8221;100%&#8221; width_tablet=&#8221;90%&#8221; width_phone=&#8221;90%&#8221; width_last_edited=&#8221;on|phone&#8221; max_width=&#8221;2560px&#8221; custom_padding=&#8221;0px||0px||true|false&#8221; positioning_tablet=&#8221;none&#8221; positioning_phone=&#8221;none&#8221; positioning_last_edited=&#8221;on|desktop&#8221; box_shadow_style=&#8221;preset1&#8243; box_shadow_blur=&#8221;80px&#8221; box_shadow_spread=&#8221;50px&#8221; global_colors_info=&#8221;{}&#8221;][et_pb_column type=&#8221;1_2&#8243; _builder_version=&#8221;4.17.6&#8243; _module_preset=&#8221;default&#8221; background_color=&#8221;rgba(135,135,135,0.08)&#8221; custom_padding=&#8221;3%|3%|3%|3%|true|true&#8221; border_width_top=&#8221;5px&#8221; border_color_top=&#8221;rgba(255,255,255,0)&#8221; border_color_bottom=&#8221;rgba(255,255,255,0.11)&#8221; border_color_left=&#8221;rgba(255,255,255,0.11)&#8221; border_width_bottom_tablet=&#8221;&#8221; border_width_bottom_phone=&#8221;3px&#8221; border_width_bottom_last_edited=&#8221;on|desktop&#8221; border_width_left_tablet=&#8221;3px&#8221; border_width_left_phone=&#8221;0px&#8221; border_width_left_last_edited=&#8221;on|phone&#8221; global_colors_info=&#8221;{}&#8221; border_color_top__hover_enabled=&#8221;on|hover&#8221; border_color_top__hover=&#8221;#32c5f4&#8243;][et_pb_button button_url=&#8221;#sida&#8221; button_text=&#8221;Senaste nyheten&#8221; button_alignment=&#8221;center&#8221; _builder_version=&#8221;4.17.6&#8243; _module_preset=&#8221;default&#8221; custom_button=&#8221;on&#8221; button_text_color=&#8221;#FFFFFF&#8221; button_border_width=&#8221;0px&#8221; button_font=&#8221;Poppins||||||||&#8221; button_icon=&#8221;&#x35;||divi||400&#8243; button_icon_placement=&#8221;left&#8221; button_on_hover=&#8221;off&#8221; transform_translate=&#8221;10px|0px&#8221; transform_translate_linked=&#8221;off&#8221; global_colors_info=&#8221;{}&#8221; transform_styles__hover_enabled=&#8221;on|desktop&#8221; transform_scale__hover_enabled=&#8221;on|desktop&#8221; transform_translate__hover_enabled=&#8221;on|desktop&#8221; transform_rotate__hover_enabled=&#8221;on|desktop&#8221; transform_skew__hover_enabled=&#8221;on|desktop&#8221; transform_origin__hover_enabled=&#8221;on|desktop&#8221; button_text_color__hover_enabled=&#8221;on|hover&#8221; button_text_color__hover=&#8221;#32c5f4&#8243; transform_translate__hover=&#8221;10px|0px&#8221;][\/et_pb_button][\/et_pb_column][et_pb_column type=&#8221;1_2&#8243; _builder_version=&#8221;4.17.6&#8243; _module_preset=&#8221;default&#8221; background_color=&#8221;rgba(135,135,135,0.08)&#8221; custom_padding=&#8221;3%|3%|3%|3%|true|true&#8221; border_width_top=&#8221;5px&#8221; border_color_top=&#8221;rgba(255,255,255,0)&#8221; border_color_bottom=&#8221;rgba(255,255,255,0.11)&#8221; border_width_left=&#8221;3px&#8221; border_color_left=&#8221;rgba(255,255,255,0.11)&#8221; border_width_bottom_tablet=&#8221;&#8221; border_width_bottom_phone=&#8221;3px&#8221; border_width_bottom_last_edited=&#8221;on|desktop&#8221; border_width_left_tablet=&#8221;3px&#8221; border_width_left_phone=&#8221;0px&#8221; border_width_left_last_edited=&#8221;on|phone&#8221; global_colors_info=&#8221;{}&#8221; border_color_top__hover=&#8221;#32c5f4&#8243; border_color_top__hover_enabled=&#8221;on|hover&#8221;][et_pb_button button_url=&#8221;https:\/\/proandpro.se\/probloggen\/&#8221; button_text=&#8221;Probloggen&#8221; button_alignment=&#8221;center&#8221; _builder_version=&#8221;4.17.6&#8243; _module_preset=&#8221;default&#8221; custom_button=&#8221;on&#8221; button_text_color=&#8221;#FFFFFF&#8221; button_border_width=&#8221;0px&#8221; button_font=&#8221;Poppins||||||||&#8221; button_icon=&#8221;&#x35;||divi||400&#8243; button_icon_placement=&#8221;left&#8221; button_on_hover=&#8221;off&#8221; transform_translate=&#8221;10px|0px&#8221; transform_translate_linked=&#8221;off&#8221; global_colors_info=&#8221;{}&#8221; button_text_color__hover=&#8221;#32c5f4&#8243; button_text_color__hover_enabled=&#8221;on|hover&#8221; transform_styles__hover_enabled=&#8221;on|desktop&#8221; transform_scale__hover_enabled=&#8221;on|desktop&#8221; transform_rotate__hover_enabled=&#8221;on|desktop&#8221; transform_skew__hover_enabled=&#8221;on|desktop&#8221; transform_origin__hover_enabled=&#8221;on|desktop&#8221; transform_translate__hover_enabled=&#8221;on|desktop&#8221; transform_translate__hover=&#8221;10px|0px&#8221;][\/et_pb_button][\/et_pb_column][\/et_pb_row][\/et_pb_section][et_pb_section fb_built=&#8221;1&#8243; custom_padding_last_edited=&#8221;on|desktop&#8221; admin_label=&#8221;section&#8221; module_id=&#8221;sida&#8221; _builder_version=&#8221;4.17.6&#8243; background_color=&#8221;rgba(0,0,0,0.2)&#8221; background_image=&#8221;https:\/\/media.proandpro.se\/2022\/08\/AdobeStock_302938090-scaled.jpeg&#8221; parallax=&#8221;on&#8221; parallax_method=&#8221;off&#8221; background_blend=&#8221;overlay&#8221; custom_padding=&#8221;0||0|&#8221; custom_padding_tablet=&#8221;50px|0|50px|0&#8243; custom_padding_phone=&#8221;&#8221; background_last_edited=&#8221;on|phone&#8221; parallax_tablet=&#8221;off&#8221; transparent_background=&#8221;off&#8221; padding_mobile=&#8221;off&#8221; locked=&#8221;off&#8221; global_colors_info=&#8221;{}&#8221; custom_css_main_element_last_edited=&#8221;on|phone&#8221; custom_css_main_element_tablet=&#8221;background-attachment: fixed;&#8221; custom_css_main_element_phone=&#8221;background-attachment: fixed;&#8221;][et_pb_row _builder_version=&#8221;4.17.6&#8243; _module_preset=&#8221;default&#8221; width_phone=&#8221;100%&#8221; width_last_edited=&#8221;off|desktop&#8221; custom_margin=&#8221;||||false|false&#8221; custom_padding=&#8221;75px||75px||true|false&#8221; global_colors_info=&#8221;{}&#8221;][et_pb_column type=&#8221;4_4&#8243; _builder_version=&#8221;4.17.6&#8243; _module_preset=&#8221;default&#8221; global_colors_info=&#8221;{}&#8221;][et_pb_blog posts_number=&#8221;5&#8243; include_categories=&#8221;11&#8243; meta_date=&#8221;j M, Y&#8221; use_manual_excerpt=&#8221;off&#8221; excerpt_length=&#8221;150&#8243; show_more=&#8221;on&#8221; show_author=&#8221;off&#8221; show_categories=&#8221;off&#8221; module_class=&#8221;pa-blog-list&#8221; _builder_version=&#8221;4.17.6&#8243; _module_preset=&#8221;default&#8221; header_font=&#8221;Poppins|700|||||||&#8221; header_text_color=&#8221;#3e3e3e&#8221; header_font_size=&#8221;26px&#8221; body_font=&#8221;Poppins|300|||||||&#8221; body_font_size=&#8221;15px&#8221; meta_font=&#8221;Poppins|700|||||||&#8221; meta_text_color=&#8221;#32c5f4&#8243; read_more_font=&#8221;Poppins|500||on|||||&#8221; read_more_text_color=&#8221;#FFFFFF&#8221; pagination_font=&#8221;Poppins|300|||||||&#8221; pagination_text_color=&#8221;#32c5f4&#8243; pagination_font_size=&#8221;32px&#8221; background_enable_color=&#8221;off&#8221; transform_translate_linked__hover=&#8221;off&#8221; header_font_size_tablet=&#8221;26px&#8221; header_font_size_phone=&#8221;22px&#8221; header_font_size_last_edited=&#8221;on|phone&#8221; pagination_font_size_tablet=&#8221;32px&#8221; pagination_font_size_phone=&#8221;16px&#8221; pagination_font_size_last_edited=&#8221;on|phone&#8221; text_orientation_tablet=&#8221;center&#8221; text_orientation_phone=&#8221;center&#8221; text_orientation_last_edited=&#8221;on|phone&#8221; custom_css_title=&#8221;padding-top: 30px;||padding-right: 10px;||padding-left: 30px;&#8221; custom_css_content=&#8221;padding-right: 10px;||padding-left: 30px;&#8221; custom_css_post_meta=&#8221;padding-right: 10px;||padding-left: 30px;&#8221; custom_css_read_more=&#8221;display: inline-block;||margin-top: 10px;||margin-bottom: 20px;||padding: 0.3em 1em;||background-color: #32C5F4;||transition: all 300ms;&#8221; global_colors_info=&#8221;{}&#8221; custom_css_read_more__hover_enabled=&#8221;on|hover&#8221; custom_css_read_more__hover=&#8221;display: inline-block;||margin-top: 10px;||padding: 0.3em 1em;||background-color: #3E3E3E;&#8221; header_text_color__hover_enabled=&#8221;off|desktop&#8221; header_text_color__hover=&#8221;#32c5f4&#8243; transform_styles__hover_enabled=&#8221;off|desktop&#8221; transform_scale__hover_enabled=&#8221;off|desktop&#8221; transform_translate__hover_enabled=&#8221;off|desktop&#8221; transform_rotate__hover_enabled=&#8221;off|desktop&#8221; transform_skew__hover_enabled=&#8221;off|desktop&#8221; transform_origin__hover_enabled=&#8221;off|desktop&#8221; transform_translate__hover=&#8221;0px|-10px&#8221; custom_css_title_last_edited=&#8221;on|tablet&#8221; custom_css_title_phone=&#8221;padding-top: 0px;||padding-right: 10px;||padding-left: 10px;||padding-bottom: 10px;&#8221; custom_css_title_tablet=&#8221;padding-top: 0px;||padding-right: 10px;||padding-left: 10px;||padding-bottom: 10px;&#8221; custom_css_featured_image_last_edited=&#8221;on|phone&#8221; custom_css_featured_image_phone=&#8221;height: 100%;&#8221; custom_css_content_last_edited=&#8221;on|tablet&#8221; custom_css_content_tablet=&#8221;padding-right: 10px;||padding-left: 10px;&#8221; custom_css_post_meta_last_edited=&#8221;on|tablet&#8221; custom_css_post_meta_tablet=&#8221;padding-right: 10px;||padding-left: 10px;&#8221; custom_css_content_phone=&#8221;padding-right: 10px;||padding-left: 10px;&#8221; custom_css_post_meta_phone=&#8221;padding-right: 10px;||padding-left: 10px;&#8221;][\/et_pb_blog][\/et_pb_column][\/et_pb_row][\/et_pb_section]<\/p>\n","protected":false},"excerpt":{"rendered":"<p>Nyheter H\u00e4r kan du l\u00e4sa om nyheter och aktuella h\u00e4ndelser hos oss p\u00e5 Pro&amp;Pro.<\/p>","protected":false},"author":13,"featured_media":0,"parent":0,"menu_order":0,"comment_status":"closed","ping_status":"closed","template":"","meta":{"_et_pb_use_builder":"on","_et_pb_old_content":"","_et_gb_content_width":"","footnotes":""},"folder":[83],"class_list":["post-10094","page","type-page","status-publish","hentry"],"_links":{"self":[{"href":"https:\/\/proandpro.se\/en\/wp-json\/wp\/v2\/pages\/10094","targetHints":{"allow":["GET"]}}],"collection":[{"href":"https:\/\/proandpro.se\/en\/wp-json\/wp\/v2\/pages"}],"about":[{"href":"https:\/\/proandpro.se\/en\/wp-json\/wp\/v2\/types\/page"}],"author":[{"embeddable":true,"href":"https:\/\/proandpro.se\/en\/wp-json\/wp\/v2\/users\/13"}],"replies":[{"embeddable":true,"href":"https:\/\/proandpro.se\/en\/wp-json\/wp\/v2\/comments?post=10094"}],"version-history":[{"count":20,"href":"https:\/\/proandpro.se\/en\/wp-json\/wp\/v2\/pages\/10094\/revisions"}],"predecessor-version":[{"id":14524,"href":"https:\/\/proandpro.se\/en\/wp-json\/wp\/v2\/pages\/10094\/revisions\/14524"}],"wp:attachment":[{"href":"https:\/\/proandpro.se\/en\/wp-json\/wp\/v2\/media?parent=10094"}],"wp:term":[{"taxonomy":"folder","embeddable":true,"href":"https:\/\/proandpro.se\/en\/wp-json\/wp\/v2\/folder?post=10094"}],"curies":[{"name":"wp","href":"https:\/\/api.w.org\/{rel}","templated":true}]}}