{"id":7308,"date":"2020-11-08T12:55:47","date_gmt":"2020-11-08T12:55:47","guid":{"rendered":"http:\/\/proandpro.se\/?page_id=7308"},"modified":"2020-11-08T19:01:45","modified_gmt":"2020-11-08T19:01:45","slug":"insight-datadriven-analys-och-5g","status":"publish","type":"page","link":"http:\/\/proandpro.se\/en\/insight-datadriven-analys-och-5g\/","title":{"rendered":"Insight &#8211; Datadriven analys och 5G"},"content":{"rendered":"<p>[et_pb_section fb_built=&#8221;1&#8243; _builder_version=&#8221;3.22.3&#8243; max_width=&#8221;99%&#8221; module_alignment=&#8221;center&#8221; custom_padding=&#8221;18px|0px|54px|0px|false|false&#8221;][et_pb_row _builder_version=&#8221;3.25&#8243; background_size=&#8221;initial&#8221; background_position=&#8221;top_left&#8221; background_repeat=&#8221;repeat&#8221; custom_padding=&#8221;0|0px|27px|0px|false|false&#8221;][et_pb_column type=&#8221;4_4&#8243; _builder_version=&#8221;3.25&#8243; custom_padding=&#8221;|||&#8221; custom_padding__hover=&#8221;|||&#8221;][et_pb_image src=&#8221;https:\/\/media.proandpro.se\/2020\/10\/Data-Science.jpg&#8221; align_tablet=&#8221;center&#8221; align_phone=&#8221;&#8221; align_last_edited=&#8221;on|desktop&#8221; disabled_on=&#8221;on|on|&#8221; _builder_version=&#8221;4.6.0&#8243;][\/et_pb_image][et_pb_image src=&#8221;https:\/\/media.proandpro.se\/2020\/10\/Data-Science.jpg&#8221; align_tablet=&#8221;center&#8221; align_phone=&#8221;&#8221; align_last_edited=&#8221;on|desktop&#8221; disabled_on=&#8221;||on&#8221; _builder_version=&#8221;4.6.0&#8243;][\/et_pb_image][et_pb_text _builder_version=&#8221;4.4.7&#8243;]<\/p>\n<h3>V\u00e4lkommen till onlineseminariet Pro&amp;Pro Insight<\/h3>\n<p>[\/et_pb_text][\/et_pb_column][\/et_pb_row][et_pb_row column_structure=&#8221;2_3,1_3&#8243; _builder_version=&#8221;3.25&#8243; background_size=&#8221;initial&#8221; background_position=&#8221;top_left&#8221; background_repeat=&#8221;repeat&#8221; custom_padding=&#8221;0|0px|27px|0px|false|false&#8221;][et_pb_column type=&#8221;2_3&#8243; _builder_version=&#8221;3.25&#8243; custom_padding=&#8221;|||&#8221; custom_padding__hover=&#8221;|||&#8221;][et_pb_text _builder_version=&#8221;4.6.0&#8243; header_font=&#8221;||||||||&#8221; header_3_font=&#8221;||||||||&#8221; header_3_font_size=&#8221;20px&#8221; header_3_line_height=&#8221;1.3em&#8221; header_4_font=&#8221;||||||||&#8221; header_4_font_size=&#8221;16px&#8221; header_4_line_height=&#8221;1.2em&#8221; max_width=&#8221;99%&#8221; module_alignment=&#8221;center&#8221; custom_margin_tablet=&#8221;&#8221; custom_margin_phone=&#8221;&#8221; custom_margin_last_edited=&#8221;on|&#8221; header_4_line_height_last_edited=&#8221;off|desktop&#8221;]<\/p>\n<h3>Tema: Aff\u00e4rs- och verksamhetsnytta med datadriven analys och 5G<\/h3>\n<p>Pro&amp;Pro Insight \u00e4r ett seminarium som ger dig inspiration och insikt i utmaningar och framtidsscenarion f\u00f6r omr\u00e5den i f\u00f6r\u00e4ndring. P\u00e5 seminariet presenterar vi p\u00e5 Pro&amp;Pro v\u00e5ra framtidanalyser med fokus p\u00e5 trender, insikter och v\u00e4gledning. Seminariet genomf\u00f6rs i normala fall som ett frukostseminarium men p\u00e5 grund av Corona genomf\u00f6r vi detta som ett digitalt seminarium med Microsoft Teams.<\/p>\n<p>Vi h\u00e4lsar dig varmt v\u00e4lkommen till detta Pro&amp;Pro Insight som \u00e4gnas \u00e5t att beskriva de aff\u00e4rs- och verksamhetsnyttor som kan \u00e5stadkommas med datadriven analys. P\u00e5 seminariet kommer vi att tillsammans med Engbergs Transportsystem och Telia Company beskriva ett case som vi genomf\u00f6rt inom datadriven analys. Vi kommer b\u00e5de att beskriva genomf\u00f6randet och business case.<\/p>\n<p>Syftet med seminariet \u00e4r att ge dig kunskap, inspiration och reflektioner f\u00f6r hur anv\u00e4ndandet av datadriven analys kan ge dig signifikanta aff\u00e4rs- och verksamhetsnyttor.<br \/>P\u00e5 seminariet kommer vi att belysa<\/p>\n<ul>\n<li>Komma ig\u00e5ng p\u00e5 ett enkelt s\u00e4tt med datadriven analys<\/li>\n<li>Case och business case<\/li>\n<li>Konkret exempel p\u00e5 potential inom svensk industri fr\u00e5n Sundsvallsregionen<\/li>\n<li>M\u00f6jligheter med 4G samt hur utrullningen av 5G ytterligare kommer att f\u00f6rst\u00e4rka m\u00f6jligheter till aff\u00e4rs- och verksamhetsnytta<\/li>\n<li>Framg\u00e5ngsfaktorer i genomf\u00f6randet<\/li>\n<\/ul>\n<p>F\u00f6rel\u00e4ser och faciliterar g\u00f6r Tommy Ytterstr\u00f6m, VD och managementkonsult Pro&amp;Pro, Andreas Carlsson, F\u00f6rs\u00e4ljningschef &amp; utvecklingsansvarig managerade n\u00e4tverkstj\u00e4nster p\u00e5 Telia Sverige samt Thomas Johansson, VD &amp; Servicechef Engbergs Transportsystem AB<\/p>\n<p>Om du har fr\u00e5gor kontakta<\/p>\n<p>Tommy Ytterstr\u00f6m, VD Pro&amp;Pro<br \/>070 \u2013 67 37 200<br \/>tommy.ytterstrom@proandpro.se<\/p>\n<p>&nbsp;<\/p>\n<p>[\/et_pb_text][\/et_pb_column][et_pb_column type=&#8221;1_3&#8243; _builder_version=&#8221;3.25&#8243; custom_padding=&#8221;|||&#8221; custom_padding__hover=&#8221;|||&#8221;][et_pb_text _builder_version=&#8221;4.6.0&#8243;]<\/p>\n<h2>Program<\/h2>\n<p>08.00 Introduktion<br \/>08.10 F\u00f6rel\u00e4sning<br \/>08.45 Diskussion<br \/>08.55 Avslutning<\/p>\n<p>[\/et_pb_text][et_pb_text _builder_version=&#8221;4.6.0&#8243;]<\/p>\n<h3>Tid och plats<\/h3>\n<p>27:e november<br \/>08.00 &#8211; 09.00<br \/>Digitalt &#8211; Microsoft Teams<br \/>Anm\u00e4lan senast 23:e nov<\/p>\n<p>[\/et_pb_text][et_pb_contact_form use_spam_service=&#8221;on&#8221; recaptcha_list=&#8221;Google reCAPTCHA|Google reCAPTCHA-0&#8243; email=&#8221;markus.marklund@proandpro.se, tommy.ytterstrom@proandpro.se&#8221; title=&#8221;Anm\u00e4lan &#8221; custom_message=&#8221;Anm\u00e4lan||et_pb_line_break_holder||ProAndPro Insight &#8211; Data science och 5G||et_pb_line_break_holder||Namn: %%Name%%||et_pb_line_break_holder||E-post: %%Email%%||et_pb_line_break_holder||Telefon: %%Telefon%%||et_pb_line_break_holder||Personuppgifter: %%GDPR%%||et_pb_line_break_holder||Meddelande: %%Message%%&#8221; success_message=&#8221;Tack f\u00f6r din anm\u00e4lan till Pro&#038;Pro Insight. Du kommer att f\u00e5 en personlig bekr\u00e4ftelse via e-post. &#8221; disabled_on=&#8221;off|off|off&#8221; module_id=&#8221;et_pb_contact_form_0&#8243; _builder_version=&#8221;4.6.0&#8243;][et_pb_contact_field field_id=&#8221;Name&#8221; field_title=&#8221;Namn&#8221; fullwidth_field=&#8221;on&#8221; _builder_version=&#8221;3.16&#8243; button_text_size__hover_enabled=&#8221;off&#8221; button_one_text_size__hover_enabled=&#8221;off&#8221; button_two_text_size__hover_enabled=&#8221;off&#8221; button_text_color__hover_enabled=&#8221;off&#8221; button_one_text_color__hover_enabled=&#8221;off&#8221; button_two_text_color__hover_enabled=&#8221;off&#8221; button_border_width__hover_enabled=&#8221;off&#8221; button_one_border_width__hover_enabled=&#8221;off&#8221; button_two_border_width__hover_enabled=&#8221;off&#8221; button_border_color__hover_enabled=&#8221;off&#8221; button_one_border_color__hover_enabled=&#8221;off&#8221; button_two_border_color__hover_enabled=&#8221;off&#8221; button_border_radius__hover_enabled=&#8221;off&#8221; button_one_border_radius__hover_enabled=&#8221;off&#8221; button_two_border_radius__hover_enabled=&#8221;off&#8221; button_letter_spacing__hover_enabled=&#8221;off&#8221; button_one_letter_spacing__hover_enabled=&#8221;off&#8221; button_two_letter_spacing__hover_enabled=&#8221;off&#8221; button_bg_color__hover_enabled=&#8221;off&#8221; button_one_bg_color__hover_enabled=&#8221;off&#8221; button_two_bg_color__hover_enabled=&#8221;off&#8221;][\/et_pb_contact_field][et_pb_contact_field field_id=&#8221;Email&#8221; field_title=&#8221;E-postadress&#8221; field_type=&#8221;email&#8221; fullwidth_field=&#8221;on&#8221; _builder_version=&#8221;3.16&#8243; button_text_size__hover_enabled=&#8221;off&#8221; button_one_text_size__hover_enabled=&#8221;off&#8221; button_two_text_size__hover_enabled=&#8221;off&#8221; button_text_color__hover_enabled=&#8221;off&#8221; button_one_text_color__hover_enabled=&#8221;off&#8221; button_two_text_color__hover_enabled=&#8221;off&#8221; button_border_width__hover_enabled=&#8221;off&#8221; button_one_border_width__hover_enabled=&#8221;off&#8221; button_two_border_width__hover_enabled=&#8221;off&#8221; button_border_color__hover_enabled=&#8221;off&#8221; button_one_border_color__hover_enabled=&#8221;off&#8221; button_two_border_color__hover_enabled=&#8221;off&#8221; button_border_radius__hover_enabled=&#8221;off&#8221; button_one_border_radius__hover_enabled=&#8221;off&#8221; button_two_border_radius__hover_enabled=&#8221;off&#8221; button_letter_spacing__hover_enabled=&#8221;off&#8221; button_one_letter_spacing__hover_enabled=&#8221;off&#8221; button_two_letter_spacing__hover_enabled=&#8221;off&#8221; button_bg_color__hover_enabled=&#8221;off&#8221; button_one_bg_color__hover_enabled=&#8221;off&#8221; button_two_bg_color__hover_enabled=&#8221;off&#8221;][\/et_pb_contact_field][et_pb_contact_field field_id=&#8221;Telefon&#8221; field_title=&#8221;Mobilnummer&#8221; fullwidth_field=&#8221;on&#8221; _builder_version=&#8221;3.16&#8243; button_text_size__hover_enabled=&#8221;off&#8221; button_one_text_size__hover_enabled=&#8221;off&#8221; button_two_text_size__hover_enabled=&#8221;off&#8221; button_text_color__hover_enabled=&#8221;off&#8221; button_one_text_color__hover_enabled=&#8221;off&#8221; button_two_text_color__hover_enabled=&#8221;off&#8221; button_border_width__hover_enabled=&#8221;off&#8221; button_one_border_width__hover_enabled=&#8221;off&#8221; button_two_border_width__hover_enabled=&#8221;off&#8221; button_border_color__hover_enabled=&#8221;off&#8221; button_one_border_color__hover_enabled=&#8221;off&#8221; button_two_border_color__hover_enabled=&#8221;off&#8221; button_border_radius__hover_enabled=&#8221;off&#8221; button_one_border_radius__hover_enabled=&#8221;off&#8221; button_two_border_radius__hover_enabled=&#8221;off&#8221; button_letter_spacing__hover_enabled=&#8221;off&#8221; button_one_letter_spacing__hover_enabled=&#8221;off&#8221; button_two_letter_spacing__hover_enabled=&#8221;off&#8221; button_bg_color__hover_enabled=&#8221;off&#8221; button_one_bg_color__hover_enabled=&#8221;off&#8221; button_two_bg_color__hover_enabled=&#8221;off&#8221;][\/et_pb_contact_field][et_pb_contact_field field_id=&#8221;Message&#8221; field_title=&#8221;Meddelande&#8221; field_type=&#8221;text&#8221; required_mark=&#8221;off&#8221; fullwidth_field=&#8221;on&#8221; _builder_version=&#8221;3.19.1&#8243; button_text_size__hover_enabled=&#8221;off&#8221; button_one_text_size__hover_enabled=&#8221;off&#8221; button_two_text_size__hover_enabled=&#8221;off&#8221; button_text_color__hover_enabled=&#8221;off&#8221; button_one_text_color__hover_enabled=&#8221;off&#8221; button_two_text_color__hover_enabled=&#8221;off&#8221; button_border_width__hover_enabled=&#8221;off&#8221; button_one_border_width__hover_enabled=&#8221;off&#8221; button_two_border_width__hover_enabled=&#8221;off&#8221; button_border_color__hover_enabled=&#8221;off&#8221; button_one_border_color__hover_enabled=&#8221;off&#8221; button_two_border_color__hover_enabled=&#8221;off&#8221; button_border_radius__hover_enabled=&#8221;off&#8221; button_one_border_radius__hover_enabled=&#8221;off&#8221; button_two_border_radius__hover_enabled=&#8221;off&#8221; button_letter_spacing__hover_enabled=&#8221;off&#8221; button_one_letter_spacing__hover_enabled=&#8221;off&#8221; button_two_letter_spacing__hover_enabled=&#8221;off&#8221; button_bg_color__hover_enabled=&#8221;off&#8221; button_one_bg_color__hover_enabled=&#8221;off&#8221; button_two_bg_color__hover_enabled=&#8221;off&#8221;][\/et_pb_contact_field][et_pb_contact_field field_id=&#8221;GDPR&#8221; field_title=&#8221;Personuppgifter&#8221; field_type=&#8221;checkbox&#8221; checkbox_options=&#8221;%91{%22value%22:%22Jag samtycker till behandling av mina personuppgifter%22,%22checked%22:0}%93&#8243; fullwidth_field=&#8221;on&#8221; _builder_version=&#8221;3.16&#8243; button_text_size__hover_enabled=&#8221;off&#8221; button_one_text_size__hover_enabled=&#8221;off&#8221; button_two_text_size__hover_enabled=&#8221;off&#8221; button_text_color__hover_enabled=&#8221;off&#8221; button_one_text_color__hover_enabled=&#8221;off&#8221; button_two_text_color__hover_enabled=&#8221;off&#8221; button_border_width__hover_enabled=&#8221;off&#8221; button_one_border_width__hover_enabled=&#8221;off&#8221; button_two_border_width__hover_enabled=&#8221;off&#8221; button_border_color__hover_enabled=&#8221;off&#8221; button_one_border_color__hover_enabled=&#8221;off&#8221; button_two_border_color__hover_enabled=&#8221;off&#8221; button_border_radius__hover_enabled=&#8221;off&#8221; button_one_border_radius__hover_enabled=&#8221;off&#8221; button_two_border_radius__hover_enabled=&#8221;off&#8221; button_letter_spacing__hover_enabled=&#8221;off&#8221; button_one_letter_spacing__hover_enabled=&#8221;off&#8221; button_two_letter_spacing__hover_enabled=&#8221;off&#8221; button_bg_color__hover_enabled=&#8221;off&#8221; button_one_bg_color__hover_enabled=&#8221;off&#8221; button_two_bg_color__hover_enabled=&#8221;off&#8221;][\/et_pb_contact_field][\/et_pb_contact_form][et_pb_text disabled_on=&#8221;off|off|off&#8221; _builder_version=&#8221;4.4.7&#8243;]<\/p>\n<p>L\u00e4s mer om v\u00e5r hantering av dina <a href=\"http:\/\/proandpro.se\/personuppgifter\/\" target=\"_blank\" rel=\"noopener noreferrer\">personuppgifter<\/a><\/p>\n<p>[\/et_pb_text][et_pb_text disabled_on=&#8221;on|on|on&#8221; _builder_version=&#8221;4.6.0&#8243; custom_margin=&#8221;||-23px|||&#8221; disabled=&#8221;on&#8221;]<\/p>\n<h4>Eventet \u00e4r nu fullt!<\/h4>\n<p>Tack f\u00f6r visat intresse och delta g\u00e4rna p\u00e5 n\u00e5got av v\u00e5ra kommande event.<\/p>\n<p>Om du har fr\u00e5gor kontakta Tommy Ytterstr\u00f6m<\/p>\n<p>[\/et_pb_text][\/et_pb_column][\/et_pb_row][et_pb_row column_structure=&#8221;1_3,1_3,1_3&#8243; _builder_version=&#8221;4.6.0&#8243; _module_preset=&#8221;default&#8221;][et_pb_column type=&#8221;1_3&#8243; _builder_version=&#8221;4.6.0&#8243; _module_preset=&#8221;default&#8221;][et_pb_image src=&#8221;https:\/\/media.proandpro.se\/2020\/11\/engbergs-logo.png&#8221; title_text=&#8221;engbergs-logo&#8221; align=&#8221;center&#8221; _builder_version=&#8221;4.6.0&#8243; _module_preset=&#8221;default&#8221; module_alignment=&#8221;center&#8221; custom_margin=&#8221;13px||45px|||&#8221;][\/et_pb_image][\/et_pb_column][et_pb_column type=&#8221;1_3&#8243; _builder_version=&#8221;4.6.0&#8243; _module_preset=&#8221;default&#8221;][et_pb_image src=&#8221;https:\/\/media.proandpro.se\/2020\/11\/ProPro-Loggo_-Orginal2_jpg.jpg&#8221; title_text=&#8221;Loggo orginal_300&#8243; _builder_version=&#8221;4.6.0&#8243; _module_preset=&#8221;default&#8221;][\/et_pb_image][\/et_pb_column][et_pb_column type=&#8221;1_3&#8243; _builder_version=&#8221;4.6.0&#8243; _module_preset=&#8221;default&#8221;][et_pb_image src=&#8221;https:\/\/media.proandpro.se\/2020\/11\/telia-logo2.jpg&#8221; title_text=&#8221;telia-logo2&#8243; _builder_version=&#8221;4.6.0&#8243; _module_preset=&#8221;default&#8221; custom_padding=&#8221;0px|||||&#8221;][\/et_pb_image][\/et_pb_column][\/et_pb_row][\/et_pb_section]<\/p>\n","protected":false},"excerpt":{"rendered":"<p>V\u00e4lkommen till onlineseminariet Pro&amp;Pro InsightTema: Aff\u00e4rs- och verksamhetsnytta med datadriven analys och 5G Pro&amp;Pro Insight \u00e4r ett seminarium som ger dig inspiration och insikt i utmaningar och framtidsscenarion f\u00f6r omr\u00e5den i f\u00f6r\u00e4ndring. P\u00e5 seminariet presenterar vi p\u00e5 Pro&amp;Pro v\u00e5ra framtidanalyser med fokus p\u00e5 trender, insikter och v\u00e4gledning. Seminariet genomf\u00f6rs i normala fall som ett frukostseminarium [&hellip;]<\/p>\n","protected":false},"author":1,"featured_media":0,"parent":0,"menu_order":0,"comment_status":"closed","ping_status":"closed","template":"","meta":{"_et_pb_use_builder":"on","_et_pb_old_content":"","_et_gb_content_width":"","footnotes":""},"folder":[95],"class_list":["post-7308","page","type-page","status-publish","hentry"],"_links":{"self":[{"href":"http:\/\/proandpro.se\/en\/wp-json\/wp\/v2\/pages\/7308","targetHints":{"allow":["GET"]}}],"collection":[{"href":"http:\/\/proandpro.se\/en\/wp-json\/wp\/v2\/pages"}],"about":[{"href":"http:\/\/proandpro.se\/en\/wp-json\/wp\/v2\/types\/page"}],"author":[{"embeddable":true,"href":"http:\/\/proandpro.se\/en\/wp-json\/wp\/v2\/users\/1"}],"replies":[{"embeddable":true,"href":"http:\/\/proandpro.se\/en\/wp-json\/wp\/v2\/comments?post=7308"}],"version-history":[{"count":9,"href":"http:\/\/proandpro.se\/en\/wp-json\/wp\/v2\/pages\/7308\/revisions"}],"predecessor-version":[{"id":12224,"href":"http:\/\/proandpro.se\/en\/wp-json\/wp\/v2\/pages\/7308\/revisions\/12224"}],"wp:attachment":[{"href":"http:\/\/proandpro.se\/en\/wp-json\/wp\/v2\/media?parent=7308"}],"wp:term":[{"taxonomy":"folder","embeddable":true,"href":"http:\/\/proandpro.se\/en\/wp-json\/wp\/v2\/folder?post=7308"}],"curies":[{"name":"wp","href":"https:\/\/api.w.org\/{rel}","templated":true}]}}