{"id":4796,"date":"2018-09-24T20:28:10","date_gmt":"2018-09-24T20:28:10","guid":{"rendered":"http:\/\/proandpro.se\/?page_id=4796"},"modified":"2023-06-19T11:27:59","modified_gmt":"2023-06-19T11:27:59","slug":"emil-lindgren","status":"publish","type":"page","link":"http:\/\/proandpro.se\/en\/emil-lindgren\/","title":{"rendered":"Emil Lindgren"},"content":{"rendered":"<p>[et_pb_section fb_built=&#8221;1&#8243; custom_padding_last_edited=&#8221;on|desktop&#8221; admin_label=&#8221;section&#8221; _builder_version=&#8221;4.16&#8243; custom_padding=&#8221;0||0|&#8221; custom_padding_tablet=&#8221;50px|0|50px|0&#8243; custom_padding_phone=&#8221;&#8221; transparent_background=&#8221;off&#8221; padding_mobile=&#8221;off&#8221; global_colors_info=&#8221;{}&#8221;][et_pb_row padding_mobile=&#8221;off&#8221; admin_label=&#8221;row&#8221; _builder_version=&#8221;4.16&#8243; background_size=&#8221;initial&#8221; background_position=&#8221;top_left&#8221; background_repeat=&#8221;repeat&#8221; custom_padding=&#8221;2|0&#8243; global_colors_info=&#8221;{}&#8221;][et_pb_column type=&#8221;4_4&#8243; _builder_version=&#8221;4.16&#8243; custom_padding=&#8221;|||&#8221; global_colors_info=&#8221;{}&#8221; custom_padding__hover=&#8221;|||&#8221;][et_pb_image src=&#8221;https:\/\/media.proandpro.se\/2018\/04\/Varum\u00e4rke-header-1.jpg&#8221; align=&#8221;center&#8221; force_fullwidth=&#8221;on&#8221; align_tablet=&#8221;center&#8221; align_phone=&#8221;center&#8221; align_last_edited=&#8221;on|desktop&#8221; _builder_version=&#8221;4.16&#8243; animation_direction=&#8221;left&#8221; use_border_color=&#8221;off&#8221; global_colors_info=&#8221;{}&#8221;][\/et_pb_image][\/et_pb_column][\/et_pb_row][et_pb_row column_structure=&#8221;3_4,1_4&#8243; padding_mobile=&#8221;off&#8221; admin_label=&#8221;row&#8221; _builder_version=&#8221;4.16&#8243; background_size=&#8221;initial&#8221; background_position=&#8221;top_left&#8221; background_repeat=&#8221;repeat&#8221; custom_padding=&#8221;|&#8221; global_colors_info=&#8221;{}&#8221;][et_pb_column type=&#8221;3_4&#8243; _builder_version=&#8221;4.16&#8243; custom_padding=&#8221;|||&#8221; global_colors_info=&#8221;{}&#8221; custom_padding__hover=&#8221;|||&#8221;][et_pb_text _builder_version=&#8221;4.21.0&#8243; hover_enabled=&#8221;0&#8243; use_border_color=&#8221;off&#8221; global_colors_info=&#8221;{}&#8221; sticky_enabled=&#8221;0&#8243;]<\/p>\n<h3>Emil Lindgren, Managementkonsult<\/h3>\n<p><strong>Karakt\u00e4rsdrag<\/strong><br \/><img loading=\"lazy\" decoding=\"async\" class=\"wp-image-5598 size-medium alignright\" src=\"https:\/\/media.proandpro.se\/2019\/03\/Emil_profil-300x199.jpg\" alt=\"\" width=\"300\" height=\"199\" srcset=\"https:\/\/media.proandpro.se\/2019\/03\/Emil_profil-300x199.jpg 300w, https:\/\/media.proandpro.se\/2019\/03\/Emil_profil-768x509.jpg 768w, https:\/\/media.proandpro.se\/2019\/03\/Emil_profil.jpg 800w\" sizes=\"(max-width: 300px) 100vw, 300px\" \/>Emil har ett stort intresse f\u00f6r h\u00e5llbarhetsfr\u00e5gor och arbete kring resurseffektivitet i kombination med aff\u00e4rsutveckling och produktion. Hans styrka \u00e4r ett positivt, lugnt och uth\u00e5lligt angreppss\u00e4tt och drivkraften \u00e4r att skapa h\u00e5llbar utveckling.<\/p>\n<p><strong>Bakgrund<\/strong><br \/>Emil Lindgren \u00e4r civilingenj\u00f6r fr\u00e5n Link\u00f6pings Universitet, Industriell ekonomi med teknisk inriktning energi och ekonomisk profil Industriell marknadsf\u00f6ring.<\/p>\n<p><strong>K\u00e4nnetecken<\/strong><br \/>Med alltid ett leende n\u00e4ra till hands bidrar Emil en kreativ, varm, stabil och positiv milj\u00f6 som ger f\u00f6ruts\u00e4ttningar f\u00f6r att fokuserat och uth\u00e5lligt skapa resultat och nytta.<\/p>\n<p><strong>Kontaktuppgifter<\/strong><br \/>Emil Lindgren<br \/>070 &#8211; 640 33 34<br \/>emil.lindgren@proandpro.se<\/p>\n<p>[\/et_pb_text][\/et_pb_column][et_pb_column type=&#8221;1_4&#8243; _builder_version=&#8221;4.16&#8243; custom_padding=&#8221;|||&#8221; global_colors_info=&#8221;{}&#8221; custom_padding__hover=&#8221;|||&#8221;][et_pb_text _builder_version=&#8221;4.16&#8243; background_size=&#8221;initial&#8221; background_position=&#8221;top_left&#8221; background_repeat=&#8221;repeat&#8221; use_border_color=&#8221;off&#8221; border_color=&#8221;#ffffff&#8221; border_style=&#8221;solid&#8221; global_colors_info=&#8221;{}&#8221;]<\/p>\n<h3>Nya utmaningar?<\/h3>\n<p>Om du delar v\u00e5r ambition och v\u00e5ra v\u00e4rderingar\u00a0 och \u00e4r intresserad av att ta dig an nya utmaningar s\u00e5 kontakta oss g\u00e4rna f\u00f6r att f\u00f6ruts\u00e4ttningsl\u00f6st samtal.<br \/>\n[\/et_pb_text][et_pb_contact_form captcha=&#8221;off&#8221; email=&#8221;markus.marklund@proandpro.se&#8221; title=&#8221;Kontakta oss&#8221; _builder_version=&#8221;4.16&#8243; _unique_id=&#8221;6b0cdb42-680a-4119-93ea-13cabb627239&#8243; custom_button=&#8221;on&#8221; button_text_size=&#8221;16&#8243; button_text_color=&#8221;#2b2b2b&#8221; button_border_color=&#8221;rgba(99,104,103,0.14)&#8221; border_radii=&#8221;on|0px|0px|0px|0px&#8221; use_border_color=&#8221;off&#8221; global_colors_info=&#8221;{}&#8221;][et_pb_contact_field field_id=&#8221;Name&#8221; field_title=&#8221;Namn&#8221; fullwidth_field=&#8221;on&#8221; _builder_version=&#8221;4.16&#8243; form_field_font=&#8221;||||&#8221; use_border_color=&#8221;off&#8221; global_colors_info=&#8221;{}&#8221; button_text_size__hover_enabled=&#8221;off&#8221; button_one_text_size__hover_enabled=&#8221;off&#8221; button_two_text_size__hover_enabled=&#8221;off&#8221; button_text_color__hover_enabled=&#8221;off&#8221; button_one_text_color__hover_enabled=&#8221;off&#8221; button_two_text_color__hover_enabled=&#8221;off&#8221; button_border_width__hover_enabled=&#8221;off&#8221; button_one_border_width__hover_enabled=&#8221;off&#8221; button_two_border_width__hover_enabled=&#8221;off&#8221; button_border_color__hover_enabled=&#8221;off&#8221; button_one_border_color__hover_enabled=&#8221;off&#8221; button_two_border_color__hover_enabled=&#8221;off&#8221; button_border_radius__hover_enabled=&#8221;off&#8221; button_one_border_radius__hover_enabled=&#8221;off&#8221; button_two_border_radius__hover_enabled=&#8221;off&#8221; button_letter_spacing__hover_enabled=&#8221;off&#8221; button_one_letter_spacing__hover_enabled=&#8221;off&#8221; button_two_letter_spacing__hover_enabled=&#8221;off&#8221; button_bg_color__hover_enabled=&#8221;off&#8221; button_one_bg_color__hover_enabled=&#8221;off&#8221; button_two_bg_color__hover_enabled=&#8221;off&#8221;][\/et_pb_contact_field][et_pb_contact_field field_id=&#8221;Email&#8221; field_title=&#8221;E-postadress&#8221; field_type=&#8221;email&#8221; fullwidth_field=&#8221;on&#8221; _builder_version=&#8221;4.16&#8243; form_field_font=&#8221;||||&#8221; use_border_color=&#8221;off&#8221; global_colors_info=&#8221;{}&#8221; button_text_size__hover_enabled=&#8221;off&#8221; button_one_text_size__hover_enabled=&#8221;off&#8221; button_two_text_size__hover_enabled=&#8221;off&#8221; button_text_color__hover_enabled=&#8221;off&#8221; button_one_text_color__hover_enabled=&#8221;off&#8221; button_two_text_color__hover_enabled=&#8221;off&#8221; button_border_width__hover_enabled=&#8221;off&#8221; button_one_border_width__hover_enabled=&#8221;off&#8221; button_two_border_width__hover_enabled=&#8221;off&#8221; button_border_color__hover_enabled=&#8221;off&#8221; button_one_border_color__hover_enabled=&#8221;off&#8221; button_two_border_color__hover_enabled=&#8221;off&#8221; button_border_radius__hover_enabled=&#8221;off&#8221; button_one_border_radius__hover_enabled=&#8221;off&#8221; button_two_border_radius__hover_enabled=&#8221;off&#8221; button_letter_spacing__hover_enabled=&#8221;off&#8221; button_one_letter_spacing__hover_enabled=&#8221;off&#8221; button_two_letter_spacing__hover_enabled=&#8221;off&#8221; button_bg_color__hover_enabled=&#8221;off&#8221; button_one_bg_color__hover_enabled=&#8221;off&#8221; button_two_bg_color__hover_enabled=&#8221;off&#8221;][\/et_pb_contact_field][et_pb_contact_field field_id=&#8221;Message&#8221; field_title=&#8221;Meddelande&#8221; field_type=&#8221;text&#8221; fullwidth_field=&#8221;on&#8221; _builder_version=&#8221;4.16&#8243; global_colors_info=&#8221;{}&#8221; button_text_size__hover_enabled=&#8221;off&#8221; button_one_text_size__hover_enabled=&#8221;off&#8221; button_two_text_size__hover_enabled=&#8221;off&#8221; button_text_color__hover_enabled=&#8221;off&#8221; button_one_text_color__hover_enabled=&#8221;off&#8221; button_two_text_color__hover_enabled=&#8221;off&#8221; button_border_width__hover_enabled=&#8221;off&#8221; button_one_border_width__hover_enabled=&#8221;off&#8221; button_two_border_width__hover_enabled=&#8221;off&#8221; button_border_color__hover_enabled=&#8221;off&#8221; button_one_border_color__hover_enabled=&#8221;off&#8221; button_two_border_color__hover_enabled=&#8221;off&#8221; button_border_radius__hover_enabled=&#8221;off&#8221; button_one_border_radius__hover_enabled=&#8221;off&#8221; button_two_border_radius__hover_enabled=&#8221;off&#8221; button_letter_spacing__hover_enabled=&#8221;off&#8221; button_one_letter_spacing__hover_enabled=&#8221;off&#8221; button_two_letter_spacing__hover_enabled=&#8221;off&#8221; button_bg_color__hover_enabled=&#8221;off&#8221; button_one_bg_color__hover_enabled=&#8221;off&#8221; button_two_bg_color__hover_enabled=&#8221;off&#8221;][\/et_pb_contact_field][\/et_pb_contact_form][\/et_pb_column][\/et_pb_row][\/et_pb_section]<\/p>\n","protected":false},"excerpt":{"rendered":"<p>Emil Lindgren, Managementkonsult Karakt\u00e4rsdragEmil har ett stort intresse f\u00f6r h\u00e5llbarhetsfr\u00e5gor och arbete kring resurseffektivitet i kombination med aff\u00e4rsutveckling och produktion. Hans styrka \u00e4r ett positivt, lugnt och uth\u00e5lligt angreppss\u00e4tt och drivkraften \u00e4r att skapa h\u00e5llbar utveckling. BakgrundEmil Lindgren \u00e4r civilingenj\u00f6r fr\u00e5n Link\u00f6pings Universitet, Industriell ekonomi med teknisk inriktning energi och ekonomisk profil Industriell marknadsf\u00f6ring. K\u00e4nneteckenMed [&hellip;]<\/p>\n","protected":false},"author":1,"featured_media":0,"parent":0,"menu_order":0,"comment_status":"closed","ping_status":"closed","template":"","meta":{"_et_pb_use_builder":"on","_et_pb_old_content":"","_et_gb_content_width":"","footnotes":""},"folder":[89],"class_list":["post-4796","page","type-page","status-publish","hentry"],"_links":{"self":[{"href":"http:\/\/proandpro.se\/en\/wp-json\/wp\/v2\/pages\/4796","targetHints":{"allow":["GET"]}}],"collection":[{"href":"http:\/\/proandpro.se\/en\/wp-json\/wp\/v2\/pages"}],"about":[{"href":"http:\/\/proandpro.se\/en\/wp-json\/wp\/v2\/types\/page"}],"author":[{"embeddable":true,"href":"http:\/\/proandpro.se\/en\/wp-json\/wp\/v2\/users\/1"}],"replies":[{"embeddable":true,"href":"http:\/\/proandpro.se\/en\/wp-json\/wp\/v2\/comments?post=4796"}],"version-history":[{"count":6,"href":"http:\/\/proandpro.se\/en\/wp-json\/wp\/v2\/pages\/4796\/revisions"}],"predecessor-version":[{"id":12428,"href":"http:\/\/proandpro.se\/en\/wp-json\/wp\/v2\/pages\/4796\/revisions\/12428"}],"wp:attachment":[{"href":"http:\/\/proandpro.se\/en\/wp-json\/wp\/v2\/media?parent=4796"}],"wp:term":[{"taxonomy":"folder","embeddable":true,"href":"http:\/\/proandpro.se\/en\/wp-json\/wp\/v2\/folder?post=4796"}],"curies":[{"name":"wp","href":"https:\/\/api.w.org\/{rel}","templated":true}]}}