{"id":4688,"date":"2018-08-06T07:33:32","date_gmt":"2018-08-06T07:33:32","guid":{"rendered":"http:\/\/proandpro.se\/?page_id=4688"},"modified":"2020-01-15T11:39:20","modified_gmt":"2020-01-15T11:39:20","slug":"analys","status":"publish","type":"page","link":"http:\/\/proandpro.se\/en\/erbjudanden\/analys\/","title":{"rendered":"Analys"},"content":{"rendered":"<p>[et_pb_section fb_built=&#8221;1&#8243; _builder_version=&#8221;3.22&#8243; custom_margin=&#8221;0px|||&#8221; custom_padding=&#8221;0px|||&#8221;][et_pb_row _builder_version=&#8221;3.25&#8243; background_size=&#8221;initial&#8221; background_position=&#8221;top_left&#8221; background_repeat=&#8221;repeat&#8221; custom_padding=&#8221;27px|0px|13px|0px|false|false&#8221;][et_pb_column type=&#8221;4_4&#8243; _builder_version=&#8221;3.25&#8243; custom_padding=&#8221;|||&#8221; custom_padding__hover=&#8221;|||&#8221;][et_pb_image src=&#8221;https:\/\/media.proandpro.se\/2018\/10\/Analys-1.jpg&#8221; align=&#8221;center&#8221; force_fullwidth=&#8221;on&#8221; align_tablet=&#8221;center&#8221; align_phone=&#8221;&#8221; align_last_edited=&#8221;on|desktop&#8221; _builder_version=&#8221;3.23&#8243;]&nbsp;<br \/>\n[\/et_pb_image][\/et_pb_column][\/et_pb_row][et_pb_row column_structure=&#8221;3_4,1_4&#8243; _builder_version=&#8221;3.25&#8243; background_size=&#8221;initial&#8221; background_position=&#8221;top_left&#8221; background_repeat=&#8221;repeat&#8221; custom_padding=&#8221;9px|0px|27px|0px|false|false&#8221;][et_pb_column type=&#8221;3_4&#8243; _builder_version=&#8221;3.25&#8243; custom_padding=&#8221;|||&#8221; custom_padding__hover=&#8221;|||&#8221;][et_pb_text _builder_version=&#8221;3.27.4&#8243;]<\/p>\n<h3 style=\"text-align: left;\">Analys<\/h3>\n<p>Vi drivs av att skapa f\u00f6ruts\u00e4ttningar f\u00f6r v\u00e5ra kunder att bli framg\u00e5ngsrika och f\u00f6r att skapa f\u00f6ruts\u00e4ttningar, b\u00e5de f\u00f6r regional och nationell tillv\u00e4xt, vet vi att det \u00e4r viktigt att h\u00e5lla sig uppdaterad om marknadens utveckling, kunders behov, nya trender och tekniska framsteg. Djupa insikter i f\u00f6retagets marknad, omv\u00e4rld och framtid \u00e4r essentiellt f\u00f6r ett produktivt strategiarbete och kan ge ert f\u00f6retag ett f\u00f6rspr\u00e5ng j\u00e4mf\u00f6rt med era konkurrenter.<\/p>\n<p><a href=\"https:\/\/media.proandpro.se\/2013\/01\/Strategi-800x210.jpg\"><br \/>\n<\/a><a href=\"https:\/\/media.proandpro.se\/2018\/08\/Picture1-1.png\"><img loading=\"lazy\" decoding=\"async\" class=\"alignnone wp-image-4693 size-large\" src=\"https:\/\/media.proandpro.se\/2018\/08\/Picture1-1-1024x410.png\" alt=\"\" width=\"1024\" height=\"410\" srcset=\"https:\/\/media.proandpro.se\/2018\/08\/Picture1-1-1024x410.png 1024w, https:\/\/media.proandpro.se\/2018\/08\/Picture1-1-300x120.png 300w, https:\/\/media.proandpro.se\/2018\/08\/Picture1-1-768x308.png 768w, https:\/\/media.proandpro.se\/2018\/08\/Picture1-1-1080x433.png 1080w\" sizes=\"(max-width: 1024px) 100vw, 1024px\" \/><\/a><\/p>\n<p>&nbsp;<\/p>\n<p>Pro&amp;Pro \u2013 CAIR \u00e4r v\u00e5r egna metod f\u00f6r genomf\u00f6randet av helt\u00e4ckande analyser som ger unika insikter i marknad, omv\u00e4rld och framtid. CAIR-analysen best\u00e5r av fyra delar:<\/p>\n<p><a href=\"https:\/\/media.proandpro.se\/2018\/08\/Picture3.png\"><img loading=\"lazy\" decoding=\"async\" class=\"wp-image-4690 size-full aligncenter\" src=\"https:\/\/media.proandpro.se\/2018\/08\/Picture3.png\" alt=\"\" width=\"504\" height=\"243\" srcset=\"https:\/\/media.proandpro.se\/2018\/08\/Picture3.png 504w, https:\/\/media.proandpro.se\/2018\/08\/Picture3-300x145.png 300w\" sizes=\"(max-width: 504px) 100vw, 504px\" \/><\/a><\/p>\n<ul>\n<li><b>Comprehend<\/b> \u2013 Skapa f\u00f6rst\u00e5else f\u00f6r marknadens struktur och akt\u00f6rer. Vilka behov har kunder och vilka konkurrenter finns i marknaden? Vilka trender syns i horisonten och vilka \u00e4r redan h\u00e4r?<\/li>\n<li><b>Analyze<\/b> \u2013 Analysera fram unika insikter. Hur ser konkurrenssituationen ut i marknaden? Vilka omr\u00e5den finns f\u00f6r nya potentiella akt\u00f6rer? Vilka aff\u00e4rsmodeller leder till l\u00f6nsamhet?<\/li>\n<li><b>Imagine<\/b> \u2013 Bekanta sig med marknadens potentiella framtid. Vilka m\u00f6jliga utfall kan komma fr\u00e5n marknadens nuvarande konkurrensstruktur i samband med framtida trender?<\/li>\n<li><b>Reflect<\/b> \u2013 Reflektera \u00f6ver analysens inneb\u00f6rd f\u00f6r f\u00f6retaget. Vilka strategiska f\u00f6r\u00e4ndringsomr\u00e5den \u00e4r relevanta f\u00f6r att vara konkurrenskraftig i marknaden, omv\u00e4rlden och framtiden?<\/li>\n<\/ul>\n<p>[\/et_pb_text][\/et_pb_column][et_pb_column type=&#8221;1_4&#8243; _builder_version=&#8221;3.25&#8243; custom_padding=&#8221;|||&#8221; custom_padding__hover=&#8221;|||&#8221;][et_pb_text _builder_version=&#8221;3.27.4&#8243;]<\/p>\n<h4>Kundcase Roxtec<\/h4>\n<p>Samarbete med Roxtex i s\u00e5v\u00e4l strategiska och taktiska produktledningsfr\u00e5gor med uppdrag att st\u00e4rka produktledningens f\u00f6ruts\u00e4ttningar f\u00f6r att ytterligare utveckla en redan framg\u00e5ngsrik aff\u00e4r till n\u00e4sta niv\u00e5. Samarbetet utgick fr\u00e5n v\u00e5r utvecklade metodik f\u00f6r strategiutformning och implementation.<br \/>\n[\/et_pb_text][et_pb_contact_form use_spam_service=&#8221;on&#8221; recaptcha_list=&#8221;Google reCAPTCHA-0&#8243; title=&#8221;Kontakta oss&#8221; success_message=&#8221;Tack f\u00f6r att du kontaktat oss. Vi \u00e5terkommer till dig inom kort. &#8221; module_id=&#8221;et_pb_contact_form_0&#8243; _builder_version=&#8221;4.1&#8243; hover_enabled=&#8221;0&#8243;][et_pb_contact_field field_id=&#8221;Name&#8221; field_title=&#8221;Namn&#8221; fullwidth_field=&#8221;on&#8221; _builder_version=&#8221;3.16&#8243; button_text_size__hover_enabled=&#8221;off&#8221; button_one_text_size__hover_enabled=&#8221;off&#8221; button_two_text_size__hover_enabled=&#8221;off&#8221; button_text_color__hover_enabled=&#8221;off&#8221; button_one_text_color__hover_enabled=&#8221;off&#8221; button_two_text_color__hover_enabled=&#8221;off&#8221; button_border_width__hover_enabled=&#8221;off&#8221; button_one_border_width__hover_enabled=&#8221;off&#8221; button_two_border_width__hover_enabled=&#8221;off&#8221; button_border_color__hover_enabled=&#8221;off&#8221; button_one_border_color__hover_enabled=&#8221;off&#8221; button_two_border_color__hover_enabled=&#8221;off&#8221; button_border_radius__hover_enabled=&#8221;off&#8221; button_one_border_radius__hover_enabled=&#8221;off&#8221; button_two_border_radius__hover_enabled=&#8221;off&#8221; button_letter_spacing__hover_enabled=&#8221;off&#8221; button_one_letter_spacing__hover_enabled=&#8221;off&#8221; button_two_letter_spacing__hover_enabled=&#8221;off&#8221; button_bg_color__hover_enabled=&#8221;off&#8221; button_one_bg_color__hover_enabled=&#8221;off&#8221; button_two_bg_color__hover_enabled=&#8221;off&#8221;][\/et_pb_contact_field][et_pb_contact_field field_id=&#8221;Email&#8221; field_title=&#8221;E-postadress&#8221; field_type=&#8221;email&#8221; fullwidth_field=&#8221;on&#8221; _builder_version=&#8221;3.16&#8243; button_text_size__hover_enabled=&#8221;off&#8221; button_one_text_size__hover_enabled=&#8221;off&#8221; button_two_text_size__hover_enabled=&#8221;off&#8221; button_text_color__hover_enabled=&#8221;off&#8221; button_one_text_color__hover_enabled=&#8221;off&#8221; button_two_text_color__hover_enabled=&#8221;off&#8221; button_border_width__hover_enabled=&#8221;off&#8221; button_one_border_width__hover_enabled=&#8221;off&#8221; button_two_border_width__hover_enabled=&#8221;off&#8221; button_border_color__hover_enabled=&#8221;off&#8221; button_one_border_color__hover_enabled=&#8221;off&#8221; button_two_border_color__hover_enabled=&#8221;off&#8221; button_border_radius__hover_enabled=&#8221;off&#8221; button_one_border_radius__hover_enabled=&#8221;off&#8221; button_two_border_radius__hover_enabled=&#8221;off&#8221; button_letter_spacing__hover_enabled=&#8221;off&#8221; button_one_letter_spacing__hover_enabled=&#8221;off&#8221; button_two_letter_spacing__hover_enabled=&#8221;off&#8221; button_bg_color__hover_enabled=&#8221;off&#8221; button_one_bg_color__hover_enabled=&#8221;off&#8221; button_two_bg_color__hover_enabled=&#8221;off&#8221;][\/et_pb_contact_field][et_pb_contact_field field_id=&#8221;Message&#8221; field_title=&#8221;Meddelande&#8221; field_type=&#8221;text&#8221; fullwidth_field=&#8221;on&#8221; _builder_version=&#8221;3.16&#8243; button_text_size__hover_enabled=&#8221;off&#8221; button_one_text_size__hover_enabled=&#8221;off&#8221; button_two_text_size__hover_enabled=&#8221;off&#8221; button_text_color__hover_enabled=&#8221;off&#8221; button_one_text_color__hover_enabled=&#8221;off&#8221; button_two_text_color__hover_enabled=&#8221;off&#8221; button_border_width__hover_enabled=&#8221;off&#8221; button_one_border_width__hover_enabled=&#8221;off&#8221; button_two_border_width__hover_enabled=&#8221;off&#8221; button_border_color__hover_enabled=&#8221;off&#8221; button_one_border_color__hover_enabled=&#8221;off&#8221; button_two_border_color__hover_enabled=&#8221;off&#8221; button_border_radius__hover_enabled=&#8221;off&#8221; button_one_border_radius__hover_enabled=&#8221;off&#8221; button_two_border_radius__hover_enabled=&#8221;off&#8221; button_letter_spacing__hover_enabled=&#8221;off&#8221; button_one_letter_spacing__hover_enabled=&#8221;off&#8221; button_two_letter_spacing__hover_enabled=&#8221;off&#8221; button_bg_color__hover_enabled=&#8221;off&#8221; button_one_bg_color__hover_enabled=&#8221;off&#8221; button_two_bg_color__hover_enabled=&#8221;off&#8221;][\/et_pb_contact_field][\/et_pb_contact_form][\/et_pb_column][\/et_pb_row][\/et_pb_section]<\/p>\n","protected":false},"excerpt":{"rendered":"<p>&nbsp; Analys Vi drivs av att skapa f\u00f6ruts\u00e4ttningar f\u00f6r v\u00e5ra kunder att bli framg\u00e5ngsrika och f\u00f6r att skapa f\u00f6ruts\u00e4ttningar, b\u00e5de f\u00f6r regional och nationell tillv\u00e4xt, vet vi att det \u00e4r viktigt att h\u00e5lla sig uppdaterad om marknadens utveckling, kunders behov, nya trender och tekniska framsteg. Djupa insikter i f\u00f6retagets marknad, omv\u00e4rld och framtid \u00e4r essentiellt [&hellip;]<\/p>\n","protected":false},"author":8,"featured_media":0,"parent":3689,"menu_order":6,"comment_status":"closed","ping_status":"closed","template":"","meta":{"_et_pb_use_builder":"on","_et_pb_old_content":"","_et_gb_content_width":"","footnotes":""},"folder":[96],"class_list":["post-4688","page","type-page","status-publish","hentry"],"_links":{"self":[{"href":"http:\/\/proandpro.se\/en\/wp-json\/wp\/v2\/pages\/4688","targetHints":{"allow":["GET"]}}],"collection":[{"href":"http:\/\/proandpro.se\/en\/wp-json\/wp\/v2\/pages"}],"about":[{"href":"http:\/\/proandpro.se\/en\/wp-json\/wp\/v2\/types\/page"}],"author":[{"embeddable":true,"href":"http:\/\/proandpro.se\/en\/wp-json\/wp\/v2\/users\/8"}],"replies":[{"embeddable":true,"href":"http:\/\/proandpro.se\/en\/wp-json\/wp\/v2\/comments?post=4688"}],"version-history":[{"count":16,"href":"http:\/\/proandpro.se\/en\/wp-json\/wp\/v2\/pages\/4688\/revisions"}],"predecessor-version":[{"id":6644,"href":"http:\/\/proandpro.se\/en\/wp-json\/wp\/v2\/pages\/4688\/revisions\/6644"}],"up":[{"embeddable":true,"href":"http:\/\/proandpro.se\/en\/wp-json\/wp\/v2\/pages\/3689"}],"wp:attachment":[{"href":"http:\/\/proandpro.se\/en\/wp-json\/wp\/v2\/media?parent=4688"}],"wp:term":[{"taxonomy":"folder","embeddable":true,"href":"http:\/\/proandpro.se\/en\/wp-json\/wp\/v2\/folder?post=4688"}],"curies":[{"name":"wp","href":"https:\/\/api.w.org\/{rel}","templated":true}]}}