{"id":4344,"date":"2018-02-24T22:30:48","date_gmt":"2018-02-24T22:30:48","guid":{"rendered":"http:\/\/proandpro.se\/?page_id=4344"},"modified":"2021-12-20T13:29:42","modified_gmt":"2021-12-20T13:29:42","slug":"tillvaxterbjudande","status":"publish","type":"page","link":"http:\/\/proandpro.se\/en\/erbjudanden\/tillvaxterbjudande\/","title":{"rendered":"Tillv\u00e4xt"},"content":{"rendered":"<p>[et_pb_section fb_built=&#8221;1&#8243; _builder_version=&#8221;3.22&#8243; global_colors_info=&#8221;{}&#8221;][et_pb_row _builder_version=&#8221;3.25&#8243; background_size=&#8221;initial&#8221; background_position=&#8221;top_left&#8221; background_repeat=&#8221;repeat&#8221; custom_padding=&#8221;0px|0px|27px|0px&#8221; global_colors_info=&#8221;{}&#8221;][et_pb_column type=&#8221;4_4&#8243; _builder_version=&#8221;3.25&#8243; custom_padding=&#8221;|||&#8221; global_colors_info=&#8221;{}&#8221; custom_padding__hover=&#8221;|||&#8221;][et_pb_image src=&#8221;https:\/\/media.proandpro.se\/2018\/02\/Tillvaxtradgivning1380x360.jpg&#8221; align_tablet=&#8221;center&#8221; align_last_edited=&#8221;on|desktop&#8221; _builder_version=&#8221;3.23&#8243; global_colors_info=&#8221;{}&#8221;][\/et_pb_image][\/et_pb_column][\/et_pb_row][et_pb_row _builder_version=&#8221;3.25&#8243; background_size=&#8221;initial&#8221; background_position=&#8221;top_left&#8221; background_repeat=&#8221;repeat&#8221; custom_padding=&#8221;11px|0px|27px|0px&#8221; global_colors_info=&#8221;{}&#8221;][et_pb_column type=&#8221;4_4&#8243; _builder_version=&#8221;3.25&#8243; custom_padding=&#8221;|||&#8221; global_colors_info=&#8221;{}&#8221; custom_padding__hover=&#8221;|||&#8221;][et_pb_text _builder_version=&#8221;3.27.4&#8243; global_colors_info=&#8221;{}&#8221;]<\/p>\n<h3>Tillv\u00e4xterbjudande f\u00f6r innovations- och utvecklingsf\u00f6retag<\/h3>\n<p>Vi hj\u00e4lper dig som driver ett mindre f\u00f6retag att n\u00e5 nya h\u00f6jder i ditt f\u00f6retagande. V\u00e5rt tillv\u00e4xterbjudande inneb\u00e4r b\u00e5de analys och r\u00e5dgivning s\u00e5v\u00e4l som hj\u00e4lp med att praktiskt ta fram processer och material som \u00e4r n\u00f6dv\u00e4ndiga f\u00f6r din, och ditt f\u00f6retags, fortsatta utveckling. Alla f\u00f6retag \u00e4r olika och av erfarenhet vet vi att v\u00e5ra kunder ofta st\u00e5r inf\u00f6r unika utmaningar i sina tillv\u00e4xtarbeten. D\u00e4rf\u00f6r arbetar vi med att hitta, och l\u00f6sa, era utmaningar i en personlig relation d\u00e4r vi tillsammans kan skapa l\u00e5ngsiktig och h\u00e5llbar tillv\u00e4xt f\u00f6r just dig och ditt f\u00f6retag. <\/p>\n<h4>Samtal f\u00f6r tillv\u00e4xt<\/h4>\n<p>Om du k\u00e4nner igen dig i de utmaningar vi beskriver nedan och vill utveckla ditt f\u00f6retag s\u00e5 tveka inte att kontakta oss f\u00f6r ett samtal om hur vi kan hj\u00e4lpa dig och din aff\u00e4r att ta n\u00e4sta steg.<br \/>\n[\/et_pb_text][\/et_pb_column][\/et_pb_row][et_pb_row _builder_version=&#8221;3.25&#8243; background_size=&#8221;initial&#8221; background_position=&#8221;top_left&#8221; background_repeat=&#8221;repeat&#8221; global_colors_info=&#8221;{}&#8221; column_structure=&#8221;1_3,1_3,1_3&#8243;][et_pb_column type=&#8221;1_3&#8243; _builder_version=&#8221;3.25&#8243; custom_padding=&#8221;|||&#8221; global_colors_info=&#8221;{}&#8221; custom_padding__hover=&#8221;|||&#8221;][et_pb_image src=&#8221;https:\/\/media.proandpro.se\/2018\/02\/Aff\u00e4rsutveckling400x220.jpg&#8221; align_tablet=&#8221;center&#8221; align_last_edited=&#8221;on|desktop&#8221; _builder_version=&#8221;3.23&#8243; global_colors_info=&#8221;{}&#8221;][\/et_pb_image][et_pb_text _builder_version=&#8221;3.27.4&#8243; global_colors_info=&#8221;{}&#8221;]<\/p>\n<h4>Aff\u00e4rsutveckling<\/h4>\n<p>Insikten om vad som skapar kundtillfredsst\u00e4llelse och l\u00f6nsamhet \u00e4r en grundf\u00f6ruts\u00e4ttning f\u00f6r att kunna g\u00f6ra r\u00e4tt aff\u00e4rsval och agera framg\u00e5ngsrikt p\u00e5 marknaden. Med utg\u00e5ngspunkt i en v\u00e4lgrundad f\u00f6rst\u00e5else f\u00f6r marknaden i fr\u00e5ga om kunder, akt\u00f6rer, drivare och trender skapas f\u00f6ruts\u00e4ttningar f\u00f6r att utveckla goda l\u00f6nsamma aff\u00e4rer. Vi hj\u00e4lper dig med:<\/p>\n<ul>\n<li><strong>Aff\u00e4rsplan <\/strong><\/li>\n<li><strong>Erbjudanden och paketeringar<\/strong><\/li>\n<li><strong>F\u00f6rs\u00e4ljning och kundbearbetning<\/strong><\/li>\n<li><strong>Kundrelationer och kundn\u00f6jdhet<\/strong><\/li>\n<li><strong>L\u00f6nsamhetskalkyler<\/strong><\/li>\n<\/ul>\n<p>[\/et_pb_text][\/et_pb_column][et_pb_column type=&#8221;1_3&#8243; _builder_version=&#8221;3.25&#8243; custom_padding=&#8221;|||&#8221; global_colors_info=&#8221;{}&#8221; custom_padding__hover=&#8221;|||&#8221;][et_pb_image src=&#8221;https:\/\/media.proandpro.se\/2018\/02\/Innovation.jpg&#8221; align_tablet=&#8221;center&#8221; align_last_edited=&#8221;on|desktop&#8221; _builder_version=&#8221;3.23&#8243; global_colors_info=&#8221;{}&#8221;][\/et_pb_image][et_pb_text _builder_version=&#8221;3.27.4&#8243; global_colors_info=&#8221;{}&#8221;]<\/p>\n<h4>Innovationsutveckling<\/h4>\n<p>Ett innovativt ledarskap \u00e4r grunden f\u00f6r att lyckas med att skapa ett innovativt f\u00f6retag. Det finns mycket som pekar p\u00e5 att ledarskapet \u00e4r den avg\u00f6rande faktorn f\u00f6r att ett f\u00f6retag skall bli innovativt och framg\u00e5ngsrikt. I det innovativa ledarskapet uppmuntras nyt\u00e4nkande och att\u00a0 arbetsmilj\u00f6n \u00e4r till\u00e5tande. Vi arbetar med strukturerade metoder f\u00f6r att ta g\u00e5 fr\u00e5n ide till innovation. Vi hj\u00e4lper dig med:<\/p>\n<ul>\n<li><strong>Inf\u00f6ra ett innovativt ledarskap<\/strong><\/li>\n<li><strong>Dataanalys som grund f\u00f6r innovation<\/strong><\/li>\n<li><strong>Digitalisering av produkt och verksamhet<\/strong><\/li>\n<li><strong>Produktutveckling<\/strong><\/li>\n<\/ul>\n<p>[\/et_pb_text][\/et_pb_column][et_pb_column type=&#8221;1_3&#8243; _builder_version=&#8221;3.25&#8243; custom_padding=&#8221;|||&#8221; global_colors_info=&#8221;{}&#8221; custom_padding__hover=&#8221;|||&#8221;][et_pb_image src=&#8221;https:\/\/media.proandpro.se\/2018\/02\/Analys400x220.jpg&#8221; align_tablet=&#8221;center&#8221; align_last_edited=&#8221;on|desktop&#8221; _builder_version=&#8221;3.23&#8243; global_colors_info=&#8221;{}&#8221;][\/et_pb_image][et_pb_text _builder_version=&#8221;3.27.4&#8243; global_colors_info=&#8221;{}&#8221;]<\/p>\n<h4>Analys och r\u00e5dgivning<\/h4>\n<p>F\u00f6r att uppn\u00e5 l\u00f6nsam tillv\u00e4xt \u00e4r det viktigt att\u00a0 analysera och h\u00e5lla sig uppdaterad om marknadens utveckling och behov samt nya trender och tekniska framsteg. Inom omr\u00e5det analys och r\u00e5dgivning hj\u00e4lper vi ditt f\u00f6retag med r\u00e5dgivning till ledning och styrelse samt att skapa f\u00f6ruts\u00e4ttningar f\u00f6r att ni skall ha r\u00e4tt information som grund f\u00f6r era strategiska aff\u00e4rs- och utvecklingsbeslut.\u00a0 Vi hj\u00e4lper dig med:<\/p>\n<ul>\n<li><strong>Omv\u00e4rldsanalys<\/strong><\/li>\n<li><strong>Kompetensf\u00f6rs\u00f6rjning<\/strong><\/li>\n<li><strong>Strategiworkshop<\/strong><\/li>\n<li><strong>R\u00e5dgivning till styrelse och ledning<\/strong><\/li>\n<\/ul>\n<p>[\/et_pb_text][\/et_pb_column][\/et_pb_row][et_pb_row _builder_version=&#8221;3.25&#8243; background_size=&#8221;initial&#8221; background_position=&#8221;top_left&#8221; background_repeat=&#8221;repeat&#8221; global_colors_info=&#8221;{}&#8221; column_structure=&#8221;1_3,1_3,1_3&#8243;][et_pb_column type=&#8221;1_3&#8243; _builder_version=&#8221;3.25&#8243; custom_padding=&#8221;|||&#8221; global_colors_info=&#8221;{}&#8221; custom_padding__hover=&#8221;|||&#8221;][et_pb_image src=&#8221;https:\/\/media.proandpro.se\/2018\/02\/Investerare400x220.jpg&#8221; align_tablet=&#8221;center&#8221; align_last_edited=&#8221;on|desktop&#8221; _builder_version=&#8221;3.23&#8243; global_colors_info=&#8221;{}&#8221;][\/et_pb_image][et_pb_text _builder_version=&#8221;3.27.4&#8243; global_colors_info=&#8221;{}&#8221;]<\/p>\n<h4>Kapitalanskaffning<\/h4>\n<p>F\u00f6r att kunna v\u00e4xa beh\u00f6ver f\u00f6retaget s\u00e4kra n\u00f6dv\u00e4ndigt kapital p\u00e5 kort och l\u00e5ng sikt. Vi hj\u00e4lper dig med att st\u00e4rka f\u00f6retagets kapital f\u00f6r att v\u00e4xa utifr\u00e5n marknadspotentialen och aff\u00e4rsplanen.\u00a0 Kapitalf\u00f6rst\u00e4rkningen kan b\u00e5da best\u00e5 av nya investerare som offentliga bidrag f\u00f6r fortsatt tillv\u00e4xt.\u00a0<span style=\"display: inline !important; float: none; background-color: transparent; color: #666666; cursor: text; font-family: 'Open Sans',Arial,sans-serif; font-size: 14px; font-style: normal; font-variant: normal; font-weight: 500; letter-spacing: normal; -ms-text-size-adjust: auto; orphans: 2; text-align: left; text-decoration: none; text-indent: 0px; text-transform: none; -webkit-text-stroke-width: 0px; white-space: normal; word-spacing: 0px;\">Vi hj\u00e4lper dig med:<\/span><\/p>\n<ul>\n<li><strong>Investeraranalys<\/strong><\/li>\n<li><strong>Investeringsunderlag<\/strong><\/li>\n<li><strong>Pitchning<\/strong><\/li>\n<li><strong>Innovationsprojekt<\/strong><\/li>\n<\/ul>\n<p>[\/et_pb_text][\/et_pb_column][et_pb_column type=&#8221;1_3&#8243; _builder_version=&#8221;3.25&#8243; custom_padding=&#8221;|||&#8221; global_colors_info=&#8221;{}&#8221; custom_padding__hover=&#8221;|||&#8221;][et_pb_image src=&#8221;https:\/\/media.proandpro.se\/2018\/02\/Struktur400x220.jpg&#8221; align_tablet=&#8221;center&#8221; align_last_edited=&#8221;on|desktop&#8221; _builder_version=&#8221;3.23&#8243; global_colors_info=&#8221;{}&#8221;][\/et_pb_image][et_pb_text _builder_version=&#8221;3.27.4&#8243; global_colors_info=&#8221;{}&#8221;]<\/p>\n<h4>Struktur och arbetss\u00e4tt<\/h4>\n<p>Innovations- och utvecklingsf\u00f6retag m\u00f6ter ofta utmaningar under tillv\u00e4xtfasen med att skapa effektiva och varaktiga strukturer och arbetss\u00e4tt f\u00f6r en st\u00f6rre och mer komplex verksamhet. Ett st\u00f6rre f\u00f6retag har ocks\u00e5 krav fr\u00e5n myndigheter och kunder p\u00e5 struktur och arbetss\u00e4tt. <span style=\"background-attachment: scroll; background-clip: border-box; background-color: transparent; background-image: none; background-origin: padding-box; background-position-x: 0px; background-position-y: 0px; background-repeat: repeat; background-size: auto; border-image-outset: 0; border-image-repeat: stretch; border-image-slice: 100%; border-image-source: none; border-image-width: 1; box-sizing: border-box; color: #666666; cursor: text; display: inline; float: none; font-family: ' open sans',arial,sans-serif; font-size: 14px; font-style: normal; font-variant: normal; font-weight: 500; letter-spacing: normal; -ms-text-size-adjust: auto; orphans: 2; outline-color: invert; outline-style: none; outline-width: 0px; text-align: left; text-decoration: none; text-indent: 0px; text-transform: none; vertical-align: baseline; -webkit-text-stroke-width: 0px; white-space: normal; word-spacing: 0px; padding: 0px; margin: 0px; border: 0px none #666666;\">Vi hj\u00e4lper dig med:<\/span><\/p>\n<ul>\n<li><strong>Verksamhetsprocesser<\/strong><\/li>\n<li><strong>Rutiner och arbetss\u00e4tt<\/strong><\/li>\n<li><strong>Aff\u00e4rsuppf\u00f6ljning<\/strong><\/li>\n<li><strong>Befattningsbeskrivningar<\/strong><\/li>\n<\/ul>\n<p>[\/et_pb_text][\/et_pb_column][et_pb_column type=&#8221;1_3&#8243; _builder_version=&#8221;3.25&#8243; custom_padding=&#8221;|||&#8221; global_colors_info=&#8221;{}&#8221; custom_padding__hover=&#8221;|||&#8221;][\/et_pb_column][\/et_pb_row][\/et_pb_section]<\/p>\n","protected":false},"excerpt":{"rendered":"<p>Tillv\u00e4xterbjudande f\u00f6r innovations- och utvecklingsf\u00f6retag Vi hj\u00e4lper dig som driver ett mindre f\u00f6retag att n\u00e5 nya h\u00f6jder i ditt f\u00f6retagande. V\u00e5rt tillv\u00e4xterbjudande inneb\u00e4r b\u00e5de analys och r\u00e5dgivning s\u00e5v\u00e4l som hj\u00e4lp med att praktiskt ta fram processer och material som \u00e4r n\u00f6dv\u00e4ndiga f\u00f6r din, och ditt f\u00f6retags, fortsatta utveckling. Alla f\u00f6retag \u00e4r olika och av erfarenhet [&hellip;]<\/p>\n","protected":false},"author":1,"featured_media":0,"parent":3689,"menu_order":5,"comment_status":"closed","ping_status":"closed","template":"","meta":{"_et_pb_use_builder":"on","_et_pb_old_content":"","_et_gb_content_width":"","footnotes":""},"folder":[96],"class_list":["post-4344","page","type-page","status-publish","hentry"],"_links":{"self":[{"href":"http:\/\/proandpro.se\/en\/wp-json\/wp\/v2\/pages\/4344","targetHints":{"allow":["GET"]}}],"collection":[{"href":"http:\/\/proandpro.se\/en\/wp-json\/wp\/v2\/pages"}],"about":[{"href":"http:\/\/proandpro.se\/en\/wp-json\/wp\/v2\/types\/page"}],"author":[{"embeddable":true,"href":"http:\/\/proandpro.se\/en\/wp-json\/wp\/v2\/users\/1"}],"replies":[{"embeddable":true,"href":"http:\/\/proandpro.se\/en\/wp-json\/wp\/v2\/comments?post=4344"}],"version-history":[{"count":29,"href":"http:\/\/proandpro.se\/en\/wp-json\/wp\/v2\/pages\/4344\/revisions"}],"predecessor-version":[{"id":8112,"href":"http:\/\/proandpro.se\/en\/wp-json\/wp\/v2\/pages\/4344\/revisions\/8112"}],"up":[{"embeddable":true,"href":"http:\/\/proandpro.se\/en\/wp-json\/wp\/v2\/pages\/3689"}],"wp:attachment":[{"href":"http:\/\/proandpro.se\/en\/wp-json\/wp\/v2\/media?parent=4344"}],"wp:term":[{"taxonomy":"folder","embeddable":true,"href":"http:\/\/proandpro.se\/en\/wp-json\/wp\/v2\/folder?post=4344"}],"curies":[{"name":"wp","href":"https:\/\/api.w.org\/{rel}","templated":true}]}}