{"id":4243,"date":"2018-01-22T15:13:51","date_gmt":"2018-01-22T15:13:51","guid":{"rendered":"http:\/\/proandpro.se\/?page_id=4243"},"modified":"2019-02-10T09:35:52","modified_gmt":"2019-02-10T09:35:52","slug":"mans-fahlander","status":"publish","type":"page","link":"http:\/\/proandpro.se\/en\/mans-fahlander\/","title":{"rendered":"M\u00e5ns Fahlander"},"content":{"rendered":"<p>[et_pb_section fb_built=&#8221;1&#8243; custom_padding_last_edited=&#8221;on|desktop&#8221; admin_label=&#8221;section&#8221; _builder_version=&#8221;3.0.74&#8243; custom_padding=&#8221;0||0|&#8221; custom_padding_tablet=&#8221;50px|0|50px|0&#8243; transparent_background=&#8221;off&#8221; padding_mobile=&#8221;off&#8221;][et_pb_row custom_padding=&#8221;2|0&#8243; padding_mobile=&#8221;off&#8221; admin_label=&#8221;row&#8221; _builder_version=&#8221;3.0.47&#8243; background_size=&#8221;initial&#8221; background_position=&#8221;top_left&#8221; background_repeat=&#8221;repeat&#8221;][et_pb_column type=&#8221;4_4&#8243; _builder_version=&#8221;3.0.47&#8243; parallax=&#8221;off&#8221; parallax_method=&#8221;on&#8221;][et_pb_image src=&#8221;https:\/\/media.proandpro.se\/2018\/04\/Varum\u00e4rke-header-1.jpg&#8221; align=&#8221;center&#8221; force_fullwidth=&#8221;on&#8221; _builder_version=&#8221;3.1.1&#8243; animation_direction=&#8221;left&#8221; use_border_color=&#8221;off&#8221;]&nbsp;<br \/>\n[\/et_pb_image][\/et_pb_column][\/et_pb_row][et_pb_row custom_padding=&#8221;|&#8221; padding_mobile=&#8221;off&#8221; admin_label=&#8221;row&#8221; _builder_version=&#8221;3.0.47&#8243; background_size=&#8221;initial&#8221; background_position=&#8221;top_left&#8221; background_repeat=&#8221;repeat&#8221;][et_pb_column type=&#8221;3_4&#8243; _builder_version=&#8221;3.0.47&#8243; parallax=&#8221;off&#8221; parallax_method=&#8221;on&#8221;][et_pb_text _builder_version=&#8221;3.19.9&#8243; use_border_color=&#8221;off&#8221;]<\/p>\n<h3>M\u00e5ns Fahlander, Managementkonsult<\/h3>\n<p><strong>Karakt\u00e4rsdrag<\/strong><br \/><img loading=\"lazy\" decoding=\"async\" class=\"alignright wp-image-5499 size-medium\" src=\"https:\/\/media.proandpro.se\/2019\/02\/M\u00e5ns_profil-300x199.jpg\" alt=\"\" width=\"300\" height=\"199\" srcset=\"https:\/\/media.proandpro.se\/2019\/02\/M\u00e5ns_profil-300x199.jpg 300w, https:\/\/media.proandpro.se\/2019\/02\/M\u00e5ns_profil-768x509.jpg 768w, https:\/\/media.proandpro.se\/2019\/02\/M\u00e5ns_profil.jpg 800w\" sizes=\"(max-width: 300px) 100vw, 300px\" \/>M\u00e5ns \u00e4r en leveranss\u00e4ker och m\u00e5lorienterad f\u00f6r\u00e4ndringsledare och civilingenj\u00f6r med en stark k\u00e4nsla f\u00f6r att skapa fantastiska kundupplevelser. Han drivs av att skapa och leverera ett bra resultat tillsammans med medarbetare, kollegor och partners. Hans \u00f6vertygelse \u00e4r att l\u00f6nsamhet startar med m\u00e4nniskan i organisationen och m\u00e4nniskans f\u00f6rm\u00e5ga att ta ansvar och skapa sin egen framtid. Han \u00e4r \u00f6dmjuk men tydlig och s\u00f6ker hela tiden v\u00e4gar som f\u00f6r uppdraget fram\u00e5t. Han \u00e4r som b\u00e4st n\u00e4r det g\u00e4ller att implementera med uth\u00e5lligt resultat. Med sitt glada hum\u00f6r, sin m\u00e5lmedvetenhet och positiva livssyn f\u00e5r M\u00e5ns saker att h\u00e4nda oavsett milj\u00f6 och omgivning.<\/p>\n<p><strong>Bakgrund<\/strong><br \/>M\u00e5ns \u00e4r uppv\u00e4xt i Sundsvall och genomf\u00f6rde sin Civilingenj\u00f6rsexamen i Maskinteknik p\u00e5 Lule\u00e5 Tekniska H\u00f6gskola. Sitt examensarbete gjorde han p\u00e5 Nanyang Technological Institute I Singapore inom omr\u00e5det logistik. Han har sedan dess haft befattningar som till exempel Logistikutvecklare, Verksamhetsutvecklingschef, Kundtj\u00e4nstchef och Aff\u00e4rschef. Genom sin l\u00e5nga erfarenhet av ledarskap och organisationsutveckling i olika branscher och f\u00f6retag har han utvecklat en speciell f\u00f6rm\u00e5ga att i samklang utveckla b\u00e5de aff\u00e4r, kund och medarbetare. M\u00e5ns stora passion \u00e4r kundrelationer och hur samspelet mellan m\u00e4nniskorna i organisationen \u00e4r avg\u00f6rande f\u00f6r goda kundrelationer och d\u00e4rmed utveckling av l\u00e5ngsiktiga och uth\u00e5lliga aff\u00e4rer.<br \/>Under sin karri\u00e4r har han bland annat utvecklat och implementerat organisationer och program f\u00f6r ny- och vidareutbildning av medarbetare och ledare. Insikten att det kr\u00e4vs mer av en arbetsgivare f\u00f6r att attrahera r\u00e4tt kompetens ledde till ett program f\u00f6r gemensam nordisk onboarding av nya medarbetare med syfte att skapa en positiv k\u00e4nsla hos de nyanst\u00e4llda, b\u00e5de f\u00f6r sitt nya jobb och sin nya arbetsgivare. Han har ocks\u00e5 jobbat aktivt med strategifr\u00e5gor i betydelsen att positionera en organisation r\u00e4tt inf\u00f6r framtiden, b\u00e5de med att utveckla och ta fram strategier men framf\u00f6rallt med att implementera strategier. Den stora l\u00e4rdomen \u00e4r att m\u00e5nga briljanta tankar inte blir mer \u00e4n tankar om man inte lyckas f\u00f6ra ut dom till alla medarbetare i organisationen. M\u00e5ns har d\u00e4rf\u00f6r lagt stort fokus p\u00e5 att utveckla metoder f\u00f6r kommunikation och implementation av strategier i de organisationer som han verkat i. Alltid med extra energi p\u00e5 att jobba med fr\u00e5gan: &#8211; Varf\u00f6r?<br \/>M\u00e5ns kommer n\u00e4rmast fr\u00e5n en tj\u00e4nst som Chef f\u00f6r F\u00f6retagscenter p\u00e5 If Skadef\u00f6rs\u00e4kring AB d\u00e4r han ansvarat f\u00f6r f\u00f6rs\u00e4ljning och r\u00e5dgivning till sm\u00e5 och medelstora f\u00f6retag i Sverige.<\/p>\n<p><strong>K\u00e4nnetecken<\/strong><br \/>M\u00e5ns utm\u00e4rker sig som en \u00f6dmjuk och nyfiken person med ett tydligt resultatfokus. M\u00e5ns har l\u00e5ng erfarenhet av f\u00f6r\u00e4ndringsledning som leder till uth\u00e5llig f\u00f6r\u00e4ndring. Sin spets har han i att f\u00f6rst\u00e5 kunden och hur kund och f\u00f6retag\/organisation interagerar f\u00f6r att bygga l\u00e5ngsiktiga relationer. I sitt arbete som konsult fokuserar han p\u00e5 en absolut tro p\u00e5 individens och organisationens f\u00f6rm\u00e5ga att f\u00f6rverkliga organisationens strategi. Han bygger sina resultat p\u00e5 att skapa team som har f\u00f6rtroende f\u00f6r varandra och som f\u00f6rst\u00e5r syftet med sitt uppdrag. P\u00e5 s\u00e5 s\u00e4tt skapar han l\u00e5ngsiktig och h\u00e5llbar utveckling av l\u00f6nsamhet och aff\u00e4r. M\u00e5ns filosofi \u00e4r att h\u00e5llbar och best\u00e5ende utveckling kommer fr\u00e5n att vi varje dag ska vara lite b\u00e4ttre \u00e4n vad vi var ig\u00e5r och att vi imorgon blir lite b\u00e4ttre \u00e4n vad vi \u00e4r idag.<\/p>\n<p><strong>Kontaktuppgifter<\/strong><br \/>M\u00e5ns Fahlander<br \/>070-514 57 31<br \/>M\u00e5ns Fahlander@proandpro.se<\/p>\n<p>[\/et_pb_text][\/et_pb_column][et_pb_column type=&#8221;1_4&#8243; _builder_version=&#8221;3.0.47&#8243; parallax=&#8221;off&#8221; parallax_method=&#8221;on&#8221;][et_pb_text _builder_version=&#8221;3.0.87&#8243; background_size=&#8221;initial&#8221; background_position=&#8221;top_left&#8221; background_repeat=&#8221;repeat&#8221; use_border_color=&#8221;off&#8221; border_color=&#8221;#ffffff&#8221; border_style=&#8221;solid&#8221;]<\/p>\n<h3>Nya utmaningar?<\/h3>\n<p>Om du delar v\u00e5r ambition och v\u00e5ra v\u00e4rderingar\u00a0 och \u00e4r intresserad av att ta dig an nya utmaningar s\u00e5 kontakta oss g\u00e4rna f\u00f6r att f\u00f6ruts\u00e4ttningsl\u00f6st samtal.<br \/>\n[\/et_pb_text][et_pb_contact_form captcha=&#8221;off&#8221; email=&#8221;markus.marklund@proandpro.se&#8221; title=&#8221;Kontakta oss&#8221; _builder_version=&#8221;3.0.92&#8243; border_radii=&#8221;on|0px|0px|0px|0px&#8221; custom_button=&#8221;on&#8221; button_text_size=&#8221;16&#8243; button_text_color=&#8221;#2b2b2b&#8221; button_border_color=&#8221;rgba(99,104,103,0.14)&#8221; use_border_color=&#8221;off&#8221;][et_pb_contact_field field_id=&#8221;Name&#8221; field_title=&#8221;Namn&#8221; fullwidth_field=&#8221;on&#8221; _builder_version=&#8221;3.16&#8243; form_field_font=&#8221;||||&#8221; border_radii=&#8221;on||||&#8221; use_border_color=&#8221;off&#8221; button_text_size__hover_enabled=&#8221;off&#8221; button_one_text_size__hover_enabled=&#8221;off&#8221; button_two_text_size__hover_enabled=&#8221;off&#8221; button_text_color__hover_enabled=&#8221;off&#8221; button_one_text_color__hover_enabled=&#8221;off&#8221; button_two_text_color__hover_enabled=&#8221;off&#8221; button_border_width__hover_enabled=&#8221;off&#8221; button_one_border_width__hover_enabled=&#8221;off&#8221; button_two_border_width__hover_enabled=&#8221;off&#8221; button_border_color__hover_enabled=&#8221;off&#8221; button_one_border_color__hover_enabled=&#8221;off&#8221; button_two_border_color__hover_enabled=&#8221;off&#8221; button_border_radius__hover_enabled=&#8221;off&#8221; button_one_border_radius__hover_enabled=&#8221;off&#8221; button_two_border_radius__hover_enabled=&#8221;off&#8221; button_letter_spacing__hover_enabled=&#8221;off&#8221; button_one_letter_spacing__hover_enabled=&#8221;off&#8221; button_two_letter_spacing__hover_enabled=&#8221;off&#8221; button_bg_color__hover_enabled=&#8221;off&#8221; button_one_bg_color__hover_enabled=&#8221;off&#8221; button_two_bg_color__hover_enabled=&#8221;off&#8221;][\/et_pb_contact_field][et_pb_contact_field field_id=&#8221;Email&#8221; field_title=&#8221;E-postadress&#8221; field_type=&#8221;email&#8221; fullwidth_field=&#8221;on&#8221; _builder_version=&#8221;3.16&#8243; form_field_font=&#8221;||||&#8221; border_radii=&#8221;on||||&#8221; use_border_color=&#8221;off&#8221; button_text_size__hover_enabled=&#8221;off&#8221; button_one_text_size__hover_enabled=&#8221;off&#8221; button_two_text_size__hover_enabled=&#8221;off&#8221; button_text_color__hover_enabled=&#8221;off&#8221; button_one_text_color__hover_enabled=&#8221;off&#8221; button_two_text_color__hover_enabled=&#8221;off&#8221; button_border_width__hover_enabled=&#8221;off&#8221; button_one_border_width__hover_enabled=&#8221;off&#8221; button_two_border_width__hover_enabled=&#8221;off&#8221; button_border_color__hover_enabled=&#8221;off&#8221; button_one_border_color__hover_enabled=&#8221;off&#8221; button_two_border_color__hover_enabled=&#8221;off&#8221; button_border_radius__hover_enabled=&#8221;off&#8221; button_one_border_radius__hover_enabled=&#8221;off&#8221; button_two_border_radius__hover_enabled=&#8221;off&#8221; button_letter_spacing__hover_enabled=&#8221;off&#8221; button_one_letter_spacing__hover_enabled=&#8221;off&#8221; button_two_letter_spacing__hover_enabled=&#8221;off&#8221; button_bg_color__hover_enabled=&#8221;off&#8221; button_one_bg_color__hover_enabled=&#8221;off&#8221; button_two_bg_color__hover_enabled=&#8221;off&#8221;][\/et_pb_contact_field][et_pb_contact_field field_id=&#8221;Message&#8221; field_title=&#8221;Meddelande&#8221; field_type=&#8221;text&#8221; fullwidth_field=&#8221;on&#8221; _builder_version=&#8221;3.16&#8243; border_radii=&#8221;on||||&#8221; button_text_size__hover_enabled=&#8221;off&#8221; button_one_text_size__hover_enabled=&#8221;off&#8221; button_two_text_size__hover_enabled=&#8221;off&#8221; button_text_color__hover_enabled=&#8221;off&#8221; button_one_text_color__hover_enabled=&#8221;off&#8221; button_two_text_color__hover_enabled=&#8221;off&#8221; button_border_width__hover_enabled=&#8221;off&#8221; button_one_border_width__hover_enabled=&#8221;off&#8221; button_two_border_width__hover_enabled=&#8221;off&#8221; button_border_color__hover_enabled=&#8221;off&#8221; button_one_border_color__hover_enabled=&#8221;off&#8221; button_two_border_color__hover_enabled=&#8221;off&#8221; button_border_radius__hover_enabled=&#8221;off&#8221; button_one_border_radius__hover_enabled=&#8221;off&#8221; button_two_border_radius__hover_enabled=&#8221;off&#8221; button_letter_spacing__hover_enabled=&#8221;off&#8221; button_one_letter_spacing__hover_enabled=&#8221;off&#8221; button_two_letter_spacing__hover_enabled=&#8221;off&#8221; button_bg_color__hover_enabled=&#8221;off&#8221; button_one_bg_color__hover_enabled=&#8221;off&#8221; button_two_bg_color__hover_enabled=&#8221;off&#8221;][\/et_pb_contact_field][\/et_pb_contact_form][\/et_pb_column][\/et_pb_row][\/et_pb_section]<\/p>\n","protected":false},"excerpt":{"rendered":"<p>&nbsp; M\u00e5ns Fahlander, Managementkonsult Karakt\u00e4rsdragM\u00e5ns \u00e4r en leveranss\u00e4ker och m\u00e5lorienterad f\u00f6r\u00e4ndringsledare och civilingenj\u00f6r med en stark k\u00e4nsla f\u00f6r att skapa fantastiska kundupplevelser. Han drivs av att skapa och leverera ett bra resultat tillsammans med medarbetare, kollegor och partners. Hans \u00f6vertygelse \u00e4r att l\u00f6nsamhet startar med m\u00e4nniskan i organisationen och m\u00e4nniskans f\u00f6rm\u00e5ga att ta ansvar och [&hellip;]<\/p>\n","protected":false},"author":1,"featured_media":0,"parent":0,"menu_order":0,"comment_status":"closed","ping_status":"closed","template":"","meta":{"_et_pb_use_builder":"on","_et_pb_old_content":"","_et_gb_content_width":"","footnotes":""},"folder":[89],"class_list":["post-4243","page","type-page","status-publish","hentry"],"_links":{"self":[{"href":"http:\/\/proandpro.se\/en\/wp-json\/wp\/v2\/pages\/4243","targetHints":{"allow":["GET"]}}],"collection":[{"href":"http:\/\/proandpro.se\/en\/wp-json\/wp\/v2\/pages"}],"about":[{"href":"http:\/\/proandpro.se\/en\/wp-json\/wp\/v2\/types\/page"}],"author":[{"embeddable":true,"href":"http:\/\/proandpro.se\/en\/wp-json\/wp\/v2\/users\/1"}],"replies":[{"embeddable":true,"href":"http:\/\/proandpro.se\/en\/wp-json\/wp\/v2\/comments?post=4243"}],"version-history":[{"count":11,"href":"http:\/\/proandpro.se\/en\/wp-json\/wp\/v2\/pages\/4243\/revisions"}],"predecessor-version":[{"id":5517,"href":"http:\/\/proandpro.se\/en\/wp-json\/wp\/v2\/pages\/4243\/revisions\/5517"}],"wp:attachment":[{"href":"http:\/\/proandpro.se\/en\/wp-json\/wp\/v2\/media?parent=4243"}],"wp:term":[{"taxonomy":"folder","embeddable":true,"href":"http:\/\/proandpro.se\/en\/wp-json\/wp\/v2\/folder?post=4243"}],"curies":[{"name":"wp","href":"https:\/\/api.w.org\/{rel}","templated":true}]}}