{"id":3706,"date":"2017-07-17T21:21:35","date_gmt":"2017-07-17T21:21:35","guid":{"rendered":"http:\/\/proandpro.se\/?page_id=3706"},"modified":"2021-01-27T12:45:26","modified_gmt":"2021-01-27T12:45:26","slug":"daniel-adelander","status":"publish","type":"page","link":"http:\/\/proandpro.se\/en\/daniel-adelander\/","title":{"rendered":"Daniel Adelander"},"content":{"rendered":"<p>[et_pb_section fb_built=&#8221;1&#8243; custom_padding_last_edited=&#8221;on|desktop&#8221; admin_label=&#8221;section&#8221; _builder_version=&#8221;3.22&#8243; custom_padding=&#8221;0||0|&#8221; custom_padding_tablet=&#8221;50px|0|50px|0&#8243; custom_padding_phone=&#8221;&#8221; transparent_background=&#8221;off&#8221; padding_mobile=&#8221;off&#8221;][et_pb_row padding_mobile=&#8221;off&#8221; admin_label=&#8221;row&#8221; _builder_version=&#8221;3.25&#8243; background_size=&#8221;initial&#8221; background_position=&#8221;top_left&#8221; background_repeat=&#8221;repeat&#8221; custom_padding=&#8221;2|0&#8243;][et_pb_column type=&#8221;4_4&#8243; _builder_version=&#8221;3.25&#8243; custom_padding=&#8221;|||&#8221; custom_padding__hover=&#8221;|||&#8221;][et_pb_image src=&#8221;https:\/\/media.proandpro.se\/2018\/04\/Varum\u00e4rke-header-1.jpg&#8221; align=&#8221;center&#8221; force_fullwidth=&#8221;on&#8221; align_tablet=&#8221;center&#8221; align_last_edited=&#8221;on|desktop&#8221; _builder_version=&#8221;3.23&#8243;][\/et_pb_image][\/et_pb_column][\/et_pb_row][et_pb_row padding_mobile=&#8221;off&#8221; admin_label=&#8221;row&#8221; _builder_version=&#8221;3.25&#8243; background_size=&#8221;initial&#8221; background_position=&#8221;top_left&#8221; background_repeat=&#8221;repeat&#8221; custom_padding=&#8221;|&#8221; column_structure=&#8221;3_4,1_4&#8243;][et_pb_column type=&#8221;3_4&#8243; _builder_version=&#8221;3.25&#8243; custom_padding=&#8221;|||&#8221; custom_padding__hover=&#8221;|||&#8221;][et_pb_text _builder_version=&#8221;3.27.4&#8243; background_size=&#8221;initial&#8221; background_position=&#8221;top_left&#8221; background_repeat=&#8221;repeat&#8221; module_alignment=&#8221;left&#8221;]<\/p>\n<h3>Daniel Adelander<\/h3>\n<h4>Managementkonsult<\/h4>\n<p><strong>Karakt\u00e4rsdrag<img loading=\"lazy\" decoding=\"async\" class=\"alignright wp-image-5513 size-medium\" src=\"https:\/\/media.proandpro.se\/2019\/02\/Daniel_profil-300x199.jpg\" alt=\"\" width=\"300\" height=\"199\" srcset=\"https:\/\/media.proandpro.se\/2019\/02\/Daniel_profil-300x199.jpg 300w, https:\/\/media.proandpro.se\/2019\/02\/Daniel_profil-768x509.jpg 768w, https:\/\/media.proandpro.se\/2019\/02\/Daniel_profil.jpg 800w\" sizes=\"(max-width: 300px) 100vw, 300px\" \/><\/strong><br \/>Daniel \u00e4r en kreativ och motiverad person som brinner f\u00f6r att utmana sig sj\u00e4lv och finna l\u00f6sningar i alla situationer. Med sin nyfikenhet och entusiasm visar han ett genuint intresse f\u00f6r de situationer han m\u00f6ter. Han har en arbetsmetodik som v\u00e4rderar \u00f6ppenhet och positivitet f\u00f6r att bidra till en rolig och involverande arbetsmilj\u00f6.<\/p>\n<p><strong>Bakgrund<\/strong><br \/>Daniel kommer ursprungligen fr\u00e5n Stockholm och han genomf\u00f6rde sin Civilingenj\u00f6rsexamen i Maskinteknik p\u00e5 KTH med en Kandidatexamen inom Produktion och en Mastersexamen inom Industriell Ekonomi. Han utf\u00f6rde sitt examensarbete p\u00e5 Bosch Rexroth d\u00e4r han unders\u00f6kte hur elektrifiering utmanar marknadsl\u00e5sningar och d\u00e4rmed p\u00e5verkar kundrelationer med B2B f\u00f6retag.<\/p>\n<p><strong>K\u00e4nnetecken<\/strong><br \/>Daniel utm\u00e4rker sig som en ambiti\u00f6s och utmaningss\u00f6kande person med en m\u00e5linriktad arbetsmetodik. Han v\u00e4rderar tydlig kommunikation och \u00f6ppenhet med fokus p\u00e5 att skapa en positiv arbetsmilj\u00f6.<\/p>\n<p><strong>Kontaktuppgifter<\/strong><br \/>Daniel Adelander<br \/>073 &#8211; 987 21 81<br \/>Daniel Adelander@proandpro.se<\/p>\n<p>[\/et_pb_text][\/et_pb_column][et_pb_column type=&#8221;1_4&#8243; _builder_version=&#8221;3.25&#8243; custom_padding=&#8221;|||&#8221; custom_padding__hover=&#8221;|||&#8221;][et_pb_text _builder_version=&#8221;3.27.4&#8243; background_size=&#8221;initial&#8221; background_position=&#8221;top_left&#8221; background_repeat=&#8221;repeat&#8221; module_alignment=&#8221;left&#8221; use_border_color=&#8221;off&#8221; border_color=&#8221;#ffffff&#8221; border_style=&#8221;solid&#8221;]<\/p>\n<h3>Nya utmaningar?<\/h3>\n<p>Om du delar v\u00e5r ambition och v\u00e5ra v\u00e4rderingar\u00a0 och \u00e4r intresserad av att ta dig an nya utmaningar s\u00e5 kontakta oss g\u00e4rna f\u00f6r att f\u00f6ruts\u00e4ttningsl\u00f6st samtal.<br \/>\n[\/et_pb_text][et_pb_contact_form captcha=&#8221;off&#8221; email=&#8221;markus.marklund@proandpro.se&#8221; title=&#8221;Kontakta oss&#8221; _builder_version=&#8221;3.0.87&#8243; custom_button=&#8221;on&#8221; button_text_size=&#8221;16&#8243; button_text_color=&#8221;#2b2b2b&#8221; button_border_color=&#8221;rgba(99,104,103,0.14)&#8221; border_radii=&#8221;on|0px|0px|0px|0px&#8221; use_border_color=&#8221;off&#8221; border_color=&#8221;#ffffff&#8221; border_style=&#8221;solid&#8221; input_border_radius=&#8221;0&#8243; button_letter_spacing_hover=&#8221;0&#8243;][et_pb_contact_field field_id=&#8221;Name&#8221; field_title=&#8221;Namn&#8221; fullwidth_field=&#8221;on&#8221; _builder_version=&#8221;3.16&#8243; form_field_font=&#8221;||||&#8221; use_border_color=&#8221;off&#8221; border_style=&#8221;solid&#8221; button_text_size__hover_enabled=&#8221;off&#8221; button_one_text_size__hover_enabled=&#8221;off&#8221; button_two_text_size__hover_enabled=&#8221;off&#8221; button_text_color__hover_enabled=&#8221;off&#8221; button_one_text_color__hover_enabled=&#8221;off&#8221; button_two_text_color__hover_enabled=&#8221;off&#8221; button_border_width__hover_enabled=&#8221;off&#8221; button_one_border_width__hover_enabled=&#8221;off&#8221; button_two_border_width__hover_enabled=&#8221;off&#8221; button_border_color__hover_enabled=&#8221;off&#8221; button_one_border_color__hover_enabled=&#8221;off&#8221; button_two_border_color__hover_enabled=&#8221;off&#8221; button_border_radius__hover_enabled=&#8221;off&#8221; button_one_border_radius__hover_enabled=&#8221;off&#8221; button_two_border_radius__hover_enabled=&#8221;off&#8221; button_letter_spacing__hover_enabled=&#8221;off&#8221; button_one_letter_spacing__hover_enabled=&#8221;off&#8221; button_two_letter_spacing__hover_enabled=&#8221;off&#8221; button_bg_color__hover_enabled=&#8221;off&#8221; button_one_bg_color__hover_enabled=&#8221;off&#8221; button_two_bg_color__hover_enabled=&#8221;off&#8221;][\/et_pb_contact_field][et_pb_contact_field field_id=&#8221;Email&#8221; field_title=&#8221;E-postadress&#8221; field_type=&#8221;email&#8221; fullwidth_field=&#8221;on&#8221; _builder_version=&#8221;3.16&#8243; form_field_font=&#8221;||||&#8221; use_border_color=&#8221;off&#8221; border_style=&#8221;solid&#8221; button_text_size__hover_enabled=&#8221;off&#8221; button_one_text_size__hover_enabled=&#8221;off&#8221; button_two_text_size__hover_enabled=&#8221;off&#8221; button_text_color__hover_enabled=&#8221;off&#8221; button_one_text_color__hover_enabled=&#8221;off&#8221; button_two_text_color__hover_enabled=&#8221;off&#8221; button_border_width__hover_enabled=&#8221;off&#8221; button_one_border_width__hover_enabled=&#8221;off&#8221; button_two_border_width__hover_enabled=&#8221;off&#8221; button_border_color__hover_enabled=&#8221;off&#8221; button_one_border_color__hover_enabled=&#8221;off&#8221; button_two_border_color__hover_enabled=&#8221;off&#8221; button_border_radius__hover_enabled=&#8221;off&#8221; button_one_border_radius__hover_enabled=&#8221;off&#8221; button_two_border_radius__hover_enabled=&#8221;off&#8221; button_letter_spacing__hover_enabled=&#8221;off&#8221; button_one_letter_spacing__hover_enabled=&#8221;off&#8221; button_two_letter_spacing__hover_enabled=&#8221;off&#8221; button_bg_color__hover_enabled=&#8221;off&#8221; button_one_bg_color__hover_enabled=&#8221;off&#8221; button_two_bg_color__hover_enabled=&#8221;off&#8221;][\/et_pb_contact_field][et_pb_contact_field field_id=&#8221;Message&#8221; field_title=&#8221;Meddelande&#8221; field_type=&#8221;text&#8221; fullwidth_field=&#8221;on&#8221; _builder_version=&#8221;3.16&#8243; form_field_font=&#8221;||||&#8221; use_border_color=&#8221;off&#8221; border_style=&#8221;solid&#8221; button_text_size__hover_enabled=&#8221;off&#8221; button_one_text_size__hover_enabled=&#8221;off&#8221; button_two_text_size__hover_enabled=&#8221;off&#8221; button_text_color__hover_enabled=&#8221;off&#8221; button_one_text_color__hover_enabled=&#8221;off&#8221; button_two_text_color__hover_enabled=&#8221;off&#8221; button_border_width__hover_enabled=&#8221;off&#8221; button_one_border_width__hover_enabled=&#8221;off&#8221; button_two_border_width__hover_enabled=&#8221;off&#8221; button_border_color__hover_enabled=&#8221;off&#8221; button_one_border_color__hover_enabled=&#8221;off&#8221; button_two_border_color__hover_enabled=&#8221;off&#8221; button_border_radius__hover_enabled=&#8221;off&#8221; button_one_border_radius__hover_enabled=&#8221;off&#8221; button_two_border_radius__hover_enabled=&#8221;off&#8221; button_letter_spacing__hover_enabled=&#8221;off&#8221; button_one_letter_spacing__hover_enabled=&#8221;off&#8221; button_two_letter_spacing__hover_enabled=&#8221;off&#8221; button_bg_color__hover_enabled=&#8221;off&#8221; button_one_bg_color__hover_enabled=&#8221;off&#8221; button_two_bg_color__hover_enabled=&#8221;off&#8221;][\/et_pb_contact_field][\/et_pb_contact_form][\/et_pb_column][\/et_pb_row][\/et_pb_section]<\/p>\n","protected":false},"excerpt":{"rendered":"<p>Daniel Adelander Managementkonsult Karakt\u00e4rsdragDaniel \u00e4r en kreativ och motiverad person som brinner f\u00f6r att utmana sig sj\u00e4lv och finna l\u00f6sningar i alla situationer. Med sin nyfikenhet och entusiasm visar han ett genuint intresse f\u00f6r de situationer han m\u00f6ter. Han har en arbetsmetodik som v\u00e4rderar \u00f6ppenhet och positivitet f\u00f6r att bidra till en rolig och involverande [&hellip;]<\/p>\n","protected":false},"author":1,"featured_media":0,"parent":0,"menu_order":0,"comment_status":"closed","ping_status":"closed","template":"","meta":{"_et_pb_use_builder":"on","_et_pb_old_content":"","_et_gb_content_width":"","footnotes":""},"folder":[89],"class_list":["post-3706","page","type-page","status-publish","hentry"],"_links":{"self":[{"href":"http:\/\/proandpro.se\/en\/wp-json\/wp\/v2\/pages\/3706","targetHints":{"allow":["GET"]}}],"collection":[{"href":"http:\/\/proandpro.se\/en\/wp-json\/wp\/v2\/pages"}],"about":[{"href":"http:\/\/proandpro.se\/en\/wp-json\/wp\/v2\/types\/page"}],"author":[{"embeddable":true,"href":"http:\/\/proandpro.se\/en\/wp-json\/wp\/v2\/users\/1"}],"replies":[{"embeddable":true,"href":"http:\/\/proandpro.se\/en\/wp-json\/wp\/v2\/comments?post=3706"}],"version-history":[{"count":9,"href":"http:\/\/proandpro.se\/en\/wp-json\/wp\/v2\/pages\/3706\/revisions"}],"predecessor-version":[{"id":7449,"href":"http:\/\/proandpro.se\/en\/wp-json\/wp\/v2\/pages\/3706\/revisions\/7449"}],"wp:attachment":[{"href":"http:\/\/proandpro.se\/en\/wp-json\/wp\/v2\/media?parent=3706"}],"wp:term":[{"taxonomy":"folder","embeddable":true,"href":"http:\/\/proandpro.se\/en\/wp-json\/wp\/v2\/folder?post=3706"}],"curies":[{"name":"wp","href":"https:\/\/api.w.org\/{rel}","templated":true}]}}