{"id":2844,"date":"2016-03-25T22:20:44","date_gmt":"2016-03-25T22:20:44","guid":{"rendered":"http:\/\/proandpro.se\/?page_id=2844"},"modified":"2019-02-10T09:38:36","modified_gmt":"2019-02-10T09:38:36","slug":"robert-tjernstrom","status":"publish","type":"page","link":"http:\/\/proandpro.se\/en\/robert-tjernstrom\/","title":{"rendered":"Robert Tjernstr\u00f6m"},"content":{"rendered":"<p>[et_pb_section fb_built=&#8221;1&#8243; custom_padding_last_edited=&#8221;on|desktop&#8221; admin_label=&#8221;section&#8221; _builder_version=&#8221;3.0.74&#8243; custom_padding=&#8221;0||0|&#8221; custom_padding_tablet=&#8221;50px|0|50px|0&#8243; transparent_background=&#8221;off&#8221; padding_mobile=&#8221;off&#8221;][et_pb_row custom_padding=&#8221;2|0&#8243; padding_mobile=&#8221;off&#8221; admin_label=&#8221;row&#8221; _builder_version=&#8221;3.0.47&#8243; background_size=&#8221;initial&#8221; background_position=&#8221;top_left&#8221; background_repeat=&#8221;repeat&#8221;][et_pb_column type=&#8221;4_4&#8243; _builder_version=&#8221;3.0.47&#8243; parallax=&#8221;off&#8221; parallax_method=&#8221;on&#8221;][et_pb_image src=&#8221;https:\/\/media.proandpro.se\/2018\/04\/Varum\u00e4rke-header-1.jpg&#8221; align=&#8221;center&#8221; force_fullwidth=&#8221;on&#8221; _builder_version=&#8221;3.1.1&#8243;][\/et_pb_image][\/et_pb_column][\/et_pb_row][et_pb_row custom_padding=&#8221;|&#8221; padding_mobile=&#8221;off&#8221; admin_label=&#8221;row&#8221; _builder_version=&#8221;3.0.47&#8243; background_size=&#8221;initial&#8221; background_position=&#8221;top_left&#8221; background_repeat=&#8221;repeat&#8221;][et_pb_column type=&#8221;3_4&#8243; _builder_version=&#8221;3.0.47&#8243; parallax=&#8221;off&#8221; parallax_method=&#8221;on&#8221;][et_pb_text _builder_version=&#8221;3.19.9&#8243; background_size=&#8221;initial&#8221; background_position=&#8221;top_left&#8221; background_repeat=&#8221;repeat&#8221; module_alignment=&#8221;left&#8221; use_border_color=&#8221;off&#8221; border_color=&#8221;#ffffff&#8221; border_style=&#8221;solid&#8221;]<\/p>\n<h3>Robert Tjernstr\u00f6m, Managementkonsult<\/h3>\n<p><strong>Karakt\u00e4rsdrag<img loading=\"lazy\" decoding=\"async\" class=\"alignright wp-image-5510 size-medium\" src=\"https:\/\/media.proandpro.se\/2019\/02\/Robert_profil-300x199.jpg\" alt=\"\" width=\"300\" height=\"199\" srcset=\"https:\/\/media.proandpro.se\/2019\/02\/Robert_profil-300x199.jpg 300w, https:\/\/media.proandpro.se\/2019\/02\/Robert_profil-768x509.jpg 768w, https:\/\/media.proandpro.se\/2019\/02\/Robert_profil.jpg 800w\" sizes=\"(max-width: 300px) 100vw, 300px\" \/><\/strong><br \/>Robert \u00e4r en nyfiken, analytisk och jordn\u00e4ra person som \u00e4lskar n\u00e4r det finns ett problem eller en uppgift att l\u00f6sa och f\u00e5 saker gjorda. N\u00e4r det g\u00e4ller att hitta samband mellan kundbehov och aff\u00e4rsnytta ur b\u00e5de ett strategiskt och verksamhetsperspektiv s\u00e5 \u00e4r han r\u00e4tt man f\u00f6r jobbet. Robert \u00e4r en omtyckt och empatisk person som f\u00e5r andra att trivas.<\/p>\n<p><strong>Bakgrund<\/strong><br \/>Efter studier till civilingenj\u00f6r inom datateknik och reglerteknik p\u00e5 Lule\u00e5 tekniska universitetet och ekonomistudier vid Ume\u00e5 Universitet b\u00f6rjade han sin yrkesbana inom som utvecklare av basstationer\u00a0inom telekom f\u00f6r att sedan ta n\u00e4sta steg som projektledare. D\u00e4rifr\u00e5n vidare inom telekombranschen med ett nytt fokus fr\u00e5n operat\u00f6ren som kunden till slutanv\u00e4ndaren som kund.\u00a0Tre intensiva \u00e5r med ansvar f\u00f6r att driva utveckling av mobila B2B tj\u00e4nster. Med erfarenhet och kompetens fr\u00e5n mobil teknik och mobil tj\u00e4nsteutveckling i kombination med nyfikenhet och drivkraften att ta sig an komplexa utmaningar blev n\u00e4sta steg att\u00a0 utveckla mobila dataaff\u00e4ren fr\u00e5n marginella int\u00e4kter niv\u00e5 till en miljardaff\u00e4r.\u00a0Robert har med sin analytiska och strategiska f\u00f6rm\u00e5ga utvecklat och implementera strategier och aff\u00e4rsmodeller samt lanserat erbjudanden p\u00e5 b\u00e5de konsument- och f\u00f6retagsmarknaden. Utmaningen har varit att f\u00f6r en ny aff\u00e4r n\u00e5 l\u00e5ngsiktig l\u00f6nsamhet och tillv\u00e4xt i marknadsandelar p\u00e5 en konkurrensutsatt f\u00f6r\u00e4nderlig marknad d\u00e4r aff\u00e4rsnyttan f\u00f6r kunden varit i fokus. Roberts f\u00f6ruts\u00e5g tidigt, utifr\u00e5n sin nyfikenhet, analytiska och strategiska f\u00f6rm\u00e5ga,\u00a0dagens aff\u00e4rsmodeller inom mobildata.\u00a0I\u00a0rollen som\u00a0aff\u00e4rsutvecklare initierade han teknik- och verksamhetsutveckling f\u00f6r att kunna vara redo med r\u00e4tt arkitektur vid r\u00e4tt marknadstidpunkt. Nyfikenheten f\u00f6r nya komplexa utmaningar har ocks\u00e5 tagit Robert in i att utveckla och implementera strategier och aff\u00e4rsmodeller samt lansera erbjudanden f\u00f6r att optimera samspelet mellan befintlig aff\u00e4r och ny aff\u00e4r i kund- och aff\u00e4rsperspektivet. Robert har arbetat med aff\u00e4rsutveckling b\u00e5de nationellt och internationellt. Robert har \u00e4ven l\u00e4st Exceutive Management Program p\u00e5 IFL vid handelsh\u00f6gskolan i Stockholm. Ett program med fokus p\u00e5 aff\u00e4rsutveckling och f\u00f6retagsledning.<\/p>\n<p><strong>K\u00e4nnetecken<\/strong><br \/>Robert \u00e4r en prestigel\u00f6s person som genom egen kunskap och lyh\u00f6rdhet bidrar till att hitta nya och innovativa l\u00f6sningar p\u00e5 uppgifter och problem. Han har erfarenhet av att jobba i en f\u00f6r\u00e4nderlig f\u00f6retagsmilj\u00f6 d\u00e4r det g\u00e4ller att h\u00e5lla fokus och f\u00e5 saker gjorda och f\u00e5 med sig personer i sin n\u00e4rhet p\u00e5 t\u00e5get. Hans syns\u00e4tt \u00e4r att framg\u00e5ng inte kommer av tur utan av medvetna strategiska val utifr\u00e5n visioner och kundinsikter.<\/p>\n<p><strong>Kontaktuppgifter<\/strong><br \/>Robert Tjernstr\u00f6m<br \/>070-59 43 888<br \/>Robert.Tjernstrom@proandpro.se<\/p>\n<p>[\/et_pb_text][\/et_pb_column][et_pb_column type=&#8221;1_4&#8243; _builder_version=&#8221;3.0.47&#8243; parallax=&#8221;off&#8221; parallax_method=&#8221;on&#8221;][et_pb_text _builder_version=&#8221;3.0.87&#8243; background_size=&#8221;initial&#8221; background_position=&#8221;top_left&#8221; background_repeat=&#8221;repeat&#8221; module_alignment=&#8221;left&#8221; use_border_color=&#8221;off&#8221; border_color=&#8221;#ffffff&#8221; border_style=&#8221;solid&#8221;]<\/p>\n<h3>Nya utmaningar?<\/h3>\n<p>Om du delar v\u00e5r ambition och v\u00e5ra v\u00e4rderingar\u00a0 och \u00e4r intresserad av att ta dig an nya utmaningar s\u00e5 kontakta oss g\u00e4rna f\u00f6r att f\u00f6ruts\u00e4ttningsl\u00f6st samtal.<br \/>\n[\/et_pb_text][et_pb_contact_form captcha=&#8221;off&#8221; email=&#8221;markus.marklund@proandpro.se&#8221; title=&#8221;Kontakta oss&#8221; _builder_version=&#8221;3.0.87&#8243; custom_button=&#8221;on&#8221; button_text_size=&#8221;16&#8243; button_text_color=&#8221;#2b2b2b&#8221; button_border_color=&#8221;rgba(99,104,103,0.14)&#8221;][et_pb_contact_field field_id=&#8221;Name&#8221; field_title=&#8221;Namn&#8221; fullwidth_field=&#8221;on&#8221; _builder_version=&#8221;3.16&#8243; form_field_font=&#8221;||||&#8221; border_radii=&#8221;on||||&#8221; use_border_color=&#8221;off&#8221; border_style=&#8221;solid&#8221; button_text_size__hover_enabled=&#8221;off&#8221; button_one_text_size__hover_enabled=&#8221;off&#8221; button_two_text_size__hover_enabled=&#8221;off&#8221; button_text_color__hover_enabled=&#8221;off&#8221; button_one_text_color__hover_enabled=&#8221;off&#8221; button_two_text_color__hover_enabled=&#8221;off&#8221; button_border_width__hover_enabled=&#8221;off&#8221; button_one_border_width__hover_enabled=&#8221;off&#8221; button_two_border_width__hover_enabled=&#8221;off&#8221; button_border_color__hover_enabled=&#8221;off&#8221; button_one_border_color__hover_enabled=&#8221;off&#8221; button_two_border_color__hover_enabled=&#8221;off&#8221; button_border_radius__hover_enabled=&#8221;off&#8221; button_one_border_radius__hover_enabled=&#8221;off&#8221; button_two_border_radius__hover_enabled=&#8221;off&#8221; button_letter_spacing__hover_enabled=&#8221;off&#8221; button_one_letter_spacing__hover_enabled=&#8221;off&#8221; button_two_letter_spacing__hover_enabled=&#8221;off&#8221; button_bg_color__hover_enabled=&#8221;off&#8221; button_one_bg_color__hover_enabled=&#8221;off&#8221; button_two_bg_color__hover_enabled=&#8221;off&#8221;][\/et_pb_contact_field][et_pb_contact_field field_id=&#8221;Email&#8221; field_title=&#8221;E-postadress&#8221; field_type=&#8221;email&#8221; fullwidth_field=&#8221;on&#8221; _builder_version=&#8221;3.16&#8243; form_field_font=&#8221;||||&#8221; border_radii=&#8221;on||||&#8221; use_border_color=&#8221;off&#8221; border_style=&#8221;solid&#8221; button_text_size__hover_enabled=&#8221;off&#8221; button_one_text_size__hover_enabled=&#8221;off&#8221; button_two_text_size__hover_enabled=&#8221;off&#8221; button_text_color__hover_enabled=&#8221;off&#8221; button_one_text_color__hover_enabled=&#8221;off&#8221; button_two_text_color__hover_enabled=&#8221;off&#8221; button_border_width__hover_enabled=&#8221;off&#8221; button_one_border_width__hover_enabled=&#8221;off&#8221; button_two_border_width__hover_enabled=&#8221;off&#8221; button_border_color__hover_enabled=&#8221;off&#8221; button_one_border_color__hover_enabled=&#8221;off&#8221; button_two_border_color__hover_enabled=&#8221;off&#8221; button_border_radius__hover_enabled=&#8221;off&#8221; button_one_border_radius__hover_enabled=&#8221;off&#8221; button_two_border_radius__hover_enabled=&#8221;off&#8221; button_letter_spacing__hover_enabled=&#8221;off&#8221; button_one_letter_spacing__hover_enabled=&#8221;off&#8221; button_two_letter_spacing__hover_enabled=&#8221;off&#8221; button_bg_color__hover_enabled=&#8221;off&#8221; button_one_bg_color__hover_enabled=&#8221;off&#8221; button_two_bg_color__hover_enabled=&#8221;off&#8221;][\/et_pb_contact_field][et_pb_contact_field field_id=&#8221;Message&#8221; field_title=&#8221;Meddelande&#8221; field_type=&#8221;text&#8221; fullwidth_field=&#8221;on&#8221; _builder_version=&#8221;3.16&#8243; form_field_font=&#8221;||||||||&#8221; border_radii=&#8221;on||||&#8221; use_border_color=&#8221;off&#8221; border_style=&#8221;solid&#8221; button_text_size__hover_enabled=&#8221;off&#8221; button_one_text_size__hover_enabled=&#8221;off&#8221; button_two_text_size__hover_enabled=&#8221;off&#8221; button_text_color__hover_enabled=&#8221;off&#8221; button_one_text_color__hover_enabled=&#8221;off&#8221; button_two_text_color__hover_enabled=&#8221;off&#8221; button_border_width__hover_enabled=&#8221;off&#8221; button_one_border_width__hover_enabled=&#8221;off&#8221; button_two_border_width__hover_enabled=&#8221;off&#8221; button_border_color__hover_enabled=&#8221;off&#8221; button_one_border_color__hover_enabled=&#8221;off&#8221; button_two_border_color__hover_enabled=&#8221;off&#8221; button_border_radius__hover_enabled=&#8221;off&#8221; button_one_border_radius__hover_enabled=&#8221;off&#8221; button_two_border_radius__hover_enabled=&#8221;off&#8221; button_letter_spacing__hover_enabled=&#8221;off&#8221; button_one_letter_spacing__hover_enabled=&#8221;off&#8221; button_two_letter_spacing__hover_enabled=&#8221;off&#8221; button_bg_color__hover_enabled=&#8221;off&#8221; button_one_bg_color__hover_enabled=&#8221;off&#8221; button_two_bg_color__hover_enabled=&#8221;off&#8221;][\/et_pb_contact_field][\/et_pb_contact_form][\/et_pb_column][\/et_pb_row][\/et_pb_section]<\/p>\n","protected":false},"excerpt":{"rendered":"<p>Robert Tjernstr\u00f6m, Managementkonsult Karakt\u00e4rsdragRobert \u00e4r en nyfiken, analytisk och jordn\u00e4ra person som \u00e4lskar n\u00e4r det finns ett problem eller en uppgift att l\u00f6sa och f\u00e5 saker gjorda. N\u00e4r det g\u00e4ller att hitta samband mellan kundbehov och aff\u00e4rsnytta ur b\u00e5de ett strategiskt och verksamhetsperspektiv s\u00e5 \u00e4r han r\u00e4tt man f\u00f6r jobbet. Robert \u00e4r en omtyckt och [&hellip;]<\/p>\n","protected":false},"author":1,"featured_media":0,"parent":0,"menu_order":0,"comment_status":"closed","ping_status":"closed","template":"","meta":{"_et_pb_use_builder":"on","_et_pb_old_content":"","_et_gb_content_width":"","footnotes":""},"folder":[89],"class_list":["post-2844","page","type-page","status-publish","hentry"],"_links":{"self":[{"href":"http:\/\/proandpro.se\/en\/wp-json\/wp\/v2\/pages\/2844","targetHints":{"allow":["GET"]}}],"collection":[{"href":"http:\/\/proandpro.se\/en\/wp-json\/wp\/v2\/pages"}],"about":[{"href":"http:\/\/proandpro.se\/en\/wp-json\/wp\/v2\/types\/page"}],"author":[{"embeddable":true,"href":"http:\/\/proandpro.se\/en\/wp-json\/wp\/v2\/users\/1"}],"replies":[{"embeddable":true,"href":"http:\/\/proandpro.se\/en\/wp-json\/wp\/v2\/comments?post=2844"}],"version-history":[{"count":6,"href":"http:\/\/proandpro.se\/en\/wp-json\/wp\/v2\/pages\/2844\/revisions"}],"predecessor-version":[{"id":5519,"href":"http:\/\/proandpro.se\/en\/wp-json\/wp\/v2\/pages\/2844\/revisions\/5519"}],"wp:attachment":[{"href":"http:\/\/proandpro.se\/en\/wp-json\/wp\/v2\/media?parent=2844"}],"wp:term":[{"taxonomy":"folder","embeddable":true,"href":"http:\/\/proandpro.se\/en\/wp-json\/wp\/v2\/folder?post=2844"}],"curies":[{"name":"wp","href":"https:\/\/api.w.org\/{rel}","templated":true}]}}